{"id":18524,"date":"2014-12-11T20:43:56","date_gmt":"2014-12-11T20:43:56","guid":{"rendered":"http:\/\/watch-foot.com\/?post_type=product&#038;p=18524"},"modified":"2020-11-14T22:11:14","modified_gmt":"2020-11-15T03:11:14","slug":"toyo-extensa-hp","status":"publish","type":"product","link":"http:\/\/pneusbazar.com\/?product=toyo-extensa-hp","title":{"rendered":"Toyo EXTENSA HP"},"content":{"rendered":"<table width=\"192\">\n<tbody>\n<tr>\n<td colspan=\"2\">Grandeurs disponibles<\/td>\n<\/tr>\n<tr>\n<td>P195\/55R15<\/td>\n<td>P245\/45R17<\/td>\n<\/tr>\n<tr>\n<td>195\/50R15**<\/td>\n<td>205\/40R17**<\/td>\n<\/tr>\n<tr>\n<td>P205\/55R16<\/td>\n<td>235\/50R18**<\/td>\n<\/tr>\n<tr>\n<td>215\/55R16**<\/td>\n<td>245\/45R18**<\/td>\n<\/tr>\n<tr>\n<td>P225\/55R16<\/td>\n<td>225\/40R18**<\/td>\n<\/tr>\n<tr>\n<td>195\/50R16<\/td>\n<td>235\/40R18**<\/td>\n<\/tr>\n<tr>\n<td>205\/50R16**<\/td>\n<td>245\/40R18**<\/td>\n<\/tr>\n<tr>\n<td>P225\/50R16<\/td>\n<td>215\/35R18**<\/td>\n<\/tr>\n<tr>\n<td>205\/45R16**<\/td>\n<td>255\/35R18**<\/td>\n<\/tr>\n<tr>\n<td>P215\/55R17<\/td>\n<td>275\/35R18**<\/td>\n<\/tr>\n<tr>\n<td>P225\/55R17<\/td>\n<td>245\/40R20**<\/td>\n<\/tr>\n<tr>\n<td>205\/50R17**<\/td>\n<td>225\/35R20**<\/td>\n<\/tr>\n<tr>\n<td>215\/50R17**<\/td>\n<td>245\/35R20**<\/td>\n<\/tr>\n<tr>\n<td>P225\/50R17<\/td>\n<td>255\/35R20**<\/td>\n<\/tr>\n<tr>\n<td>215\/45R17**<\/td>\n<td>225\/30R20**<\/td>\n<\/tr>\n<tr>\n<td>225\/45R17**<\/td>\n<td>265\/35R22**<\/td>\n<\/tr>\n<tr>\n<td>235\/45R17**<\/td>\n<td><\/td>\n<\/tr>\n<\/tbody>\n<\/table>\n<p><span style=\"color: #ffffff;\">pneu pneus<\/span><\/p>\n","protected":false},"excerpt":{"rendered":"<ul>\n<li>\n<h4>Offre d\u2019essai gratuit de 30 jours<\/h4>\n<\/li>\n<li>\n<h4>Dessin unidirectionnel de la semelle quatre saisons<\/h4>\n<\/li>\n<li>\n<h4>Quatre larges rainures circonf\u00e9rentielles pour am\u00e9liorer la traction sur chauss\u00e9es mouill\u00e9es<\/h4>\n<\/li>\n<li>\n<h4>Technologie Silent Wall pour un roulement plus silencieux<\/h4>\n<\/li>\n<li>\n<h4>Nervure centrale massive pour une meilleure maniabilit\u00e9<\/h4>\n<\/li>\n<li>\n<h4>Barrettes de bande de roulement \u00e0 embo\u00eetement pour une meilleure performance en virage<\/h4>\n<\/li>\n<\/ul>\n","protected":false},"featured_media":18527,"comment_status":"closed","ping_status":"closed","template":"","meta":[],"product_cat":[],"product_tag":[],"class_list":{"0":"post-18524","1":"product","2":"type-product","3":"status-publish","4":"has-post-thumbnail","6":"pa_experience-de-conduite-haute-performance","7":"pa_gamme-good","8":"pa_marque-toyo","9":"pa_saison-de-pneus-4-saisons","10":"pa_type-de-pneu-pneus-de-voiture","12":"first","13":"instock","14":"shipping-taxable","15":"product-type-simple"},"yoast_head":"<!-- This site is optimized with the Yoast SEO plugin v23.2 - https:\/\/yoast.com\/wordpress\/plugins\/seo\/ -->\n<title>Toyo EXTENSA HP - Pneus Bazar<\/title>\n<meta name=\"robots\" content=\"index, follow, max-snippet:-1, max-image-preview:large, max-video-preview:-1\" \/>\n<link rel=\"canonical\" href=\"http:\/\/pneusbazar.com\/?product=toyo-extensa-hp\" \/>\n<script type=\"application\/ld+json\" class=\"yoast-schema-graph\">{\"@context\":\"https:\/\/schema.org\",\"@graph\":[{\"@type\":\"WebPage\",\"@id\":\"http:\/\/pneusbazar.com\/?product=toyo-extensa-hp\",\"url\":\"http:\/\/pneusbazar.com\/?product=toyo-extensa-hp\",\"name\":\"Toyo EXTENSA HP - Pneus Bazar\",\"isPartOf\":{\"@id\":\"https:\/\/pneusbazar.com\/#website\"},\"primaryImageOfPage\":{\"@id\":\"http:\/\/pneusbazar.com\/?product=toyo-extensa-hp#primaryimage\"},\"image\":{\"@id\":\"http:\/\/pneusbazar.com\/?product=toyo-extensa-hp#primaryimage\"},\"thumbnailUrl\":\"http:\/\/pneusbazar.com\/wp-content\/uploads\/2014\/12\/ExtensaHP_Left_CLIPPED.png\",\"datePublished\":\"2014-12-11T20:43:56+00:00\",\"dateModified\":\"2020-11-15T03:11:14+00:00\",\"breadcrumb\":{\"@id\":\"http:\/\/pneusbazar.com\/?product=toyo-extensa-hp#breadcrumb\"},\"inLanguage\":\"fr-FR\",\"potentialAction\":[{\"@type\":\"ReadAction\",\"target\":[\"http:\/\/pneusbazar.com\/?product=toyo-extensa-hp\"]}]},{\"@type\":\"ImageObject\",\"inLanguage\":\"fr-FR\",\"@id\":\"http:\/\/pneusbazar.com\/?product=toyo-extensa-hp#primaryimage\",\"url\":\"http:\/\/pneusbazar.com\/wp-content\/uploads\/2014\/12\/ExtensaHP_Left_CLIPPED.png\",\"contentUrl\":\"http:\/\/pneusbazar.com\/wp-content\/uploads\/2014\/12\/ExtensaHP_Left_CLIPPED.png\",\"width\":400,\"height\":400},{\"@type\":\"BreadcrumbList\",\"@id\":\"http:\/\/pneusbazar.com\/?product=toyo-extensa-hp#breadcrumb\",\"itemListElement\":[{\"@type\":\"ListItem\",\"position\":1,\"name\":\"Accueil\",\"item\":\"https:\/\/pneusbazar.com\/\"},{\"@type\":\"ListItem\",\"position\":2,\"name\":\"Catalogue de pneus\",\"item\":\"https:\/\/pneusbazar.com\/?page_id=20284\"},{\"@type\":\"ListItem\",\"position\":3,\"name\":\"Toyo EXTENSA HP\"}]},{\"@type\":\"WebSite\",\"@id\":\"https:\/\/pneusbazar.com\/#website\",\"url\":\"https:\/\/pneusbazar.com\/\",\"name\":\"Pneus Bazar\",\"description\":\"On prend soin de vous\",\"potentialAction\":[{\"@type\":\"SearchAction\",\"target\":{\"@type\":\"EntryPoint\",\"urlTemplate\":\"https:\/\/pneusbazar.com\/?s={search_term_string}\"},\"query-input\":\"required name=search_term_string\"}],\"inLanguage\":\"fr-FR\"}]}<\/script>\n<!-- \/ Yoast SEO plugin. -->","yoast_head_json":{"title":"Toyo EXTENSA HP - Pneus Bazar","robots":{"index":"index","follow":"follow","max-snippet":"max-snippet:-1","max-image-preview":"max-image-preview:large","max-video-preview":"max-video-preview:-1"},"canonical":"http:\/\/pneusbazar.com\/?product=toyo-extensa-hp","schema":{"@context":"https:\/\/schema.org","@graph":[{"@type":"WebPage","@id":"http:\/\/pneusbazar.com\/?product=toyo-extensa-hp","url":"http:\/\/pneusbazar.com\/?product=toyo-extensa-hp","name":"Toyo EXTENSA HP - Pneus Bazar","isPartOf":{"@id":"https:\/\/pneusbazar.com\/#website"},"primaryImageOfPage":{"@id":"http:\/\/pneusbazar.com\/?product=toyo-extensa-hp#primaryimage"},"image":{"@id":"http:\/\/pneusbazar.com\/?product=toyo-extensa-hp#primaryimage"},"thumbnailUrl":"http:\/\/pneusbazar.com\/wp-content\/uploads\/2014\/12\/ExtensaHP_Left_CLIPPED.png","datePublished":"2014-12-11T20:43:56+00:00","dateModified":"2020-11-15T03:11:14+00:00","breadcrumb":{"@id":"http:\/\/pneusbazar.com\/?product=toyo-extensa-hp#breadcrumb"},"inLanguage":"fr-FR","potentialAction":[{"@type":"ReadAction","target":["http:\/\/pneusbazar.com\/?product=toyo-extensa-hp"]}]},{"@type":"ImageObject","inLanguage":"fr-FR","@id":"http:\/\/pneusbazar.com\/?product=toyo-extensa-hp#primaryimage","url":"http:\/\/pneusbazar.com\/wp-content\/uploads\/2014\/12\/ExtensaHP_Left_CLIPPED.png","contentUrl":"http:\/\/pneusbazar.com\/wp-content\/uploads\/2014\/12\/ExtensaHP_Left_CLIPPED.png","width":400,"height":400},{"@type":"BreadcrumbList","@id":"http:\/\/pneusbazar.com\/?product=toyo-extensa-hp#breadcrumb","itemListElement":[{"@type":"ListItem","position":1,"name":"Accueil","item":"https:\/\/pneusbazar.com\/"},{"@type":"ListItem","position":2,"name":"Catalogue de pneus","item":"https:\/\/pneusbazar.com\/?page_id=20284"},{"@type":"ListItem","position":3,"name":"Toyo EXTENSA HP"}]},{"@type":"WebSite","@id":"https:\/\/pneusbazar.com\/#website","url":"https:\/\/pneusbazar.com\/","name":"Pneus Bazar","description":"On prend soin de vous","potentialAction":[{"@type":"SearchAction","target":{"@type":"EntryPoint","urlTemplate":"https:\/\/pneusbazar.com\/?s={search_term_string}"},"query-input":"required name=search_term_string"}],"inLanguage":"fr-FR"}]}},"_links":{"self":[{"href":"http:\/\/pneusbazar.com\/index.php?rest_route=\/wp\/v2\/product\/18524"}],"collection":[{"href":"http:\/\/pneusbazar.com\/index.php?rest_route=\/wp\/v2\/product"}],"about":[{"href":"http:\/\/pneusbazar.com\/index.php?rest_route=\/wp\/v2\/types\/product"}],"replies":[{"embeddable":true,"href":"http:\/\/pneusbazar.com\/index.php?rest_route=%2Fwp%2Fv2%2Fcomments&post=18524"}],"wp:featuredmedia":[{"embeddable":true,"href":"http:\/\/pneusbazar.com\/index.php?rest_route=\/wp\/v2\/media\/18527"}],"wp:attachment":[{"href":"http:\/\/pneusbazar.com\/index.php?rest_route=%2Fwp%2Fv2%2Fmedia&parent=18524"}],"wp:term":[{"taxonomy":"product_cat","embeddable":true,"href":"http:\/\/pneusbazar.com\/index.php?rest_route=%2Fwp%2Fv2%2Fproduct_cat&post=18524"},{"taxonomy":"product_tag","embeddable":true,"href":"http:\/\/pneusbazar.com\/index.php?rest_route=%2Fwp%2Fv2%2Fproduct_tag&post=18524"}],"curies":[{"name":"wp","href":"https:\/\/api.w.org\/{rel}","templated":true}]}}