{"id":20356,"date":"2014-12-21T01:05:38","date_gmt":"2014-12-21T01:05:38","guid":{"rendered":"http:\/\/pneusbazar.com\/?post_type=product&#038;p=20356"},"modified":"2020-11-14T22:11:14","modified_gmt":"2020-11-15T03:11:14","slug":"continental-contipurecontact","status":"publish","type":"product","link":"http:\/\/pneusbazar.com\/?product=continental-contipurecontact","title":{"rendered":"Continental ContiPureContact"},"content":{"rendered":"<table width=\"174\">\n<tbody>\n<tr>\n<td colspan=\"2\">Grandeurs disponibles<\/td>\n<\/tr>\n<tr>\n<td>195\/65R15<\/td>\n<td>225\/45R18<\/td>\n<\/tr>\n<tr>\n<td>205\/50R17<\/td>\n<td>225\/50R17<\/td>\n<\/tr>\n<tr>\n<td>205\/55R16<\/td>\n<td>225\/55R17<\/td>\n<\/tr>\n<tr>\n<td>205\/55R16<\/td>\n<td>225\/60R18<\/td>\n<\/tr>\n<tr>\n<td>205\/60R16<\/td>\n<td>235\/45R17<\/td>\n<\/tr>\n<tr>\n<td>205\/60R16<\/td>\n<td>235\/45R18<\/td>\n<\/tr>\n<tr>\n<td>205\/65R16<\/td>\n<td>235\/50R17<\/td>\n<\/tr>\n<tr>\n<td>215\/50R17<\/td>\n<td>235\/50R18<\/td>\n<\/tr>\n<tr>\n<td>215\/55R16<\/td>\n<td>235\/55R17<\/td>\n<\/tr>\n<tr>\n<td>215\/55R17<\/td>\n<td>235\/55R18<\/td>\n<\/tr>\n<tr>\n<td>215\/60R16<\/td>\n<td>245\/45R17<\/td>\n<\/tr>\n<tr>\n<td>215\/60R16<\/td>\n<td>245\/45R18<\/td>\n<\/tr>\n<tr>\n<td>225\/45R17<\/td>\n<td>245\/45R18<\/td>\n<\/tr>\n<tr>\n<td>225\/45R17<\/td>\n<td><\/td>\n<\/tr>\n<\/tbody>\n<\/table>\n","protected":false},"excerpt":{"rendered":"<ul>\n<li>Essai de 60 jours satisfaction de la client\u00e8le<\/li>\n<li>Couverture gratuite contre les risques routiers pour les 12<\/li>\n<\/ul>\n<p>premiers mois ou 2\/32e d&rsquo;usure de la bande de roulement<\/p>\n<ul>\n<li>Pneu de luxe offrant performance toutes-saisons<\/li>\n<li>Additifs de silane am\u00e9liore l&rsquo;adh\u00e9rence sur chauss\u00e9es glissantes,<\/li>\n<\/ul>\n<p>r\u00e9duisant la distance d&rsquo;arr\u00eat<\/p>\n<ul>\n<li>Plus faible r\u00e9sistance au roulement procurant<\/li>\n<\/ul>\n<p>une meilleure efficacit\u00e9 \u00e9nerg\u00e9tique<\/p>\n<ul>\n<li>Des indicateurs sur le pneu disparaissent quand le pneu<br \/>\nn&rsquo;est plus dans un \u00e9tat de performance optimale<\/li>\n<\/ul>\n","protected":false},"featured_media":20357,"comment_status":"closed","ping_status":"closed","template":"","meta":[],"product_cat":[],"product_tag":[],"class_list":{"0":"post-20356","1":"product","2":"type-product","3":"status-publish","4":"has-post-thumbnail","6":"pa_experience-de-conduite-haute-performance","7":"pa_gamme-bad","8":"pa_marque-continental","9":"pa_saison-de-pneus-4-saisons","10":"pa_type-de-pneu-pneus-de-voiture","12":"first","13":"instock","14":"shipping-taxable","15":"product-type-simple"},"yoast_head":"<!-- This site is optimized with the Yoast SEO plugin v23.2 - https:\/\/yoast.com\/wordpress\/plugins\/seo\/ -->\n<title>Continental ContiPureContact - Pneus Bazar<\/title>\n<meta name=\"robots\" content=\"index, follow, max-snippet:-1, max-image-preview:large, max-video-preview:-1\" \/>\n<link rel=\"canonical\" href=\"http:\/\/pneusbazar.com\/?product=continental-contipurecontact\" \/>\n<script type=\"application\/ld+json\" class=\"yoast-schema-graph\">{\"@context\":\"https:\/\/schema.org\",\"@graph\":[{\"@type\":\"WebPage\",\"@id\":\"http:\/\/pneusbazar.com\/?product=continental-contipurecontact\",\"url\":\"http:\/\/pneusbazar.com\/?product=continental-contipurecontact\",\"name\":\"Continental ContiPureContact - Pneus Bazar\",\"isPartOf\":{\"@id\":\"https:\/\/pneusbazar.com\/#website\"},\"primaryImageOfPage\":{\"@id\":\"http:\/\/pneusbazar.com\/?product=continental-contipurecontact#primaryimage\"},\"image\":{\"@id\":\"http:\/\/pneusbazar.com\/?product=continental-contipurecontact#primaryimage\"},\"thumbnailUrl\":\"http:\/\/pneusbazar.com\/wp-content\/uploads\/2014\/12\/pure_contact_margin_en-data.jpg\",\"datePublished\":\"2014-12-21T01:05:38+00:00\",\"dateModified\":\"2020-11-15T03:11:14+00:00\",\"breadcrumb\":{\"@id\":\"http:\/\/pneusbazar.com\/?product=continental-contipurecontact#breadcrumb\"},\"inLanguage\":\"fr-FR\",\"potentialAction\":[{\"@type\":\"ReadAction\",\"target\":[\"http:\/\/pneusbazar.com\/?product=continental-contipurecontact\"]}]},{\"@type\":\"ImageObject\",\"inLanguage\":\"fr-FR\",\"@id\":\"http:\/\/pneusbazar.com\/?product=continental-contipurecontact#primaryimage\",\"url\":\"http:\/\/pneusbazar.com\/wp-content\/uploads\/2014\/12\/pure_contact_margin_en-data.jpg\",\"contentUrl\":\"http:\/\/pneusbazar.com\/wp-content\/uploads\/2014\/12\/pure_contact_margin_en-data.jpg\",\"width\":400,\"height\":400},{\"@type\":\"BreadcrumbList\",\"@id\":\"http:\/\/pneusbazar.com\/?product=continental-contipurecontact#breadcrumb\",\"itemListElement\":[{\"@type\":\"ListItem\",\"position\":1,\"name\":\"Accueil\",\"item\":\"https:\/\/pneusbazar.com\/\"},{\"@type\":\"ListItem\",\"position\":2,\"name\":\"Catalogue de pneus\",\"item\":\"https:\/\/pneusbazar.com\/?page_id=20284\"},{\"@type\":\"ListItem\",\"position\":3,\"name\":\"Continental ContiPureContact\"}]},{\"@type\":\"WebSite\",\"@id\":\"https:\/\/pneusbazar.com\/#website\",\"url\":\"https:\/\/pneusbazar.com\/\",\"name\":\"Pneus Bazar\",\"description\":\"On prend soin de vous\",\"potentialAction\":[{\"@type\":\"SearchAction\",\"target\":{\"@type\":\"EntryPoint\",\"urlTemplate\":\"https:\/\/pneusbazar.com\/?s={search_term_string}\"},\"query-input\":\"required name=search_term_string\"}],\"inLanguage\":\"fr-FR\"}]}<\/script>\n<!-- \/ Yoast SEO plugin. -->","yoast_head_json":{"title":"Continental ContiPureContact - Pneus Bazar","robots":{"index":"index","follow":"follow","max-snippet":"max-snippet:-1","max-image-preview":"max-image-preview:large","max-video-preview":"max-video-preview:-1"},"canonical":"http:\/\/pneusbazar.com\/?product=continental-contipurecontact","schema":{"@context":"https:\/\/schema.org","@graph":[{"@type":"WebPage","@id":"http:\/\/pneusbazar.com\/?product=continental-contipurecontact","url":"http:\/\/pneusbazar.com\/?product=continental-contipurecontact","name":"Continental ContiPureContact - Pneus Bazar","isPartOf":{"@id":"https:\/\/pneusbazar.com\/#website"},"primaryImageOfPage":{"@id":"http:\/\/pneusbazar.com\/?product=continental-contipurecontact#primaryimage"},"image":{"@id":"http:\/\/pneusbazar.com\/?product=continental-contipurecontact#primaryimage"},"thumbnailUrl":"http:\/\/pneusbazar.com\/wp-content\/uploads\/2014\/12\/pure_contact_margin_en-data.jpg","datePublished":"2014-12-21T01:05:38+00:00","dateModified":"2020-11-15T03:11:14+00:00","breadcrumb":{"@id":"http:\/\/pneusbazar.com\/?product=continental-contipurecontact#breadcrumb"},"inLanguage":"fr-FR","potentialAction":[{"@type":"ReadAction","target":["http:\/\/pneusbazar.com\/?product=continental-contipurecontact"]}]},{"@type":"ImageObject","inLanguage":"fr-FR","@id":"http:\/\/pneusbazar.com\/?product=continental-contipurecontact#primaryimage","url":"http:\/\/pneusbazar.com\/wp-content\/uploads\/2014\/12\/pure_contact_margin_en-data.jpg","contentUrl":"http:\/\/pneusbazar.com\/wp-content\/uploads\/2014\/12\/pure_contact_margin_en-data.jpg","width":400,"height":400},{"@type":"BreadcrumbList","@id":"http:\/\/pneusbazar.com\/?product=continental-contipurecontact#breadcrumb","itemListElement":[{"@type":"ListItem","position":1,"name":"Accueil","item":"https:\/\/pneusbazar.com\/"},{"@type":"ListItem","position":2,"name":"Catalogue de pneus","item":"https:\/\/pneusbazar.com\/?page_id=20284"},{"@type":"ListItem","position":3,"name":"Continental ContiPureContact"}]},{"@type":"WebSite","@id":"https:\/\/pneusbazar.com\/#website","url":"https:\/\/pneusbazar.com\/","name":"Pneus Bazar","description":"On prend soin de vous","potentialAction":[{"@type":"SearchAction","target":{"@type":"EntryPoint","urlTemplate":"https:\/\/pneusbazar.com\/?s={search_term_string}"},"query-input":"required name=search_term_string"}],"inLanguage":"fr-FR"}]}},"_links":{"self":[{"href":"http:\/\/pneusbazar.com\/index.php?rest_route=\/wp\/v2\/product\/20356"}],"collection":[{"href":"http:\/\/pneusbazar.com\/index.php?rest_route=\/wp\/v2\/product"}],"about":[{"href":"http:\/\/pneusbazar.com\/index.php?rest_route=\/wp\/v2\/types\/product"}],"replies":[{"embeddable":true,"href":"http:\/\/pneusbazar.com\/index.php?rest_route=%2Fwp%2Fv2%2Fcomments&post=20356"}],"wp:featuredmedia":[{"embeddable":true,"href":"http:\/\/pneusbazar.com\/index.php?rest_route=\/wp\/v2\/media\/20357"}],"wp:attachment":[{"href":"http:\/\/pneusbazar.com\/index.php?rest_route=%2Fwp%2Fv2%2Fmedia&parent=20356"}],"wp:term":[{"taxonomy":"product_cat","embeddable":true,"href":"http:\/\/pneusbazar.com\/index.php?rest_route=%2Fwp%2Fv2%2Fproduct_cat&post=20356"},{"taxonomy":"product_tag","embeddable":true,"href":"http:\/\/pneusbazar.com\/index.php?rest_route=%2Fwp%2Fv2%2Fproduct_tag&post=20356"}],"curies":[{"name":"wp","href":"https:\/\/api.w.org\/{rel}","templated":true}]}}