{"id":20366,"date":"2014-12-21T01:19:28","date_gmt":"2014-12-21T01:19:28","guid":{"rendered":"http:\/\/pneusbazar.com\/?post_type=product&#038;p=20366"},"modified":"2020-11-14T22:09:29","modified_gmt":"2020-11-15T03:09:29","slug":"continental-contisportcontact-3","status":"publish","type":"product","link":"http:\/\/pneusbazar.com\/?product=continental-contisportcontact-3","title":{"rendered":"Continental CONTISPORTCONTACT 3"},"content":{"rendered":"<table width=\"325\">\n<tbody>\n<tr>\n<td colspan=\"4\">Grandeurs disponibles<\/td>\n<\/tr>\n<tr>\n<td>205\/45R17<\/td>\n<td>235\/40R18<\/td>\n<td>245\/40ZR18<\/td>\n<td>265\/35R18<\/td>\n<\/tr>\n<tr>\n<td>205\/45R17<\/td>\n<td>235\/40R18<\/td>\n<td>245\/45R17<\/td>\n<td>265\/35ZR18<\/td>\n<\/tr>\n<tr>\n<td>205\/45R17<\/td>\n<td>235\/40R18<\/td>\n<td>245\/45R17<\/td>\n<td>265\/35ZR19<\/td>\n<\/tr>\n<tr>\n<td>205\/55R17<\/td>\n<td>235\/40ZR18<\/td>\n<td>245\/45R18<\/td>\n<td>265\/35ZR19<\/td>\n<\/tr>\n<tr>\n<td>215\/50R17<\/td>\n<td>235\/40ZR18<\/td>\n<td>245\/45R19<\/td>\n<td>265\/40R20<\/td>\n<\/tr>\n<tr>\n<td>225\/40ZR18<\/td>\n<td>235\/45R17<\/td>\n<td>245\/45ZR19<\/td>\n<td>265\/40ZR18<\/td>\n<\/tr>\n<tr>\n<td>225\/45R17<\/td>\n<td>235\/45R17<\/td>\n<td>245\/50R18<\/td>\n<td>275\/35R18<\/td>\n<\/tr>\n<tr>\n<td>225\/45R17<\/td>\n<td>235\/45R17<\/td>\n<td>245\/50ZR18<\/td>\n<td>275\/35R20<\/td>\n<\/tr>\n<tr>\n<td>225\/45R17<\/td>\n<td>235\/45R18<\/td>\n<td>255\/30ZR19<\/td>\n<td>275\/35ZR18<\/td>\n<\/tr>\n<tr>\n<td>225\/45R17<\/td>\n<td>235\/45ZR17<\/td>\n<td>255\/35R18<\/td>\n<td>275\/40R18<\/td>\n<\/tr>\n<tr>\n<td>225\/45R17<\/td>\n<td>235\/45ZR17<\/td>\n<td>255\/35ZR18<\/td>\n<td>275\/40R19<\/td>\n<\/tr>\n<tr>\n<td>225\/45R17<\/td>\n<td>235\/50R17<\/td>\n<td>255\/35ZR19<\/td>\n<td>275\/40ZR19<\/td>\n<\/tr>\n<tr>\n<td>225\/45R18<\/td>\n<td>245\/35ZR18<\/td>\n<td>255\/40R17<\/td>\n<td>275\/45ZR18<\/td>\n<\/tr>\n<tr>\n<td>225\/45R18<\/td>\n<td>245\/35ZR19<\/td>\n<td>255\/40R18<\/td>\n<td>285\/35ZR18<\/td>\n<\/tr>\n<tr>\n<td>225\/50R17<\/td>\n<td>245\/35ZR20<\/td>\n<td>255\/40ZR18<\/td>\n<td>285\/35ZR18<\/td>\n<\/tr>\n<tr>\n<td>225\/50ZR17<\/td>\n<td>245\/40R17<\/td>\n<td>255\/45R17<\/td>\n<td>285\/35ZR18<\/td>\n<\/tr>\n<tr>\n<td>235\/35ZR19<\/td>\n<td>245\/40R17<\/td>\n<td>255\/45ZR19<\/td>\n<td>285\/35ZR20<\/td>\n<\/tr>\n<tr>\n<td>235\/35ZR19<\/td>\n<td>245\/40R18<\/td>\n<td>255\/45ZR19<\/td>\n<td>285\/40ZR19<\/td>\n<\/tr>\n<tr>\n<td>235\/35ZR19<\/td>\n<td>245\/40R18<\/td>\n<td>255\/55R18<\/td>\n<td>295\/30ZR19<\/td>\n<\/tr>\n<tr>\n<td>235\/35ZR19<\/td>\n<td>245\/40R20<\/td>\n<td>265\/30ZR20<\/td>\n<td>255\/35ZR19<\/td>\n<\/tr>\n<\/tbody>\n<\/table>\n","protected":false},"excerpt":{"rendered":"<ul>\n<li>Essai de 30 jours satisfaction de la client\u00e8le<\/li>\n<li>Couverture gratuite contre les risques routiers pour les 12 premiers mois ou 2\/32e d\u2019usure de la bande de roulement<\/li>\n<li>Bande de roulement \u00e0 motif asym\u00e9trique pour adh\u00e9rence et stabilit\u00e9 accrues<\/li>\n<li>Bande de roulement \u00e0 motif nervur\u00e9 r\u00e9duit la distance de freinage<\/li>\n<li>Compos\u00e9 de silice am\u00e9liore la tenue de route sur surfaces mouill\u00e9es<\/li>\n<li>Motif sp\u00e9cial de la bande de roulement pour les v\u00e9hicules \u00e0 traction arri\u00e8re pour am\u00e9liorer la performance<\/li>\n<\/ul>\n","protected":false},"featured_media":20367,"comment_status":"closed","ping_status":"closed","template":"","meta":[],"product_cat":[],"product_tag":[],"class_list":{"0":"post-20366","1":"product","2":"type-product","3":"status-publish","4":"has-post-thumbnail","6":"pa_experience-de-conduite-haute-performance","7":"pa_gamme-good","8":"pa_marque-continental","9":"pa_saison-de-pneus-4-saisons","10":"pa_type-de-pneu-pneus-de-voiture","12":"first","13":"instock","14":"shipping-taxable","15":"product-type-simple"},"yoast_head":"<!-- This site is optimized with the Yoast SEO plugin v23.2 - https:\/\/yoast.com\/wordpress\/plugins\/seo\/ -->\n<title>Continental CONTISPORTCONTACT 3 - Pneus Bazar<\/title>\n<meta name=\"robots\" content=\"index, follow, max-snippet:-1, max-image-preview:large, max-video-preview:-1\" \/>\n<link rel=\"canonical\" href=\"http:\/\/pneusbazar.com\/?product=continental-contisportcontact-3\" \/>\n<script type=\"application\/ld+json\" class=\"yoast-schema-graph\">{\"@context\":\"https:\/\/schema.org\",\"@graph\":[{\"@type\":\"WebPage\",\"@id\":\"http:\/\/pneusbazar.com\/?product=continental-contisportcontact-3\",\"url\":\"http:\/\/pneusbazar.com\/?product=continental-contisportcontact-3\",\"name\":\"Continental CONTISPORTCONTACT 3 - Pneus Bazar\",\"isPartOf\":{\"@id\":\"https:\/\/pneusbazar.com\/#website\"},\"primaryImageOfPage\":{\"@id\":\"http:\/\/pneusbazar.com\/?product=continental-contisportcontact-3#primaryimage\"},\"image\":{\"@id\":\"http:\/\/pneusbazar.com\/?product=continental-contisportcontact-3#primaryimage\"},\"thumbnailUrl\":\"http:\/\/pneusbazar.com\/wp-content\/uploads\/2014\/12\/contisportcontact_3_uv-data.jpg\",\"datePublished\":\"2014-12-21T01:19:28+00:00\",\"dateModified\":\"2020-11-15T03:09:29+00:00\",\"breadcrumb\":{\"@id\":\"http:\/\/pneusbazar.com\/?product=continental-contisportcontact-3#breadcrumb\"},\"inLanguage\":\"fr-FR\",\"potentialAction\":[{\"@type\":\"ReadAction\",\"target\":[\"http:\/\/pneusbazar.com\/?product=continental-contisportcontact-3\"]}]},{\"@type\":\"ImageObject\",\"inLanguage\":\"fr-FR\",\"@id\":\"http:\/\/pneusbazar.com\/?product=continental-contisportcontact-3#primaryimage\",\"url\":\"http:\/\/pneusbazar.com\/wp-content\/uploads\/2014\/12\/contisportcontact_3_uv-data.jpg\",\"contentUrl\":\"http:\/\/pneusbazar.com\/wp-content\/uploads\/2014\/12\/contisportcontact_3_uv-data.jpg\",\"width\":400,\"height\":400},{\"@type\":\"BreadcrumbList\",\"@id\":\"http:\/\/pneusbazar.com\/?product=continental-contisportcontact-3#breadcrumb\",\"itemListElement\":[{\"@type\":\"ListItem\",\"position\":1,\"name\":\"Accueil\",\"item\":\"https:\/\/pneusbazar.com\/\"},{\"@type\":\"ListItem\",\"position\":2,\"name\":\"Catalogue de pneus\",\"item\":\"https:\/\/pneusbazar.com\/?page_id=20284\"},{\"@type\":\"ListItem\",\"position\":3,\"name\":\"Continental CONTISPORTCONTACT 3\"}]},{\"@type\":\"WebSite\",\"@id\":\"https:\/\/pneusbazar.com\/#website\",\"url\":\"https:\/\/pneusbazar.com\/\",\"name\":\"Pneus Bazar\",\"description\":\"On prend soin de vous\",\"potentialAction\":[{\"@type\":\"SearchAction\",\"target\":{\"@type\":\"EntryPoint\",\"urlTemplate\":\"https:\/\/pneusbazar.com\/?s={search_term_string}\"},\"query-input\":\"required name=search_term_string\"}],\"inLanguage\":\"fr-FR\"}]}<\/script>\n<!-- \/ Yoast SEO plugin. -->","yoast_head_json":{"title":"Continental CONTISPORTCONTACT 3 - Pneus Bazar","robots":{"index":"index","follow":"follow","max-snippet":"max-snippet:-1","max-image-preview":"max-image-preview:large","max-video-preview":"max-video-preview:-1"},"canonical":"http:\/\/pneusbazar.com\/?product=continental-contisportcontact-3","schema":{"@context":"https:\/\/schema.org","@graph":[{"@type":"WebPage","@id":"http:\/\/pneusbazar.com\/?product=continental-contisportcontact-3","url":"http:\/\/pneusbazar.com\/?product=continental-contisportcontact-3","name":"Continental CONTISPORTCONTACT 3 - Pneus Bazar","isPartOf":{"@id":"https:\/\/pneusbazar.com\/#website"},"primaryImageOfPage":{"@id":"http:\/\/pneusbazar.com\/?product=continental-contisportcontact-3#primaryimage"},"image":{"@id":"http:\/\/pneusbazar.com\/?product=continental-contisportcontact-3#primaryimage"},"thumbnailUrl":"http:\/\/pneusbazar.com\/wp-content\/uploads\/2014\/12\/contisportcontact_3_uv-data.jpg","datePublished":"2014-12-21T01:19:28+00:00","dateModified":"2020-11-15T03:09:29+00:00","breadcrumb":{"@id":"http:\/\/pneusbazar.com\/?product=continental-contisportcontact-3#breadcrumb"},"inLanguage":"fr-FR","potentialAction":[{"@type":"ReadAction","target":["http:\/\/pneusbazar.com\/?product=continental-contisportcontact-3"]}]},{"@type":"ImageObject","inLanguage":"fr-FR","@id":"http:\/\/pneusbazar.com\/?product=continental-contisportcontact-3#primaryimage","url":"http:\/\/pneusbazar.com\/wp-content\/uploads\/2014\/12\/contisportcontact_3_uv-data.jpg","contentUrl":"http:\/\/pneusbazar.com\/wp-content\/uploads\/2014\/12\/contisportcontact_3_uv-data.jpg","width":400,"height":400},{"@type":"BreadcrumbList","@id":"http:\/\/pneusbazar.com\/?product=continental-contisportcontact-3#breadcrumb","itemListElement":[{"@type":"ListItem","position":1,"name":"Accueil","item":"https:\/\/pneusbazar.com\/"},{"@type":"ListItem","position":2,"name":"Catalogue de pneus","item":"https:\/\/pneusbazar.com\/?page_id=20284"},{"@type":"ListItem","position":3,"name":"Continental CONTISPORTCONTACT 3"}]},{"@type":"WebSite","@id":"https:\/\/pneusbazar.com\/#website","url":"https:\/\/pneusbazar.com\/","name":"Pneus Bazar","description":"On prend soin de vous","potentialAction":[{"@type":"SearchAction","target":{"@type":"EntryPoint","urlTemplate":"https:\/\/pneusbazar.com\/?s={search_term_string}"},"query-input":"required name=search_term_string"}],"inLanguage":"fr-FR"}]}},"_links":{"self":[{"href":"http:\/\/pneusbazar.com\/index.php?rest_route=\/wp\/v2\/product\/20366"}],"collection":[{"href":"http:\/\/pneusbazar.com\/index.php?rest_route=\/wp\/v2\/product"}],"about":[{"href":"http:\/\/pneusbazar.com\/index.php?rest_route=\/wp\/v2\/types\/product"}],"replies":[{"embeddable":true,"href":"http:\/\/pneusbazar.com\/index.php?rest_route=%2Fwp%2Fv2%2Fcomments&post=20366"}],"wp:featuredmedia":[{"embeddable":true,"href":"http:\/\/pneusbazar.com\/index.php?rest_route=\/wp\/v2\/media\/20367"}],"wp:attachment":[{"href":"http:\/\/pneusbazar.com\/index.php?rest_route=%2Fwp%2Fv2%2Fmedia&parent=20366"}],"wp:term":[{"taxonomy":"product_cat","embeddable":true,"href":"http:\/\/pneusbazar.com\/index.php?rest_route=%2Fwp%2Fv2%2Fproduct_cat&post=20366"},{"taxonomy":"product_tag","embeddable":true,"href":"http:\/\/pneusbazar.com\/index.php?rest_route=%2Fwp%2Fv2%2Fproduct_tag&post=20366"}],"curies":[{"name":"wp","href":"https:\/\/api.w.org\/{rel}","templated":true}]}}