{"id":20376,"date":"2014-12-21T01:44:02","date_gmt":"2014-12-21T01:44:02","guid":{"rendered":"http:\/\/pneusbazar.com\/?post_type=product&#038;p=20376"},"modified":"2020-11-14T22:09:29","modified_gmt":"2020-11-15T03:09:29","slug":"firestone-precision-sport","status":"publish","type":"product","link":"http:\/\/pneusbazar.com\/?product=firestone-precision-sport","title":{"rendered":"Firestone PRECISION SPORT"},"content":{"rendered":"<table width=\"80\">\n<tbody>\n<tr>\n<td>Grandeurs disponibles<\/td>\n<\/tr>\n<tr>\n<td>185\/60R14<\/td>\n<\/tr>\n<tr>\n<td>185\/65R15<\/td>\n<\/tr>\n<tr>\n<td>195\/65R15<\/td>\n<\/tr>\n<tr>\n<td>205\/65R15<\/td>\n<\/tr>\n<tr>\n<td>215\/65R15<\/td>\n<\/tr>\n<tr>\n<td>195\/60R15<\/td>\n<\/tr>\n<tr>\n<td>205\/60R15<\/td>\n<\/tr>\n<tr>\n<td>215\/60R15<\/td>\n<\/tr>\n<tr>\n<td>195\/55R15<\/td>\n<\/tr>\n<tr>\n<td>205\/60R16<\/td>\n<\/tr>\n<tr>\n<td>215\/60R16<\/td>\n<\/tr>\n<tr>\n<td>225\/60R16<\/td>\n<\/tr>\n<tr>\n<td>205\/55R16<\/td>\n<\/tr>\n<tr>\n<td>215\/55R16<\/td>\n<\/tr>\n<tr>\n<td>225\/55R16<\/td>\n<\/tr>\n<tr>\n<td>205\/50R16<\/td>\n<\/tr>\n<tr>\n<td>215\/55R17<\/td>\n<\/tr>\n<tr>\n<td>225\/55R17<\/td>\n<\/tr>\n<tr>\n<td>215\/50R17<\/td>\n<\/tr>\n<tr>\n<td>225\/50R17<\/td>\n<\/tr>\n<tr>\n<td>225\/45R17<\/td>\n<\/tr>\n<tr>\n<td>235\/45R17<\/td>\n<\/tr>\n<\/tbody>\n<\/table>\n","protected":false},"excerpt":{"rendered":"<ul>\n<li>Garantie de 30 jours \u00ab\u00a0Achetez et essayez\u00a0\u00bb<\/li>\n<li>Garantie limit\u00e9e de 65 000 contre l\u2019usure de la bande de roulement<\/li>\n<li>Sculpture toutes saisons haute performance<\/li>\n<li>Technologie Uni-T procure une performance de qualit\u00e9 sur chauss\u00e9es s\u00e8ches ou mouill\u00e9es<\/li>\n<li>Pav\u00e9s 3D assurent une maniabilit\u00e9 am\u00e9lior\u00e9e<\/li>\n<li>Rainures circonf\u00e9rentielles pour une r\u00e9sistance accrue \u00e0 l\u2019aquaplanage<\/li>\n<\/ul>\n","protected":false},"featured_media":20377,"comment_status":"closed","ping_status":"closed","template":"","meta":[],"product_cat":[],"product_tag":[],"class_list":{"0":"post-20376","1":"product","2":"type-product","3":"status-publish","4":"has-post-thumbnail","6":"pa_experience-de-conduite-haute-performance","7":"pa_gamme-good","8":"pa_marque-firestone","9":"pa_saison-de-pneus-4-saisons","10":"pa_type-de-pneu-pneus-de-voiture","12":"first","13":"instock","14":"shipping-taxable","15":"product-type-simple"},"yoast_head":"<!-- This site is optimized with the Yoast SEO plugin v23.2 - https:\/\/yoast.com\/wordpress\/plugins\/seo\/ -->\n<title>Firestone PRECISION SPORT - Pneus Bazar<\/title>\n<meta name=\"robots\" content=\"index, follow, max-snippet:-1, max-image-preview:large, max-video-preview:-1\" \/>\n<link rel=\"canonical\" href=\"https:\/\/pneusbazar.com\/?product=firestone-precision-sport\" \/>\n<script type=\"application\/ld+json\" class=\"yoast-schema-graph\">{\"@context\":\"https:\/\/schema.org\",\"@graph\":[{\"@type\":\"WebPage\",\"@id\":\"https:\/\/pneusbazar.com\/?product=firestone-precision-sport\",\"url\":\"https:\/\/pneusbazar.com\/?product=firestone-precision-sport\",\"name\":\"Firestone PRECISION SPORT - Pneus Bazar\",\"isPartOf\":{\"@id\":\"https:\/\/pneusbazar.com\/#website\"},\"primaryImageOfPage\":{\"@id\":\"https:\/\/pneusbazar.com\/?product=firestone-precision-sport#primaryimage\"},\"image\":{\"@id\":\"https:\/\/pneusbazar.com\/?product=firestone-precision-sport#primaryimage\"},\"thumbnailUrl\":\"http:\/\/pneusbazar.com\/wp-content\/uploads\/2014\/12\/fs_precision_spt_ci3_l.jpg\",\"datePublished\":\"2014-12-21T01:44:02+00:00\",\"dateModified\":\"2020-11-15T03:09:29+00:00\",\"breadcrumb\":{\"@id\":\"https:\/\/pneusbazar.com\/?product=firestone-precision-sport#breadcrumb\"},\"inLanguage\":\"fr-FR\",\"potentialAction\":[{\"@type\":\"ReadAction\",\"target\":[\"https:\/\/pneusbazar.com\/?product=firestone-precision-sport\"]}]},{\"@type\":\"ImageObject\",\"inLanguage\":\"fr-FR\",\"@id\":\"https:\/\/pneusbazar.com\/?product=firestone-precision-sport#primaryimage\",\"url\":\"http:\/\/pneusbazar.com\/wp-content\/uploads\/2014\/12\/fs_precision_spt_ci3_l.jpg\",\"contentUrl\":\"http:\/\/pneusbazar.com\/wp-content\/uploads\/2014\/12\/fs_precision_spt_ci3_l.jpg\",\"width\":400,\"height\":400},{\"@type\":\"BreadcrumbList\",\"@id\":\"https:\/\/pneusbazar.com\/?product=firestone-precision-sport#breadcrumb\",\"itemListElement\":[{\"@type\":\"ListItem\",\"position\":1,\"name\":\"Accueil\",\"item\":\"https:\/\/pneusbazar.com\/\"},{\"@type\":\"ListItem\",\"position\":2,\"name\":\"Catalogue de pneus\",\"item\":\"https:\/\/pneusbazar.com\/?page_id=20284\"},{\"@type\":\"ListItem\",\"position\":3,\"name\":\"Firestone PRECISION SPORT\"}]},{\"@type\":\"WebSite\",\"@id\":\"https:\/\/pneusbazar.com\/#website\",\"url\":\"https:\/\/pneusbazar.com\/\",\"name\":\"Pneus Bazar\",\"description\":\"On prend soin de vous\",\"potentialAction\":[{\"@type\":\"SearchAction\",\"target\":{\"@type\":\"EntryPoint\",\"urlTemplate\":\"https:\/\/pneusbazar.com\/?s={search_term_string}\"},\"query-input\":\"required name=search_term_string\"}],\"inLanguage\":\"fr-FR\"}]}<\/script>\n<!-- \/ Yoast SEO plugin. -->","yoast_head_json":{"title":"Firestone PRECISION SPORT - Pneus Bazar","robots":{"index":"index","follow":"follow","max-snippet":"max-snippet:-1","max-image-preview":"max-image-preview:large","max-video-preview":"max-video-preview:-1"},"canonical":"https:\/\/pneusbazar.com\/?product=firestone-precision-sport","schema":{"@context":"https:\/\/schema.org","@graph":[{"@type":"WebPage","@id":"https:\/\/pneusbazar.com\/?product=firestone-precision-sport","url":"https:\/\/pneusbazar.com\/?product=firestone-precision-sport","name":"Firestone PRECISION SPORT - Pneus Bazar","isPartOf":{"@id":"https:\/\/pneusbazar.com\/#website"},"primaryImageOfPage":{"@id":"https:\/\/pneusbazar.com\/?product=firestone-precision-sport#primaryimage"},"image":{"@id":"https:\/\/pneusbazar.com\/?product=firestone-precision-sport#primaryimage"},"thumbnailUrl":"http:\/\/pneusbazar.com\/wp-content\/uploads\/2014\/12\/fs_precision_spt_ci3_l.jpg","datePublished":"2014-12-21T01:44:02+00:00","dateModified":"2020-11-15T03:09:29+00:00","breadcrumb":{"@id":"https:\/\/pneusbazar.com\/?product=firestone-precision-sport#breadcrumb"},"inLanguage":"fr-FR","potentialAction":[{"@type":"ReadAction","target":["https:\/\/pneusbazar.com\/?product=firestone-precision-sport"]}]},{"@type":"ImageObject","inLanguage":"fr-FR","@id":"https:\/\/pneusbazar.com\/?product=firestone-precision-sport#primaryimage","url":"http:\/\/pneusbazar.com\/wp-content\/uploads\/2014\/12\/fs_precision_spt_ci3_l.jpg","contentUrl":"http:\/\/pneusbazar.com\/wp-content\/uploads\/2014\/12\/fs_precision_spt_ci3_l.jpg","width":400,"height":400},{"@type":"BreadcrumbList","@id":"https:\/\/pneusbazar.com\/?product=firestone-precision-sport#breadcrumb","itemListElement":[{"@type":"ListItem","position":1,"name":"Accueil","item":"https:\/\/pneusbazar.com\/"},{"@type":"ListItem","position":2,"name":"Catalogue de pneus","item":"https:\/\/pneusbazar.com\/?page_id=20284"},{"@type":"ListItem","position":3,"name":"Firestone PRECISION SPORT"}]},{"@type":"WebSite","@id":"https:\/\/pneusbazar.com\/#website","url":"https:\/\/pneusbazar.com\/","name":"Pneus Bazar","description":"On prend soin de vous","potentialAction":[{"@type":"SearchAction","target":{"@type":"EntryPoint","urlTemplate":"https:\/\/pneusbazar.com\/?s={search_term_string}"},"query-input":"required name=search_term_string"}],"inLanguage":"fr-FR"}]}},"_links":{"self":[{"href":"http:\/\/pneusbazar.com\/index.php?rest_route=\/wp\/v2\/product\/20376"}],"collection":[{"href":"http:\/\/pneusbazar.com\/index.php?rest_route=\/wp\/v2\/product"}],"about":[{"href":"http:\/\/pneusbazar.com\/index.php?rest_route=\/wp\/v2\/types\/product"}],"replies":[{"embeddable":true,"href":"http:\/\/pneusbazar.com\/index.php?rest_route=%2Fwp%2Fv2%2Fcomments&post=20376"}],"wp:featuredmedia":[{"embeddable":true,"href":"http:\/\/pneusbazar.com\/index.php?rest_route=\/wp\/v2\/media\/20377"}],"wp:attachment":[{"href":"http:\/\/pneusbazar.com\/index.php?rest_route=%2Fwp%2Fv2%2Fmedia&parent=20376"}],"wp:term":[{"taxonomy":"product_cat","embeddable":true,"href":"http:\/\/pneusbazar.com\/index.php?rest_route=%2Fwp%2Fv2%2Fproduct_cat&post=20376"},{"taxonomy":"product_tag","embeddable":true,"href":"http:\/\/pneusbazar.com\/index.php?rest_route=%2Fwp%2Fv2%2Fproduct_tag&post=20376"}],"curies":[{"name":"wp","href":"https:\/\/api.w.org\/{rel}","templated":true}]}}