{"id":20486,"date":"2014-12-22T00:52:02","date_gmt":"2014-12-22T00:52:02","guid":{"rendered":"http:\/\/pneusbazar.com\/?post_type=product&#038;p=20486"},"modified":"2020-11-14T22:07:30","modified_gmt":"2020-11-15T03:07:30","slug":"kumho-zen-kw27","status":"publish","type":"product","link":"http:\/\/pneusbazar.com\/?product=kumho-zen-kw27","title":{"rendered":"Kumho I-ZEN (KW27)"},"content":{"rendered":"<table width=\"150\">\n<tbody>\n<tr>\n<td colspan=\"2\">Grandeurs disponibles<\/td>\n<\/tr>\n<tr>\n<td>205\/65R15<\/td>\n<td>245\/40R17<\/td>\n<\/tr>\n<tr>\n<td>215\/65R15<\/td>\n<td>255\/40R17<\/td>\n<\/tr>\n<tr>\n<td>205\/60R15<\/td>\n<td>235\/50R18<\/td>\n<\/tr>\n<tr>\n<td>205\/60R16<\/td>\n<td>245\/50R18<\/td>\n<\/tr>\n<tr>\n<td>205\/55R16<\/td>\n<td>225\/45R18<\/td>\n<\/tr>\n<tr>\n<td>215\/55R16<\/td>\n<td>235\/45R18<\/td>\n<\/tr>\n<tr>\n<td>215\/55R16<\/td>\n<td>245\/45R18<\/td>\n<\/tr>\n<tr>\n<td>225\/55R16<\/td>\n<td>255\/45R18<\/td>\n<\/tr>\n<tr>\n<td>225\/50R16<\/td>\n<td>225\/40R18<\/td>\n<\/tr>\n<tr>\n<td>205\/55R17<\/td>\n<td>235\/40R18<\/td>\n<\/tr>\n<tr>\n<td>215\/55R17<\/td>\n<td>245\/40R18<\/td>\n<\/tr>\n<tr>\n<td>225\/55R17<\/td>\n<td>255\/40R18<\/td>\n<\/tr>\n<tr>\n<td>235\/55R17<\/td>\n<td>235\/50R18<\/td>\n<\/tr>\n<tr>\n<td>245\/55R17<\/td>\n<td>245\/50R18<\/td>\n<\/tr>\n<tr>\n<td>205\/50R17<\/td>\n<td>255\/35R18<\/td>\n<\/tr>\n<tr>\n<td>225\/50R17<\/td>\n<td>265\/35R18<\/td>\n<\/tr>\n<tr>\n<td>235\/50R17<\/td>\n<td>275\/35R18<\/td>\n<\/tr>\n<tr>\n<td>225\/45R17<\/td>\n<td>235\/35R19<\/td>\n<\/tr>\n<tr>\n<td>235\/45R17<\/td>\n<td>245\/35R19<\/td>\n<\/tr>\n<tr>\n<td>245\/45R17<\/td>\n<td><\/td>\n<\/tr>\n<\/tbody>\n<\/table>\n","protected":false},"excerpt":{"rendered":"<ul>\n<li>Pneu d&rsquo;hiver ultra haute performance sans crampons<\/li>\n<li>Lamelles 3D pour traction et performance maximum<\/li>\n<li>Rainures en biais r\u00e9sistent au glissement<\/li>\n<li>Rigidit\u00e9 accrue de l&rsquo;\u00e9paulement am\u00e9liore la tenue de route et la conduite dans les virages<\/li>\n<li>Lamelles en zigzag am\u00e9liorent la rigidit\u00e9 des blocs pour meilleure maniabilit\u00e9 et performance d&rsquo;usure<\/li>\n<li>Performance am\u00e9lior\u00e9e de freinage\/traction sur chauss\u00e9es mouill\u00e9es et enneig\u00e9es<\/li>\n<\/ul>\n","protected":false},"featured_media":20487,"comment_status":"closed","ping_status":"closed","template":"","meta":[],"product_cat":[],"product_tag":[],"class_list":{"0":"post-20486","1":"product","2":"type-product","3":"status-publish","4":"has-post-thumbnail","6":"pa_experience-de-conduite-haute-performance","7":"pa_gamme-bad","8":"pa_marque-kumho","9":"pa_saison-de-pneus-hiver","10":"pa_type-de-pneu-pneus-de-voiture","12":"first","13":"instock","14":"shipping-taxable","15":"product-type-simple"},"yoast_head":"<!-- This site is optimized with the Yoast SEO plugin v23.2 - https:\/\/yoast.com\/wordpress\/plugins\/seo\/ -->\n<title>Kumho I-ZEN (KW27) - Pneus Bazar<\/title>\n<meta name=\"robots\" content=\"index, follow, max-snippet:-1, max-image-preview:large, max-video-preview:-1\" \/>\n<link rel=\"canonical\" href=\"https:\/\/pneusbazar.com\/?product=kumho-zen-kw27\" \/>\n<script type=\"application\/ld+json\" class=\"yoast-schema-graph\">{\"@context\":\"https:\/\/schema.org\",\"@graph\":[{\"@type\":\"WebPage\",\"@id\":\"https:\/\/pneusbazar.com\/?product=kumho-zen-kw27\",\"url\":\"https:\/\/pneusbazar.com\/?product=kumho-zen-kw27\",\"name\":\"Kumho I-ZEN (KW27) - Pneus Bazar\",\"isPartOf\":{\"@id\":\"https:\/\/pneusbazar.com\/#website\"},\"primaryImageOfPage\":{\"@id\":\"https:\/\/pneusbazar.com\/?product=kumho-zen-kw27#primaryimage\"},\"image\":{\"@id\":\"https:\/\/pneusbazar.com\/?product=kumho-zen-kw27#primaryimage\"},\"thumbnailUrl\":\"http:\/\/pneusbazar.com\/wp-content\/uploads\/2014\/12\/Kumho_kw27_lg.jpg\",\"datePublished\":\"2014-12-22T00:52:02+00:00\",\"dateModified\":\"2020-11-15T03:07:30+00:00\",\"breadcrumb\":{\"@id\":\"https:\/\/pneusbazar.com\/?product=kumho-zen-kw27#breadcrumb\"},\"inLanguage\":\"fr-FR\",\"potentialAction\":[{\"@type\":\"ReadAction\",\"target\":[\"https:\/\/pneusbazar.com\/?product=kumho-zen-kw27\"]}]},{\"@type\":\"ImageObject\",\"inLanguage\":\"fr-FR\",\"@id\":\"https:\/\/pneusbazar.com\/?product=kumho-zen-kw27#primaryimage\",\"url\":\"http:\/\/pneusbazar.com\/wp-content\/uploads\/2014\/12\/Kumho_kw27_lg.jpg\",\"contentUrl\":\"http:\/\/pneusbazar.com\/wp-content\/uploads\/2014\/12\/Kumho_kw27_lg.jpg\",\"width\":400,\"height\":400},{\"@type\":\"BreadcrumbList\",\"@id\":\"https:\/\/pneusbazar.com\/?product=kumho-zen-kw27#breadcrumb\",\"itemListElement\":[{\"@type\":\"ListItem\",\"position\":1,\"name\":\"Accueil\",\"item\":\"https:\/\/pneusbazar.com\/\"},{\"@type\":\"ListItem\",\"position\":2,\"name\":\"Catalogue de pneus\",\"item\":\"https:\/\/pneusbazar.com\/?page_id=20284\"},{\"@type\":\"ListItem\",\"position\":3,\"name\":\"Kumho I-ZEN (KW27)\"}]},{\"@type\":\"WebSite\",\"@id\":\"https:\/\/pneusbazar.com\/#website\",\"url\":\"https:\/\/pneusbazar.com\/\",\"name\":\"Pneus Bazar\",\"description\":\"On prend soin de vous\",\"potentialAction\":[{\"@type\":\"SearchAction\",\"target\":{\"@type\":\"EntryPoint\",\"urlTemplate\":\"https:\/\/pneusbazar.com\/?s={search_term_string}\"},\"query-input\":\"required name=search_term_string\"}],\"inLanguage\":\"fr-FR\"}]}<\/script>\n<!-- \/ Yoast SEO plugin. -->","yoast_head_json":{"title":"Kumho I-ZEN (KW27) - Pneus Bazar","robots":{"index":"index","follow":"follow","max-snippet":"max-snippet:-1","max-image-preview":"max-image-preview:large","max-video-preview":"max-video-preview:-1"},"canonical":"https:\/\/pneusbazar.com\/?product=kumho-zen-kw27","schema":{"@context":"https:\/\/schema.org","@graph":[{"@type":"WebPage","@id":"https:\/\/pneusbazar.com\/?product=kumho-zen-kw27","url":"https:\/\/pneusbazar.com\/?product=kumho-zen-kw27","name":"Kumho I-ZEN (KW27) - Pneus Bazar","isPartOf":{"@id":"https:\/\/pneusbazar.com\/#website"},"primaryImageOfPage":{"@id":"https:\/\/pneusbazar.com\/?product=kumho-zen-kw27#primaryimage"},"image":{"@id":"https:\/\/pneusbazar.com\/?product=kumho-zen-kw27#primaryimage"},"thumbnailUrl":"http:\/\/pneusbazar.com\/wp-content\/uploads\/2014\/12\/Kumho_kw27_lg.jpg","datePublished":"2014-12-22T00:52:02+00:00","dateModified":"2020-11-15T03:07:30+00:00","breadcrumb":{"@id":"https:\/\/pneusbazar.com\/?product=kumho-zen-kw27#breadcrumb"},"inLanguage":"fr-FR","potentialAction":[{"@type":"ReadAction","target":["https:\/\/pneusbazar.com\/?product=kumho-zen-kw27"]}]},{"@type":"ImageObject","inLanguage":"fr-FR","@id":"https:\/\/pneusbazar.com\/?product=kumho-zen-kw27#primaryimage","url":"http:\/\/pneusbazar.com\/wp-content\/uploads\/2014\/12\/Kumho_kw27_lg.jpg","contentUrl":"http:\/\/pneusbazar.com\/wp-content\/uploads\/2014\/12\/Kumho_kw27_lg.jpg","width":400,"height":400},{"@type":"BreadcrumbList","@id":"https:\/\/pneusbazar.com\/?product=kumho-zen-kw27#breadcrumb","itemListElement":[{"@type":"ListItem","position":1,"name":"Accueil","item":"https:\/\/pneusbazar.com\/"},{"@type":"ListItem","position":2,"name":"Catalogue de pneus","item":"https:\/\/pneusbazar.com\/?page_id=20284"},{"@type":"ListItem","position":3,"name":"Kumho I-ZEN (KW27)"}]},{"@type":"WebSite","@id":"https:\/\/pneusbazar.com\/#website","url":"https:\/\/pneusbazar.com\/","name":"Pneus Bazar","description":"On prend soin de vous","potentialAction":[{"@type":"SearchAction","target":{"@type":"EntryPoint","urlTemplate":"https:\/\/pneusbazar.com\/?s={search_term_string}"},"query-input":"required name=search_term_string"}],"inLanguage":"fr-FR"}]}},"_links":{"self":[{"href":"http:\/\/pneusbazar.com\/index.php?rest_route=\/wp\/v2\/product\/20486"}],"collection":[{"href":"http:\/\/pneusbazar.com\/index.php?rest_route=\/wp\/v2\/product"}],"about":[{"href":"http:\/\/pneusbazar.com\/index.php?rest_route=\/wp\/v2\/types\/product"}],"replies":[{"embeddable":true,"href":"http:\/\/pneusbazar.com\/index.php?rest_route=%2Fwp%2Fv2%2Fcomments&post=20486"}],"wp:featuredmedia":[{"embeddable":true,"href":"http:\/\/pneusbazar.com\/index.php?rest_route=\/wp\/v2\/media\/20487"}],"wp:attachment":[{"href":"http:\/\/pneusbazar.com\/index.php?rest_route=%2Fwp%2Fv2%2Fmedia&parent=20486"}],"wp:term":[{"taxonomy":"product_cat","embeddable":true,"href":"http:\/\/pneusbazar.com\/index.php?rest_route=%2Fwp%2Fv2%2Fproduct_cat&post=20486"},{"taxonomy":"product_tag","embeddable":true,"href":"http:\/\/pneusbazar.com\/index.php?rest_route=%2Fwp%2Fv2%2Fproduct_tag&post=20486"}],"curies":[{"name":"wp","href":"https:\/\/api.w.org\/{rel}","templated":true}]}}