{"id":213553,"date":"2016-11-05T20:22:30","date_gmt":"2016-11-06T01:22:30","guid":{"rendered":"http:\/\/pneusbazar.com\/?post_type=product&#038;p=213553"},"modified":"2020-11-14T22:07:30","modified_gmt":"2020-11-15T03:07:30","slug":"kumho-ecsta-pa31","status":"publish","type":"product","link":"http:\/\/pneusbazar.com\/?product=kumho-ecsta-pa31","title":{"rendered":"Kumho ECSTA PA31"},"content":{"rendered":"<table border=\"0\" cellspacing=\"0\">\n<colgroup width=\"85\"><\/colgroup>\n<tbody>\n<tr>\n<td align=\"center\" height=\"62\"><b><span style=\"font-family: Liberation Serif;\">Taille du pneu<\/span><\/b><\/td>\n<\/tr>\n<tr>\n<td align=\"left\" height=\"17\"><span style=\"font-family: Liberation Serif;\">195\/50 R15<\/span><\/td>\n<\/tr>\n<tr>\n<td align=\"left\" height=\"17\"><span style=\"font-family: Liberation Serif;\">205\/50 R15<\/span><\/td>\n<\/tr>\n<tr>\n<td align=\"left\" height=\"17\"><span style=\"font-family: Liberation Serif;\">185\/55 R15<\/span><\/td>\n<\/tr>\n<tr>\n<td align=\"left\" height=\"17\"><span style=\"font-family: Liberation Serif;\">195\/55 R15<\/span><\/td>\n<\/tr>\n<tr>\n<td align=\"left\" height=\"17\"><span style=\"font-family: Liberation Serif;\">175\/65 R15<\/span><\/td>\n<\/tr>\n<tr>\n<td align=\"left\" height=\"17\"><span style=\"font-family: Liberation Serif;\">205\/50 R16<\/span><\/td>\n<\/tr>\n<tr>\n<td align=\"left\" height=\"17\"><span style=\"font-family: Liberation Serif;\">225\/50 R16<\/span><\/td>\n<\/tr>\n<tr>\n<td align=\"left\" height=\"17\"><span style=\"font-family: Liberation Serif;\">245\/50 R16<\/span><\/td>\n<\/tr>\n<tr>\n<td align=\"left\" height=\"17\"><span style=\"font-family: Liberation Serif;\">185\/55 R16<\/span><\/td>\n<\/tr>\n<tr>\n<td align=\"left\" height=\"17\"><span style=\"font-family: Liberation Serif;\">195\/55 R16<\/span><\/td>\n<\/tr>\n<tr>\n<td align=\"left\" height=\"17\"><span style=\"font-family: Liberation Serif;\">205\/55 R16<\/span><\/td>\n<\/tr>\n<tr>\n<td align=\"left\" height=\"17\"><span style=\"font-family: Liberation Serif;\">215\/55 R16<\/span><\/td>\n<\/tr>\n<tr>\n<td align=\"left\" height=\"17\"><span style=\"font-family: Liberation Serif;\">225\/55 R16<\/span><\/td>\n<\/tr>\n<tr>\n<td align=\"left\" height=\"17\"><span style=\"font-family: Liberation Serif;\">195\/60 R16<\/span><\/td>\n<\/tr>\n<tr>\n<td align=\"left\" height=\"17\"><span style=\"font-family: Liberation Serif;\">235\/60 R16<\/span><\/td>\n<\/tr>\n<tr>\n<td align=\"left\" height=\"17\"><span style=\"font-family: Liberation Serif;\">205\/45 R17<\/span><\/td>\n<\/tr>\n<tr>\n<td align=\"left\" height=\"17\"><span style=\"font-family: Liberation Serif;\">215\/45 R17<\/span><\/td>\n<\/tr>\n<tr>\n<td align=\"left\" height=\"17\"><span style=\"font-family: Liberation Serif;\">225\/45 R17<\/span><\/td>\n<\/tr>\n<tr>\n<td align=\"left\" height=\"17\"><span style=\"font-family: Liberation Serif;\">235\/45 R17<\/span><\/td>\n<\/tr>\n<tr>\n<td align=\"left\" height=\"17\"><span style=\"font-family: Liberation Serif;\">245\/45 R17<\/span><\/td>\n<\/tr>\n<tr>\n<td align=\"left\" height=\"17\"><span style=\"font-family: Liberation Serif;\">205\/50 R17<\/span><\/td>\n<\/tr>\n<tr>\n<td align=\"left\" height=\"17\"><span style=\"font-family: Liberation Serif;\">215\/50 R17<\/span><\/td>\n<\/tr>\n<tr>\n<td align=\"left\" height=\"17\"><span style=\"font-family: Liberation Serif;\">225\/50 R17<\/span><\/td>\n<\/tr>\n<tr>\n<td align=\"left\" height=\"17\"><span style=\"font-family: Liberation Serif;\">235\/50 R17<\/span><\/td>\n<\/tr>\n<tr>\n<td align=\"left\" height=\"17\"><span style=\"font-family: Liberation Serif;\">215\/55 R17<\/span><\/td>\n<\/tr>\n<tr>\n<td align=\"left\" height=\"17\"><span style=\"font-family: Liberation Serif;\">225\/55 R17<\/span><\/td>\n<\/tr>\n<tr>\n<td align=\"left\" height=\"17\"><span style=\"font-family: Liberation Serif;\">235\/55 R17<\/span><\/td>\n<\/tr>\n<tr>\n<td align=\"left\" height=\"17\"><span style=\"font-family: Liberation Serif;\">215\/35 R18<\/span><\/td>\n<\/tr>\n<tr>\n<td align=\"left\" height=\"17\"><span style=\"font-family: Liberation Serif;\">225\/40 R18<\/span><\/td>\n<\/tr>\n<tr>\n<td align=\"left\" height=\"17\"><span style=\"font-family: Liberation Serif;\">235\/40 R18<\/span><\/td>\n<\/tr>\n<tr>\n<td align=\"left\" height=\"17\"><span style=\"font-family: Liberation Serif;\">245\/40 R18<\/span><\/td>\n<\/tr>\n<tr>\n<td align=\"left\" height=\"17\"><span style=\"font-family: Liberation Serif;\">215\/45 R18<\/span><\/td>\n<\/tr>\n<tr>\n<td align=\"left\" height=\"17\"><span style=\"font-family: Liberation Serif;\">225\/45 R18<\/span><\/td>\n<\/tr>\n<tr>\n<td align=\"left\" height=\"17\"><span style=\"font-family: Liberation Serif;\">225\/50 R18<\/span><\/td>\n<\/tr>\n<tr>\n<td align=\"left\" height=\"17\"><span style=\"font-family: Liberation Serif;\">235\/50 R18<\/span><\/td>\n<\/tr>\n<tr>\n<td align=\"left\" height=\"17\"><span style=\"font-family: Liberation Serif;\">215\/55 R18<\/span><\/td>\n<\/tr>\n<tr>\n<td align=\"left\" height=\"17\"><span style=\"font-family: Liberation Serif;\">235\/55 R18<\/span><\/td>\n<\/tr>\n<tr>\n<td align=\"left\" height=\"17\"><span style=\"font-family: Liberation Serif;\">245\/55 R18<\/span><\/td>\n<\/tr>\n<\/tbody>\n<\/table>\n","protected":false},"excerpt":{"rendered":"<p>Con\u00e7u et produit sp\u00e9cifiquement pour le nombre croissant de berlines et de coup\u00e9s sport de niveau interm\u00e9diaire pr\u00e9sentement sur le march\u00e9, le pneu Ecsta\u00a0PA31 offre des performances urbaines exceptionnelles et un excellent kilom\u00e9trage. Gr\u00e2ce au contr\u00f4le du v\u00e9hicule sur chauss\u00e9e mouill\u00e9e et s\u00e8che digne de l&rsquo;appellation haute performance ainsi qu&rsquo;\u00e0 l&rsquo;excellent rendement dans des conditions de route l\u00e9g\u00e8rement enneig\u00e9e, le pneu Ecsta\u00a0PA31 se distingue par une combinaison in\u00e9gal\u00e9e de confort, faible bruit, haute performance et kilom\u00e9trage \u00e9lev\u00e9.<\/p>\n","protected":false},"featured_media":213554,"comment_status":"closed","ping_status":"closed","template":"","meta":[],"product_cat":[],"product_tag":[],"class_list":{"0":"post-213553","1":"product","2":"type-product","3":"status-publish","4":"has-post-thumbnail","6":"pa_experience-de-conduite-tourisme","7":"pa_gamme-bad","8":"pa_marque-kumho","9":"pa_saison-de-pneus-4-saisons","10":"pa_type-de-pneu-pneus-de-voiture","12":"first","13":"instock","14":"shipping-taxable","15":"product-type-simple"},"yoast_head":"<!-- This site is optimized with the Yoast SEO plugin v23.2 - https:\/\/yoast.com\/wordpress\/plugins\/seo\/ -->\n<title>Kumho ECSTA PA31 - Pneus Bazar<\/title>\n<meta name=\"robots\" content=\"index, follow, max-snippet:-1, max-image-preview:large, max-video-preview:-1\" \/>\n<link rel=\"canonical\" href=\"http:\/\/pneusbazar.com\/?product=kumho-ecsta-pa31\" \/>\n<script type=\"application\/ld+json\" class=\"yoast-schema-graph\">{\"@context\":\"https:\/\/schema.org\",\"@graph\":[{\"@type\":\"WebPage\",\"@id\":\"http:\/\/pneusbazar.com\/?product=kumho-ecsta-pa31\",\"url\":\"http:\/\/pneusbazar.com\/?product=kumho-ecsta-pa31\",\"name\":\"Kumho ECSTA PA31 - Pneus Bazar\",\"isPartOf\":{\"@id\":\"https:\/\/pneusbazar.com\/#website\"},\"primaryImageOfPage\":{\"@id\":\"http:\/\/pneusbazar.com\/?product=kumho-ecsta-pa31#primaryimage\"},\"image\":{\"@id\":\"http:\/\/pneusbazar.com\/?product=kumho-ecsta-pa31#primaryimage\"},\"thumbnailUrl\":\"http:\/\/pneusbazar.com\/wp-content\/uploads\/2016\/10\/3QL-PA31.png\",\"datePublished\":\"2016-11-06T01:22:30+00:00\",\"dateModified\":\"2020-11-15T03:07:30+00:00\",\"breadcrumb\":{\"@id\":\"http:\/\/pneusbazar.com\/?product=kumho-ecsta-pa31#breadcrumb\"},\"inLanguage\":\"fr-FR\",\"potentialAction\":[{\"@type\":\"ReadAction\",\"target\":[\"http:\/\/pneusbazar.com\/?product=kumho-ecsta-pa31\"]}]},{\"@type\":\"ImageObject\",\"inLanguage\":\"fr-FR\",\"@id\":\"http:\/\/pneusbazar.com\/?product=kumho-ecsta-pa31#primaryimage\",\"url\":\"http:\/\/pneusbazar.com\/wp-content\/uploads\/2016\/10\/3QL-PA31.png\",\"contentUrl\":\"http:\/\/pneusbazar.com\/wp-content\/uploads\/2016\/10\/3QL-PA31.png\",\"width\":356,\"height\":482,\"caption\":\"Kumho ECSTA PA31\"},{\"@type\":\"BreadcrumbList\",\"@id\":\"http:\/\/pneusbazar.com\/?product=kumho-ecsta-pa31#breadcrumb\",\"itemListElement\":[{\"@type\":\"ListItem\",\"position\":1,\"name\":\"Accueil\",\"item\":\"https:\/\/pneusbazar.com\/\"},{\"@type\":\"ListItem\",\"position\":2,\"name\":\"Catalogue de pneus\",\"item\":\"https:\/\/pneusbazar.com\/?page_id=20284\"},{\"@type\":\"ListItem\",\"position\":3,\"name\":\"Kumho ECSTA PA31\"}]},{\"@type\":\"WebSite\",\"@id\":\"https:\/\/pneusbazar.com\/#website\",\"url\":\"https:\/\/pneusbazar.com\/\",\"name\":\"Pneus Bazar\",\"description\":\"On prend soin de vous\",\"potentialAction\":[{\"@type\":\"SearchAction\",\"target\":{\"@type\":\"EntryPoint\",\"urlTemplate\":\"https:\/\/pneusbazar.com\/?s={search_term_string}\"},\"query-input\":\"required name=search_term_string\"}],\"inLanguage\":\"fr-FR\"}]}<\/script>\n<!-- \/ Yoast SEO plugin. -->","yoast_head_json":{"title":"Kumho ECSTA PA31 - Pneus Bazar","robots":{"index":"index","follow":"follow","max-snippet":"max-snippet:-1","max-image-preview":"max-image-preview:large","max-video-preview":"max-video-preview:-1"},"canonical":"http:\/\/pneusbazar.com\/?product=kumho-ecsta-pa31","schema":{"@context":"https:\/\/schema.org","@graph":[{"@type":"WebPage","@id":"http:\/\/pneusbazar.com\/?product=kumho-ecsta-pa31","url":"http:\/\/pneusbazar.com\/?product=kumho-ecsta-pa31","name":"Kumho ECSTA PA31 - Pneus Bazar","isPartOf":{"@id":"https:\/\/pneusbazar.com\/#website"},"primaryImageOfPage":{"@id":"http:\/\/pneusbazar.com\/?product=kumho-ecsta-pa31#primaryimage"},"image":{"@id":"http:\/\/pneusbazar.com\/?product=kumho-ecsta-pa31#primaryimage"},"thumbnailUrl":"http:\/\/pneusbazar.com\/wp-content\/uploads\/2016\/10\/3QL-PA31.png","datePublished":"2016-11-06T01:22:30+00:00","dateModified":"2020-11-15T03:07:30+00:00","breadcrumb":{"@id":"http:\/\/pneusbazar.com\/?product=kumho-ecsta-pa31#breadcrumb"},"inLanguage":"fr-FR","potentialAction":[{"@type":"ReadAction","target":["http:\/\/pneusbazar.com\/?product=kumho-ecsta-pa31"]}]},{"@type":"ImageObject","inLanguage":"fr-FR","@id":"http:\/\/pneusbazar.com\/?product=kumho-ecsta-pa31#primaryimage","url":"http:\/\/pneusbazar.com\/wp-content\/uploads\/2016\/10\/3QL-PA31.png","contentUrl":"http:\/\/pneusbazar.com\/wp-content\/uploads\/2016\/10\/3QL-PA31.png","width":356,"height":482,"caption":"Kumho ECSTA PA31"},{"@type":"BreadcrumbList","@id":"http:\/\/pneusbazar.com\/?product=kumho-ecsta-pa31#breadcrumb","itemListElement":[{"@type":"ListItem","position":1,"name":"Accueil","item":"https:\/\/pneusbazar.com\/"},{"@type":"ListItem","position":2,"name":"Catalogue de pneus","item":"https:\/\/pneusbazar.com\/?page_id=20284"},{"@type":"ListItem","position":3,"name":"Kumho ECSTA PA31"}]},{"@type":"WebSite","@id":"https:\/\/pneusbazar.com\/#website","url":"https:\/\/pneusbazar.com\/","name":"Pneus Bazar","description":"On prend soin de vous","potentialAction":[{"@type":"SearchAction","target":{"@type":"EntryPoint","urlTemplate":"https:\/\/pneusbazar.com\/?s={search_term_string}"},"query-input":"required name=search_term_string"}],"inLanguage":"fr-FR"}]}},"_links":{"self":[{"href":"http:\/\/pneusbazar.com\/index.php?rest_route=\/wp\/v2\/product\/213553"}],"collection":[{"href":"http:\/\/pneusbazar.com\/index.php?rest_route=\/wp\/v2\/product"}],"about":[{"href":"http:\/\/pneusbazar.com\/index.php?rest_route=\/wp\/v2\/types\/product"}],"replies":[{"embeddable":true,"href":"http:\/\/pneusbazar.com\/index.php?rest_route=%2Fwp%2Fv2%2Fcomments&post=213553"}],"wp:featuredmedia":[{"embeddable":true,"href":"http:\/\/pneusbazar.com\/index.php?rest_route=\/wp\/v2\/media\/213554"}],"wp:attachment":[{"href":"http:\/\/pneusbazar.com\/index.php?rest_route=%2Fwp%2Fv2%2Fmedia&parent=213553"}],"wp:term":[{"taxonomy":"product_cat","embeddable":true,"href":"http:\/\/pneusbazar.com\/index.php?rest_route=%2Fwp%2Fv2%2Fproduct_cat&post=213553"},{"taxonomy":"product_tag","embeddable":true,"href":"http:\/\/pneusbazar.com\/index.php?rest_route=%2Fwp%2Fv2%2Fproduct_tag&post=213553"}],"curies":[{"name":"wp","href":"https:\/\/api.w.org\/{rel}","templated":true}]}}