{"id":20283,"date":"2014-12-20T00:25:38","date_gmt":"2014-12-20T00:25:38","guid":{"rendered":"http:\/\/pneusbazar.com\/?page_id=20283"},"modified":"2020-11-14T22:04:40","modified_gmt":"2020-11-15T03:04:40","slug":"accueil","status":"publish","type":"page","link":"https:\/\/pneusbazar.com\/","title":{"rendered":"Accueil"},"content":{"rendered":"","protected":false},"excerpt":{"rendered":"","protected":false},"author":1,"featured_media":0,"parent":0,"menu_order":0,"comment_status":"closed","ping_status":"open","template":"","meta":{"footnotes":""},"class_list":["post-20283","page","type-page","status-publish","hentry"],"yoast_head":"<!-- This site is optimized with the Yoast SEO plugin v23.2 - https:\/\/yoast.com\/wordpress\/plugins\/seo\/ -->\n<title>Accueil - Pneus Bazar<\/title>\n<meta name=\"description\" content=\"D\u00e9taillant de pneus neufs,roues neuves, pneus usag\u00e9s et roues usag\u00e9es de la ville de Qu\u00e9bec. Service de changement d&#039;huile. Service d&#039;entretien des freins.\" \/>\n<meta name=\"robots\" content=\"index, follow, max-snippet:-1, max-image-preview:large, max-video-preview:-1\" \/>\n<link rel=\"canonical\" href=\"https:\/\/pneusbazar.com\/\" \/>\n<script type=\"application\/ld+json\" class=\"yoast-schema-graph\">{\"@context\":\"https:\/\/schema.org\",\"@graph\":[{\"@type\":\"WebPage\",\"@id\":\"https:\/\/pneusbazar.com\/\",\"url\":\"https:\/\/pneusbazar.com\/\",\"name\":\"Accueil - Pneus Bazar\",\"isPartOf\":{\"@id\":\"https:\/\/pneusbazar.com\/#website\"},\"datePublished\":\"2014-12-20T00:25:38+00:00\",\"dateModified\":\"2020-11-15T03:04:40+00:00\",\"description\":\"D\u00e9taillant de pneus neufs,roues neuves, pneus usag\u00e9s et roues usag\u00e9es de la ville de Qu\u00e9bec. Service de changement d'huile. Service d'entretien des freins.\",\"breadcrumb\":{\"@id\":\"https:\/\/pneusbazar.com\/#breadcrumb\"},\"inLanguage\":\"fr-FR\",\"potentialAction\":[{\"@type\":\"ReadAction\",\"target\":[\"https:\/\/pneusbazar.com\/\"]}]},{\"@type\":\"BreadcrumbList\",\"@id\":\"https:\/\/pneusbazar.com\/#breadcrumb\",\"itemListElement\":[{\"@type\":\"ListItem\",\"position\":1,\"name\":\"Accueil\",\"item\":\"https:\/\/pneusbazar.com\/\"},{\"@type\":\"ListItem\",\"position\":2,\"name\":\"Accueil\"}]},{\"@type\":\"WebSite\",\"@id\":\"https:\/\/pneusbazar.com\/#website\",\"url\":\"https:\/\/pneusbazar.com\/\",\"name\":\"Pneus Bazar\",\"description\":\"On prend soin de vous\",\"potentialAction\":[{\"@type\":\"SearchAction\",\"target\":{\"@type\":\"EntryPoint\",\"urlTemplate\":\"https:\/\/pneusbazar.com\/?s={search_term_string}\"},\"query-input\":\"required name=search_term_string\"}],\"inLanguage\":\"fr-FR\"}]}<\/script>\n<!-- \/ Yoast SEO plugin. -->","yoast_head_json":{"title":"Accueil - Pneus Bazar","description":"D\u00e9taillant de pneus neufs,roues neuves, pneus usag\u00e9s et roues usag\u00e9es de la ville de Qu\u00e9bec. Service de changement d'huile. Service d'entretien des freins.","robots":{"index":"index","follow":"follow","max-snippet":"max-snippet:-1","max-image-preview":"max-image-preview:large","max-video-preview":"max-video-preview:-1"},"canonical":"https:\/\/pneusbazar.com\/","schema":{"@context":"https:\/\/schema.org","@graph":[{"@type":"WebPage","@id":"https:\/\/pneusbazar.com\/","url":"https:\/\/pneusbazar.com\/","name":"Accueil - Pneus Bazar","isPartOf":{"@id":"https:\/\/pneusbazar.com\/#website"},"datePublished":"2014-12-20T00:25:38+00:00","dateModified":"2020-11-15T03:04:40+00:00","description":"D\u00e9taillant de pneus neufs,roues neuves, pneus usag\u00e9s et roues usag\u00e9es de la ville de Qu\u00e9bec. Service de changement d'huile. Service d'entretien des freins.","breadcrumb":{"@id":"https:\/\/pneusbazar.com\/#breadcrumb"},"inLanguage":"fr-FR","potentialAction":[{"@type":"ReadAction","target":["https:\/\/pneusbazar.com\/"]}]},{"@type":"BreadcrumbList","@id":"https:\/\/pneusbazar.com\/#breadcrumb","itemListElement":[{"@type":"ListItem","position":1,"name":"Accueil","item":"https:\/\/pneusbazar.com\/"},{"@type":"ListItem","position":2,"name":"Accueil"}]},{"@type":"WebSite","@id":"https:\/\/pneusbazar.com\/#website","url":"https:\/\/pneusbazar.com\/","name":"Pneus Bazar","description":"On prend soin de vous","potentialAction":[{"@type":"SearchAction","target":{"@type":"EntryPoint","urlTemplate":"https:\/\/pneusbazar.com\/?s={search_term_string}"},"query-input":"required name=search_term_string"}],"inLanguage":"fr-FR"}]}},"_links":{"self":[{"href":"https:\/\/pneusbazar.com\/index.php?rest_route=\/wp\/v2\/pages\/20283"}],"collection":[{"href":"https:\/\/pneusbazar.com\/index.php?rest_route=\/wp\/v2\/pages"}],"about":[{"href":"https:\/\/pneusbazar.com\/index.php?rest_route=\/wp\/v2\/types\/page"}],"author":[{"embeddable":true,"href":"https:\/\/pneusbazar.com\/index.php?rest_route=\/wp\/v2\/users\/1"}],"replies":[{"embeddable":true,"href":"https:\/\/pneusbazar.com\/index.php?rest_route=%2Fwp%2Fv2%2Fcomments&post=20283"}],"version-history":[{"count":1,"href":"https:\/\/pneusbazar.com\/index.php?rest_route=\/wp\/v2\/pages\/20283\/revisions"}],"predecessor-version":[{"id":20287,"href":"https:\/\/pneusbazar.com\/index.php?rest_route=\/wp\/v2\/pages\/20283\/revisions\/20287"}],"wp:attachment":[{"href":"https:\/\/pneusbazar.com\/index.php?rest_route=%2Fwp%2Fv2%2Fmedia&parent=20283"}],"curies":[{"name":"wp","href":"https:\/\/api.w.org\/{rel}","templated":true}]}}