{"id":20560,"date":"2014-12-26T00:34:47","date_gmt":"2014-12-26T00:34:47","guid":{"rendered":"http:\/\/pneusbazar.com\/?page_id=20560"},"modified":"2020-11-14T22:04:40","modified_gmt":"2020-11-15T03:04:40","slug":"nouvelles-autos","status":"publish","type":"page","link":"https:\/\/pneusbazar.com\/?page_id=20560","title":{"rendered":"Nouvelles autos"},"content":{"rendered":"<div class=\"rssmi_wrap\"><div class=\"rss-output\" style=\"float:\"><div class=\"title\"><span style=\"font-size:16px; font-weight:400;\"><a class=\"colorbox\" href=\"http:\/\/www.autoexpert.ca\/fr-ca\/Actualites\/Un-concurrent-pour-le-Tesla-Model-X.aspx?mid=201611&amp;nid=4322\" rel=nofollow style=\"color:\">Un concurrent pour le Tesla Model X<\/a><\/span> <a href=\"javascript:void(0)\"><img decoding=\"async\" src=\"https:\/\/pneusbazar.com\/wp-content\/plugins\/wp-rss-multi-importer\/images\/arrow_down.png\"\/  id=\"#356\" class=\"nav-toggle\"><\/a><\/div><div id=\"356\" style=\"display:none\" class=\"show_body\"><div class=\"imagefix\" style=\"float:left;\"><a  class=\"colorbox\" rel=\"nofollow\"  href=\"http:\/\/www.autoexpert.ca\/fr-ca\/Actualites\/Un-concurrent-pour-le-Tesla-Model-X.aspx?mid=201611&amp;nid=4322\" ><img decoding=\"async\" width=\"150\" alt=\"Un concurrent pour le Tesla Model X\" src=\"http:\/\/www.autoexpert.ca\/Files\/images\/actualites-auto\/CONCEPT%20JAGUAR%20I-PACE.jpg\"><\/a><\/div>Au Salon de l'Auto de Los Angeles, Jaguar a bien montr\u00e9 son intention de s'engager dans les rangs des constructeurs offrant un mod\u00e8le \u00e9lectrique. Son nouvel utilitaire compact, le Jaguar i-Pace, offrira un autre choix \u00e0 ceux qui pensent acqu\u00e9rir un Tesla Model X. Il cible aussi des mod\u00e8les \u00e0 venir comme l'Audi e-tron quattro et la Mercedes-Benz EQ. Non seulement l'i-Pace devrait voir le jour, mais sa plateforme servira de point de d\u00e9part pour d'autres v\u00e9hicules enti\u00e8rement \u00e9lectriques, dont une berline, d\u00e9j\u00e0 en cours de conception au centre de R&D de Jaguar \u00e0 Gaydon, Angleterre.\n\nSon lancement est pr\u00e9vu en 2018. Et je vous entends dire: l'autonomie, s.v.p.? Jaguar propose 354 kilom\u00e8tres. La silhouette est bas\u00e9e sur le principe de cabine avanc\u00e9e. Les roues sont repouss\u00e9es dans les coins et les porte-\u00e0-faux sont minimaux afin d'optimiser l'espace int\u00e9rieur. Les codes stylistiques actuels de Jaguar sont pr\u00e9serv\u00e9s. On parle notamment ici de la calandre ovale avec le logo Jaguar au centre. De plus, le Jaguar i-Pace ajoute des phares distinctifs avec DEL, des passages de roues avant pro\u00e9minents, une large prise d'air sur le capot et une lunette arri\u00e8re tr\u00e8s inclin\u00e9e. Pour un VUS, son coefficient de train\u00e9e de 0,29 est <a href=\"http:\/\/www.autoexpert.ca\/fr-ca\/Actualites\/Un-concurrent-pour-le-Tesla-Model-X.aspx?mid=201611&amp;nid=4322\" class=\"colorbox\" rel=\"nofollow\" id=\"rssmi_more\">[...]<\/a><\/div><span class=\"date\" style=\"font-style:italic;\">lun, Nov 28, 2016<\/span><br \/><span class=\"source\" style=\"font-style:italic;\">Source: autoexpert<\/span><\/div><\/div>\n","protected":false},"excerpt":{"rendered":"","protected":false},"author":1,"featured_media":0,"parent":0,"menu_order":0,"comment_status":"closed","ping_status":"open","template":"","meta":{"footnotes":""},"class_list":["post-20560","page","type-page","status-publish","hentry"],"yoast_head":"<!-- This site is optimized with the Yoast SEO plugin v23.2 - https:\/\/yoast.com\/wordpress\/plugins\/seo\/ -->\n<title>Nouvelles autos - Pneus Bazar<\/title>\n<meta name=\"robots\" content=\"index, follow, max-snippet:-1, max-image-preview:large, max-video-preview:-1\" \/>\n<link rel=\"canonical\" href=\"http:\/\/pneusbazar.com\/?page_id=20560\" \/>\n<script type=\"application\/ld+json\" class=\"yoast-schema-graph\">{\"@context\":\"https:\/\/schema.org\",\"@graph\":[{\"@type\":\"WebPage\",\"@id\":\"http:\/\/pneusbazar.com\/?page_id=20560\",\"url\":\"http:\/\/pneusbazar.com\/?page_id=20560\",\"name\":\"Nouvelles autos - Pneus Bazar\",\"isPartOf\":{\"@id\":\"http:\/\/pneusbazar.com\/#website\"},\"datePublished\":\"2014-12-26T00:34:47+00:00\",\"dateModified\":\"2020-11-15T03:04:40+00:00\",\"breadcrumb\":{\"@id\":\"http:\/\/pneusbazar.com\/?page_id=20560#breadcrumb\"},\"inLanguage\":\"fr-FR\",\"potentialAction\":[{\"@type\":\"ReadAction\",\"target\":[\"http:\/\/pneusbazar.com\/?page_id=20560\"]}]},{\"@type\":\"BreadcrumbList\",\"@id\":\"http:\/\/pneusbazar.com\/?page_id=20560#breadcrumb\",\"itemListElement\":[{\"@type\":\"ListItem\",\"position\":1,\"name\":\"Accueil\",\"item\":\"http:\/\/pneusbazar.com\/\"},{\"@type\":\"ListItem\",\"position\":2,\"name\":\"Nouvelles autos\"}]},{\"@type\":\"WebSite\",\"@id\":\"http:\/\/pneusbazar.com\/#website\",\"url\":\"http:\/\/pneusbazar.com\/\",\"name\":\"Pneus Bazar\",\"description\":\"On prend soin de vous\",\"potentialAction\":[{\"@type\":\"SearchAction\",\"target\":{\"@type\":\"EntryPoint\",\"urlTemplate\":\"http:\/\/pneusbazar.com\/?s={search_term_string}\"},\"query-input\":\"required name=search_term_string\"}],\"inLanguage\":\"fr-FR\"}]}<\/script>\n<!-- \/ Yoast SEO plugin. -->","yoast_head_json":{"title":"Nouvelles autos - Pneus Bazar","robots":{"index":"index","follow":"follow","max-snippet":"max-snippet:-1","max-image-preview":"max-image-preview:large","max-video-preview":"max-video-preview:-1"},"canonical":"http:\/\/pneusbazar.com\/?page_id=20560","schema":{"@context":"https:\/\/schema.org","@graph":[{"@type":"WebPage","@id":"http:\/\/pneusbazar.com\/?page_id=20560","url":"http:\/\/pneusbazar.com\/?page_id=20560","name":"Nouvelles autos - Pneus Bazar","isPartOf":{"@id":"http:\/\/pneusbazar.com\/#website"},"datePublished":"2014-12-26T00:34:47+00:00","dateModified":"2020-11-15T03:04:40+00:00","breadcrumb":{"@id":"http:\/\/pneusbazar.com\/?page_id=20560#breadcrumb"},"inLanguage":"fr-FR","potentialAction":[{"@type":"ReadAction","target":["http:\/\/pneusbazar.com\/?page_id=20560"]}]},{"@type":"BreadcrumbList","@id":"http:\/\/pneusbazar.com\/?page_id=20560#breadcrumb","itemListElement":[{"@type":"ListItem","position":1,"name":"Accueil","item":"http:\/\/pneusbazar.com\/"},{"@type":"ListItem","position":2,"name":"Nouvelles autos"}]},{"@type":"WebSite","@id":"http:\/\/pneusbazar.com\/#website","url":"http:\/\/pneusbazar.com\/","name":"Pneus Bazar","description":"On prend soin de vous","potentialAction":[{"@type":"SearchAction","target":{"@type":"EntryPoint","urlTemplate":"http:\/\/pneusbazar.com\/?s={search_term_string}"},"query-input":"required name=search_term_string"}],"inLanguage":"fr-FR"}]}},"_links":{"self":[{"href":"https:\/\/pneusbazar.com\/index.php?rest_route=\/wp\/v2\/pages\/20560"}],"collection":[{"href":"https:\/\/pneusbazar.com\/index.php?rest_route=\/wp\/v2\/pages"}],"about":[{"href":"https:\/\/pneusbazar.com\/index.php?rest_route=\/wp\/v2\/types\/page"}],"author":[{"embeddable":true,"href":"https:\/\/pneusbazar.com\/index.php?rest_route=\/wp\/v2\/users\/1"}],"replies":[{"embeddable":true,"href":"https:\/\/pneusbazar.com\/index.php?rest_route=%2Fwp%2Fv2%2Fcomments&post=20560"}],"version-history":[{"count":2,"href":"https:\/\/pneusbazar.com\/index.php?rest_route=\/wp\/v2\/pages\/20560\/revisions"}],"predecessor-version":[{"id":20562,"href":"https:\/\/pneusbazar.com\/index.php?rest_route=\/wp\/v2\/pages\/20560\/revisions\/20562"}],"wp:attachment":[{"href":"https:\/\/pneusbazar.com\/index.php?rest_route=%2Fwp%2Fv2%2Fmedia&parent=20560"}],"curies":[{"name":"wp","href":"https:\/\/api.w.org\/{rel}","templated":true}]}}