{"id":156323,"date":"2015-08-11T13:40:48","date_gmt":"2015-08-11T18:40:48","guid":{"rendered":"http:\/\/pneusbazar.com\/produit\/bridgestone-blizzak-ws80\/"},"modified":"2020-11-14T22:07:30","modified_gmt":"2020-11-15T03:07:30","slug":"bridgestone-blizzak-ws80","status":"publish","type":"product","link":"https:\/\/pneusbazar.com\/?product=bridgestone-blizzak-ws80","title":{"rendered":"Bridgestone BLIZZAK WS80"},"content":{"rendered":"<table width=\"78\">\n<tbody>\n<tr>\n<td>Grandeurs disponibles<\/td>\n<\/tr>\n<tr>\n<td>245\/40R18 XL<\/td>\n<\/tr>\n<tr>\n<td>225\/45R17<\/td>\n<\/tr>\n<tr>\n<td>215\/55R16 XL<\/td>\n<\/tr>\n<tr>\n<td>235\/65R16<\/td>\n<\/tr>\n<tr>\n<td>235\/45R17 XL<\/td>\n<\/tr>\n<tr>\n<td>215\/55R17<\/td>\n<\/tr>\n<tr>\n<td>215\/65R17<\/td>\n<\/tr>\n<tr>\n<td>205\/60R16<\/td>\n<\/tr>\n<tr>\n<td>225\/40R18 XL<\/td>\n<\/tr>\n<tr>\n<td>215\/60R17<\/td>\n<\/tr>\n<tr>\n<td>235\/55R17<\/td>\n<\/tr>\n<tr>\n<td>225\/65R17<\/td>\n<\/tr>\n<tr>\n<td>205\/40R17 XL<\/td>\n<\/tr>\n<tr>\n<td>225\/65R16<\/td>\n<\/tr>\n<tr>\n<td>195\/55R16<\/td>\n<\/tr>\n<tr>\n<td>185\/65R15<\/td>\n<\/tr>\n<tr>\n<td>185\/60R15<\/td>\n<\/tr>\n<tr>\n<td>215\/55R18<\/td>\n<\/tr>\n<tr>\n<td>225\/50R17<\/td>\n<\/tr>\n<tr>\n<td>215\/45R17 XL<\/td>\n<\/tr>\n<tr>\n<td>195\/60R16<\/td>\n<\/tr>\n<tr>\n<td>205\/50R17 XL<\/td>\n<\/tr>\n<tr>\n<td>215\/65R16 XL<\/td>\n<\/tr>\n<tr>\n<td>255\/35R18<\/td>\n<\/tr>\n<tr>\n<td>205\/55R16<\/td>\n<\/tr>\n<tr>\n<td>195\/65R15<\/td>\n<\/tr>\n<tr>\n<td>225\/60R18<\/td>\n<\/tr>\n<tr>\n<td>245\/45R17 XL<\/td>\n<\/tr>\n<tr>\n<td>215\/60R16<\/td>\n<\/tr>\n<tr>\n<td>215\/50R17 XL<\/td>\n<\/tr>\n<tr>\n<td>175\/65R15<\/td>\n<\/tr>\n<tr>\n<td>225\/60R17<\/td>\n<\/tr>\n<tr>\n<td>235\/50R18 XL<\/td>\n<\/tr>\n<tr>\n<td>235\/40R18 XL<\/td>\n<\/tr>\n<tr>\n<td>245\/50R18 XL<\/td>\n<\/tr>\n<tr>\n<td>205\/65R15<\/td>\n<\/tr>\n<tr>\n<td>215\/70R15<\/td>\n<\/tr>\n<tr>\n<td>225\/55R17<\/td>\n<\/tr>\n<tr>\n<td>185\/55R15<\/td>\n<\/tr>\n<tr>\n<td>225\/55R18<\/td>\n<\/tr>\n<tr>\n<td>225\/50R18<\/td>\n<\/tr>\n<tr>\n<td>235\/65R17<\/td>\n<\/tr>\n<tr>\n<td>225\/45R18 XL<\/td>\n<\/tr>\n<tr>\n<td>235\/60R17<\/td>\n<\/tr>\n<tr>\n<td>225\/60R16<\/td>\n<\/tr>\n<tr>\n<td>205\/65R16<\/td>\n<\/tr>\n<tr>\n<td>185\/55R16 XL<\/td>\n<\/tr>\n<\/tbody>\n<\/table>\n<p><span style=\"color: #ffffff;\">pneu pneus<\/span><\/p>\n","protected":false},"excerpt":{"rendered":"<p>Le Blizzak WS80 de Bridgestone vous permet de vaincre la neige et la glace gr\u00e2ce \u00e0 la fiabilit\u00e9 de son adh\u00e9rence par temps froid.<\/p>\n<p>Le Blizzak a du mordant, peu importe les conditions en hiver<\/p>\n<div class=\"reasons-to-buy__body\">\n<ul class=\"reasons-to-buy__list\">\n<li><span class=\"reasons-to-buy__list-text\"> Capacit\u00e9 de freinage optimale sur la chauss\u00e9e enneig\u00e9e et glac\u00e9e <\/span><\/li>\n<li><span class=\"reasons-to-buy__list-text\"> Tenue de route fiable dans la neige et la gadoue <\/span><\/li>\n<li><span class=\"reasons-to-buy__list-text\"> Adh\u00e9rence et ma\u00eetrise exceptionnelles dans les conditions de conduite hivernale <\/span><\/li>\n<li><span class=\"reasons-to-buy__list-text\"> Assorti de la garantie des pneus d\u2019hiver <\/span><\/li>\n<\/ul>\n<p>Con\u00e7u pour affronter le froid, la neige et la glace Compos\u00e9 avanc\u00e9 avec la technologie Nano Pro demeurant souple par temps froid Pression de contact distribu\u00e9e uniform\u00e9ment sur l\u2019empreinte qui favorise l\u2019usure uniforme et la performance sur chauss\u00e9e s\u00e8che, glac\u00e9e et enneig\u00e9e Particules mordantes se comportant comme des crampons microscopiques et offrant freinage assur\u00e9 sur route et adh\u00e9rence sur glace Rebord des blocs rehauss\u00e9s offrant meilleure maniabilit\u00e9 dans la neige et la gadoue<\/p>\n<\/div>\n","protected":false},"featured_media":156324,"comment_status":"closed","ping_status":"closed","template":"","meta":[],"product_cat":[],"product_tag":[95,96],"class_list":{"0":"post-156323","1":"product","2":"type-product","3":"status-publish","4":"has-post-thumbnail","6":"product_tag-pneu","7":"product_tag-pneus","8":"pa_experience-de-conduite-tourisme","9":"pa_gamme-good","10":"pa_marque-bridgestone","11":"pa_saison-de-pneus-hiver","12":"pa_type-de-pneu-pneus-de-voiture","14":"first","15":"instock","16":"shipping-taxable","17":"product-type-simple"},"yoast_head":"<!-- This site is optimized with the Yoast SEO plugin v23.2 - https:\/\/yoast.com\/wordpress\/plugins\/seo\/ -->\n<title>Bridgestone BLIZZAK WS80 - Pneus Bazar<\/title>\n<meta name=\"robots\" content=\"index, follow, max-snippet:-1, max-image-preview:large, max-video-preview:-1\" \/>\n<link rel=\"canonical\" href=\"http:\/\/pneusbazar.com\/?product=bridgestone-blizzak-ws80\" \/>\n<script type=\"application\/ld+json\" class=\"yoast-schema-graph\">{\"@context\":\"https:\/\/schema.org\",\"@graph\":[{\"@type\":\"WebPage\",\"@id\":\"http:\/\/pneusbazar.com\/?product=bridgestone-blizzak-ws80\",\"url\":\"http:\/\/pneusbazar.com\/?product=bridgestone-blizzak-ws80\",\"name\":\"Bridgestone BLIZZAK WS80 - Pneus Bazar\",\"isPartOf\":{\"@id\":\"https:\/\/pneusbazar.com\/#website\"},\"primaryImageOfPage\":{\"@id\":\"http:\/\/pneusbazar.com\/?product=bridgestone-blizzak-ws80#primaryimage\"},\"image\":{\"@id\":\"http:\/\/pneusbazar.com\/?product=bridgestone-blizzak-ws80#primaryimage\"},\"thumbnailUrl\":\"https:\/\/pneusbazar.com\/wp-content\/uploads\/2015\/08\/bridgestone-blizzak-ws-80-pneus.jpg\",\"datePublished\":\"2015-08-11T18:40:48+00:00\",\"dateModified\":\"2020-11-15T03:07:30+00:00\",\"breadcrumb\":{\"@id\":\"http:\/\/pneusbazar.com\/?product=bridgestone-blizzak-ws80#breadcrumb\"},\"inLanguage\":\"fr-FR\",\"potentialAction\":[{\"@type\":\"ReadAction\",\"target\":[\"http:\/\/pneusbazar.com\/?product=bridgestone-blizzak-ws80\"]}]},{\"@type\":\"ImageObject\",\"inLanguage\":\"fr-FR\",\"@id\":\"http:\/\/pneusbazar.com\/?product=bridgestone-blizzak-ws80#primaryimage\",\"url\":\"https:\/\/pneusbazar.com\/wp-content\/uploads\/2015\/08\/bridgestone-blizzak-ws-80-pneus.jpg\",\"contentUrl\":\"https:\/\/pneusbazar.com\/wp-content\/uploads\/2015\/08\/bridgestone-blizzak-ws-80-pneus.jpg\",\"width\":1280,\"height\":1280,\"caption\":\"Pneus bridgestone blizzak ws-80\"},{\"@type\":\"BreadcrumbList\",\"@id\":\"http:\/\/pneusbazar.com\/?product=bridgestone-blizzak-ws80#breadcrumb\",\"itemListElement\":[{\"@type\":\"ListItem\",\"position\":1,\"name\":\"Accueil\",\"item\":\"https:\/\/pneusbazar.com\/\"},{\"@type\":\"ListItem\",\"position\":2,\"name\":\"Catalogue de pneus\",\"item\":\"https:\/\/pneusbazar.com\/?page_id=20284\"},{\"@type\":\"ListItem\",\"position\":3,\"name\":\"Bridgestone BLIZZAK WS80\"}]},{\"@type\":\"WebSite\",\"@id\":\"https:\/\/pneusbazar.com\/#website\",\"url\":\"https:\/\/pneusbazar.com\/\",\"name\":\"Pneus Bazar\",\"description\":\"On prend soin de vous\",\"potentialAction\":[{\"@type\":\"SearchAction\",\"target\":{\"@type\":\"EntryPoint\",\"urlTemplate\":\"https:\/\/pneusbazar.com\/?s={search_term_string}\"},\"query-input\":\"required name=search_term_string\"}],\"inLanguage\":\"fr-FR\"}]}<\/script>\n<!-- \/ Yoast SEO plugin. -->","yoast_head_json":{"title":"Bridgestone BLIZZAK WS80 - Pneus Bazar","robots":{"index":"index","follow":"follow","max-snippet":"max-snippet:-1","max-image-preview":"max-image-preview:large","max-video-preview":"max-video-preview:-1"},"canonical":"http:\/\/pneusbazar.com\/?product=bridgestone-blizzak-ws80","schema":{"@context":"https:\/\/schema.org","@graph":[{"@type":"WebPage","@id":"http:\/\/pneusbazar.com\/?product=bridgestone-blizzak-ws80","url":"http:\/\/pneusbazar.com\/?product=bridgestone-blizzak-ws80","name":"Bridgestone BLIZZAK WS80 - Pneus Bazar","isPartOf":{"@id":"https:\/\/pneusbazar.com\/#website"},"primaryImageOfPage":{"@id":"http:\/\/pneusbazar.com\/?product=bridgestone-blizzak-ws80#primaryimage"},"image":{"@id":"http:\/\/pneusbazar.com\/?product=bridgestone-blizzak-ws80#primaryimage"},"thumbnailUrl":"https:\/\/pneusbazar.com\/wp-content\/uploads\/2015\/08\/bridgestone-blizzak-ws-80-pneus.jpg","datePublished":"2015-08-11T18:40:48+00:00","dateModified":"2020-11-15T03:07:30+00:00","breadcrumb":{"@id":"http:\/\/pneusbazar.com\/?product=bridgestone-blizzak-ws80#breadcrumb"},"inLanguage":"fr-FR","potentialAction":[{"@type":"ReadAction","target":["http:\/\/pneusbazar.com\/?product=bridgestone-blizzak-ws80"]}]},{"@type":"ImageObject","inLanguage":"fr-FR","@id":"http:\/\/pneusbazar.com\/?product=bridgestone-blizzak-ws80#primaryimage","url":"https:\/\/pneusbazar.com\/wp-content\/uploads\/2015\/08\/bridgestone-blizzak-ws-80-pneus.jpg","contentUrl":"https:\/\/pneusbazar.com\/wp-content\/uploads\/2015\/08\/bridgestone-blizzak-ws-80-pneus.jpg","width":1280,"height":1280,"caption":"Pneus bridgestone blizzak ws-80"},{"@type":"BreadcrumbList","@id":"http:\/\/pneusbazar.com\/?product=bridgestone-blizzak-ws80#breadcrumb","itemListElement":[{"@type":"ListItem","position":1,"name":"Accueil","item":"https:\/\/pneusbazar.com\/"},{"@type":"ListItem","position":2,"name":"Catalogue de pneus","item":"https:\/\/pneusbazar.com\/?page_id=20284"},{"@type":"ListItem","position":3,"name":"Bridgestone BLIZZAK WS80"}]},{"@type":"WebSite","@id":"https:\/\/pneusbazar.com\/#website","url":"https:\/\/pneusbazar.com\/","name":"Pneus Bazar","description":"On prend soin de vous","potentialAction":[{"@type":"SearchAction","target":{"@type":"EntryPoint","urlTemplate":"https:\/\/pneusbazar.com\/?s={search_term_string}"},"query-input":"required name=search_term_string"}],"inLanguage":"fr-FR"}]}},"_links":{"self":[{"href":"https:\/\/pneusbazar.com\/index.php?rest_route=\/wp\/v2\/product\/156323"}],"collection":[{"href":"https:\/\/pneusbazar.com\/index.php?rest_route=\/wp\/v2\/product"}],"about":[{"href":"https:\/\/pneusbazar.com\/index.php?rest_route=\/wp\/v2\/types\/product"}],"replies":[{"embeddable":true,"href":"https:\/\/pneusbazar.com\/index.php?rest_route=%2Fwp%2Fv2%2Fcomments&post=156323"}],"wp:featuredmedia":[{"embeddable":true,"href":"https:\/\/pneusbazar.com\/index.php?rest_route=\/wp\/v2\/media\/156324"}],"wp:attachment":[{"href":"https:\/\/pneusbazar.com\/index.php?rest_route=%2Fwp%2Fv2%2Fmedia&parent=156323"}],"wp:term":[{"taxonomy":"product_cat","embeddable":true,"href":"https:\/\/pneusbazar.com\/index.php?rest_route=%2Fwp%2Fv2%2Fproduct_cat&post=156323"},{"taxonomy":"product_tag","embeddable":true,"href":"https:\/\/pneusbazar.com\/index.php?rest_route=%2Fwp%2Fv2%2Fproduct_tag&post=156323"}],"curies":[{"name":"wp","href":"https:\/\/api.w.org\/{rel}","templated":true}]}}