{"id":18467,"date":"2014-12-10T20:18:51","date_gmt":"2014-12-10T20:18:51","guid":{"rendered":"http:\/\/watch-foot.com\/?post_type=product&#038;p=18467"},"modified":"2020-11-14T22:11:50","modified_gmt":"2020-11-15T03:11:50","slug":"firestone-destination-le2","status":"publish","type":"product","link":"https:\/\/pneusbazar.com\/?product=firestone-destination-le2","title":{"rendered":"Firestone DESTINATION LE2"},"content":{"rendered":"<table width=\"184\">\n<tbody>\n<tr>\n<td colspan=\"2\">Grandeurs disponibles<\/td>\n<\/tr>\n<tr>\n<td>P215\/75R15<\/td>\n<td>P245\/65R17<\/td>\n<\/tr>\n<tr>\n<td>P225\/75R15<\/td>\n<td>P255\/65R17<\/td>\n<\/tr>\n<tr>\n<td>P235\/75R15<\/td>\n<td>P265\/65R17<\/td>\n<\/tr>\n<tr>\n<td>P265\/75R15<\/td>\n<td>P275\/60R17<\/td>\n<\/tr>\n<tr>\n<td>P225\/70R15<\/td>\n<td>P255\/70R18<\/td>\n<\/tr>\n<tr>\n<td>P235\/70R15<\/td>\n<td>P265\/70R18<\/td>\n<\/tr>\n<tr>\n<td>P225\/75R16<\/td>\n<td>P275\/60R17<\/td>\n<\/tr>\n<tr>\n<td>P235\/75R16<\/td>\n<td>P255\/70R18<\/td>\n<\/tr>\n<tr>\n<td>P245\/75R16<\/td>\n<td>P265\/70R18<\/td>\n<\/tr>\n<tr>\n<td>P265\/75R16<\/td>\n<td>P235\/65R18<\/td>\n<\/tr>\n<tr>\n<td>225\/70R16<\/td>\n<td>P275\/65R18<\/td>\n<\/tr>\n<tr>\n<td>P235\/70R16<\/td>\n<td>P265\/60R18<\/td>\n<\/tr>\n<tr>\n<td>P245\/70R16<\/td>\n<td>P215\/70R16<\/td>\n<\/tr>\n<tr>\n<td>P255\/70R16<\/td>\n<td>225\/65R17<\/td>\n<\/tr>\n<tr>\n<td>P265\/70R16<\/td>\n<td>235\/65R17<\/td>\n<\/tr>\n<tr>\n<td>P255\/65R16<\/td>\n<td>P235\/60R18<\/td>\n<\/tr>\n<tr>\n<td>P235\/70R17<\/td>\n<td>P235\/55R18<\/td>\n<\/tr>\n<tr>\n<td>P245\/70R17<\/td>\n<td>P245\/55R19<\/td>\n<\/tr>\n<tr>\n<td>P255\/70R17<\/td>\n<td>P275\/60R20<\/td>\n<\/tr>\n<tr>\n<td>P265\/70R17<\/td>\n<td>P275\/55R20<\/td>\n<\/tr>\n<\/tbody>\n<\/table>\n<p><span style=\"color: #ffffff;\">pneu pneus<\/span><\/p>\n","protected":false},"excerpt":{"rendered":"<ul>\n<li>\n<h4>Garantie de 30 jours \u00ab Achetez et essayez \u00bb<\/h4>\n<\/li>\n<li>\n<h4>Pav\u00e9s d&rsquo;\u00e9paulement ferm\u00e9s en continu pour excellente performance sur chauss\u00e9es s\u00e8ches et longue dur\u00e9e de vie<\/h4>\n<\/li>\n<li>\n<h4>Rainures circonf\u00e9rentielles pour am\u00e9liorer la performance sur chauss\u00e9es mouill\u00e9es<\/h4>\n<\/li>\n<li>\n<h4>Lamelles en zigzag pour une bonne performance d&rsquo;hiver<\/h4>\n<\/li>\n<li>\n<h4>Roulement silencieux et confortable<\/h4>\n<\/li>\n<li>\n<h4>Garantie limit\u00e9e Pacte d\u2019Or<\/h4>\n<\/li>\n<\/ul>\n","protected":false},"featured_media":18488,"comment_status":"closed","ping_status":"closed","template":"","meta":[],"product_cat":[],"product_tag":[],"class_list":{"0":"post-18467","1":"product","2":"type-product","3":"status-publish","4":"has-post-thumbnail","6":"pa_experience-de-conduite-tourisme","7":"pa_gamme-bad","8":"pa_marque-firestone","9":"pa_saison-de-pneus-4-saisons","10":"pa_type-de-pneu-pneus-de-voiture","12":"first","13":"instock","14":"shipping-taxable","15":"product-type-simple"},"yoast_head":"<!-- This site is optimized with the Yoast SEO plugin v23.2 - https:\/\/yoast.com\/wordpress\/plugins\/seo\/ -->\n<title>Firestone DESTINATION LE2 - Pneus Bazar<\/title>\n<meta name=\"robots\" content=\"index, follow, max-snippet:-1, max-image-preview:large, max-video-preview:-1\" \/>\n<link rel=\"canonical\" href=\"https:\/\/pneusbazar.com\/?product=firestone-destination-le2\" \/>\n<script type=\"application\/ld+json\" class=\"yoast-schema-graph\">{\"@context\":\"https:\/\/schema.org\",\"@graph\":[{\"@type\":\"WebPage\",\"@id\":\"https:\/\/pneusbazar.com\/?product=firestone-destination-le2\",\"url\":\"https:\/\/pneusbazar.com\/?product=firestone-destination-le2\",\"name\":\"Firestone DESTINATION LE2 - Pneus Bazar\",\"isPartOf\":{\"@id\":\"https:\/\/pneusbazar.com\/#website\"},\"primaryImageOfPage\":{\"@id\":\"https:\/\/pneusbazar.com\/?product=firestone-destination-le2#primaryimage\"},\"image\":{\"@id\":\"https:\/\/pneusbazar.com\/?product=firestone-destination-le2#primaryimage\"},\"thumbnailUrl\":\"https:\/\/pneusbazar.com\/wp-content\/uploads\/2014\/12\/LE2_60_6001.jpg\",\"datePublished\":\"2014-12-10T20:18:51+00:00\",\"dateModified\":\"2020-11-15T03:11:50+00:00\",\"breadcrumb\":{\"@id\":\"https:\/\/pneusbazar.com\/?product=firestone-destination-le2#breadcrumb\"},\"inLanguage\":\"fr-FR\",\"potentialAction\":[{\"@type\":\"ReadAction\",\"target\":[\"https:\/\/pneusbazar.com\/?product=firestone-destination-le2\"]}]},{\"@type\":\"ImageObject\",\"inLanguage\":\"fr-FR\",\"@id\":\"https:\/\/pneusbazar.com\/?product=firestone-destination-le2#primaryimage\",\"url\":\"https:\/\/pneusbazar.com\/wp-content\/uploads\/2014\/12\/LE2_60_6001.jpg\",\"contentUrl\":\"https:\/\/pneusbazar.com\/wp-content\/uploads\/2014\/12\/LE2_60_6001.jpg\",\"width\":400,\"height\":400},{\"@type\":\"BreadcrumbList\",\"@id\":\"https:\/\/pneusbazar.com\/?product=firestone-destination-le2#breadcrumb\",\"itemListElement\":[{\"@type\":\"ListItem\",\"position\":1,\"name\":\"Accueil\",\"item\":\"https:\/\/pneusbazar.com\/\"},{\"@type\":\"ListItem\",\"position\":2,\"name\":\"Catalogue de pneus\",\"item\":\"https:\/\/pneusbazar.com\/?page_id=20284\"},{\"@type\":\"ListItem\",\"position\":3,\"name\":\"Firestone DESTINATION LE2\"}]},{\"@type\":\"WebSite\",\"@id\":\"https:\/\/pneusbazar.com\/#website\",\"url\":\"https:\/\/pneusbazar.com\/\",\"name\":\"Pneus Bazar\",\"description\":\"On prend soin de vous\",\"potentialAction\":[{\"@type\":\"SearchAction\",\"target\":{\"@type\":\"EntryPoint\",\"urlTemplate\":\"https:\/\/pneusbazar.com\/?s={search_term_string}\"},\"query-input\":\"required name=search_term_string\"}],\"inLanguage\":\"fr-FR\"}]}<\/script>\n<!-- \/ Yoast SEO plugin. -->","yoast_head_json":{"title":"Firestone DESTINATION LE2 - Pneus Bazar","robots":{"index":"index","follow":"follow","max-snippet":"max-snippet:-1","max-image-preview":"max-image-preview:large","max-video-preview":"max-video-preview:-1"},"canonical":"https:\/\/pneusbazar.com\/?product=firestone-destination-le2","schema":{"@context":"https:\/\/schema.org","@graph":[{"@type":"WebPage","@id":"https:\/\/pneusbazar.com\/?product=firestone-destination-le2","url":"https:\/\/pneusbazar.com\/?product=firestone-destination-le2","name":"Firestone DESTINATION LE2 - Pneus Bazar","isPartOf":{"@id":"https:\/\/pneusbazar.com\/#website"},"primaryImageOfPage":{"@id":"https:\/\/pneusbazar.com\/?product=firestone-destination-le2#primaryimage"},"image":{"@id":"https:\/\/pneusbazar.com\/?product=firestone-destination-le2#primaryimage"},"thumbnailUrl":"https:\/\/pneusbazar.com\/wp-content\/uploads\/2014\/12\/LE2_60_6001.jpg","datePublished":"2014-12-10T20:18:51+00:00","dateModified":"2020-11-15T03:11:50+00:00","breadcrumb":{"@id":"https:\/\/pneusbazar.com\/?product=firestone-destination-le2#breadcrumb"},"inLanguage":"fr-FR","potentialAction":[{"@type":"ReadAction","target":["https:\/\/pneusbazar.com\/?product=firestone-destination-le2"]}]},{"@type":"ImageObject","inLanguage":"fr-FR","@id":"https:\/\/pneusbazar.com\/?product=firestone-destination-le2#primaryimage","url":"https:\/\/pneusbazar.com\/wp-content\/uploads\/2014\/12\/LE2_60_6001.jpg","contentUrl":"https:\/\/pneusbazar.com\/wp-content\/uploads\/2014\/12\/LE2_60_6001.jpg","width":400,"height":400},{"@type":"BreadcrumbList","@id":"https:\/\/pneusbazar.com\/?product=firestone-destination-le2#breadcrumb","itemListElement":[{"@type":"ListItem","position":1,"name":"Accueil","item":"https:\/\/pneusbazar.com\/"},{"@type":"ListItem","position":2,"name":"Catalogue de pneus","item":"https:\/\/pneusbazar.com\/?page_id=20284"},{"@type":"ListItem","position":3,"name":"Firestone DESTINATION LE2"}]},{"@type":"WebSite","@id":"https:\/\/pneusbazar.com\/#website","url":"https:\/\/pneusbazar.com\/","name":"Pneus Bazar","description":"On prend soin de vous","potentialAction":[{"@type":"SearchAction","target":{"@type":"EntryPoint","urlTemplate":"https:\/\/pneusbazar.com\/?s={search_term_string}"},"query-input":"required name=search_term_string"}],"inLanguage":"fr-FR"}]}},"_links":{"self":[{"href":"https:\/\/pneusbazar.com\/index.php?rest_route=\/wp\/v2\/product\/18467"}],"collection":[{"href":"https:\/\/pneusbazar.com\/index.php?rest_route=\/wp\/v2\/product"}],"about":[{"href":"https:\/\/pneusbazar.com\/index.php?rest_route=\/wp\/v2\/types\/product"}],"replies":[{"embeddable":true,"href":"https:\/\/pneusbazar.com\/index.php?rest_route=%2Fwp%2Fv2%2Fcomments&post=18467"}],"wp:featuredmedia":[{"embeddable":true,"href":"https:\/\/pneusbazar.com\/index.php?rest_route=\/wp\/v2\/media\/18488"}],"wp:attachment":[{"href":"https:\/\/pneusbazar.com\/index.php?rest_route=%2Fwp%2Fv2%2Fmedia&parent=18467"}],"wp:term":[{"taxonomy":"product_cat","embeddable":true,"href":"https:\/\/pneusbazar.com\/index.php?rest_route=%2Fwp%2Fv2%2Fproduct_cat&post=18467"},{"taxonomy":"product_tag","embeddable":true,"href":"https:\/\/pneusbazar.com\/index.php?rest_route=%2Fwp%2Fv2%2Fproduct_tag&post=18467"}],"curies":[{"name":"wp","href":"https:\/\/api.w.org\/{rel}","templated":true}]}}