{"id":18494,"date":"2014-12-11T18:36:13","date_gmt":"2014-12-11T18:36:13","guid":{"rendered":"http:\/\/watch-foot.com\/?post_type=product&#038;p=18494"},"modified":"2020-11-14T22:11:50","modified_gmt":"2020-11-15T03:11:50","slug":"firestone-destination-le","status":"publish","type":"product","link":"https:\/\/pneusbazar.com\/?product=firestone-destination-le","title":{"rendered":"Firestone DESTINATION LE"},"content":{"rendered":"<table width=\"206\">\n<tbody>\n<tr>\n<td colspan=\"2\">Grandeurs disponibles<\/td>\n<\/tr>\n<tr>\n<td>P225\/70R14<\/td>\n<td>P265\/70R18<\/td>\n<\/tr>\n<tr>\n<td>P215\/75R15<\/td>\n<td>P235\/65R18<\/td>\n<\/tr>\n<tr>\n<td>P225\/75R15<\/td>\n<td>P265\/65R18<\/td>\n<\/tr>\n<tr>\n<td>P235\/75R15<\/td>\n<td>P265\/60R18<\/td>\n<\/tr>\n<tr>\n<td>P265\/75R15<\/td>\n<td>P275\/60R20<\/td>\n<\/tr>\n<tr>\n<td>P225\/70R15<\/td>\n<td>31X10.50R15LT<\/td>\n<\/tr>\n<tr>\n<td>P235\/70R15<\/td>\n<td>LT235\/75R15<\/td>\n<\/tr>\n<tr>\n<td>P255\/70R15<\/td>\n<td>LT265\/75R16<\/td>\n<\/tr>\n<tr>\n<td>P235\/75R16<\/td>\n<td>P215\/70R15<\/td>\n<\/tr>\n<tr>\n<td>P245\/75R16<\/td>\n<td>P225\/75R16<\/td>\n<\/tr>\n<tr>\n<td>P265\/75R16<\/td>\n<td>P215\/70R16<\/td>\n<\/tr>\n<tr>\n<td>P225\/70R16<\/td>\n<td>P235\/65R16<\/td>\n<\/tr>\n<tr>\n<td>P235\/70R16<\/td>\n<td>225\/65R17<\/td>\n<\/tr>\n<tr>\n<td>P245\/70R16<\/td>\n<td>P235\/65R17<\/td>\n<\/tr>\n<tr>\n<td>P255\/70R16<\/td>\n<td>P265\/65R17<\/td>\n<\/tr>\n<tr>\n<td>P265\/70R16<\/td>\n<td>P235\/60R17<\/td>\n<\/tr>\n<tr>\n<td>P255\/65R16<\/td>\n<td>P275\/60R17<\/td>\n<\/tr>\n<tr>\n<td>P235\/70R17<\/td>\n<td>P265\/65R18<\/td>\n<\/tr>\n<tr>\n<td>P245\/70R17<\/td>\n<td>P245\/60R18<\/td>\n<\/tr>\n<tr>\n<td>P265\/70R17<\/td>\n<td>P275\/55R20<\/td>\n<\/tr>\n<tr>\n<td>P245\/65R17<\/td>\n<td>P265\/50R20<\/td>\n<\/tr>\n<tr>\n<td>P255\/65R17<\/td>\n<td><\/td>\n<\/tr>\n<\/tbody>\n<\/table>\n<p><span style=\"color: #ffffff;\">pneu pneus<\/span><\/p>\n","protected":false},"excerpt":{"rendered":"<h4>\u2022 Garantie de 30 jours \u00ab\u00a0Achetez et essayez\u00a0\u00bb<\/h4>\n<h4>\u2022 Garantie limit\u00e9e de 100 000 km contre l\u2019usure de la bande de roulement (P-m\u00e9trique seulement)<\/h4>\n<h4>\u2022 Technologie Uni-T pour maniabilit\u00e9 am\u00e9lior\u00e9e sur chauss\u00e9es s\u00e8ches et mouill\u00e9es<\/h4>\n<h4>\u2022 Garantie limit\u00e9e Pacte d\u2019Or<\/h4>\n<h4>\u2022 Offre le confort et roulement silencieux d&rsquo;un pneu tourisme<\/h4>\n","protected":false},"featured_media":18496,"comment_status":"closed","ping_status":"closed","template":"","meta":[],"product_cat":[],"product_tag":[],"class_list":{"0":"post-18494","1":"product","2":"type-product","3":"status-publish","4":"has-post-thumbnail","6":"pa_experience-de-conduite-haute-performance","7":"pa_gamme-bad","8":"pa_marque-firestone","9":"pa_saison-de-pneus-4-saisons","10":"pa_type-de-pneu-pneus-de-camionnette","12":"first","13":"instock","14":"shipping-taxable","15":"product-type-simple"},"yoast_head":"<!-- This site is optimized with the Yoast SEO plugin v23.2 - https:\/\/yoast.com\/wordpress\/plugins\/seo\/ -->\n<title>Firestone DESTINATION LE - Pneus Bazar<\/title>\n<meta name=\"robots\" content=\"index, follow, max-snippet:-1, max-image-preview:large, max-video-preview:-1\" \/>\n<link rel=\"canonical\" href=\"https:\/\/pneusbazar.com\/?product=firestone-destination-le\" \/>\n<script type=\"application\/ld+json\" class=\"yoast-schema-graph\">{\"@context\":\"https:\/\/schema.org\",\"@graph\":[{\"@type\":\"WebPage\",\"@id\":\"https:\/\/pneusbazar.com\/?product=firestone-destination-le\",\"url\":\"https:\/\/pneusbazar.com\/?product=firestone-destination-le\",\"name\":\"Firestone DESTINATION LE - Pneus Bazar\",\"isPartOf\":{\"@id\":\"https:\/\/pneusbazar.com\/#website\"},\"primaryImageOfPage\":{\"@id\":\"https:\/\/pneusbazar.com\/?product=firestone-destination-le#primaryimage\"},\"image\":{\"@id\":\"https:\/\/pneusbazar.com\/?product=firestone-destination-le#primaryimage\"},\"thumbnailUrl\":\"https:\/\/pneusbazar.com\/wp-content\/uploads\/2014\/12\/quick-look.png\",\"datePublished\":\"2014-12-11T18:36:13+00:00\",\"dateModified\":\"2020-11-15T03:11:50+00:00\",\"breadcrumb\":{\"@id\":\"https:\/\/pneusbazar.com\/?product=firestone-destination-le#breadcrumb\"},\"inLanguage\":\"fr-FR\",\"potentialAction\":[{\"@type\":\"ReadAction\",\"target\":[\"https:\/\/pneusbazar.com\/?product=firestone-destination-le\"]}]},{\"@type\":\"ImageObject\",\"inLanguage\":\"fr-FR\",\"@id\":\"https:\/\/pneusbazar.com\/?product=firestone-destination-le#primaryimage\",\"url\":\"https:\/\/pneusbazar.com\/wp-content\/uploads\/2014\/12\/quick-look.png\",\"contentUrl\":\"https:\/\/pneusbazar.com\/wp-content\/uploads\/2014\/12\/quick-look.png\",\"width\":400,\"height\":400},{\"@type\":\"BreadcrumbList\",\"@id\":\"https:\/\/pneusbazar.com\/?product=firestone-destination-le#breadcrumb\",\"itemListElement\":[{\"@type\":\"ListItem\",\"position\":1,\"name\":\"Accueil\",\"item\":\"https:\/\/pneusbazar.com\/\"},{\"@type\":\"ListItem\",\"position\":2,\"name\":\"Catalogue de pneus\",\"item\":\"https:\/\/pneusbazar.com\/?page_id=20284\"},{\"@type\":\"ListItem\",\"position\":3,\"name\":\"Firestone DESTINATION LE\"}]},{\"@type\":\"WebSite\",\"@id\":\"https:\/\/pneusbazar.com\/#website\",\"url\":\"https:\/\/pneusbazar.com\/\",\"name\":\"Pneus Bazar\",\"description\":\"On prend soin de vous\",\"potentialAction\":[{\"@type\":\"SearchAction\",\"target\":{\"@type\":\"EntryPoint\",\"urlTemplate\":\"https:\/\/pneusbazar.com\/?s={search_term_string}\"},\"query-input\":\"required name=search_term_string\"}],\"inLanguage\":\"fr-FR\"}]}<\/script>\n<!-- \/ Yoast SEO plugin. -->","yoast_head_json":{"title":"Firestone DESTINATION LE - Pneus Bazar","robots":{"index":"index","follow":"follow","max-snippet":"max-snippet:-1","max-image-preview":"max-image-preview:large","max-video-preview":"max-video-preview:-1"},"canonical":"https:\/\/pneusbazar.com\/?product=firestone-destination-le","schema":{"@context":"https:\/\/schema.org","@graph":[{"@type":"WebPage","@id":"https:\/\/pneusbazar.com\/?product=firestone-destination-le","url":"https:\/\/pneusbazar.com\/?product=firestone-destination-le","name":"Firestone DESTINATION LE - Pneus Bazar","isPartOf":{"@id":"https:\/\/pneusbazar.com\/#website"},"primaryImageOfPage":{"@id":"https:\/\/pneusbazar.com\/?product=firestone-destination-le#primaryimage"},"image":{"@id":"https:\/\/pneusbazar.com\/?product=firestone-destination-le#primaryimage"},"thumbnailUrl":"https:\/\/pneusbazar.com\/wp-content\/uploads\/2014\/12\/quick-look.png","datePublished":"2014-12-11T18:36:13+00:00","dateModified":"2020-11-15T03:11:50+00:00","breadcrumb":{"@id":"https:\/\/pneusbazar.com\/?product=firestone-destination-le#breadcrumb"},"inLanguage":"fr-FR","potentialAction":[{"@type":"ReadAction","target":["https:\/\/pneusbazar.com\/?product=firestone-destination-le"]}]},{"@type":"ImageObject","inLanguage":"fr-FR","@id":"https:\/\/pneusbazar.com\/?product=firestone-destination-le#primaryimage","url":"https:\/\/pneusbazar.com\/wp-content\/uploads\/2014\/12\/quick-look.png","contentUrl":"https:\/\/pneusbazar.com\/wp-content\/uploads\/2014\/12\/quick-look.png","width":400,"height":400},{"@type":"BreadcrumbList","@id":"https:\/\/pneusbazar.com\/?product=firestone-destination-le#breadcrumb","itemListElement":[{"@type":"ListItem","position":1,"name":"Accueil","item":"https:\/\/pneusbazar.com\/"},{"@type":"ListItem","position":2,"name":"Catalogue de pneus","item":"https:\/\/pneusbazar.com\/?page_id=20284"},{"@type":"ListItem","position":3,"name":"Firestone DESTINATION LE"}]},{"@type":"WebSite","@id":"https:\/\/pneusbazar.com\/#website","url":"https:\/\/pneusbazar.com\/","name":"Pneus Bazar","description":"On prend soin de vous","potentialAction":[{"@type":"SearchAction","target":{"@type":"EntryPoint","urlTemplate":"https:\/\/pneusbazar.com\/?s={search_term_string}"},"query-input":"required name=search_term_string"}],"inLanguage":"fr-FR"}]}},"_links":{"self":[{"href":"https:\/\/pneusbazar.com\/index.php?rest_route=\/wp\/v2\/product\/18494"}],"collection":[{"href":"https:\/\/pneusbazar.com\/index.php?rest_route=\/wp\/v2\/product"}],"about":[{"href":"https:\/\/pneusbazar.com\/index.php?rest_route=\/wp\/v2\/types\/product"}],"replies":[{"embeddable":true,"href":"https:\/\/pneusbazar.com\/index.php?rest_route=%2Fwp%2Fv2%2Fcomments&post=18494"}],"wp:featuredmedia":[{"embeddable":true,"href":"https:\/\/pneusbazar.com\/index.php?rest_route=\/wp\/v2\/media\/18496"}],"wp:attachment":[{"href":"https:\/\/pneusbazar.com\/index.php?rest_route=%2Fwp%2Fv2%2Fmedia&parent=18494"}],"wp:term":[{"taxonomy":"product_cat","embeddable":true,"href":"https:\/\/pneusbazar.com\/index.php?rest_route=%2Fwp%2Fv2%2Fproduct_cat&post=18494"},{"taxonomy":"product_tag","embeddable":true,"href":"https:\/\/pneusbazar.com\/index.php?rest_route=%2Fwp%2Fv2%2Fproduct_tag&post=18494"}],"curies":[{"name":"wp","href":"https:\/\/api.w.org\/{rel}","templated":true}]}}