{"id":18505,"date":"2014-12-11T18:59:14","date_gmt":"2014-12-11T18:59:14","guid":{"rendered":"http:\/\/watch-foot.com\/?post_type=product&#038;p=18505"},"modified":"2020-11-14T22:11:50","modified_gmt":"2020-11-15T03:11:50","slug":"kumho-ecowing-kh30","status":"publish","type":"product","link":"https:\/\/pneusbazar.com\/?product=kumho-ecowing-kh30","title":{"rendered":"Kumho ECOWING KH30"},"content":{"rendered":"<table width=\"170\">\n<tbody>\n<tr>\n<td colspan=\"2\">Grandeurs disponibles<\/td>\n<\/tr>\n<tr>\n<td>175\/70R13<\/td>\n<td>P205\/60R16<\/td>\n<\/tr>\n<tr>\n<td>P175\/70R14<\/td>\n<td>P215\/60R16<\/td>\n<\/tr>\n<tr>\n<td>P185\/65R14<\/td>\n<td>225\/60R16<\/td>\n<\/tr>\n<tr>\n<td>P185\/60R14<\/td>\n<td>205\/55R16<\/td>\n<\/tr>\n<tr>\n<td>P185\/65R15<\/td>\n<td>215\/55R16<\/td>\n<\/tr>\n<tr>\n<td>195\/65R15<\/td>\n<td>225\/55R16<\/td>\n<\/tr>\n<tr>\n<td>P205\/65R15<\/td>\n<td>205\/50R16<\/td>\n<\/tr>\n<tr>\n<td>195\/60R15<\/td>\n<td>P225\/50R16<\/td>\n<\/tr>\n<tr>\n<td>205\/60R15<\/td>\n<td>P215\/55R17<\/td>\n<\/tr>\n<tr>\n<td>P195\/55R15<\/td>\n<td>235\/55R17<\/td>\n<\/tr>\n<tr>\n<td>P215\/60R15<\/td>\n<td>P215\/50R17<\/td>\n<\/tr>\n<tr>\n<td>P205\/65R16<\/td>\n<td>P225\/50R17<\/td>\n<\/tr>\n<\/tbody>\n<\/table>\n<p><span style=\"color: #ffffff;\">pneu pneus<\/span><\/p>\n","protected":false},"excerpt":{"rendered":"<ul>\n<li>\n<h4>Garantie limit\u00e9e de 95 000 km<\/h4>\n<\/li>\n<li>\n<h4>Formul\u00e9 avec des compos\u00e9s \u00e0 base de silice \u00e9coresponsables<\/h4>\n<\/li>\n<li>\n<h4>Plus faible r\u00e9sistance au roulement pour une meilleure efficacit\u00e9 \u00e9nerg\u00e9tique<\/h4>\n<\/li>\n<li>\n<h4>Trois rainures circonf\u00e9rentielles d\u00e9placent efficacement l\u2019eau pour une meilleure r\u00e9sistance \u00e0 l\u2019aquaplanage<\/h4>\n<\/li>\n<li>\n<h4>Allie parfaitement le confort et la maniabilit\u00e9<\/h4>\n<\/li>\n<li>\n<h4>Empreinte de carbone r\u00e9duite<\/h4>\n<\/li>\n<\/ul>\n","protected":false},"featured_media":18506,"comment_status":"closed","ping_status":"closed","template":"","meta":[],"product_cat":[],"product_tag":[],"class_list":{"0":"post-18505","1":"product","2":"type-product","3":"status-publish","4":"has-post-thumbnail","6":"pa_experience-de-conduite-haute-performance","7":"pa_gamme-bad","8":"pa_marque-kumho","9":"pa_saison-de-pneus-4-saisons","10":"pa_type-de-pneu-pneus-de-voiture","12":"first","13":"instock","14":"shipping-taxable","15":"product-type-simple"},"yoast_head":"<!-- This site is optimized with the Yoast SEO plugin v23.2 - https:\/\/yoast.com\/wordpress\/plugins\/seo\/ -->\n<title>Kumho ECOWING KH30 - Pneus Bazar<\/title>\n<meta name=\"robots\" content=\"index, follow, max-snippet:-1, max-image-preview:large, max-video-preview:-1\" \/>\n<link rel=\"canonical\" href=\"https:\/\/pneusbazar.com\/?product=kumho-ecowing-kh30\" \/>\n<script type=\"application\/ld+json\" class=\"yoast-schema-graph\">{\"@context\":\"https:\/\/schema.org\",\"@graph\":[{\"@type\":\"WebPage\",\"@id\":\"https:\/\/pneusbazar.com\/?product=kumho-ecowing-kh30\",\"url\":\"https:\/\/pneusbazar.com\/?product=kumho-ecowing-kh30\",\"name\":\"Kumho ECOWING KH30 - Pneus Bazar\",\"isPartOf\":{\"@id\":\"http:\/\/pneusbazar.com\/#website\"},\"primaryImageOfPage\":{\"@id\":\"https:\/\/pneusbazar.com\/?product=kumho-ecowing-kh30#primaryimage\"},\"image\":{\"@id\":\"https:\/\/pneusbazar.com\/?product=kumho-ecowing-kh30#primaryimage\"},\"thumbnailUrl\":\"https:\/\/pneusbazar.com\/wp-content\/uploads\/2014\/12\/157_WebPhotoAdditional1.png\",\"datePublished\":\"2014-12-11T18:59:14+00:00\",\"dateModified\":\"2020-11-15T03:11:50+00:00\",\"breadcrumb\":{\"@id\":\"https:\/\/pneusbazar.com\/?product=kumho-ecowing-kh30#breadcrumb\"},\"inLanguage\":\"fr-FR\",\"potentialAction\":[{\"@type\":\"ReadAction\",\"target\":[\"https:\/\/pneusbazar.com\/?product=kumho-ecowing-kh30\"]}]},{\"@type\":\"ImageObject\",\"inLanguage\":\"fr-FR\",\"@id\":\"https:\/\/pneusbazar.com\/?product=kumho-ecowing-kh30#primaryimage\",\"url\":\"https:\/\/pneusbazar.com\/wp-content\/uploads\/2014\/12\/157_WebPhotoAdditional1.png\",\"contentUrl\":\"https:\/\/pneusbazar.com\/wp-content\/uploads\/2014\/12\/157_WebPhotoAdditional1.png\",\"width\":400,\"height\":400},{\"@type\":\"BreadcrumbList\",\"@id\":\"https:\/\/pneusbazar.com\/?product=kumho-ecowing-kh30#breadcrumb\",\"itemListElement\":[{\"@type\":\"ListItem\",\"position\":1,\"name\":\"Accueil\",\"item\":\"http:\/\/pneusbazar.com\/\"},{\"@type\":\"ListItem\",\"position\":2,\"name\":\"Catalogue de pneus\",\"item\":\"https:\/\/pneusbazar.com\/?page_id=20284\"},{\"@type\":\"ListItem\",\"position\":3,\"name\":\"Kumho ECOWING KH30\"}]},{\"@type\":\"WebSite\",\"@id\":\"http:\/\/pneusbazar.com\/#website\",\"url\":\"http:\/\/pneusbazar.com\/\",\"name\":\"Pneus Bazar\",\"description\":\"On prend soin de vous\",\"potentialAction\":[{\"@type\":\"SearchAction\",\"target\":{\"@type\":\"EntryPoint\",\"urlTemplate\":\"http:\/\/pneusbazar.com\/?s={search_term_string}\"},\"query-input\":\"required name=search_term_string\"}],\"inLanguage\":\"fr-FR\"}]}<\/script>\n<!-- \/ Yoast SEO plugin. -->","yoast_head_json":{"title":"Kumho ECOWING KH30 - Pneus Bazar","robots":{"index":"index","follow":"follow","max-snippet":"max-snippet:-1","max-image-preview":"max-image-preview:large","max-video-preview":"max-video-preview:-1"},"canonical":"https:\/\/pneusbazar.com\/?product=kumho-ecowing-kh30","schema":{"@context":"https:\/\/schema.org","@graph":[{"@type":"WebPage","@id":"https:\/\/pneusbazar.com\/?product=kumho-ecowing-kh30","url":"https:\/\/pneusbazar.com\/?product=kumho-ecowing-kh30","name":"Kumho ECOWING KH30 - Pneus Bazar","isPartOf":{"@id":"http:\/\/pneusbazar.com\/#website"},"primaryImageOfPage":{"@id":"https:\/\/pneusbazar.com\/?product=kumho-ecowing-kh30#primaryimage"},"image":{"@id":"https:\/\/pneusbazar.com\/?product=kumho-ecowing-kh30#primaryimage"},"thumbnailUrl":"https:\/\/pneusbazar.com\/wp-content\/uploads\/2014\/12\/157_WebPhotoAdditional1.png","datePublished":"2014-12-11T18:59:14+00:00","dateModified":"2020-11-15T03:11:50+00:00","breadcrumb":{"@id":"https:\/\/pneusbazar.com\/?product=kumho-ecowing-kh30#breadcrumb"},"inLanguage":"fr-FR","potentialAction":[{"@type":"ReadAction","target":["https:\/\/pneusbazar.com\/?product=kumho-ecowing-kh30"]}]},{"@type":"ImageObject","inLanguage":"fr-FR","@id":"https:\/\/pneusbazar.com\/?product=kumho-ecowing-kh30#primaryimage","url":"https:\/\/pneusbazar.com\/wp-content\/uploads\/2014\/12\/157_WebPhotoAdditional1.png","contentUrl":"https:\/\/pneusbazar.com\/wp-content\/uploads\/2014\/12\/157_WebPhotoAdditional1.png","width":400,"height":400},{"@type":"BreadcrumbList","@id":"https:\/\/pneusbazar.com\/?product=kumho-ecowing-kh30#breadcrumb","itemListElement":[{"@type":"ListItem","position":1,"name":"Accueil","item":"http:\/\/pneusbazar.com\/"},{"@type":"ListItem","position":2,"name":"Catalogue de pneus","item":"https:\/\/pneusbazar.com\/?page_id=20284"},{"@type":"ListItem","position":3,"name":"Kumho ECOWING KH30"}]},{"@type":"WebSite","@id":"http:\/\/pneusbazar.com\/#website","url":"http:\/\/pneusbazar.com\/","name":"Pneus Bazar","description":"On prend soin de vous","potentialAction":[{"@type":"SearchAction","target":{"@type":"EntryPoint","urlTemplate":"http:\/\/pneusbazar.com\/?s={search_term_string}"},"query-input":"required name=search_term_string"}],"inLanguage":"fr-FR"}]}},"_links":{"self":[{"href":"https:\/\/pneusbazar.com\/index.php?rest_route=\/wp\/v2\/product\/18505"}],"collection":[{"href":"https:\/\/pneusbazar.com\/index.php?rest_route=\/wp\/v2\/product"}],"about":[{"href":"https:\/\/pneusbazar.com\/index.php?rest_route=\/wp\/v2\/types\/product"}],"replies":[{"embeddable":true,"href":"https:\/\/pneusbazar.com\/index.php?rest_route=%2Fwp%2Fv2%2Fcomments&post=18505"}],"wp:featuredmedia":[{"embeddable":true,"href":"https:\/\/pneusbazar.com\/index.php?rest_route=\/wp\/v2\/media\/18506"}],"wp:attachment":[{"href":"https:\/\/pneusbazar.com\/index.php?rest_route=%2Fwp%2Fv2%2Fmedia&parent=18505"}],"wp:term":[{"taxonomy":"product_cat","embeddable":true,"href":"https:\/\/pneusbazar.com\/index.php?rest_route=%2Fwp%2Fv2%2Fproduct_cat&post=18505"},{"taxonomy":"product_tag","embeddable":true,"href":"https:\/\/pneusbazar.com\/index.php?rest_route=%2Fwp%2Fv2%2Fproduct_tag&post=18505"}],"curies":[{"name":"wp","href":"https:\/\/api.w.org\/{rel}","templated":true}]}}