{"id":18507,"date":"2014-12-11T19:40:58","date_gmt":"2014-12-11T19:40:58","guid":{"rendered":"http:\/\/watch-foot.com\/?post_type=product&#038;p=18507"},"modified":"2020-11-14T22:11:14","modified_gmt":"2020-11-15T03:11:14","slug":"kumho-ecsta-4x-ku22","status":"publish","type":"product","link":"https:\/\/pneusbazar.com\/?product=kumho-ecsta-4x-ku22","title":{"rendered":"Kumho ECSTA 4X KU22"},"content":{"rendered":"<table width=\"164\">\n<tbody>\n<tr>\n<td colspan=\"2\">Grandeurs disponibles<\/td>\n<\/tr>\n<tr>\n<td>185\/55R15<\/td>\n<td>245\/40R17<\/td>\n<\/tr>\n<tr>\n<td>195\/55R15<\/td>\n<td>255\/40R17<\/td>\n<\/tr>\n<tr>\n<td>205\/55R15<\/td>\n<td>275\/40R17<\/td>\n<\/tr>\n<tr>\n<td>195\/55R16<\/td>\n<td>225\/50R18<\/td>\n<\/tr>\n<tr>\n<td>205\/55R16<\/td>\n<td>235\/50R18<\/td>\n<\/tr>\n<tr>\n<td>215\/55R16<\/td>\n<td>245\/50R18<\/td>\n<\/tr>\n<tr>\n<td>225\/55R16<\/td>\n<td>215\/45R18<\/td>\n<\/tr>\n<tr>\n<td>195\/50R16<\/td>\n<td>225\/45R18<\/td>\n<\/tr>\n<tr>\n<td>205\/50R16<\/td>\n<td>235\/45R18<\/td>\n<\/tr>\n<tr>\n<td>225\/50R16<\/td>\n<td>245\/45R18<\/td>\n<\/tr>\n<tr>\n<td>215\/55R17<\/td>\n<td>225\/40R18<\/td>\n<\/tr>\n<tr>\n<td>225\/55R17<\/td>\n<td>235\/40R18<\/td>\n<\/tr>\n<tr>\n<td>235\/55R17<\/td>\n<td>245\/40R18<\/td>\n<\/tr>\n<tr>\n<td>205\/50R17<\/td>\n<td>255\/40R18<\/td>\n<\/tr>\n<tr>\n<td>215\/50R17<\/td>\n<td>255\/35R18<\/td>\n<\/tr>\n<tr>\n<td>225\/50R17<\/td>\n<td>265\/35R18<\/td>\n<\/tr>\n<tr>\n<td>235\/50R17<\/td>\n<td>275\/35R18<\/td>\n<\/tr>\n<tr>\n<td>245\/50R17<\/td>\n<td>245\/40R19<\/td>\n<\/tr>\n<tr>\n<td>205\/45R17<\/td>\n<td>255\/40R19<\/td>\n<\/tr>\n<tr>\n<td>215\/45R17<\/td>\n<td>255\/35R19<\/td>\n<\/tr>\n<tr>\n<td>225\/45R17<\/td>\n<td>245\/45R20<\/td>\n<\/tr>\n<tr>\n<td>235\/45R17<\/td>\n<td>255\/45R20<\/td>\n<\/tr>\n<tr>\n<td>245\/45R17<\/td>\n<td>245\/35R20<\/td>\n<\/tr>\n<tr>\n<td>205\/40R17<\/td>\n<td>255\/35R20<\/td>\n<\/tr>\n<\/tbody>\n<\/table>\n<p><span style=\"color: #ffffff;\">pneu pneus<\/span><\/p>\n","protected":false},"excerpt":{"rendered":"<ul>\n<li>\n<h4>Sculpture asym\u00e9trique pour une performance quatre saisons<\/h4>\n<\/li>\n<li>\n<h4>Compos\u00e9 de bande de roulement renforc\u00e9 de silice am\u00e9liore la traction sur chauss\u00e9es s\u00e8ches et mouill\u00e9es<\/h4>\n<\/li>\n<li>\n<h4>Rainures renforc\u00e9s pour une tenue de route exceptionnelle<\/h4>\n<\/li>\n<li>\n<h4>Pav\u00e9s multiangles pour meilleure efficacit\u00e9 lors de l&rsquo;acc\u00e9l\u00e9ration et du freinage<\/h4>\n<\/li>\n<\/ul>\n","protected":false},"featured_media":18508,"comment_status":"closed","ping_status":"closed","template":"","meta":[],"product_cat":[],"product_tag":[],"class_list":{"0":"post-18507","1":"product","2":"type-product","3":"status-publish","4":"has-post-thumbnail","6":"pa_experience-de-conduite-haute-performance","7":"pa_gamme-bad","8":"pa_marque-kumho","9":"pa_saison-de-pneus-4-saisons","10":"pa_type-de-pneu-pneus-de-voiture","12":"first","13":"instock","14":"shipping-taxable","15":"product-type-simple"},"yoast_head":"<!-- This site is optimized with the Yoast SEO plugin v23.2 - https:\/\/yoast.com\/wordpress\/plugins\/seo\/ -->\n<title>Kumho ECSTA 4X KU22 - Pneus Bazar<\/title>\n<meta name=\"robots\" content=\"index, follow, max-snippet:-1, max-image-preview:large, max-video-preview:-1\" \/>\n<link rel=\"canonical\" href=\"http:\/\/pneusbazar.com\/?product=kumho-ecsta-4x-ku22\" \/>\n<script type=\"application\/ld+json\" class=\"yoast-schema-graph\">{\"@context\":\"https:\/\/schema.org\",\"@graph\":[{\"@type\":\"WebPage\",\"@id\":\"http:\/\/pneusbazar.com\/?product=kumho-ecsta-4x-ku22\",\"url\":\"http:\/\/pneusbazar.com\/?product=kumho-ecsta-4x-ku22\",\"name\":\"Kumho ECSTA 4X KU22 - Pneus Bazar\",\"isPartOf\":{\"@id\":\"http:\/\/pneusbazar.com\/#website\"},\"primaryImageOfPage\":{\"@id\":\"http:\/\/pneusbazar.com\/?product=kumho-ecsta-4x-ku22#primaryimage\"},\"image\":{\"@id\":\"http:\/\/pneusbazar.com\/?product=kumho-ecsta-4x-ku22#primaryimage\"},\"thumbnailUrl\":\"https:\/\/pneusbazar.com\/wp-content\/uploads\/2014\/12\/158_WebPhotoAdditional1.png\",\"datePublished\":\"2014-12-11T19:40:58+00:00\",\"dateModified\":\"2020-11-15T03:11:14+00:00\",\"breadcrumb\":{\"@id\":\"http:\/\/pneusbazar.com\/?product=kumho-ecsta-4x-ku22#breadcrumb\"},\"inLanguage\":\"fr-FR\",\"potentialAction\":[{\"@type\":\"ReadAction\",\"target\":[\"http:\/\/pneusbazar.com\/?product=kumho-ecsta-4x-ku22\"]}]},{\"@type\":\"ImageObject\",\"inLanguage\":\"fr-FR\",\"@id\":\"http:\/\/pneusbazar.com\/?product=kumho-ecsta-4x-ku22#primaryimage\",\"url\":\"https:\/\/pneusbazar.com\/wp-content\/uploads\/2014\/12\/158_WebPhotoAdditional1.png\",\"contentUrl\":\"https:\/\/pneusbazar.com\/wp-content\/uploads\/2014\/12\/158_WebPhotoAdditional1.png\",\"width\":400,\"height\":400},{\"@type\":\"BreadcrumbList\",\"@id\":\"http:\/\/pneusbazar.com\/?product=kumho-ecsta-4x-ku22#breadcrumb\",\"itemListElement\":[{\"@type\":\"ListItem\",\"position\":1,\"name\":\"Accueil\",\"item\":\"http:\/\/pneusbazar.com\/\"},{\"@type\":\"ListItem\",\"position\":2,\"name\":\"Catalogue de pneus\",\"item\":\"http:\/\/pneusbazar.com\/?page_id=20284\"},{\"@type\":\"ListItem\",\"position\":3,\"name\":\"Kumho ECSTA 4X KU22\"}]},{\"@type\":\"WebSite\",\"@id\":\"http:\/\/pneusbazar.com\/#website\",\"url\":\"http:\/\/pneusbazar.com\/\",\"name\":\"Pneus Bazar\",\"description\":\"On prend soin de vous\",\"potentialAction\":[{\"@type\":\"SearchAction\",\"target\":{\"@type\":\"EntryPoint\",\"urlTemplate\":\"http:\/\/pneusbazar.com\/?s={search_term_string}\"},\"query-input\":\"required name=search_term_string\"}],\"inLanguage\":\"fr-FR\"}]}<\/script>\n<!-- \/ Yoast SEO plugin. -->","yoast_head_json":{"title":"Kumho ECSTA 4X KU22 - Pneus Bazar","robots":{"index":"index","follow":"follow","max-snippet":"max-snippet:-1","max-image-preview":"max-image-preview:large","max-video-preview":"max-video-preview:-1"},"canonical":"http:\/\/pneusbazar.com\/?product=kumho-ecsta-4x-ku22","schema":{"@context":"https:\/\/schema.org","@graph":[{"@type":"WebPage","@id":"http:\/\/pneusbazar.com\/?product=kumho-ecsta-4x-ku22","url":"http:\/\/pneusbazar.com\/?product=kumho-ecsta-4x-ku22","name":"Kumho ECSTA 4X KU22 - Pneus Bazar","isPartOf":{"@id":"http:\/\/pneusbazar.com\/#website"},"primaryImageOfPage":{"@id":"http:\/\/pneusbazar.com\/?product=kumho-ecsta-4x-ku22#primaryimage"},"image":{"@id":"http:\/\/pneusbazar.com\/?product=kumho-ecsta-4x-ku22#primaryimage"},"thumbnailUrl":"https:\/\/pneusbazar.com\/wp-content\/uploads\/2014\/12\/158_WebPhotoAdditional1.png","datePublished":"2014-12-11T19:40:58+00:00","dateModified":"2020-11-15T03:11:14+00:00","breadcrumb":{"@id":"http:\/\/pneusbazar.com\/?product=kumho-ecsta-4x-ku22#breadcrumb"},"inLanguage":"fr-FR","potentialAction":[{"@type":"ReadAction","target":["http:\/\/pneusbazar.com\/?product=kumho-ecsta-4x-ku22"]}]},{"@type":"ImageObject","inLanguage":"fr-FR","@id":"http:\/\/pneusbazar.com\/?product=kumho-ecsta-4x-ku22#primaryimage","url":"https:\/\/pneusbazar.com\/wp-content\/uploads\/2014\/12\/158_WebPhotoAdditional1.png","contentUrl":"https:\/\/pneusbazar.com\/wp-content\/uploads\/2014\/12\/158_WebPhotoAdditional1.png","width":400,"height":400},{"@type":"BreadcrumbList","@id":"http:\/\/pneusbazar.com\/?product=kumho-ecsta-4x-ku22#breadcrumb","itemListElement":[{"@type":"ListItem","position":1,"name":"Accueil","item":"http:\/\/pneusbazar.com\/"},{"@type":"ListItem","position":2,"name":"Catalogue de pneus","item":"http:\/\/pneusbazar.com\/?page_id=20284"},{"@type":"ListItem","position":3,"name":"Kumho ECSTA 4X KU22"}]},{"@type":"WebSite","@id":"http:\/\/pneusbazar.com\/#website","url":"http:\/\/pneusbazar.com\/","name":"Pneus Bazar","description":"On prend soin de vous","potentialAction":[{"@type":"SearchAction","target":{"@type":"EntryPoint","urlTemplate":"http:\/\/pneusbazar.com\/?s={search_term_string}"},"query-input":"required name=search_term_string"}],"inLanguage":"fr-FR"}]}},"_links":{"self":[{"href":"https:\/\/pneusbazar.com\/index.php?rest_route=\/wp\/v2\/product\/18507"}],"collection":[{"href":"https:\/\/pneusbazar.com\/index.php?rest_route=\/wp\/v2\/product"}],"about":[{"href":"https:\/\/pneusbazar.com\/index.php?rest_route=\/wp\/v2\/types\/product"}],"replies":[{"embeddable":true,"href":"https:\/\/pneusbazar.com\/index.php?rest_route=%2Fwp%2Fv2%2Fcomments&post=18507"}],"wp:featuredmedia":[{"embeddable":true,"href":"https:\/\/pneusbazar.com\/index.php?rest_route=\/wp\/v2\/media\/18508"}],"wp:attachment":[{"href":"https:\/\/pneusbazar.com\/index.php?rest_route=%2Fwp%2Fv2%2Fmedia&parent=18507"}],"wp:term":[{"taxonomy":"product_cat","embeddable":true,"href":"https:\/\/pneusbazar.com\/index.php?rest_route=%2Fwp%2Fv2%2Fproduct_cat&post=18507"},{"taxonomy":"product_tag","embeddable":true,"href":"https:\/\/pneusbazar.com\/index.php?rest_route=%2Fwp%2Fv2%2Fproduct_tag&post=18507"}],"curies":[{"name":"wp","href":"https:\/\/api.w.org\/{rel}","templated":true}]}}