{"id":18515,"date":"2014-12-11T20:10:14","date_gmt":"2014-12-11T20:10:14","guid":{"rendered":"http:\/\/watch-foot.com\/?post_type=product&#038;p=18515"},"modified":"2020-11-14T22:11:14","modified_gmt":"2020-11-15T03:11:14","slug":"pirelli-winter-270-sottozero-serie-ii","status":"publish","type":"product","link":"https:\/\/pneusbazar.com\/?product=pirelli-winter-270-sottozero-serie-ii","title":{"rendered":"Pirelli WINTER 270 SOTTOZERO SERIE II"},"content":{"rendered":"<table width=\"92\">\n<tbody>\n<tr>\n<td>Grandeurs disponibles<\/td>\n<\/tr>\n<tr>\n<td>235\/40R19<\/td>\n<\/tr>\n<tr>\n<td>275\/40R19<\/td>\n<\/tr>\n<tr>\n<td>245\/35R19<\/td>\n<\/tr>\n<tr>\n<td>255\/35R19<\/td>\n<\/tr>\n<tr>\n<td>265\/35R19<\/td>\n<\/tr>\n<tr>\n<td>275\/35R19<\/td>\n<\/tr>\n<tr>\n<td>235\/45R20<\/td>\n<\/tr>\n<tr>\n<td>265\/45R20<\/td>\n<\/tr>\n<tr>\n<td>245\/40R20<\/td>\n<\/tr>\n<tr>\n<td>275\/40R20<\/td>\n<\/tr>\n<tr>\n<td>235\/35R20<\/td>\n<\/tr>\n<tr>\n<td>245\/35R20<\/td>\n<\/tr>\n<tr>\n<td>275\/35R20<\/td>\n<\/tr>\n<tr>\n<td>285\/35R20<\/td>\n<\/tr>\n<tr>\n<td>295\/30R20<\/td>\n<\/tr>\n<tr>\n<td>295\/30R20<\/td>\n<\/tr>\n<tr>\n<td>335\/30R20<\/td>\n<\/tr>\n<\/tbody>\n<\/table>\n<p><span style=\"color: #ffffff;\">pneu pneus<\/span><\/p>\n","protected":false},"excerpt":{"rendered":"<ul>\n<li>\n<h4>Indice de vitesse W (jusqu\u2019\u00e0 270 km\/h)<\/h4>\n<\/li>\n<li>\n<h4>Profil asym\u00e9trique pour meilleure traction sur la neige et confort de conduite<\/h4>\n<\/li>\n<li>\n<h4>Augmentation du contact au sol pour meilleure adh\u00e9rence en traction et en freinage<\/h4>\n<\/li>\n<li>\n<h4>Carcasse plus rigide procure stabilit\u00e9 pour meilleure tenue de route<\/h4>\n<\/li>\n<li>\n<h4>Nouveau m\u00e9lange de gomme TDC pour tenue de route et adh\u00e9rence optimales sur routes s\u00e8ches et mouill\u00e9es<\/h4>\n<\/li>\n<\/ul>\n","protected":false},"featured_media":18517,"comment_status":"closed","ping_status":"closed","template":"","meta":[],"product_cat":[],"product_tag":[],"class_list":{"0":"post-18515","1":"product","2":"type-product","3":"status-publish","4":"has-post-thumbnail","6":"pa_experience-de-conduite-haute-performance","7":"pa_gamme-good","8":"pa_marque-pirelli","9":"pa_saison-de-pneus-hiver","10":"pa_type-de-pneu-pneus-de-vehicule-utilitaire","12":"first","13":"instock","14":"shipping-taxable","15":"product-type-simple"},"yoast_head":"<!-- This site is optimized with the Yoast SEO plugin v23.2 - https:\/\/yoast.com\/wordpress\/plugins\/seo\/ -->\n<title>Pirelli WINTER 270 SOTTOZERO SERIE II - Pneus Bazar<\/title>\n<meta name=\"robots\" content=\"index, follow, max-snippet:-1, max-image-preview:large, max-video-preview:-1\" \/>\n<link rel=\"canonical\" href=\"https:\/\/pneusbazar.com\/?product=pirelli-winter-270-sottozero-serie-ii\" \/>\n<script type=\"application\/ld+json\" class=\"yoast-schema-graph\">{\"@context\":\"https:\/\/schema.org\",\"@graph\":[{\"@type\":\"WebPage\",\"@id\":\"https:\/\/pneusbazar.com\/?product=pirelli-winter-270-sottozero-serie-ii\",\"url\":\"https:\/\/pneusbazar.com\/?product=pirelli-winter-270-sottozero-serie-ii\",\"name\":\"Pirelli WINTER 270 SOTTOZERO SERIE II - Pneus Bazar\",\"isPartOf\":{\"@id\":\"http:\/\/pneusbazar.com\/#website\"},\"primaryImageOfPage\":{\"@id\":\"https:\/\/pneusbazar.com\/?product=pirelli-winter-270-sottozero-serie-ii#primaryimage\"},\"image\":{\"@id\":\"https:\/\/pneusbazar.com\/?product=pirelli-winter-270-sottozero-serie-ii#primaryimage\"},\"thumbnailUrl\":\"https:\/\/pneusbazar.com\/wp-content\/uploads\/2014\/12\/Pirelli-Winter-270-SerieII_lg.jpg\",\"datePublished\":\"2014-12-11T20:10:14+00:00\",\"dateModified\":\"2020-11-15T03:11:14+00:00\",\"breadcrumb\":{\"@id\":\"https:\/\/pneusbazar.com\/?product=pirelli-winter-270-sottozero-serie-ii#breadcrumb\"},\"inLanguage\":\"fr-FR\",\"potentialAction\":[{\"@type\":\"ReadAction\",\"target\":[\"https:\/\/pneusbazar.com\/?product=pirelli-winter-270-sottozero-serie-ii\"]}]},{\"@type\":\"ImageObject\",\"inLanguage\":\"fr-FR\",\"@id\":\"https:\/\/pneusbazar.com\/?product=pirelli-winter-270-sottozero-serie-ii#primaryimage\",\"url\":\"https:\/\/pneusbazar.com\/wp-content\/uploads\/2014\/12\/Pirelli-Winter-270-SerieII_lg.jpg\",\"contentUrl\":\"https:\/\/pneusbazar.com\/wp-content\/uploads\/2014\/12\/Pirelli-Winter-270-SerieII_lg.jpg\",\"width\":400,\"height\":400},{\"@type\":\"BreadcrumbList\",\"@id\":\"https:\/\/pneusbazar.com\/?product=pirelli-winter-270-sottozero-serie-ii#breadcrumb\",\"itemListElement\":[{\"@type\":\"ListItem\",\"position\":1,\"name\":\"Accueil\",\"item\":\"http:\/\/pneusbazar.com\/\"},{\"@type\":\"ListItem\",\"position\":2,\"name\":\"Catalogue de pneus\",\"item\":\"http:\/\/pneusbazar.com\/?page_id=20284\"},{\"@type\":\"ListItem\",\"position\":3,\"name\":\"Pirelli WINTER 270 SOTTOZERO SERIE II\"}]},{\"@type\":\"WebSite\",\"@id\":\"http:\/\/pneusbazar.com\/#website\",\"url\":\"http:\/\/pneusbazar.com\/\",\"name\":\"Pneus Bazar\",\"description\":\"On prend soin de vous\",\"potentialAction\":[{\"@type\":\"SearchAction\",\"target\":{\"@type\":\"EntryPoint\",\"urlTemplate\":\"http:\/\/pneusbazar.com\/?s={search_term_string}\"},\"query-input\":\"required name=search_term_string\"}],\"inLanguage\":\"fr-FR\"}]}<\/script>\n<!-- \/ Yoast SEO plugin. -->","yoast_head_json":{"title":"Pirelli WINTER 270 SOTTOZERO SERIE II - Pneus Bazar","robots":{"index":"index","follow":"follow","max-snippet":"max-snippet:-1","max-image-preview":"max-image-preview:large","max-video-preview":"max-video-preview:-1"},"canonical":"https:\/\/pneusbazar.com\/?product=pirelli-winter-270-sottozero-serie-ii","schema":{"@context":"https:\/\/schema.org","@graph":[{"@type":"WebPage","@id":"https:\/\/pneusbazar.com\/?product=pirelli-winter-270-sottozero-serie-ii","url":"https:\/\/pneusbazar.com\/?product=pirelli-winter-270-sottozero-serie-ii","name":"Pirelli WINTER 270 SOTTOZERO SERIE II - Pneus Bazar","isPartOf":{"@id":"http:\/\/pneusbazar.com\/#website"},"primaryImageOfPage":{"@id":"https:\/\/pneusbazar.com\/?product=pirelli-winter-270-sottozero-serie-ii#primaryimage"},"image":{"@id":"https:\/\/pneusbazar.com\/?product=pirelli-winter-270-sottozero-serie-ii#primaryimage"},"thumbnailUrl":"https:\/\/pneusbazar.com\/wp-content\/uploads\/2014\/12\/Pirelli-Winter-270-SerieII_lg.jpg","datePublished":"2014-12-11T20:10:14+00:00","dateModified":"2020-11-15T03:11:14+00:00","breadcrumb":{"@id":"https:\/\/pneusbazar.com\/?product=pirelli-winter-270-sottozero-serie-ii#breadcrumb"},"inLanguage":"fr-FR","potentialAction":[{"@type":"ReadAction","target":["https:\/\/pneusbazar.com\/?product=pirelli-winter-270-sottozero-serie-ii"]}]},{"@type":"ImageObject","inLanguage":"fr-FR","@id":"https:\/\/pneusbazar.com\/?product=pirelli-winter-270-sottozero-serie-ii#primaryimage","url":"https:\/\/pneusbazar.com\/wp-content\/uploads\/2014\/12\/Pirelli-Winter-270-SerieII_lg.jpg","contentUrl":"https:\/\/pneusbazar.com\/wp-content\/uploads\/2014\/12\/Pirelli-Winter-270-SerieII_lg.jpg","width":400,"height":400},{"@type":"BreadcrumbList","@id":"https:\/\/pneusbazar.com\/?product=pirelli-winter-270-sottozero-serie-ii#breadcrumb","itemListElement":[{"@type":"ListItem","position":1,"name":"Accueil","item":"http:\/\/pneusbazar.com\/"},{"@type":"ListItem","position":2,"name":"Catalogue de pneus","item":"http:\/\/pneusbazar.com\/?page_id=20284"},{"@type":"ListItem","position":3,"name":"Pirelli WINTER 270 SOTTOZERO SERIE II"}]},{"@type":"WebSite","@id":"http:\/\/pneusbazar.com\/#website","url":"http:\/\/pneusbazar.com\/","name":"Pneus Bazar","description":"On prend soin de vous","potentialAction":[{"@type":"SearchAction","target":{"@type":"EntryPoint","urlTemplate":"http:\/\/pneusbazar.com\/?s={search_term_string}"},"query-input":"required name=search_term_string"}],"inLanguage":"fr-FR"}]}},"_links":{"self":[{"href":"https:\/\/pneusbazar.com\/index.php?rest_route=\/wp\/v2\/product\/18515"}],"collection":[{"href":"https:\/\/pneusbazar.com\/index.php?rest_route=\/wp\/v2\/product"}],"about":[{"href":"https:\/\/pneusbazar.com\/index.php?rest_route=\/wp\/v2\/types\/product"}],"replies":[{"embeddable":true,"href":"https:\/\/pneusbazar.com\/index.php?rest_route=%2Fwp%2Fv2%2Fcomments&post=18515"}],"wp:featuredmedia":[{"embeddable":true,"href":"https:\/\/pneusbazar.com\/index.php?rest_route=\/wp\/v2\/media\/18517"}],"wp:attachment":[{"href":"https:\/\/pneusbazar.com\/index.php?rest_route=%2Fwp%2Fv2%2Fmedia&parent=18515"}],"wp:term":[{"taxonomy":"product_cat","embeddable":true,"href":"https:\/\/pneusbazar.com\/index.php?rest_route=%2Fwp%2Fv2%2Fproduct_cat&post=18515"},{"taxonomy":"product_tag","embeddable":true,"href":"https:\/\/pneusbazar.com\/index.php?rest_route=%2Fwp%2Fv2%2Fproduct_tag&post=18515"}],"curies":[{"name":"wp","href":"https:\/\/api.w.org\/{rel}","templated":true}]}}