{"id":18526,"date":"2014-12-11T20:48:09","date_gmt":"2014-12-11T20:48:09","guid":{"rendered":"http:\/\/watch-foot.com\/?post_type=product&#038;p=18526"},"modified":"2020-11-14T22:11:14","modified_gmt":"2020-11-15T03:11:14","slug":"toyo-garit-kx","status":"publish","type":"product","link":"https:\/\/pneusbazar.com\/?product=toyo-garit-kx","title":{"rendered":"Toyo GARIT KX"},"content":{"rendered":"<table width=\"80\">\n<tbody>\n<tr>\n<td>Grandeurs disponibles<\/td>\n<\/tr>\n<tr>\n<td>195\/55R15<\/td>\n<\/tr>\n<tr>\n<td>195\/55R16<\/td>\n<\/tr>\n<tr>\n<td>205\/55R16<\/td>\n<\/tr>\n<tr>\n<td>215\/55R16<\/td>\n<\/tr>\n<tr>\n<td>225\/55R16<\/td>\n<\/tr>\n<tr>\n<td>195\/50R16<\/td>\n<\/tr>\n<tr>\n<td>205\/50R16<\/td>\n<\/tr>\n<tr>\n<td>215\/50R16<\/td>\n<\/tr>\n<tr>\n<td>225\/50R16<\/td>\n<\/tr>\n<tr>\n<td>215\/55R17<\/td>\n<\/tr>\n<tr>\n<td>225\/55R17<\/td>\n<\/tr>\n<tr>\n<td>205\/50R17<\/td>\n<\/tr>\n<tr>\n<td>215\/50R17<\/td>\n<\/tr>\n<tr>\n<td>225\/50R17<\/td>\n<\/tr>\n<tr>\n<td>235\/50R17<\/td>\n<\/tr>\n<tr>\n<td>215\/45R17<\/td>\n<\/tr>\n<tr>\n<td>225\/45R17<\/td>\n<\/tr>\n<tr>\n<td>235\/45R17<\/td>\n<\/tr>\n<tr>\n<td>245\/45R17<\/td>\n<\/tr>\n<tr>\n<td>225\/50R18<\/td>\n<\/tr>\n<tr>\n<td>225\/45R18<\/td>\n<\/tr>\n<tr>\n<td>235\/45R18<\/td>\n<\/tr>\n<tr>\n<td>245\/45R18<\/td>\n<\/tr>\n<tr>\n<td>245\/40R19<\/td>\n<\/tr>\n<\/tbody>\n<\/table>\n<p><span style=\"color: #ffffff;\">pneu pneus<\/span><\/p>\n","protected":false},"excerpt":{"rendered":"<ul>\n<li>\n<h4>Compos\u00e9 \u00e0 haute teneur en silice am\u00e9liore l\u2019adh\u00e9rence sur chauss\u00e9e mouill\u00e9e et en freinage tout en maintenant un niveau de traction \u00e9lev\u00e9 par temps froid<\/h4>\n<\/li>\n<li>\n<h4>Technologie Microbit \u2013 coquilles de noix broy\u00e9es int\u00e9gr\u00e9es \u00e0 la bande<\/h4>\n<h4>de roulement mordent \u00e0 la surface glac\u00e9e pour une meilleure traction<\/h4>\n<\/li>\n<li>\n<h4>Lamelles ondul\u00e9es haute densit\u00e9 am\u00e9liorent la traction dans la neige<\/h4>\n<\/li>\n<li>\n<h4>Barrettes en dents de scie coupent et mordent dans la neige pour meilleure traction et performance am\u00e9lior\u00e9e en hiver<\/h4>\n<\/li>\n<\/ul>\n","protected":false},"featured_media":18528,"comment_status":"closed","ping_status":"closed","template":"","meta":[],"product_cat":[],"product_tag":[95,96,128],"class_list":{"0":"post-18526","1":"product","2":"type-product","3":"status-publish","4":"has-post-thumbnail","6":"product_tag-pneu","7":"product_tag-pneus","8":"product_tag-toyo-2","9":"pa_experience-de-conduite-haute-performance","10":"pa_gamme-good","11":"pa_marque-toyo","12":"pa_saison-de-pneus-hiver","13":"pa_type-de-pneu-pneus-de-voiture","15":"first","16":"instock","17":"shipping-taxable","18":"product-type-simple"},"yoast_head":"<!-- This site is optimized with the Yoast SEO plugin v23.2 - https:\/\/yoast.com\/wordpress\/plugins\/seo\/ -->\n<title>Toyo GARIT KX - Pneus Bazar<\/title>\n<meta name=\"robots\" content=\"index, follow, max-snippet:-1, max-image-preview:large, max-video-preview:-1\" \/>\n<link rel=\"canonical\" href=\"https:\/\/pneusbazar.com\/?product=toyo-garit-kx\" \/>\n<script type=\"application\/ld+json\" class=\"yoast-schema-graph\">{\"@context\":\"https:\/\/schema.org\",\"@graph\":[{\"@type\":\"WebPage\",\"@id\":\"https:\/\/pneusbazar.com\/?product=toyo-garit-kx\",\"url\":\"https:\/\/pneusbazar.com\/?product=toyo-garit-kx\",\"name\":\"Toyo GARIT KX - Pneus Bazar\",\"isPartOf\":{\"@id\":\"https:\/\/pneusbazar.com\/#website\"},\"primaryImageOfPage\":{\"@id\":\"https:\/\/pneusbazar.com\/?product=toyo-garit-kx#primaryimage\"},\"image\":{\"@id\":\"https:\/\/pneusbazar.com\/?product=toyo-garit-kx#primaryimage\"},\"thumbnailUrl\":\"https:\/\/pneusbazar.com\/wp-content\/uploads\/2014\/12\/Toyo_Observe_GaritKX_lg.jpg\",\"datePublished\":\"2014-12-11T20:48:09+00:00\",\"dateModified\":\"2020-11-15T03:11:14+00:00\",\"breadcrumb\":{\"@id\":\"https:\/\/pneusbazar.com\/?product=toyo-garit-kx#breadcrumb\"},\"inLanguage\":\"fr-FR\",\"potentialAction\":[{\"@type\":\"ReadAction\",\"target\":[\"https:\/\/pneusbazar.com\/?product=toyo-garit-kx\"]}]},{\"@type\":\"ImageObject\",\"inLanguage\":\"fr-FR\",\"@id\":\"https:\/\/pneusbazar.com\/?product=toyo-garit-kx#primaryimage\",\"url\":\"https:\/\/pneusbazar.com\/wp-content\/uploads\/2014\/12\/Toyo_Observe_GaritKX_lg.jpg\",\"contentUrl\":\"https:\/\/pneusbazar.com\/wp-content\/uploads\/2014\/12\/Toyo_Observe_GaritKX_lg.jpg\",\"width\":400,\"height\":400},{\"@type\":\"BreadcrumbList\",\"@id\":\"https:\/\/pneusbazar.com\/?product=toyo-garit-kx#breadcrumb\",\"itemListElement\":[{\"@type\":\"ListItem\",\"position\":1,\"name\":\"Accueil\",\"item\":\"https:\/\/pneusbazar.com\/\"},{\"@type\":\"ListItem\",\"position\":2,\"name\":\"Catalogue de pneus\",\"item\":\"https:\/\/pneusbazar.com\/?page_id=20284\"},{\"@type\":\"ListItem\",\"position\":3,\"name\":\"Toyo GARIT KX\"}]},{\"@type\":\"WebSite\",\"@id\":\"https:\/\/pneusbazar.com\/#website\",\"url\":\"https:\/\/pneusbazar.com\/\",\"name\":\"Pneus Bazar\",\"description\":\"On prend soin de vous\",\"potentialAction\":[{\"@type\":\"SearchAction\",\"target\":{\"@type\":\"EntryPoint\",\"urlTemplate\":\"https:\/\/pneusbazar.com\/?s={search_term_string}\"},\"query-input\":\"required name=search_term_string\"}],\"inLanguage\":\"fr-FR\"}]}<\/script>\n<!-- \/ Yoast SEO plugin. -->","yoast_head_json":{"title":"Toyo GARIT KX - Pneus Bazar","robots":{"index":"index","follow":"follow","max-snippet":"max-snippet:-1","max-image-preview":"max-image-preview:large","max-video-preview":"max-video-preview:-1"},"canonical":"https:\/\/pneusbazar.com\/?product=toyo-garit-kx","schema":{"@context":"https:\/\/schema.org","@graph":[{"@type":"WebPage","@id":"https:\/\/pneusbazar.com\/?product=toyo-garit-kx","url":"https:\/\/pneusbazar.com\/?product=toyo-garit-kx","name":"Toyo GARIT KX - Pneus Bazar","isPartOf":{"@id":"https:\/\/pneusbazar.com\/#website"},"primaryImageOfPage":{"@id":"https:\/\/pneusbazar.com\/?product=toyo-garit-kx#primaryimage"},"image":{"@id":"https:\/\/pneusbazar.com\/?product=toyo-garit-kx#primaryimage"},"thumbnailUrl":"https:\/\/pneusbazar.com\/wp-content\/uploads\/2014\/12\/Toyo_Observe_GaritKX_lg.jpg","datePublished":"2014-12-11T20:48:09+00:00","dateModified":"2020-11-15T03:11:14+00:00","breadcrumb":{"@id":"https:\/\/pneusbazar.com\/?product=toyo-garit-kx#breadcrumb"},"inLanguage":"fr-FR","potentialAction":[{"@type":"ReadAction","target":["https:\/\/pneusbazar.com\/?product=toyo-garit-kx"]}]},{"@type":"ImageObject","inLanguage":"fr-FR","@id":"https:\/\/pneusbazar.com\/?product=toyo-garit-kx#primaryimage","url":"https:\/\/pneusbazar.com\/wp-content\/uploads\/2014\/12\/Toyo_Observe_GaritKX_lg.jpg","contentUrl":"https:\/\/pneusbazar.com\/wp-content\/uploads\/2014\/12\/Toyo_Observe_GaritKX_lg.jpg","width":400,"height":400},{"@type":"BreadcrumbList","@id":"https:\/\/pneusbazar.com\/?product=toyo-garit-kx#breadcrumb","itemListElement":[{"@type":"ListItem","position":1,"name":"Accueil","item":"https:\/\/pneusbazar.com\/"},{"@type":"ListItem","position":2,"name":"Catalogue de pneus","item":"https:\/\/pneusbazar.com\/?page_id=20284"},{"@type":"ListItem","position":3,"name":"Toyo GARIT KX"}]},{"@type":"WebSite","@id":"https:\/\/pneusbazar.com\/#website","url":"https:\/\/pneusbazar.com\/","name":"Pneus Bazar","description":"On prend soin de vous","potentialAction":[{"@type":"SearchAction","target":{"@type":"EntryPoint","urlTemplate":"https:\/\/pneusbazar.com\/?s={search_term_string}"},"query-input":"required name=search_term_string"}],"inLanguage":"fr-FR"}]}},"_links":{"self":[{"href":"https:\/\/pneusbazar.com\/index.php?rest_route=\/wp\/v2\/product\/18526"}],"collection":[{"href":"https:\/\/pneusbazar.com\/index.php?rest_route=\/wp\/v2\/product"}],"about":[{"href":"https:\/\/pneusbazar.com\/index.php?rest_route=\/wp\/v2\/types\/product"}],"replies":[{"embeddable":true,"href":"https:\/\/pneusbazar.com\/index.php?rest_route=%2Fwp%2Fv2%2Fcomments&post=18526"}],"wp:featuredmedia":[{"embeddable":true,"href":"https:\/\/pneusbazar.com\/index.php?rest_route=\/wp\/v2\/media\/18528"}],"wp:attachment":[{"href":"https:\/\/pneusbazar.com\/index.php?rest_route=%2Fwp%2Fv2%2Fmedia&parent=18526"}],"wp:term":[{"taxonomy":"product_cat","embeddable":true,"href":"https:\/\/pneusbazar.com\/index.php?rest_route=%2Fwp%2Fv2%2Fproduct_cat&post=18526"},{"taxonomy":"product_tag","embeddable":true,"href":"https:\/\/pneusbazar.com\/index.php?rest_route=%2Fwp%2Fv2%2Fproduct_tag&post=18526"}],"curies":[{"name":"wp","href":"https:\/\/api.w.org\/{rel}","templated":true}]}}