{"id":20322,"date":"2014-12-20T23:46:41","date_gmt":"2014-12-20T23:46:41","guid":{"rendered":"http:\/\/pneusbazar.com\/?post_type=product&#038;p=20322"},"modified":"2020-11-14T22:11:14","modified_gmt":"2020-11-15T03:11:14","slug":"bridgestone-dueler-revo-2","status":"publish","type":"product","link":"https:\/\/pneusbazar.com\/?product=bridgestone-dueler-revo-2","title":{"rendered":"Bridgestone DUELER A\/T REVO 2"},"content":{"rendered":"<table width=\"190\">\n<tbody>\n<tr>\n<td colspan=\"2\">Grandeurs disponibles<\/td>\n<\/tr>\n<tr>\n<td>P235\/75R15<\/td>\n<td>P265\/60R18<\/td>\n<\/tr>\n<tr>\n<td>P245\/75R16<\/td>\n<td>255\/55R18<\/td>\n<\/tr>\n<tr>\n<td>P265\/75R16<\/td>\n<td>P275\/60R20<\/td>\n<\/tr>\n<tr>\n<td>P235\/70R16<\/td>\n<td>P275\/55R20<\/td>\n<\/tr>\n<tr>\n<td>P245\/70R16<\/td>\n<td>P285\/45R22<\/td>\n<\/tr>\n<tr>\n<td>P255\/70R16<\/td>\n<td>Camionnette<\/td>\n<\/tr>\n<tr>\n<td>P265\/70R16<\/td>\n<td>31X10.50R15LT<\/td>\n<\/tr>\n<tr>\n<td>P235\/75R17<\/td>\n<td>LT235\/85R16<\/td>\n<\/tr>\n<tr>\n<td>P245\/75R17<\/td>\n<td>LT245\/75R16<\/td>\n<\/tr>\n<tr>\n<td>P245\/70R17<\/td>\n<td>LT265\/75R16<\/td>\n<\/tr>\n<tr>\n<td>P255\/70R17<\/td>\n<td>LT285\/75R16<\/td>\n<\/tr>\n<tr>\n<td>P265\/70R17<\/td>\n<td>LT245\/75R17<\/td>\n<\/tr>\n<tr>\n<td>P285\/70R17<\/td>\n<td>LT255\/75R17<\/td>\n<\/tr>\n<tr>\n<td>P235\/65R17<\/td>\n<td>LT245\/70R17<\/td>\n<\/tr>\n<tr>\n<td>P245\/65R17<\/td>\n<td>LT265\/70R17<\/td>\n<\/tr>\n<tr>\n<td>P255\/65R17<\/td>\n<td>LT285\/70R17<\/td>\n<\/tr>\n<tr>\n<td>P265\/65R17<\/td>\n<td>LT315\/70R17<\/td>\n<\/tr>\n<tr>\n<td>P255\/70R18<\/td>\n<td>LT275\/65R18<\/td>\n<\/tr>\n<tr>\n<td>P265\/70R18<\/td>\n<td>LT285\/65R18<\/td>\n<\/tr>\n<tr>\n<td>P265\/65R18<\/td>\n<td>LT275\/65R20<\/td>\n<\/tr>\n<tr>\n<td>P275\/65R18<\/td>\n<td><\/td>\n<\/tr>\n<\/tbody>\n<\/table>\n","protected":false},"excerpt":{"rendered":"<ul>\n<li>Garantie de 30 jours \u00ab\u00a0Achetez et essayez\u00a0\u00bb<\/li>\n<li>Garantie limit\u00e9e de 80 000 km contre l\u2019usure de la bande de roulement (grandeurs P-m\u00e9triques seulement)<\/li>\n<li>Bande de roulement double \u00e9paisseur r\u00e9duit l\u2019effet de l\u2019usure sur sol mouill\u00e9<\/li>\n<li>\u00c9paulement ouvert aide \u00e0 \u00e9vacuer l\u2019eau et \u00e0 am\u00e9liorer l\u2019adh\u00e9rence et la maniabilit\u00e9 sur sol mouill\u00e9<\/li>\n<li>DuraTread minimise l\u2019\u00e9caillement et le d\u00e9chirement de la bande de roulement<\/li>\n<li>Pneu de haute durabilit\u00e9 qui r\u00e9siste aux pires conditions<\/li>\n<li>Rainures en dents de scie contribuent \u00e0 l\u2019adh\u00e9rence sur neige<\/li>\n<\/ul>\n","protected":false},"featured_media":20324,"comment_status":"closed","ping_status":"closed","template":"","meta":[],"product_cat":[],"product_tag":[],"class_list":{"0":"post-20322","1":"product","2":"type-product","3":"status-publish","4":"has-post-thumbnail","6":"pa_experience-de-conduite-tourisme","7":"pa_gamme-good","8":"pa_marque-bridgestone","9":"pa_saison-de-pneus-4-saisons","10":"pa_type-de-pneu-pneus-de-camionnette","12":"first","13":"instock","14":"shipping-taxable","15":"product-type-simple"},"yoast_head":"<!-- This site is optimized with the Yoast SEO plugin v23.2 - https:\/\/yoast.com\/wordpress\/plugins\/seo\/ -->\n<title>Bridgestone DUELER A\/T REVO 2 - Pneus Bazar<\/title>\n<meta name=\"robots\" content=\"index, follow, max-snippet:-1, max-image-preview:large, max-video-preview:-1\" \/>\n<link rel=\"canonical\" href=\"https:\/\/pneusbazar.com\/?product=bridgestone-dueler-revo-2\" \/>\n<script type=\"application\/ld+json\" class=\"yoast-schema-graph\">{\"@context\":\"https:\/\/schema.org\",\"@graph\":[{\"@type\":\"WebPage\",\"@id\":\"https:\/\/pneusbazar.com\/?product=bridgestone-dueler-revo-2\",\"url\":\"https:\/\/pneusbazar.com\/?product=bridgestone-dueler-revo-2\",\"name\":\"Bridgestone DUELER A\/T REVO 2 - Pneus Bazar\",\"isPartOf\":{\"@id\":\"https:\/\/pneusbazar.com\/#website\"},\"primaryImageOfPage\":{\"@id\":\"https:\/\/pneusbazar.com\/?product=bridgestone-dueler-revo-2#primaryimage\"},\"image\":{\"@id\":\"https:\/\/pneusbazar.com\/?product=bridgestone-dueler-revo-2#primaryimage\"},\"thumbnailUrl\":\"https:\/\/pneusbazar.com\/wp-content\/uploads\/2014\/12\/bridgestone_duelerRevo2_lg.jpg\",\"datePublished\":\"2014-12-20T23:46:41+00:00\",\"dateModified\":\"2020-11-15T03:11:14+00:00\",\"breadcrumb\":{\"@id\":\"https:\/\/pneusbazar.com\/?product=bridgestone-dueler-revo-2#breadcrumb\"},\"inLanguage\":\"fr-FR\",\"potentialAction\":[{\"@type\":\"ReadAction\",\"target\":[\"https:\/\/pneusbazar.com\/?product=bridgestone-dueler-revo-2\"]}]},{\"@type\":\"ImageObject\",\"inLanguage\":\"fr-FR\",\"@id\":\"https:\/\/pneusbazar.com\/?product=bridgestone-dueler-revo-2#primaryimage\",\"url\":\"https:\/\/pneusbazar.com\/wp-content\/uploads\/2014\/12\/bridgestone_duelerRevo2_lg.jpg\",\"contentUrl\":\"https:\/\/pneusbazar.com\/wp-content\/uploads\/2014\/12\/bridgestone_duelerRevo2_lg.jpg\",\"width\":400,\"height\":400},{\"@type\":\"BreadcrumbList\",\"@id\":\"https:\/\/pneusbazar.com\/?product=bridgestone-dueler-revo-2#breadcrumb\",\"itemListElement\":[{\"@type\":\"ListItem\",\"position\":1,\"name\":\"Accueil\",\"item\":\"https:\/\/pneusbazar.com\/\"},{\"@type\":\"ListItem\",\"position\":2,\"name\":\"Catalogue de pneus\",\"item\":\"https:\/\/pneusbazar.com\/?page_id=20284\"},{\"@type\":\"ListItem\",\"position\":3,\"name\":\"Bridgestone DUELER A\/T REVO 2\"}]},{\"@type\":\"WebSite\",\"@id\":\"https:\/\/pneusbazar.com\/#website\",\"url\":\"https:\/\/pneusbazar.com\/\",\"name\":\"Pneus Bazar\",\"description\":\"On prend soin de vous\",\"potentialAction\":[{\"@type\":\"SearchAction\",\"target\":{\"@type\":\"EntryPoint\",\"urlTemplate\":\"https:\/\/pneusbazar.com\/?s={search_term_string}\"},\"query-input\":\"required name=search_term_string\"}],\"inLanguage\":\"fr-FR\"}]}<\/script>\n<!-- \/ Yoast SEO plugin. -->","yoast_head_json":{"title":"Bridgestone DUELER A\/T REVO 2 - Pneus Bazar","robots":{"index":"index","follow":"follow","max-snippet":"max-snippet:-1","max-image-preview":"max-image-preview:large","max-video-preview":"max-video-preview:-1"},"canonical":"https:\/\/pneusbazar.com\/?product=bridgestone-dueler-revo-2","schema":{"@context":"https:\/\/schema.org","@graph":[{"@type":"WebPage","@id":"https:\/\/pneusbazar.com\/?product=bridgestone-dueler-revo-2","url":"https:\/\/pneusbazar.com\/?product=bridgestone-dueler-revo-2","name":"Bridgestone DUELER A\/T REVO 2 - Pneus Bazar","isPartOf":{"@id":"https:\/\/pneusbazar.com\/#website"},"primaryImageOfPage":{"@id":"https:\/\/pneusbazar.com\/?product=bridgestone-dueler-revo-2#primaryimage"},"image":{"@id":"https:\/\/pneusbazar.com\/?product=bridgestone-dueler-revo-2#primaryimage"},"thumbnailUrl":"https:\/\/pneusbazar.com\/wp-content\/uploads\/2014\/12\/bridgestone_duelerRevo2_lg.jpg","datePublished":"2014-12-20T23:46:41+00:00","dateModified":"2020-11-15T03:11:14+00:00","breadcrumb":{"@id":"https:\/\/pneusbazar.com\/?product=bridgestone-dueler-revo-2#breadcrumb"},"inLanguage":"fr-FR","potentialAction":[{"@type":"ReadAction","target":["https:\/\/pneusbazar.com\/?product=bridgestone-dueler-revo-2"]}]},{"@type":"ImageObject","inLanguage":"fr-FR","@id":"https:\/\/pneusbazar.com\/?product=bridgestone-dueler-revo-2#primaryimage","url":"https:\/\/pneusbazar.com\/wp-content\/uploads\/2014\/12\/bridgestone_duelerRevo2_lg.jpg","contentUrl":"https:\/\/pneusbazar.com\/wp-content\/uploads\/2014\/12\/bridgestone_duelerRevo2_lg.jpg","width":400,"height":400},{"@type":"BreadcrumbList","@id":"https:\/\/pneusbazar.com\/?product=bridgestone-dueler-revo-2#breadcrumb","itemListElement":[{"@type":"ListItem","position":1,"name":"Accueil","item":"https:\/\/pneusbazar.com\/"},{"@type":"ListItem","position":2,"name":"Catalogue de pneus","item":"https:\/\/pneusbazar.com\/?page_id=20284"},{"@type":"ListItem","position":3,"name":"Bridgestone DUELER A\/T REVO 2"}]},{"@type":"WebSite","@id":"https:\/\/pneusbazar.com\/#website","url":"https:\/\/pneusbazar.com\/","name":"Pneus Bazar","description":"On prend soin de vous","potentialAction":[{"@type":"SearchAction","target":{"@type":"EntryPoint","urlTemplate":"https:\/\/pneusbazar.com\/?s={search_term_string}"},"query-input":"required name=search_term_string"}],"inLanguage":"fr-FR"}]}},"_links":{"self":[{"href":"https:\/\/pneusbazar.com\/index.php?rest_route=\/wp\/v2\/product\/20322"}],"collection":[{"href":"https:\/\/pneusbazar.com\/index.php?rest_route=\/wp\/v2\/product"}],"about":[{"href":"https:\/\/pneusbazar.com\/index.php?rest_route=\/wp\/v2\/types\/product"}],"replies":[{"embeddable":true,"href":"https:\/\/pneusbazar.com\/index.php?rest_route=%2Fwp%2Fv2%2Fcomments&post=20322"}],"wp:featuredmedia":[{"embeddable":true,"href":"https:\/\/pneusbazar.com\/index.php?rest_route=\/wp\/v2\/media\/20324"}],"wp:attachment":[{"href":"https:\/\/pneusbazar.com\/index.php?rest_route=%2Fwp%2Fv2%2Fmedia&parent=20322"}],"wp:term":[{"taxonomy":"product_cat","embeddable":true,"href":"https:\/\/pneusbazar.com\/index.php?rest_route=%2Fwp%2Fv2%2Fproduct_cat&post=20322"},{"taxonomy":"product_tag","embeddable":true,"href":"https:\/\/pneusbazar.com\/index.php?rest_route=%2Fwp%2Fv2%2Fproduct_tag&post=20322"}],"curies":[{"name":"wp","href":"https:\/\/api.w.org\/{rel}","templated":true}]}}