{"id":20329,"date":"2014-12-20T23:59:16","date_gmt":"2014-12-20T23:59:16","guid":{"rendered":"http:\/\/pneusbazar.com\/?post_type=product&#038;p=20329"},"modified":"2020-11-14T22:11:14","modified_gmt":"2020-11-15T03:11:14","slug":"bridgestone-dueler-ht-d684-ii","status":"publish","type":"product","link":"https:\/\/pneusbazar.com\/?product=bridgestone-dueler-ht-d684-ii","title":{"rendered":"Bridgestone DUELER H\/T (D684 II)"},"content":{"rendered":"<table width=\"181\">\n<tbody>\n<tr>\n<td colspan=\"2\">Grandeurs disponibles<\/td>\n<\/tr>\n<tr>\n<td>P215\/70R16<\/td>\n<td>P235\/75R15<\/td>\n<\/tr>\n<tr>\n<td>P235\/70R16<\/td>\n<td>P225\/70R15<\/td>\n<\/tr>\n<tr>\n<td>P235\/65R16<\/td>\n<td>P265\/70R15<\/td>\n<\/tr>\n<tr>\n<td>P245\/70R17<\/td>\n<td>P245\/75R16<\/td>\n<\/tr>\n<tr>\n<td>P265\/70R17<\/td>\n<td>P265\/75R16<\/td>\n<\/tr>\n<tr>\n<td>P265\/70R17<\/td>\n<td>P235\/70R16<\/td>\n<\/tr>\n<tr>\n<td>P265\/65R17<\/td>\n<td>P245\/70R16<\/td>\n<\/tr>\n<tr>\n<td>P235\/60R17<\/td>\n<td>P255\/70R16<\/td>\n<\/tr>\n<tr>\n<td>P255\/70R18<\/td>\n<td>P265\/70R16<\/td>\n<\/tr>\n<tr>\n<td>P265\/65R18<\/td>\n<td>P235\/65R16<\/td>\n<\/tr>\n<tr>\n<td>P275\/65R18<\/td>\n<td>P265\/70R17<\/td>\n<\/tr>\n<tr>\n<td>P275\/65R18<\/td>\n<td>P245\/65R17<\/td>\n<\/tr>\n<tr>\n<td>P235\/60R18<\/td>\n<td>P235\/60R17<\/td>\n<\/tr>\n<tr>\n<td>P285\/60R18<\/td>\n<td>P235\/65R18<\/td>\n<\/tr>\n<tr>\n<td>P245\/60R20<\/td>\n<td>Camionnette<\/td>\n<\/tr>\n<tr>\n<td>P275\/60R20<\/td>\n<td>LT245\/75R16<\/td>\n<\/tr>\n<tr>\n<td>P275\/50R22<\/td>\n<td>LT265\/75R16<\/td>\n<\/tr>\n<\/tbody>\n<\/table>\n","protected":false},"excerpt":{"rendered":"<ul>\n<li>Garantie de 30 jours \u00ab\u00a0Achetez et essayez\u00a0\u00bb<\/li>\n<li>Garantie limit\u00e9e de 100 000 km contre l\u2019usure de la bande de roulement<\/li>\n<li>Garantie limit\u00e9e Pacte Platine<\/li>\n<li>Pneu quatre saisons alliant performance et style<\/li>\n<li>Technologie Uni-T pour am\u00e9liorer la performance sur chauss\u00e9es mouill\u00e9es<\/li>\n<li>Roulement doux et silencieux<\/li>\n<\/ul>\n","protected":false},"featured_media":20331,"comment_status":"closed","ping_status":"closed","template":"","meta":[],"product_cat":[],"product_tag":[],"class_list":{"0":"post-20329","1":"product","2":"type-product","3":"status-publish","4":"has-post-thumbnail","6":"pa_experience-de-conduite-haute-performance","7":"pa_gamme-good","8":"pa_marque-bridgestone","9":"pa_saison-de-pneus-4-saisons","10":"pa_type-de-pneu-pneus-de-camionnette","12":"first","13":"instock","14":"shipping-taxable","15":"product-type-simple"},"yoast_head":"<!-- This site is optimized with the Yoast SEO plugin v23.2 - https:\/\/yoast.com\/wordpress\/plugins\/seo\/ -->\n<title>Bridgestone DUELER H\/T (D684 II) - Pneus Bazar<\/title>\n<meta name=\"robots\" content=\"index, follow, max-snippet:-1, max-image-preview:large, max-video-preview:-1\" \/>\n<link rel=\"canonical\" href=\"http:\/\/pneusbazar.com\/?product=bridgestone-dueler-ht-d684-ii\" \/>\n<script type=\"application\/ld+json\" class=\"yoast-schema-graph\">{\"@context\":\"https:\/\/schema.org\",\"@graph\":[{\"@type\":\"WebPage\",\"@id\":\"http:\/\/pneusbazar.com\/?product=bridgestone-dueler-ht-d684-ii\",\"url\":\"http:\/\/pneusbazar.com\/?product=bridgestone-dueler-ht-d684-ii\",\"name\":\"Bridgestone DUELER H\/T (D684 II) - Pneus Bazar\",\"isPartOf\":{\"@id\":\"http:\/\/pneusbazar.com\/#website\"},\"primaryImageOfPage\":{\"@id\":\"http:\/\/pneusbazar.com\/?product=bridgestone-dueler-ht-d684-ii#primaryimage\"},\"image\":{\"@id\":\"http:\/\/pneusbazar.com\/?product=bridgestone-dueler-ht-d684-ii#primaryimage\"},\"thumbnailUrl\":\"https:\/\/pneusbazar.com\/wp-content\/uploads\/2014\/12\/0009297111899_300X300.jpg\",\"datePublished\":\"2014-12-20T23:59:16+00:00\",\"dateModified\":\"2020-11-15T03:11:14+00:00\",\"breadcrumb\":{\"@id\":\"http:\/\/pneusbazar.com\/?product=bridgestone-dueler-ht-d684-ii#breadcrumb\"},\"inLanguage\":\"fr-FR\",\"potentialAction\":[{\"@type\":\"ReadAction\",\"target\":[\"http:\/\/pneusbazar.com\/?product=bridgestone-dueler-ht-d684-ii\"]}]},{\"@type\":\"ImageObject\",\"inLanguage\":\"fr-FR\",\"@id\":\"http:\/\/pneusbazar.com\/?product=bridgestone-dueler-ht-d684-ii#primaryimage\",\"url\":\"https:\/\/pneusbazar.com\/wp-content\/uploads\/2014\/12\/0009297111899_300X300.jpg\",\"contentUrl\":\"https:\/\/pneusbazar.com\/wp-content\/uploads\/2014\/12\/0009297111899_300X300.jpg\",\"width\":400,\"height\":400},{\"@type\":\"BreadcrumbList\",\"@id\":\"http:\/\/pneusbazar.com\/?product=bridgestone-dueler-ht-d684-ii#breadcrumb\",\"itemListElement\":[{\"@type\":\"ListItem\",\"position\":1,\"name\":\"Accueil\",\"item\":\"http:\/\/pneusbazar.com\/\"},{\"@type\":\"ListItem\",\"position\":2,\"name\":\"Catalogue de pneus\",\"item\":\"http:\/\/pneusbazar.com\/?page_id=20284\"},{\"@type\":\"ListItem\",\"position\":3,\"name\":\"Bridgestone DUELER H\/T (D684 II)\"}]},{\"@type\":\"WebSite\",\"@id\":\"http:\/\/pneusbazar.com\/#website\",\"url\":\"http:\/\/pneusbazar.com\/\",\"name\":\"Pneus Bazar\",\"description\":\"On prend soin de vous\",\"potentialAction\":[{\"@type\":\"SearchAction\",\"target\":{\"@type\":\"EntryPoint\",\"urlTemplate\":\"http:\/\/pneusbazar.com\/?s={search_term_string}\"},\"query-input\":\"required name=search_term_string\"}],\"inLanguage\":\"fr-FR\"}]}<\/script>\n<!-- \/ Yoast SEO plugin. -->","yoast_head_json":{"title":"Bridgestone DUELER H\/T (D684 II) - Pneus Bazar","robots":{"index":"index","follow":"follow","max-snippet":"max-snippet:-1","max-image-preview":"max-image-preview:large","max-video-preview":"max-video-preview:-1"},"canonical":"http:\/\/pneusbazar.com\/?product=bridgestone-dueler-ht-d684-ii","schema":{"@context":"https:\/\/schema.org","@graph":[{"@type":"WebPage","@id":"http:\/\/pneusbazar.com\/?product=bridgestone-dueler-ht-d684-ii","url":"http:\/\/pneusbazar.com\/?product=bridgestone-dueler-ht-d684-ii","name":"Bridgestone DUELER H\/T (D684 II) - Pneus Bazar","isPartOf":{"@id":"http:\/\/pneusbazar.com\/#website"},"primaryImageOfPage":{"@id":"http:\/\/pneusbazar.com\/?product=bridgestone-dueler-ht-d684-ii#primaryimage"},"image":{"@id":"http:\/\/pneusbazar.com\/?product=bridgestone-dueler-ht-d684-ii#primaryimage"},"thumbnailUrl":"https:\/\/pneusbazar.com\/wp-content\/uploads\/2014\/12\/0009297111899_300X300.jpg","datePublished":"2014-12-20T23:59:16+00:00","dateModified":"2020-11-15T03:11:14+00:00","breadcrumb":{"@id":"http:\/\/pneusbazar.com\/?product=bridgestone-dueler-ht-d684-ii#breadcrumb"},"inLanguage":"fr-FR","potentialAction":[{"@type":"ReadAction","target":["http:\/\/pneusbazar.com\/?product=bridgestone-dueler-ht-d684-ii"]}]},{"@type":"ImageObject","inLanguage":"fr-FR","@id":"http:\/\/pneusbazar.com\/?product=bridgestone-dueler-ht-d684-ii#primaryimage","url":"https:\/\/pneusbazar.com\/wp-content\/uploads\/2014\/12\/0009297111899_300X300.jpg","contentUrl":"https:\/\/pneusbazar.com\/wp-content\/uploads\/2014\/12\/0009297111899_300X300.jpg","width":400,"height":400},{"@type":"BreadcrumbList","@id":"http:\/\/pneusbazar.com\/?product=bridgestone-dueler-ht-d684-ii#breadcrumb","itemListElement":[{"@type":"ListItem","position":1,"name":"Accueil","item":"http:\/\/pneusbazar.com\/"},{"@type":"ListItem","position":2,"name":"Catalogue de pneus","item":"http:\/\/pneusbazar.com\/?page_id=20284"},{"@type":"ListItem","position":3,"name":"Bridgestone DUELER H\/T (D684 II)"}]},{"@type":"WebSite","@id":"http:\/\/pneusbazar.com\/#website","url":"http:\/\/pneusbazar.com\/","name":"Pneus Bazar","description":"On prend soin de vous","potentialAction":[{"@type":"SearchAction","target":{"@type":"EntryPoint","urlTemplate":"http:\/\/pneusbazar.com\/?s={search_term_string}"},"query-input":"required name=search_term_string"}],"inLanguage":"fr-FR"}]}},"_links":{"self":[{"href":"https:\/\/pneusbazar.com\/index.php?rest_route=\/wp\/v2\/product\/20329"}],"collection":[{"href":"https:\/\/pneusbazar.com\/index.php?rest_route=\/wp\/v2\/product"}],"about":[{"href":"https:\/\/pneusbazar.com\/index.php?rest_route=\/wp\/v2\/types\/product"}],"replies":[{"embeddable":true,"href":"https:\/\/pneusbazar.com\/index.php?rest_route=%2Fwp%2Fv2%2Fcomments&post=20329"}],"wp:featuredmedia":[{"embeddable":true,"href":"https:\/\/pneusbazar.com\/index.php?rest_route=\/wp\/v2\/media\/20331"}],"wp:attachment":[{"href":"https:\/\/pneusbazar.com\/index.php?rest_route=%2Fwp%2Fv2%2Fmedia&parent=20329"}],"wp:term":[{"taxonomy":"product_cat","embeddable":true,"href":"https:\/\/pneusbazar.com\/index.php?rest_route=%2Fwp%2Fv2%2Fproduct_cat&post=20329"},{"taxonomy":"product_tag","embeddable":true,"href":"https:\/\/pneusbazar.com\/index.php?rest_route=%2Fwp%2Fv2%2Fproduct_tag&post=20329"}],"curies":[{"name":"wp","href":"https:\/\/api.w.org\/{rel}","templated":true}]}}