{"id":20330,"date":"2014-12-21T00:02:26","date_gmt":"2014-12-21T00:02:26","guid":{"rendered":"http:\/\/pneusbazar.com\/?post_type=product&#038;p=20330"},"modified":"2020-11-14T22:11:14","modified_gmt":"2020-11-15T03:11:14","slug":"bridgestone-duravis-m700-hd","status":"publish","type":"product","link":"https:\/\/pneusbazar.com\/?product=bridgestone-duravis-m700-hd","title":{"rendered":"Bridgestone DURAVIS M700 HD"},"content":{"rendered":"<table width=\"94\">\n<tbody>\n<tr>\n<td>Grandeurs disponibles<\/td>\n<\/tr>\n<tr>\n<td>LT215\/85R16<\/td>\n<\/tr>\n<tr>\n<td>LT235\/85R16<\/td>\n<\/tr>\n<tr>\n<td>LT225\/75R16<\/td>\n<\/tr>\n<tr>\n<td>LT245\/75R16<\/td>\n<\/tr>\n<tr>\n<td>LT265\/75R16<\/td>\n<\/tr>\n<tr>\n<td>LT235\/80R17<\/td>\n<\/tr>\n<tr>\n<td>LT265\/70R17<\/td>\n<\/tr>\n<\/tbody>\n<\/table>\n","protected":false},"excerpt":{"rendered":"<ul>\n<li>Con\u00e7u pour conduite commerciale \/ tout terrain<\/li>\n<li>Protecteurs de flancs doubles r\u00e9sistent aux coupures et \u00e0 l\u2019abrasion<\/li>\n<li>\u00c9jecteurs de pierres r\u00e9duisent le risque de perforation<\/li>\n<li>Compos\u00e9s TBR contribuent \u00e0 la grande durabilit\u00e9 de la carcasse<\/li>\n<li>Sculpture agressive des \u00e9paulements contribue \u00e0 l\u2019adh\u00e9rence accrue sur la neige<\/li>\n<\/ul>\n","protected":false},"featured_media":20332,"comment_status":"closed","ping_status":"closed","template":"","meta":[],"product_cat":[],"product_tag":[],"class_list":{"0":"post-20330","1":"product","2":"type-product","3":"status-publish","4":"has-post-thumbnail","6":"pa_experience-de-conduite-tourisme","7":"pa_gamme-good","8":"pa_marque-bridgestone","9":"pa_saison-de-pneus-4-saisons","10":"pa_type-de-pneu-pneus-de-camionnette","12":"first","13":"instock","14":"shipping-taxable","15":"product-type-simple"},"yoast_head":"<!-- This site is optimized with the Yoast SEO plugin v23.2 - https:\/\/yoast.com\/wordpress\/plugins\/seo\/ -->\n<title>Bridgestone DURAVIS M700 HD - Pneus Bazar<\/title>\n<meta name=\"robots\" content=\"index, follow, max-snippet:-1, max-image-preview:large, max-video-preview:-1\" \/>\n<link rel=\"canonical\" href=\"https:\/\/pneusbazar.com\/?product=bridgestone-duravis-m700-hd\" \/>\n<script type=\"application\/ld+json\" class=\"yoast-schema-graph\">{\"@context\":\"https:\/\/schema.org\",\"@graph\":[{\"@type\":\"WebPage\",\"@id\":\"https:\/\/pneusbazar.com\/?product=bridgestone-duravis-m700-hd\",\"url\":\"https:\/\/pneusbazar.com\/?product=bridgestone-duravis-m700-hd\",\"name\":\"Bridgestone DURAVIS M700 HD - Pneus Bazar\",\"isPartOf\":{\"@id\":\"https:\/\/pneusbazar.com\/#website\"},\"primaryImageOfPage\":{\"@id\":\"https:\/\/pneusbazar.com\/?product=bridgestone-duravis-m700-hd#primaryimage\"},\"image\":{\"@id\":\"https:\/\/pneusbazar.com\/?product=bridgestone-duravis-m700-hd#primaryimage\"},\"thumbnailUrl\":\"https:\/\/pneusbazar.com\/wp-content\/uploads\/2014\/12\/trio2.png\",\"datePublished\":\"2014-12-21T00:02:26+00:00\",\"dateModified\":\"2020-11-15T03:11:14+00:00\",\"breadcrumb\":{\"@id\":\"https:\/\/pneusbazar.com\/?product=bridgestone-duravis-m700-hd#breadcrumb\"},\"inLanguage\":\"fr-FR\",\"potentialAction\":[{\"@type\":\"ReadAction\",\"target\":[\"https:\/\/pneusbazar.com\/?product=bridgestone-duravis-m700-hd\"]}]},{\"@type\":\"ImageObject\",\"inLanguage\":\"fr-FR\",\"@id\":\"https:\/\/pneusbazar.com\/?product=bridgestone-duravis-m700-hd#primaryimage\",\"url\":\"https:\/\/pneusbazar.com\/wp-content\/uploads\/2014\/12\/trio2.png\",\"contentUrl\":\"https:\/\/pneusbazar.com\/wp-content\/uploads\/2014\/12\/trio2.png\",\"width\":400,\"height\":400},{\"@type\":\"BreadcrumbList\",\"@id\":\"https:\/\/pneusbazar.com\/?product=bridgestone-duravis-m700-hd#breadcrumb\",\"itemListElement\":[{\"@type\":\"ListItem\",\"position\":1,\"name\":\"Accueil\",\"item\":\"https:\/\/pneusbazar.com\/\"},{\"@type\":\"ListItem\",\"position\":2,\"name\":\"Catalogue de pneus\",\"item\":\"https:\/\/pneusbazar.com\/?page_id=20284\"},{\"@type\":\"ListItem\",\"position\":3,\"name\":\"Bridgestone DURAVIS M700 HD\"}]},{\"@type\":\"WebSite\",\"@id\":\"https:\/\/pneusbazar.com\/#website\",\"url\":\"https:\/\/pneusbazar.com\/\",\"name\":\"Pneus Bazar\",\"description\":\"On prend soin de vous\",\"potentialAction\":[{\"@type\":\"SearchAction\",\"target\":{\"@type\":\"EntryPoint\",\"urlTemplate\":\"https:\/\/pneusbazar.com\/?s={search_term_string}\"},\"query-input\":\"required name=search_term_string\"}],\"inLanguage\":\"fr-FR\"}]}<\/script>\n<!-- \/ Yoast SEO plugin. -->","yoast_head_json":{"title":"Bridgestone DURAVIS M700 HD - Pneus Bazar","robots":{"index":"index","follow":"follow","max-snippet":"max-snippet:-1","max-image-preview":"max-image-preview:large","max-video-preview":"max-video-preview:-1"},"canonical":"https:\/\/pneusbazar.com\/?product=bridgestone-duravis-m700-hd","schema":{"@context":"https:\/\/schema.org","@graph":[{"@type":"WebPage","@id":"https:\/\/pneusbazar.com\/?product=bridgestone-duravis-m700-hd","url":"https:\/\/pneusbazar.com\/?product=bridgestone-duravis-m700-hd","name":"Bridgestone DURAVIS M700 HD - Pneus Bazar","isPartOf":{"@id":"https:\/\/pneusbazar.com\/#website"},"primaryImageOfPage":{"@id":"https:\/\/pneusbazar.com\/?product=bridgestone-duravis-m700-hd#primaryimage"},"image":{"@id":"https:\/\/pneusbazar.com\/?product=bridgestone-duravis-m700-hd#primaryimage"},"thumbnailUrl":"https:\/\/pneusbazar.com\/wp-content\/uploads\/2014\/12\/trio2.png","datePublished":"2014-12-21T00:02:26+00:00","dateModified":"2020-11-15T03:11:14+00:00","breadcrumb":{"@id":"https:\/\/pneusbazar.com\/?product=bridgestone-duravis-m700-hd#breadcrumb"},"inLanguage":"fr-FR","potentialAction":[{"@type":"ReadAction","target":["https:\/\/pneusbazar.com\/?product=bridgestone-duravis-m700-hd"]}]},{"@type":"ImageObject","inLanguage":"fr-FR","@id":"https:\/\/pneusbazar.com\/?product=bridgestone-duravis-m700-hd#primaryimage","url":"https:\/\/pneusbazar.com\/wp-content\/uploads\/2014\/12\/trio2.png","contentUrl":"https:\/\/pneusbazar.com\/wp-content\/uploads\/2014\/12\/trio2.png","width":400,"height":400},{"@type":"BreadcrumbList","@id":"https:\/\/pneusbazar.com\/?product=bridgestone-duravis-m700-hd#breadcrumb","itemListElement":[{"@type":"ListItem","position":1,"name":"Accueil","item":"https:\/\/pneusbazar.com\/"},{"@type":"ListItem","position":2,"name":"Catalogue de pneus","item":"https:\/\/pneusbazar.com\/?page_id=20284"},{"@type":"ListItem","position":3,"name":"Bridgestone DURAVIS M700 HD"}]},{"@type":"WebSite","@id":"https:\/\/pneusbazar.com\/#website","url":"https:\/\/pneusbazar.com\/","name":"Pneus Bazar","description":"On prend soin de vous","potentialAction":[{"@type":"SearchAction","target":{"@type":"EntryPoint","urlTemplate":"https:\/\/pneusbazar.com\/?s={search_term_string}"},"query-input":"required name=search_term_string"}],"inLanguage":"fr-FR"}]}},"_links":{"self":[{"href":"https:\/\/pneusbazar.com\/index.php?rest_route=\/wp\/v2\/product\/20330"}],"collection":[{"href":"https:\/\/pneusbazar.com\/index.php?rest_route=\/wp\/v2\/product"}],"about":[{"href":"https:\/\/pneusbazar.com\/index.php?rest_route=\/wp\/v2\/types\/product"}],"replies":[{"embeddable":true,"href":"https:\/\/pneusbazar.com\/index.php?rest_route=%2Fwp%2Fv2%2Fcomments&post=20330"}],"wp:featuredmedia":[{"embeddable":true,"href":"https:\/\/pneusbazar.com\/index.php?rest_route=\/wp\/v2\/media\/20332"}],"wp:attachment":[{"href":"https:\/\/pneusbazar.com\/index.php?rest_route=%2Fwp%2Fv2%2Fmedia&parent=20330"}],"wp:term":[{"taxonomy":"product_cat","embeddable":true,"href":"https:\/\/pneusbazar.com\/index.php?rest_route=%2Fwp%2Fv2%2Fproduct_cat&post=20330"},{"taxonomy":"product_tag","embeddable":true,"href":"https:\/\/pneusbazar.com\/index.php?rest_route=%2Fwp%2Fv2%2Fproduct_tag&post=20330"}],"curies":[{"name":"wp","href":"https:\/\/api.w.org\/{rel}","templated":true}]}}