{"id":20334,"date":"2014-12-21T00:29:33","date_gmt":"2014-12-21T00:29:33","guid":{"rendered":"http:\/\/pneusbazar.com\/?post_type=product&#038;p=20334"},"modified":"2020-11-14T22:11:14","modified_gmt":"2020-11-15T03:11:14","slug":"bridgestone-ecopia-ep422","status":"publish","type":"product","link":"https:\/\/pneusbazar.com\/?product=bridgestone-ecopia-ep422","title":{"rendered":"Bridgestone ECOPIA EP422"},"content":{"rendered":"<table width=\"172\">\n<tbody>\n<tr>\n<td colspan=\"2\">Grandeurs disponibles<\/td>\n<\/tr>\n<tr>\n<td>175\/65R15<\/td>\n<td>P215\/65R17<\/td>\n<\/tr>\n<tr>\n<td>P185\/65R15<\/td>\n<td>P225\/65R17<\/td>\n<\/tr>\n<tr>\n<td>P195\/65R15<\/td>\n<td>235\/65R17<\/td>\n<\/tr>\n<tr>\n<td>P195\/60R15<\/td>\n<td>P215\/60R17<\/td>\n<\/tr>\n<tr>\n<td>215\/65R16<\/td>\n<td>P225\/60R17<\/td>\n<\/tr>\n<tr>\n<td>235\/65R16<\/td>\n<td>P215\/55R17<\/td>\n<\/tr>\n<tr>\n<td>P205\/60R16<\/td>\n<td>P225\/55R17<\/td>\n<\/tr>\n<tr>\n<td>P215\/60R16<\/td>\n<td>205\/50R17<\/td>\n<\/tr>\n<tr>\n<td>P215\/60R16<\/td>\n<td>215\/50R17<\/td>\n<\/tr>\n<tr>\n<td>P225\/60R16<\/td>\n<td>P225\/50R17<\/td>\n<\/tr>\n<tr>\n<td>P195\/55R16<\/td>\n<td>P225\/50R17<\/td>\n<\/tr>\n<tr>\n<td>205\/55R16<\/td>\n<td>P215\/45R17<\/td>\n<\/tr>\n<tr>\n<td>P205\/55R16<\/td>\n<td>P215\/55R18<\/td>\n<\/tr>\n<tr>\n<td>215\/55R16<\/td>\n<td>P225\/55R18<\/td>\n<\/tr>\n<tr>\n<td>205\/50R16<\/td>\n<td>P225\/50R18<\/td>\n<\/tr>\n<\/tbody>\n<\/table>\n","protected":false},"excerpt":{"rendered":"<ul>\n<li>Garantie de 30 jours \u00ab\u00a0Achetez et essayez\u00a0\u00bb<\/li>\n<li>Pneu Bridgestone au meilleur rendement \u00e9nerg\u00e9tique<\/li>\n<li>Pneu toutes saisions tout indiqu\u00e9 pour les hybrides et les berlines \u00e0 haute efficacit\u00e9 \u00e9nerg\u00e9tique<\/li>\n<li>Technologie UNI-T l\u2019ultime technologie en fabrication de pneus livre une performance de qualit\u00e9 sur chauss\u00e9es s\u00e8ches ou mouill\u00e9es<\/li>\n<li>Gomme de flancs favorisant l\u2019\u00e9conomie de carburant pour une faible r\u00e9sistance au roulement<\/li>\n<li>Silice renforce l\u2019adh\u00e9rence en assouplissant la gomme de la bande de roulement<\/li>\n<\/ul>\n","protected":false},"featured_media":20336,"comment_status":"closed","ping_status":"closed","template":"","meta":[],"product_cat":[],"product_tag":[],"class_list":{"0":"post-20334","1":"product","2":"type-product","3":"status-publish","4":"has-post-thumbnail","6":"pa_experience-de-conduite-tourisme","7":"pa_gamme-good","8":"pa_marque-bridgestone","9":"pa_saison-de-pneus-4-saisons","10":"pa_type-de-pneu-pneus-de-voiture","12":"first","13":"instock","14":"shipping-taxable","15":"product-type-simple"},"yoast_head":"<!-- This site is optimized with the Yoast SEO plugin v23.2 - https:\/\/yoast.com\/wordpress\/plugins\/seo\/ -->\n<title>Bridgestone ECOPIA EP422 - Pneus Bazar<\/title>\n<meta name=\"robots\" content=\"index, follow, max-snippet:-1, max-image-preview:large, max-video-preview:-1\" \/>\n<link rel=\"canonical\" href=\"https:\/\/pneusbazar.com\/?product=bridgestone-ecopia-ep422\" \/>\n<script type=\"application\/ld+json\" class=\"yoast-schema-graph\">{\"@context\":\"https:\/\/schema.org\",\"@graph\":[{\"@type\":\"WebPage\",\"@id\":\"https:\/\/pneusbazar.com\/?product=bridgestone-ecopia-ep422\",\"url\":\"https:\/\/pneusbazar.com\/?product=bridgestone-ecopia-ep422\",\"name\":\"Bridgestone ECOPIA EP422 - Pneus Bazar\",\"isPartOf\":{\"@id\":\"https:\/\/pneusbazar.com\/#website\"},\"primaryImageOfPage\":{\"@id\":\"https:\/\/pneusbazar.com\/?product=bridgestone-ecopia-ep422#primaryimage\"},\"image\":{\"@id\":\"https:\/\/pneusbazar.com\/?product=bridgestone-ecopia-ep422#primaryimage\"},\"thumbnailUrl\":\"https:\/\/pneusbazar.com\/wp-content\/uploads\/2014\/12\/0009297122026_300X300.jpg\",\"datePublished\":\"2014-12-21T00:29:33+00:00\",\"dateModified\":\"2020-11-15T03:11:14+00:00\",\"breadcrumb\":{\"@id\":\"https:\/\/pneusbazar.com\/?product=bridgestone-ecopia-ep422#breadcrumb\"},\"inLanguage\":\"fr-FR\",\"potentialAction\":[{\"@type\":\"ReadAction\",\"target\":[\"https:\/\/pneusbazar.com\/?product=bridgestone-ecopia-ep422\"]}]},{\"@type\":\"ImageObject\",\"inLanguage\":\"fr-FR\",\"@id\":\"https:\/\/pneusbazar.com\/?product=bridgestone-ecopia-ep422#primaryimage\",\"url\":\"https:\/\/pneusbazar.com\/wp-content\/uploads\/2014\/12\/0009297122026_300X300.jpg\",\"contentUrl\":\"https:\/\/pneusbazar.com\/wp-content\/uploads\/2014\/12\/0009297122026_300X300.jpg\",\"width\":400,\"height\":400},{\"@type\":\"BreadcrumbList\",\"@id\":\"https:\/\/pneusbazar.com\/?product=bridgestone-ecopia-ep422#breadcrumb\",\"itemListElement\":[{\"@type\":\"ListItem\",\"position\":1,\"name\":\"Accueil\",\"item\":\"https:\/\/pneusbazar.com\/\"},{\"@type\":\"ListItem\",\"position\":2,\"name\":\"Catalogue de pneus\",\"item\":\"https:\/\/pneusbazar.com\/?page_id=20284\"},{\"@type\":\"ListItem\",\"position\":3,\"name\":\"Bridgestone ECOPIA EP422\"}]},{\"@type\":\"WebSite\",\"@id\":\"https:\/\/pneusbazar.com\/#website\",\"url\":\"https:\/\/pneusbazar.com\/\",\"name\":\"Pneus Bazar\",\"description\":\"On prend soin de vous\",\"potentialAction\":[{\"@type\":\"SearchAction\",\"target\":{\"@type\":\"EntryPoint\",\"urlTemplate\":\"https:\/\/pneusbazar.com\/?s={search_term_string}\"},\"query-input\":\"required name=search_term_string\"}],\"inLanguage\":\"fr-FR\"}]}<\/script>\n<!-- \/ Yoast SEO plugin. -->","yoast_head_json":{"title":"Bridgestone ECOPIA EP422 - Pneus Bazar","robots":{"index":"index","follow":"follow","max-snippet":"max-snippet:-1","max-image-preview":"max-image-preview:large","max-video-preview":"max-video-preview:-1"},"canonical":"https:\/\/pneusbazar.com\/?product=bridgestone-ecopia-ep422","schema":{"@context":"https:\/\/schema.org","@graph":[{"@type":"WebPage","@id":"https:\/\/pneusbazar.com\/?product=bridgestone-ecopia-ep422","url":"https:\/\/pneusbazar.com\/?product=bridgestone-ecopia-ep422","name":"Bridgestone ECOPIA EP422 - Pneus Bazar","isPartOf":{"@id":"https:\/\/pneusbazar.com\/#website"},"primaryImageOfPage":{"@id":"https:\/\/pneusbazar.com\/?product=bridgestone-ecopia-ep422#primaryimage"},"image":{"@id":"https:\/\/pneusbazar.com\/?product=bridgestone-ecopia-ep422#primaryimage"},"thumbnailUrl":"https:\/\/pneusbazar.com\/wp-content\/uploads\/2014\/12\/0009297122026_300X300.jpg","datePublished":"2014-12-21T00:29:33+00:00","dateModified":"2020-11-15T03:11:14+00:00","breadcrumb":{"@id":"https:\/\/pneusbazar.com\/?product=bridgestone-ecopia-ep422#breadcrumb"},"inLanguage":"fr-FR","potentialAction":[{"@type":"ReadAction","target":["https:\/\/pneusbazar.com\/?product=bridgestone-ecopia-ep422"]}]},{"@type":"ImageObject","inLanguage":"fr-FR","@id":"https:\/\/pneusbazar.com\/?product=bridgestone-ecopia-ep422#primaryimage","url":"https:\/\/pneusbazar.com\/wp-content\/uploads\/2014\/12\/0009297122026_300X300.jpg","contentUrl":"https:\/\/pneusbazar.com\/wp-content\/uploads\/2014\/12\/0009297122026_300X300.jpg","width":400,"height":400},{"@type":"BreadcrumbList","@id":"https:\/\/pneusbazar.com\/?product=bridgestone-ecopia-ep422#breadcrumb","itemListElement":[{"@type":"ListItem","position":1,"name":"Accueil","item":"https:\/\/pneusbazar.com\/"},{"@type":"ListItem","position":2,"name":"Catalogue de pneus","item":"https:\/\/pneusbazar.com\/?page_id=20284"},{"@type":"ListItem","position":3,"name":"Bridgestone ECOPIA EP422"}]},{"@type":"WebSite","@id":"https:\/\/pneusbazar.com\/#website","url":"https:\/\/pneusbazar.com\/","name":"Pneus Bazar","description":"On prend soin de vous","potentialAction":[{"@type":"SearchAction","target":{"@type":"EntryPoint","urlTemplate":"https:\/\/pneusbazar.com\/?s={search_term_string}"},"query-input":"required name=search_term_string"}],"inLanguage":"fr-FR"}]}},"_links":{"self":[{"href":"https:\/\/pneusbazar.com\/index.php?rest_route=\/wp\/v2\/product\/20334"}],"collection":[{"href":"https:\/\/pneusbazar.com\/index.php?rest_route=\/wp\/v2\/product"}],"about":[{"href":"https:\/\/pneusbazar.com\/index.php?rest_route=\/wp\/v2\/types\/product"}],"replies":[{"embeddable":true,"href":"https:\/\/pneusbazar.com\/index.php?rest_route=%2Fwp%2Fv2%2Fcomments&post=20334"}],"wp:featuredmedia":[{"embeddable":true,"href":"https:\/\/pneusbazar.com\/index.php?rest_route=\/wp\/v2\/media\/20336"}],"wp:attachment":[{"href":"https:\/\/pneusbazar.com\/index.php?rest_route=%2Fwp%2Fv2%2Fmedia&parent=20334"}],"wp:term":[{"taxonomy":"product_cat","embeddable":true,"href":"https:\/\/pneusbazar.com\/index.php?rest_route=%2Fwp%2Fv2%2Fproduct_cat&post=20334"},{"taxonomy":"product_tag","embeddable":true,"href":"https:\/\/pneusbazar.com\/index.php?rest_route=%2Fwp%2Fv2%2Fproduct_tag&post=20334"}],"curies":[{"name":"wp","href":"https:\/\/api.w.org\/{rel}","templated":true}]}}