{"id":20353,"date":"2014-12-21T00:59:49","date_gmt":"2014-12-21T00:59:49","guid":{"rendered":"http:\/\/pneusbazar.com\/?post_type=product&#038;p=20353"},"modified":"2020-11-14T22:11:14","modified_gmt":"2020-11-15T03:11:14","slug":"continental-extremecontact-dws","status":"publish","type":"product","link":"https:\/\/pneusbazar.com\/?product=continental-extremecontact-dws","title":{"rendered":"Continental ExtremeContact DWS"},"content":{"rendered":"<table width=\"352\">\n<tbody>\n<tr>\n<td colspan=\"4\">Grandeurs disponibles<\/td>\n<\/tr>\n<tr>\n<td>195\/50ZR16<\/td>\n<td>225\/50ZR17<\/td>\n<td>245\/45ZR17<\/td>\n<td>275\/30ZR19<\/td>\n<\/tr>\n<tr>\n<td>205\/45ZR16<\/td>\n<td>225\/50ZR18<\/td>\n<td>245\/45ZR18<\/td>\n<td>275\/30ZR20<\/td>\n<\/tr>\n<tr>\n<td>205\/45ZR17<\/td>\n<td>225\/55ZR16<\/td>\n<td>245\/45ZR19<\/td>\n<td>275\/35ZR18<\/td>\n<\/tr>\n<tr>\n<td>205\/50ZR16<\/td>\n<td>235\/30ZR20<\/td>\n<td>245\/45ZR20<\/td>\n<td>275\/35ZR19<\/td>\n<\/tr>\n<tr>\n<td>205\/50ZR17<\/td>\n<td>235\/35ZR18<\/td>\n<td>245\/50ZR17<\/td>\n<td>275\/35ZR20<\/td>\n<\/tr>\n<tr>\n<td>205\/55ZR16<\/td>\n<td>235\/35ZR19<\/td>\n<td>255\/35ZR18<\/td>\n<td>275\/40ZR17<\/td>\n<\/tr>\n<tr>\n<td>215\/35ZR18<\/td>\n<td>235\/40ZR18<\/td>\n<td>255\/35ZR19<\/td>\n<td>275\/40ZR18<\/td>\n<\/tr>\n<tr>\n<td>215\/35ZR19<\/td>\n<td>235\/45ZR17<\/td>\n<td>255\/35ZR20<\/td>\n<td>275\/40ZR19<\/td>\n<\/tr>\n<tr>\n<td>215\/40ZR18<\/td>\n<td>235\/45ZR18<\/td>\n<td>255\/40ZR17<\/td>\n<td>275\/40ZR20<\/td>\n<\/tr>\n<tr>\n<td>215\/45ZR17<\/td>\n<td>235\/50ZR17<\/td>\n<td>255\/40ZR18<\/td>\n<td>275\/45ZR19<\/td>\n<\/tr>\n<tr>\n<td>215\/45ZR18<\/td>\n<td>235\/50ZR18<\/td>\n<td>255\/45ZR17<\/td>\n<td>285\/30ZR18<\/td>\n<\/tr>\n<tr>\n<td>215\/50ZR17<\/td>\n<td>235\/55ZR17<\/td>\n<td>255\/45ZR18<\/td>\n<td>285\/30ZR19<\/td>\n<\/tr>\n<tr>\n<td>215\/55ZR16<\/td>\n<td>235\/55ZR18<\/td>\n<td>255\/45ZR20<\/td>\n<td>285\/30ZR20<\/td>\n<\/tr>\n<tr>\n<td>215\/55ZR17<\/td>\n<td>245\/30ZR20<\/td>\n<td>255\/50ZR19<\/td>\n<td>285\/30ZR22<\/td>\n<\/tr>\n<tr>\n<td>225\/30ZR20<\/td>\n<td>245\/30ZR22<\/td>\n<td>255\/55ZR18<\/td>\n<td>285\/35ZR18<\/td>\n<\/tr>\n<tr>\n<td>225\/35ZR19<\/td>\n<td>245\/35ZR19<\/td>\n<td>265\/30ZR19<\/td>\n<td>285\/35ZR19<\/td>\n<\/tr>\n<tr>\n<td>225\/35ZR20<\/td>\n<td>245\/35ZR20<\/td>\n<td>265\/30ZR20<\/td>\n<td>295\/25ZR22<\/td>\n<\/tr>\n<tr>\n<td>225\/40ZR18<\/td>\n<td>245\/40ZR17<\/td>\n<td>265\/30ZR22<\/td>\n<td>295\/30ZR19<\/td>\n<\/tr>\n<tr>\n<td>225\/40ZR19<\/td>\n<td>245\/40ZR18<\/td>\n<td>265\/35ZR18<\/td>\n<td>295\/35ZR18<\/td>\n<\/tr>\n<tr>\n<td>225\/45ZR17<\/td>\n<td>245\/40ZR19<\/td>\n<td>265\/35ZR20<\/td>\n<td>295\/40ZR20<\/td>\n<\/tr>\n<tr>\n<td>225\/45ZR18<\/td>\n<td>245\/40ZR20<\/td>\n<td>265\/40ZR18<\/td>\n<td>315\/35ZR20<\/td>\n<\/tr>\n<tr>\n<td>225\/50ZR16<\/td>\n<td><\/td>\n<td><\/td>\n<td><\/td>\n<\/tr>\n<\/tbody>\n<\/table>\n","protected":false},"excerpt":{"rendered":"<ul>\n<li>Essai de 60 jours satisfaction de la client\u00e8le<\/li>\n<li>Couverture gratuite contre les risques routiers pour les 12 premiers mois ou 2\/32e d\u2019usure de la bande de roulement<\/li>\n<li>Pneu quatre saisons ultra haute performance<\/li>\n<li>Performance accrue en conditions s\u00e8ches<\/li>\n<li>Faible r\u00e9sistance au roulement avec meilleure dur\u00e9e de vie de la bande de roulement<\/li>\n<li>Compos\u00e9 de bande de roulement avanc\u00e9 pour une traction am\u00e9lior\u00e9e<\/li>\n<li>\u00c9vacuation d&rsquo;eau rehauss\u00e9e pour une tenue exceptionnelle sur chauss\u00e9es mouill\u00e9es<\/li>\n<\/ul>\n","protected":false},"featured_media":20354,"comment_status":"closed","ping_status":"closed","template":"","meta":[],"product_cat":[],"product_tag":[],"class_list":{"0":"post-20353","1":"product","2":"type-product","3":"status-publish","4":"has-post-thumbnail","6":"pa_experience-de-conduite-haute-performance","7":"pa_gamme-good","8":"pa_marque-continental","9":"pa_saison-de-pneus-4-saisons","10":"pa_type-de-pneu-pneus-de-voiture","12":"first","13":"instock","14":"shipping-taxable","15":"product-type-simple"},"yoast_head":"<!-- This site is optimized with the Yoast SEO plugin v23.2 - https:\/\/yoast.com\/wordpress\/plugins\/seo\/ -->\n<title>Continental ExtremeContact DWS - Pneus Bazar<\/title>\n<meta name=\"robots\" content=\"index, follow, max-snippet:-1, max-image-preview:large, max-video-preview:-1\" \/>\n<link rel=\"canonical\" href=\"https:\/\/pneusbazar.com\/?product=continental-extremecontact-dws\" \/>\n<script type=\"application\/ld+json\" class=\"yoast-schema-graph\">{\"@context\":\"https:\/\/schema.org\",\"@graph\":[{\"@type\":\"WebPage\",\"@id\":\"https:\/\/pneusbazar.com\/?product=continental-extremecontact-dws\",\"url\":\"https:\/\/pneusbazar.com\/?product=continental-extremecontact-dws\",\"name\":\"Continental ExtremeContact DWS - Pneus Bazar\",\"isPartOf\":{\"@id\":\"http:\/\/pneusbazar.com\/#website\"},\"primaryImageOfPage\":{\"@id\":\"https:\/\/pneusbazar.com\/?product=continental-extremecontact-dws#primaryimage\"},\"image\":{\"@id\":\"https:\/\/pneusbazar.com\/?product=continental-extremecontact-dws#primaryimage\"},\"thumbnailUrl\":\"https:\/\/pneusbazar.com\/wp-content\/uploads\/2014\/12\/retret.jpg\",\"datePublished\":\"2014-12-21T00:59:49+00:00\",\"dateModified\":\"2020-11-15T03:11:14+00:00\",\"breadcrumb\":{\"@id\":\"https:\/\/pneusbazar.com\/?product=continental-extremecontact-dws#breadcrumb\"},\"inLanguage\":\"fr-FR\",\"potentialAction\":[{\"@type\":\"ReadAction\",\"target\":[\"https:\/\/pneusbazar.com\/?product=continental-extremecontact-dws\"]}]},{\"@type\":\"ImageObject\",\"inLanguage\":\"fr-FR\",\"@id\":\"https:\/\/pneusbazar.com\/?product=continental-extremecontact-dws#primaryimage\",\"url\":\"https:\/\/pneusbazar.com\/wp-content\/uploads\/2014\/12\/retret.jpg\",\"contentUrl\":\"https:\/\/pneusbazar.com\/wp-content\/uploads\/2014\/12\/retret.jpg\",\"width\":400,\"height\":400},{\"@type\":\"BreadcrumbList\",\"@id\":\"https:\/\/pneusbazar.com\/?product=continental-extremecontact-dws#breadcrumb\",\"itemListElement\":[{\"@type\":\"ListItem\",\"position\":1,\"name\":\"Accueil\",\"item\":\"http:\/\/pneusbazar.com\/\"},{\"@type\":\"ListItem\",\"position\":2,\"name\":\"Catalogue de pneus\",\"item\":\"https:\/\/pneusbazar.com\/?page_id=20284\"},{\"@type\":\"ListItem\",\"position\":3,\"name\":\"Continental ExtremeContact DWS\"}]},{\"@type\":\"WebSite\",\"@id\":\"http:\/\/pneusbazar.com\/#website\",\"url\":\"http:\/\/pneusbazar.com\/\",\"name\":\"Pneus Bazar\",\"description\":\"On prend soin de vous\",\"potentialAction\":[{\"@type\":\"SearchAction\",\"target\":{\"@type\":\"EntryPoint\",\"urlTemplate\":\"http:\/\/pneusbazar.com\/?s={search_term_string}\"},\"query-input\":\"required name=search_term_string\"}],\"inLanguage\":\"fr-FR\"}]}<\/script>\n<!-- \/ Yoast SEO plugin. -->","yoast_head_json":{"title":"Continental ExtremeContact DWS - Pneus Bazar","robots":{"index":"index","follow":"follow","max-snippet":"max-snippet:-1","max-image-preview":"max-image-preview:large","max-video-preview":"max-video-preview:-1"},"canonical":"https:\/\/pneusbazar.com\/?product=continental-extremecontact-dws","schema":{"@context":"https:\/\/schema.org","@graph":[{"@type":"WebPage","@id":"https:\/\/pneusbazar.com\/?product=continental-extremecontact-dws","url":"https:\/\/pneusbazar.com\/?product=continental-extremecontact-dws","name":"Continental ExtremeContact DWS - Pneus Bazar","isPartOf":{"@id":"http:\/\/pneusbazar.com\/#website"},"primaryImageOfPage":{"@id":"https:\/\/pneusbazar.com\/?product=continental-extremecontact-dws#primaryimage"},"image":{"@id":"https:\/\/pneusbazar.com\/?product=continental-extremecontact-dws#primaryimage"},"thumbnailUrl":"https:\/\/pneusbazar.com\/wp-content\/uploads\/2014\/12\/retret.jpg","datePublished":"2014-12-21T00:59:49+00:00","dateModified":"2020-11-15T03:11:14+00:00","breadcrumb":{"@id":"https:\/\/pneusbazar.com\/?product=continental-extremecontact-dws#breadcrumb"},"inLanguage":"fr-FR","potentialAction":[{"@type":"ReadAction","target":["https:\/\/pneusbazar.com\/?product=continental-extremecontact-dws"]}]},{"@type":"ImageObject","inLanguage":"fr-FR","@id":"https:\/\/pneusbazar.com\/?product=continental-extremecontact-dws#primaryimage","url":"https:\/\/pneusbazar.com\/wp-content\/uploads\/2014\/12\/retret.jpg","contentUrl":"https:\/\/pneusbazar.com\/wp-content\/uploads\/2014\/12\/retret.jpg","width":400,"height":400},{"@type":"BreadcrumbList","@id":"https:\/\/pneusbazar.com\/?product=continental-extremecontact-dws#breadcrumb","itemListElement":[{"@type":"ListItem","position":1,"name":"Accueil","item":"http:\/\/pneusbazar.com\/"},{"@type":"ListItem","position":2,"name":"Catalogue de pneus","item":"https:\/\/pneusbazar.com\/?page_id=20284"},{"@type":"ListItem","position":3,"name":"Continental ExtremeContact DWS"}]},{"@type":"WebSite","@id":"http:\/\/pneusbazar.com\/#website","url":"http:\/\/pneusbazar.com\/","name":"Pneus Bazar","description":"On prend soin de vous","potentialAction":[{"@type":"SearchAction","target":{"@type":"EntryPoint","urlTemplate":"http:\/\/pneusbazar.com\/?s={search_term_string}"},"query-input":"required name=search_term_string"}],"inLanguage":"fr-FR"}]}},"_links":{"self":[{"href":"https:\/\/pneusbazar.com\/index.php?rest_route=\/wp\/v2\/product\/20353"}],"collection":[{"href":"https:\/\/pneusbazar.com\/index.php?rest_route=\/wp\/v2\/product"}],"about":[{"href":"https:\/\/pneusbazar.com\/index.php?rest_route=\/wp\/v2\/types\/product"}],"replies":[{"embeddable":true,"href":"https:\/\/pneusbazar.com\/index.php?rest_route=%2Fwp%2Fv2%2Fcomments&post=20353"}],"wp:featuredmedia":[{"embeddable":true,"href":"https:\/\/pneusbazar.com\/index.php?rest_route=\/wp\/v2\/media\/20354"}],"wp:attachment":[{"href":"https:\/\/pneusbazar.com\/index.php?rest_route=%2Fwp%2Fv2%2Fmedia&parent=20353"}],"wp:term":[{"taxonomy":"product_cat","embeddable":true,"href":"https:\/\/pneusbazar.com\/index.php?rest_route=%2Fwp%2Fv2%2Fproduct_cat&post=20353"},{"taxonomy":"product_tag","embeddable":true,"href":"https:\/\/pneusbazar.com\/index.php?rest_route=%2Fwp%2Fv2%2Fproduct_tag&post=20353"}],"curies":[{"name":"wp","href":"https:\/\/api.w.org\/{rel}","templated":true}]}}