{"id":20358,"date":"2014-12-21T01:08:18","date_gmt":"2014-12-21T01:08:18","guid":{"rendered":"http:\/\/pneusbazar.com\/?post_type=product&#038;p=20358"},"modified":"2020-11-14T22:11:14","modified_gmt":"2020-11-15T03:11:14","slug":"continental-conticrosscontact-lx","status":"publish","type":"product","link":"https:\/\/pneusbazar.com\/?product=continental-conticrosscontact-lx","title":{"rendered":"Continental CONTICROSSCONTACT LX"},"content":{"rendered":"<table width=\"87\">\n<tbody>\n<tr>\n<td>Grandeurs disponibles<\/td>\n<\/tr>\n<tr>\n<td>215\/70R16<\/td>\n<\/tr>\n<tr>\n<td>225\/65R17<\/td>\n<\/tr>\n<tr>\n<td>225\/65R17<\/td>\n<\/tr>\n<tr>\n<td>235\/65R18<\/td>\n<\/tr>\n<tr>\n<td>255\/60R18<\/td>\n<\/tr>\n<tr>\n<td>P235\/65R17<\/td>\n<\/tr>\n<\/tbody>\n<\/table>\n","protected":false},"excerpt":{"rendered":"<ul>\n<li>Garantie de 30 jours satisfaction de la client\u00e8le<\/li>\n<li>Couverture gratuite contre les risques routiers pour les 12 premiers mois ou 2\/32e d\u2019usure de la bande de roulement<\/li>\n<li>Garantie limit\u00e9e de 105 000 km contre l\u2019usure de la bande de roulement (selon grandeur et indice de vitesse)<\/li>\n<li>Conception de semelle asym\u00e9trique pour am\u00e9liorer adh\u00e9rence, maniabilit\u00e9 et uniformit\u00e9 d&rsquo;usure<\/li>\n<li>Compos\u00e9 de bande de roulement am\u00e9liore la traction sur chauss\u00e9es s\u00e8ches, mouill\u00e9es et enneig\u00e9es<\/li>\n<li>Lamelles \u00e0 effet d&#8217;embo\u00eetement procurent une excellente maniabilit\u00e9 et stabilit\u00e9<\/li>\n<\/ul>\n","protected":false},"featured_media":20359,"comment_status":"closed","ping_status":"closed","template":"","meta":[],"product_cat":[],"product_tag":[],"class_list":{"0":"post-20358","1":"product","2":"type-product","3":"status-publish","4":"has-post-thumbnail","6":"pa_experience-de-conduite-tourisme","7":"pa_gamme-good","8":"pa_marque-continental","9":"pa_saison-de-pneus-4-saisons","10":"pa_type-de-pneu-pneus-de-camionnette","12":"first","13":"instock","14":"shipping-taxable","15":"product-type-simple"},"yoast_head":"<!-- This site is optimized with the Yoast SEO plugin v23.2 - https:\/\/yoast.com\/wordpress\/plugins\/seo\/ -->\n<title>Continental CONTICROSSCONTACT LX - Pneus Bazar<\/title>\n<meta name=\"robots\" content=\"index, follow, max-snippet:-1, max-image-preview:large, max-video-preview:-1\" \/>\n<link rel=\"canonical\" href=\"https:\/\/pneusbazar.com\/?product=continental-conticrosscontact-lx\" \/>\n<script type=\"application\/ld+json\" class=\"yoast-schema-graph\">{\"@context\":\"https:\/\/schema.org\",\"@graph\":[{\"@type\":\"WebPage\",\"@id\":\"https:\/\/pneusbazar.com\/?product=continental-conticrosscontact-lx\",\"url\":\"https:\/\/pneusbazar.com\/?product=continental-conticrosscontact-lx\",\"name\":\"Continental CONTICROSSCONTACT LX - Pneus Bazar\",\"isPartOf\":{\"@id\":\"https:\/\/pneusbazar.com\/#website\"},\"primaryImageOfPage\":{\"@id\":\"https:\/\/pneusbazar.com\/?product=continental-conticrosscontact-lx#primaryimage\"},\"image\":{\"@id\":\"https:\/\/pneusbazar.com\/?product=continental-conticrosscontact-lx#primaryimage\"},\"thumbnailUrl\":\"https:\/\/pneusbazar.com\/wp-content\/uploads\/2014\/12\/conticrosscontact_lx_uv-data.jpg\",\"datePublished\":\"2014-12-21T01:08:18+00:00\",\"dateModified\":\"2020-11-15T03:11:14+00:00\",\"breadcrumb\":{\"@id\":\"https:\/\/pneusbazar.com\/?product=continental-conticrosscontact-lx#breadcrumb\"},\"inLanguage\":\"fr-FR\",\"potentialAction\":[{\"@type\":\"ReadAction\",\"target\":[\"https:\/\/pneusbazar.com\/?product=continental-conticrosscontact-lx\"]}]},{\"@type\":\"ImageObject\",\"inLanguage\":\"fr-FR\",\"@id\":\"https:\/\/pneusbazar.com\/?product=continental-conticrosscontact-lx#primaryimage\",\"url\":\"https:\/\/pneusbazar.com\/wp-content\/uploads\/2014\/12\/conticrosscontact_lx_uv-data.jpg\",\"contentUrl\":\"https:\/\/pneusbazar.com\/wp-content\/uploads\/2014\/12\/conticrosscontact_lx_uv-data.jpg\",\"width\":400,\"height\":400},{\"@type\":\"BreadcrumbList\",\"@id\":\"https:\/\/pneusbazar.com\/?product=continental-conticrosscontact-lx#breadcrumb\",\"itemListElement\":[{\"@type\":\"ListItem\",\"position\":1,\"name\":\"Accueil\",\"item\":\"https:\/\/pneusbazar.com\/\"},{\"@type\":\"ListItem\",\"position\":2,\"name\":\"Catalogue de pneus\",\"item\":\"https:\/\/pneusbazar.com\/?page_id=20284\"},{\"@type\":\"ListItem\",\"position\":3,\"name\":\"Continental CONTICROSSCONTACT LX\"}]},{\"@type\":\"WebSite\",\"@id\":\"https:\/\/pneusbazar.com\/#website\",\"url\":\"https:\/\/pneusbazar.com\/\",\"name\":\"Pneus Bazar\",\"description\":\"On prend soin de vous\",\"potentialAction\":[{\"@type\":\"SearchAction\",\"target\":{\"@type\":\"EntryPoint\",\"urlTemplate\":\"https:\/\/pneusbazar.com\/?s={search_term_string}\"},\"query-input\":\"required name=search_term_string\"}],\"inLanguage\":\"fr-FR\"}]}<\/script>\n<!-- \/ Yoast SEO plugin. -->","yoast_head_json":{"title":"Continental CONTICROSSCONTACT LX - Pneus Bazar","robots":{"index":"index","follow":"follow","max-snippet":"max-snippet:-1","max-image-preview":"max-image-preview:large","max-video-preview":"max-video-preview:-1"},"canonical":"https:\/\/pneusbazar.com\/?product=continental-conticrosscontact-lx","schema":{"@context":"https:\/\/schema.org","@graph":[{"@type":"WebPage","@id":"https:\/\/pneusbazar.com\/?product=continental-conticrosscontact-lx","url":"https:\/\/pneusbazar.com\/?product=continental-conticrosscontact-lx","name":"Continental CONTICROSSCONTACT LX - Pneus Bazar","isPartOf":{"@id":"https:\/\/pneusbazar.com\/#website"},"primaryImageOfPage":{"@id":"https:\/\/pneusbazar.com\/?product=continental-conticrosscontact-lx#primaryimage"},"image":{"@id":"https:\/\/pneusbazar.com\/?product=continental-conticrosscontact-lx#primaryimage"},"thumbnailUrl":"https:\/\/pneusbazar.com\/wp-content\/uploads\/2014\/12\/conticrosscontact_lx_uv-data.jpg","datePublished":"2014-12-21T01:08:18+00:00","dateModified":"2020-11-15T03:11:14+00:00","breadcrumb":{"@id":"https:\/\/pneusbazar.com\/?product=continental-conticrosscontact-lx#breadcrumb"},"inLanguage":"fr-FR","potentialAction":[{"@type":"ReadAction","target":["https:\/\/pneusbazar.com\/?product=continental-conticrosscontact-lx"]}]},{"@type":"ImageObject","inLanguage":"fr-FR","@id":"https:\/\/pneusbazar.com\/?product=continental-conticrosscontact-lx#primaryimage","url":"https:\/\/pneusbazar.com\/wp-content\/uploads\/2014\/12\/conticrosscontact_lx_uv-data.jpg","contentUrl":"https:\/\/pneusbazar.com\/wp-content\/uploads\/2014\/12\/conticrosscontact_lx_uv-data.jpg","width":400,"height":400},{"@type":"BreadcrumbList","@id":"https:\/\/pneusbazar.com\/?product=continental-conticrosscontact-lx#breadcrumb","itemListElement":[{"@type":"ListItem","position":1,"name":"Accueil","item":"https:\/\/pneusbazar.com\/"},{"@type":"ListItem","position":2,"name":"Catalogue de pneus","item":"https:\/\/pneusbazar.com\/?page_id=20284"},{"@type":"ListItem","position":3,"name":"Continental CONTICROSSCONTACT LX"}]},{"@type":"WebSite","@id":"https:\/\/pneusbazar.com\/#website","url":"https:\/\/pneusbazar.com\/","name":"Pneus Bazar","description":"On prend soin de vous","potentialAction":[{"@type":"SearchAction","target":{"@type":"EntryPoint","urlTemplate":"https:\/\/pneusbazar.com\/?s={search_term_string}"},"query-input":"required name=search_term_string"}],"inLanguage":"fr-FR"}]}},"_links":{"self":[{"href":"https:\/\/pneusbazar.com\/index.php?rest_route=\/wp\/v2\/product\/20358"}],"collection":[{"href":"https:\/\/pneusbazar.com\/index.php?rest_route=\/wp\/v2\/product"}],"about":[{"href":"https:\/\/pneusbazar.com\/index.php?rest_route=\/wp\/v2\/types\/product"}],"replies":[{"embeddable":true,"href":"https:\/\/pneusbazar.com\/index.php?rest_route=%2Fwp%2Fv2%2Fcomments&post=20358"}],"wp:featuredmedia":[{"embeddable":true,"href":"https:\/\/pneusbazar.com\/index.php?rest_route=\/wp\/v2\/media\/20359"}],"wp:attachment":[{"href":"https:\/\/pneusbazar.com\/index.php?rest_route=%2Fwp%2Fv2%2Fmedia&parent=20358"}],"wp:term":[{"taxonomy":"product_cat","embeddable":true,"href":"https:\/\/pneusbazar.com\/index.php?rest_route=%2Fwp%2Fv2%2Fproduct_cat&post=20358"},{"taxonomy":"product_tag","embeddable":true,"href":"https:\/\/pneusbazar.com\/index.php?rest_route=%2Fwp%2Fv2%2Fproduct_tag&post=20358"}],"curies":[{"name":"wp","href":"https:\/\/api.w.org\/{rel}","templated":true}]}}