{"id":20364,"date":"2014-12-21T01:16:46","date_gmt":"2014-12-21T01:16:46","guid":{"rendered":"http:\/\/pneusbazar.com\/?post_type=product&#038;p=20364"},"modified":"2020-11-14T22:09:29","modified_gmt":"2020-11-15T03:09:29","slug":"continental-contisportcontact-2","status":"publish","type":"product","link":"https:\/\/pneusbazar.com\/?product=continental-contisportcontact-2","title":{"rendered":"Continental CONTISPORTCONTACT 2"},"content":{"rendered":"<table width=\"160\">\n<tbody>\n<tr>\n<td colspan=\"2\">Grandeurs disponibles<\/td>\n<\/tr>\n<tr>\n<td>205\/55R16<\/td>\n<td>255\/40ZR17<\/td>\n<\/tr>\n<tr>\n<td>205\/55R16<\/td>\n<td>255\/40ZR19<\/td>\n<\/tr>\n<tr>\n<td>225\/40R18<\/td>\n<td>255\/45R18<\/td>\n<\/tr>\n<tr>\n<td>225\/40R18<\/td>\n<td>265\/30R20<\/td>\n<\/tr>\n<tr>\n<td>225\/45R17<\/td>\n<td>265\/35ZR19<\/td>\n<\/tr>\n<tr>\n<td>225\/45R17<\/td>\n<td>265\/40ZR21<\/td>\n<\/tr>\n<tr>\n<td>225\/50R17<\/td>\n<td>265\/45ZR20<\/td>\n<\/tr>\n<tr>\n<td>225\/50R17<\/td>\n<td>275\/30R19<\/td>\n<\/tr>\n<tr>\n<td>225\/50R17<\/td>\n<td>275\/35R20<\/td>\n<\/tr>\n<tr>\n<td>235\/55R17<\/td>\n<td>275\/35ZR20<\/td>\n<\/tr>\n<tr>\n<td>245\/35R19<\/td>\n<td>275\/40R18<\/td>\n<\/tr>\n<tr>\n<td>245\/40R18<\/td>\n<td>275\/40R19<\/td>\n<\/tr>\n<tr>\n<td>245\/40R18<\/td>\n<td>275\/40ZR19<\/td>\n<\/tr>\n<tr>\n<td>245\/45R18<\/td>\n<td>275\/45R18<\/td>\n<\/tr>\n<tr>\n<td>255\/35ZR20<\/td>\n<td>285\/35ZR19<\/td>\n<\/tr>\n<tr>\n<td>255\/40R17<\/td>\n<td>295\/30ZR18<\/td>\n<\/tr>\n<tr>\n<td>255\/40R17<\/td>\n<td>235\/40ZR18<\/td>\n<\/tr>\n<tr>\n<td>255\/40R18<\/td>\n<td>245\/45ZR18<\/td>\n<\/tr>\n<tr>\n<td>255\/40R19<\/td>\n<td><\/td>\n<\/tr>\n<\/tbody>\n<\/table>\n","protected":false},"excerpt":{"rendered":"<ul>\n<li>Essai de 30 jours satisfaction de la client\u00e8le<\/li>\n<li>Couverture gratuite contre les risques routiers pour les 12 premiers mois ou 2\/32e d\u2019usure de la bande de roulement<\/li>\n<li>Pneu d&rsquo;\u00e9t\u00e9 ultra haute performance<\/li>\n<li>Excellente adh\u00e9rence sur les surfaces s\u00e8ches et mouill\u00e9es<\/li>\n<li>Sensibilit\u00e9 de direction extr\u00eamement pr\u00e9cise<\/li>\n<li>Stabilit\u00e9 en virage \u00e0 vitesse \u00e9lev\u00e9e<\/li>\n<li>Rainures circonf\u00e9rentielles extra larges pour l&rsquo;\u00e9vacuation rapide de l&rsquo;eau<\/li>\n<\/ul>\n","protected":false},"featured_media":20365,"comment_status":"closed","ping_status":"closed","template":"","meta":[],"product_cat":[],"product_tag":[],"class_list":{"0":"post-20364","1":"product","2":"type-product","3":"status-publish","4":"has-post-thumbnail","6":"pa_experience-de-conduite-haute-performance","7":"pa_gamme-good","8":"pa_marque-continental","9":"pa_saison-de-pneus-4-saisons","10":"pa_type-de-pneu-pneus-de-voiture","12":"first","13":"instock","14":"shipping-taxable","15":"product-type-simple"},"yoast_head":"<!-- This site is optimized with the Yoast SEO plugin v23.2 - https:\/\/yoast.com\/wordpress\/plugins\/seo\/ -->\n<title>Continental CONTISPORTCONTACT 2 - Pneus Bazar<\/title>\n<meta name=\"robots\" content=\"index, follow, max-snippet:-1, max-image-preview:large, max-video-preview:-1\" \/>\n<link rel=\"canonical\" href=\"http:\/\/pneusbazar.com\/?product=continental-contisportcontact-2\" \/>\n<script type=\"application\/ld+json\" class=\"yoast-schema-graph\">{\"@context\":\"https:\/\/schema.org\",\"@graph\":[{\"@type\":\"WebPage\",\"@id\":\"http:\/\/pneusbazar.com\/?product=continental-contisportcontact-2\",\"url\":\"http:\/\/pneusbazar.com\/?product=continental-contisportcontact-2\",\"name\":\"Continental CONTISPORTCONTACT 2 - Pneus Bazar\",\"isPartOf\":{\"@id\":\"http:\/\/pneusbazar.com\/#website\"},\"primaryImageOfPage\":{\"@id\":\"http:\/\/pneusbazar.com\/?product=continental-contisportcontact-2#primaryimage\"},\"image\":{\"@id\":\"http:\/\/pneusbazar.com\/?product=continental-contisportcontact-2#primaryimage\"},\"thumbnailUrl\":\"https:\/\/pneusbazar.com\/wp-content\/uploads\/2014\/12\/co_contisportcontact2_ci3_l.jpg\",\"datePublished\":\"2014-12-21T01:16:46+00:00\",\"dateModified\":\"2020-11-15T03:09:29+00:00\",\"breadcrumb\":{\"@id\":\"http:\/\/pneusbazar.com\/?product=continental-contisportcontact-2#breadcrumb\"},\"inLanguage\":\"fr-FR\",\"potentialAction\":[{\"@type\":\"ReadAction\",\"target\":[\"http:\/\/pneusbazar.com\/?product=continental-contisportcontact-2\"]}]},{\"@type\":\"ImageObject\",\"inLanguage\":\"fr-FR\",\"@id\":\"http:\/\/pneusbazar.com\/?product=continental-contisportcontact-2#primaryimage\",\"url\":\"https:\/\/pneusbazar.com\/wp-content\/uploads\/2014\/12\/co_contisportcontact2_ci3_l.jpg\",\"contentUrl\":\"https:\/\/pneusbazar.com\/wp-content\/uploads\/2014\/12\/co_contisportcontact2_ci3_l.jpg\",\"width\":250,\"height\":250},{\"@type\":\"BreadcrumbList\",\"@id\":\"http:\/\/pneusbazar.com\/?product=continental-contisportcontact-2#breadcrumb\",\"itemListElement\":[{\"@type\":\"ListItem\",\"position\":1,\"name\":\"Accueil\",\"item\":\"http:\/\/pneusbazar.com\/\"},{\"@type\":\"ListItem\",\"position\":2,\"name\":\"Catalogue de pneus\",\"item\":\"http:\/\/pneusbazar.com\/?page_id=20284\"},{\"@type\":\"ListItem\",\"position\":3,\"name\":\"Continental CONTISPORTCONTACT 2\"}]},{\"@type\":\"WebSite\",\"@id\":\"http:\/\/pneusbazar.com\/#website\",\"url\":\"http:\/\/pneusbazar.com\/\",\"name\":\"Pneus Bazar\",\"description\":\"On prend soin de vous\",\"potentialAction\":[{\"@type\":\"SearchAction\",\"target\":{\"@type\":\"EntryPoint\",\"urlTemplate\":\"http:\/\/pneusbazar.com\/?s={search_term_string}\"},\"query-input\":\"required name=search_term_string\"}],\"inLanguage\":\"fr-FR\"}]}<\/script>\n<!-- \/ Yoast SEO plugin. -->","yoast_head_json":{"title":"Continental CONTISPORTCONTACT 2 - Pneus Bazar","robots":{"index":"index","follow":"follow","max-snippet":"max-snippet:-1","max-image-preview":"max-image-preview:large","max-video-preview":"max-video-preview:-1"},"canonical":"http:\/\/pneusbazar.com\/?product=continental-contisportcontact-2","schema":{"@context":"https:\/\/schema.org","@graph":[{"@type":"WebPage","@id":"http:\/\/pneusbazar.com\/?product=continental-contisportcontact-2","url":"http:\/\/pneusbazar.com\/?product=continental-contisportcontact-2","name":"Continental CONTISPORTCONTACT 2 - Pneus Bazar","isPartOf":{"@id":"http:\/\/pneusbazar.com\/#website"},"primaryImageOfPage":{"@id":"http:\/\/pneusbazar.com\/?product=continental-contisportcontact-2#primaryimage"},"image":{"@id":"http:\/\/pneusbazar.com\/?product=continental-contisportcontact-2#primaryimage"},"thumbnailUrl":"https:\/\/pneusbazar.com\/wp-content\/uploads\/2014\/12\/co_contisportcontact2_ci3_l.jpg","datePublished":"2014-12-21T01:16:46+00:00","dateModified":"2020-11-15T03:09:29+00:00","breadcrumb":{"@id":"http:\/\/pneusbazar.com\/?product=continental-contisportcontact-2#breadcrumb"},"inLanguage":"fr-FR","potentialAction":[{"@type":"ReadAction","target":["http:\/\/pneusbazar.com\/?product=continental-contisportcontact-2"]}]},{"@type":"ImageObject","inLanguage":"fr-FR","@id":"http:\/\/pneusbazar.com\/?product=continental-contisportcontact-2#primaryimage","url":"https:\/\/pneusbazar.com\/wp-content\/uploads\/2014\/12\/co_contisportcontact2_ci3_l.jpg","contentUrl":"https:\/\/pneusbazar.com\/wp-content\/uploads\/2014\/12\/co_contisportcontact2_ci3_l.jpg","width":250,"height":250},{"@type":"BreadcrumbList","@id":"http:\/\/pneusbazar.com\/?product=continental-contisportcontact-2#breadcrumb","itemListElement":[{"@type":"ListItem","position":1,"name":"Accueil","item":"http:\/\/pneusbazar.com\/"},{"@type":"ListItem","position":2,"name":"Catalogue de pneus","item":"http:\/\/pneusbazar.com\/?page_id=20284"},{"@type":"ListItem","position":3,"name":"Continental CONTISPORTCONTACT 2"}]},{"@type":"WebSite","@id":"http:\/\/pneusbazar.com\/#website","url":"http:\/\/pneusbazar.com\/","name":"Pneus Bazar","description":"On prend soin de vous","potentialAction":[{"@type":"SearchAction","target":{"@type":"EntryPoint","urlTemplate":"http:\/\/pneusbazar.com\/?s={search_term_string}"},"query-input":"required name=search_term_string"}],"inLanguage":"fr-FR"}]}},"_links":{"self":[{"href":"https:\/\/pneusbazar.com\/index.php?rest_route=\/wp\/v2\/product\/20364"}],"collection":[{"href":"https:\/\/pneusbazar.com\/index.php?rest_route=\/wp\/v2\/product"}],"about":[{"href":"https:\/\/pneusbazar.com\/index.php?rest_route=\/wp\/v2\/types\/product"}],"replies":[{"embeddable":true,"href":"https:\/\/pneusbazar.com\/index.php?rest_route=%2Fwp%2Fv2%2Fcomments&post=20364"}],"wp:featuredmedia":[{"embeddable":true,"href":"https:\/\/pneusbazar.com\/index.php?rest_route=\/wp\/v2\/media\/20365"}],"wp:attachment":[{"href":"https:\/\/pneusbazar.com\/index.php?rest_route=%2Fwp%2Fv2%2Fmedia&parent=20364"}],"wp:term":[{"taxonomy":"product_cat","embeddable":true,"href":"https:\/\/pneusbazar.com\/index.php?rest_route=%2Fwp%2Fv2%2Fproduct_cat&post=20364"},{"taxonomy":"product_tag","embeddable":true,"href":"https:\/\/pneusbazar.com\/index.php?rest_route=%2Fwp%2Fv2%2Fproduct_tag&post=20364"}],"curies":[{"name":"wp","href":"https:\/\/api.w.org\/{rel}","templated":true}]}}