{"id":20372,"date":"2014-12-21T01:37:54","date_gmt":"2014-12-21T01:37:54","guid":{"rendered":"http:\/\/pneusbazar.com\/?post_type=product&#038;p=20372"},"modified":"2020-11-14T22:09:29","modified_gmt":"2020-11-15T03:09:29","slug":"firestone-destination-st","status":"publish","type":"product","link":"https:\/\/pneusbazar.com\/?product=firestone-destination-st","title":{"rendered":"Firestone DESTINATION ST"},"content":{"rendered":"<table width=\"96\">\n<tbody>\n<tr>\n<td>Grandeurs disponibles<\/td>\n<\/tr>\n<tr>\n<td>225\/65R17<\/td>\n<\/tr>\n<tr>\n<td>235\/65R17<\/td>\n<\/tr>\n<tr>\n<td>235\/60R18<\/td>\n<\/tr>\n<tr>\n<td>245\/60R18<\/td>\n<\/tr>\n<tr>\n<td>255\/60R18<\/td>\n<\/tr>\n<tr>\n<td>235\/55R18<\/td>\n<\/tr>\n<tr>\n<td>255\/55R18<\/td>\n<\/tr>\n<tr>\n<td>P255\/60R19<\/td>\n<\/tr>\n<tr>\n<td>255\/55R19<\/td>\n<\/tr>\n<tr>\n<td>255\/50R19<\/td>\n<\/tr>\n<tr>\n<td>P275\/55R20<\/td>\n<\/tr>\n<tr>\n<td>255\/50R20<\/td>\n<\/tr>\n<tr>\n<td>265\/50R20<\/td>\n<\/tr>\n<tr>\n<td>275\/45R20<\/td>\n<\/tr>\n<tr>\n<td>275\/40R20<\/td>\n<\/tr>\n<tr>\n<td>275\/45R22<\/td>\n<\/tr>\n<tr>\n<td>P285\/45R22<\/td>\n<\/tr>\n<tr>\n<td>305\/40R22<\/td>\n<\/tr>\n<\/tbody>\n<\/table>\n","protected":false},"excerpt":{"rendered":"<ul>\n<li>Garantie de 30 jours \u00ab\u00a0Achetez et essayez\u00a0\u00bb<\/li>\n<li>Garantie limit\u00e9e de 65 000 km contre l\u2019usure de la bande de roulement<\/li>\n<li>Con\u00e7u pour les VUS, VUM et camionnettes<\/li>\n<li>Sculpture toutes saisons<\/li>\n<li>Sculpture asym\u00e9trique pour am\u00e9liorer la tenue de route et la sensibilit\u00e9 de la direction<\/li>\n<li>Rainures en biais pour am\u00e9liorer la maniabilit\u00e9 du v\u00e9hicule et l&rsquo;adh\u00e9rence dans la neige<\/li>\n<\/ul>\n","protected":false},"featured_media":20373,"comment_status":"closed","ping_status":"closed","template":"","meta":[],"product_cat":[],"product_tag":[],"class_list":{"0":"post-20372","1":"product","2":"type-product","3":"status-publish","4":"has-post-thumbnail","6":"pa_experience-de-conduite-haute-performance","7":"pa_gamme-bad","8":"pa_marque-firestone","9":"pa_saison-de-pneus-4-saisons","10":"pa_type-de-pneu-pneus-de-camionnette","12":"first","13":"instock","14":"shipping-taxable","15":"product-type-simple"},"yoast_head":"<!-- This site is optimized with the Yoast SEO plugin v23.2 - https:\/\/yoast.com\/wordpress\/plugins\/seo\/ -->\n<title>Firestone DESTINATION ST - Pneus Bazar<\/title>\n<meta name=\"robots\" content=\"index, follow, max-snippet:-1, max-image-preview:large, max-video-preview:-1\" \/>\n<link rel=\"canonical\" href=\"https:\/\/pneusbazar.com\/?product=firestone-destination-st\" \/>\n<script type=\"application\/ld+json\" class=\"yoast-schema-graph\">{\"@context\":\"https:\/\/schema.org\",\"@graph\":[{\"@type\":\"WebPage\",\"@id\":\"https:\/\/pneusbazar.com\/?product=firestone-destination-st\",\"url\":\"https:\/\/pneusbazar.com\/?product=firestone-destination-st\",\"name\":\"Firestone DESTINATION ST - Pneus Bazar\",\"isPartOf\":{\"@id\":\"https:\/\/pneusbazar.com\/#website\"},\"primaryImageOfPage\":{\"@id\":\"https:\/\/pneusbazar.com\/?product=firestone-destination-st#primaryimage\"},\"image\":{\"@id\":\"https:\/\/pneusbazar.com\/?product=firestone-destination-st#primaryimage\"},\"thumbnailUrl\":\"https:\/\/pneusbazar.com\/wp-content\/uploads\/2014\/12\/fs_destination_st_ci3_l.jpg\",\"datePublished\":\"2014-12-21T01:37:54+00:00\",\"dateModified\":\"2020-11-15T03:09:29+00:00\",\"breadcrumb\":{\"@id\":\"https:\/\/pneusbazar.com\/?product=firestone-destination-st#breadcrumb\"},\"inLanguage\":\"fr-FR\",\"potentialAction\":[{\"@type\":\"ReadAction\",\"target\":[\"https:\/\/pneusbazar.com\/?product=firestone-destination-st\"]}]},{\"@type\":\"ImageObject\",\"inLanguage\":\"fr-FR\",\"@id\":\"https:\/\/pneusbazar.com\/?product=firestone-destination-st#primaryimage\",\"url\":\"https:\/\/pneusbazar.com\/wp-content\/uploads\/2014\/12\/fs_destination_st_ci3_l.jpg\",\"contentUrl\":\"https:\/\/pneusbazar.com\/wp-content\/uploads\/2014\/12\/fs_destination_st_ci3_l.jpg\",\"width\":400,\"height\":400},{\"@type\":\"BreadcrumbList\",\"@id\":\"https:\/\/pneusbazar.com\/?product=firestone-destination-st#breadcrumb\",\"itemListElement\":[{\"@type\":\"ListItem\",\"position\":1,\"name\":\"Accueil\",\"item\":\"https:\/\/pneusbazar.com\/\"},{\"@type\":\"ListItem\",\"position\":2,\"name\":\"Catalogue de pneus\",\"item\":\"https:\/\/pneusbazar.com\/?page_id=20284\"},{\"@type\":\"ListItem\",\"position\":3,\"name\":\"Firestone DESTINATION ST\"}]},{\"@type\":\"WebSite\",\"@id\":\"https:\/\/pneusbazar.com\/#website\",\"url\":\"https:\/\/pneusbazar.com\/\",\"name\":\"Pneus Bazar\",\"description\":\"On prend soin de vous\",\"potentialAction\":[{\"@type\":\"SearchAction\",\"target\":{\"@type\":\"EntryPoint\",\"urlTemplate\":\"https:\/\/pneusbazar.com\/?s={search_term_string}\"},\"query-input\":\"required name=search_term_string\"}],\"inLanguage\":\"fr-FR\"}]}<\/script>\n<!-- \/ Yoast SEO plugin. -->","yoast_head_json":{"title":"Firestone DESTINATION ST - Pneus Bazar","robots":{"index":"index","follow":"follow","max-snippet":"max-snippet:-1","max-image-preview":"max-image-preview:large","max-video-preview":"max-video-preview:-1"},"canonical":"https:\/\/pneusbazar.com\/?product=firestone-destination-st","schema":{"@context":"https:\/\/schema.org","@graph":[{"@type":"WebPage","@id":"https:\/\/pneusbazar.com\/?product=firestone-destination-st","url":"https:\/\/pneusbazar.com\/?product=firestone-destination-st","name":"Firestone DESTINATION ST - Pneus Bazar","isPartOf":{"@id":"https:\/\/pneusbazar.com\/#website"},"primaryImageOfPage":{"@id":"https:\/\/pneusbazar.com\/?product=firestone-destination-st#primaryimage"},"image":{"@id":"https:\/\/pneusbazar.com\/?product=firestone-destination-st#primaryimage"},"thumbnailUrl":"https:\/\/pneusbazar.com\/wp-content\/uploads\/2014\/12\/fs_destination_st_ci3_l.jpg","datePublished":"2014-12-21T01:37:54+00:00","dateModified":"2020-11-15T03:09:29+00:00","breadcrumb":{"@id":"https:\/\/pneusbazar.com\/?product=firestone-destination-st#breadcrumb"},"inLanguage":"fr-FR","potentialAction":[{"@type":"ReadAction","target":["https:\/\/pneusbazar.com\/?product=firestone-destination-st"]}]},{"@type":"ImageObject","inLanguage":"fr-FR","@id":"https:\/\/pneusbazar.com\/?product=firestone-destination-st#primaryimage","url":"https:\/\/pneusbazar.com\/wp-content\/uploads\/2014\/12\/fs_destination_st_ci3_l.jpg","contentUrl":"https:\/\/pneusbazar.com\/wp-content\/uploads\/2014\/12\/fs_destination_st_ci3_l.jpg","width":400,"height":400},{"@type":"BreadcrumbList","@id":"https:\/\/pneusbazar.com\/?product=firestone-destination-st#breadcrumb","itemListElement":[{"@type":"ListItem","position":1,"name":"Accueil","item":"https:\/\/pneusbazar.com\/"},{"@type":"ListItem","position":2,"name":"Catalogue de pneus","item":"https:\/\/pneusbazar.com\/?page_id=20284"},{"@type":"ListItem","position":3,"name":"Firestone DESTINATION ST"}]},{"@type":"WebSite","@id":"https:\/\/pneusbazar.com\/#website","url":"https:\/\/pneusbazar.com\/","name":"Pneus Bazar","description":"On prend soin de vous","potentialAction":[{"@type":"SearchAction","target":{"@type":"EntryPoint","urlTemplate":"https:\/\/pneusbazar.com\/?s={search_term_string}"},"query-input":"required name=search_term_string"}],"inLanguage":"fr-FR"}]}},"_links":{"self":[{"href":"https:\/\/pneusbazar.com\/index.php?rest_route=\/wp\/v2\/product\/20372"}],"collection":[{"href":"https:\/\/pneusbazar.com\/index.php?rest_route=\/wp\/v2\/product"}],"about":[{"href":"https:\/\/pneusbazar.com\/index.php?rest_route=\/wp\/v2\/types\/product"}],"replies":[{"embeddable":true,"href":"https:\/\/pneusbazar.com\/index.php?rest_route=%2Fwp%2Fv2%2Fcomments&post=20372"}],"wp:featuredmedia":[{"embeddable":true,"href":"https:\/\/pneusbazar.com\/index.php?rest_route=\/wp\/v2\/media\/20373"}],"wp:attachment":[{"href":"https:\/\/pneusbazar.com\/index.php?rest_route=%2Fwp%2Fv2%2Fmedia&parent=20372"}],"wp:term":[{"taxonomy":"product_cat","embeddable":true,"href":"https:\/\/pneusbazar.com\/index.php?rest_route=%2Fwp%2Fv2%2Fproduct_cat&post=20372"},{"taxonomy":"product_tag","embeddable":true,"href":"https:\/\/pneusbazar.com\/index.php?rest_route=%2Fwp%2Fv2%2Fproduct_tag&post=20372"}],"curies":[{"name":"wp","href":"https:\/\/api.w.org\/{rel}","templated":true}]}}