{"id":20378,"date":"2014-12-21T01:46:43","date_gmt":"2014-12-21T01:46:43","guid":{"rendered":"http:\/\/pneusbazar.com\/?post_type=product&#038;p=20378"},"modified":"2020-11-14T22:09:29","modified_gmt":"2020-11-15T03:09:29","slug":"firestone-transforce","status":"publish","type":"product","link":"https:\/\/pneusbazar.com\/?product=firestone-transforce","title":{"rendered":"Firestone TRANSFORCE AT"},"content":{"rendered":"<table width=\"89\">\n<tbody>\n<tr>\n<td>Grandeurs disponibles<\/td>\n<\/tr>\n<tr>\n<td>LT235\/75R15<\/td>\n<\/tr>\n<tr>\n<td>LT215\/85R16<\/td>\n<\/tr>\n<tr>\n<td>LT235\/85R16<\/td>\n<\/tr>\n<tr>\n<td>LT225\/75R16<\/td>\n<\/tr>\n<tr>\n<td>LT245\/75R16<\/td>\n<\/tr>\n<tr>\n<td>LT265\/75R16<\/td>\n<\/tr>\n<tr>\n<td>LT235\/80R17<\/td>\n<\/tr>\n<tr>\n<td>LT225\/75R17<\/td>\n<\/tr>\n<tr>\n<td>LT245\/70R17<\/td>\n<\/tr>\n<tr>\n<td>LT245\/70R17<\/td>\n<\/tr>\n<tr>\n<td>LT265\/75R16<\/td>\n<\/tr>\n<tr>\n<td>LT245\/75R17<\/td>\n<\/tr>\n<tr>\n<td>LT265\/70R17<\/td>\n<\/tr>\n<tr>\n<td>LT275\/70R18<\/td>\n<\/tr>\n<tr>\n<td>LT275\/65R18<\/td>\n<\/tr>\n<\/tbody>\n<\/table>\n","protected":false},"excerpt":{"rendered":"<ul>\n<li>Garantie de 30 jours \u00ab\u00a0Achetez et essayez\u00a0\u00bb<\/li>\n<li>Garantie limit\u00e9e Pacte d\u2019Or<\/li>\n<li>Performance tout-terrain sur chauss\u00e9es s\u00e8ches et mouill\u00e9es<\/li>\n<li>Construction de polyester et d&rsquo;acier avec nappe de sommet en nylon enroul\u00e9e en spirale<\/li>\n<li>Indice boue et neige<\/li>\n<li>Nervures continues aux \u00e9paulements pour r\u00e9duire l&rsquo;usure irr\u00e9guli\u00e8re et prolonger la dur\u00e9e de vie de la bande de roulement<\/li>\n<\/ul>\n","protected":false},"featured_media":20379,"comment_status":"closed","ping_status":"closed","template":"","meta":[],"product_cat":[],"product_tag":[],"class_list":{"0":"post-20378","1":"product","2":"type-product","3":"status-publish","4":"has-post-thumbnail","6":"pa_experience-de-conduite-tourisme","7":"pa_gamme-bad","8":"pa_marque-firestone","9":"pa_saison-de-pneus-4-saisons","10":"pa_type-de-pneu-pneus-de-camionnette","12":"first","13":"instock","14":"shipping-taxable","15":"product-type-simple"},"yoast_head":"<!-- This site is optimized with the Yoast SEO plugin v23.2 - https:\/\/yoast.com\/wordpress\/plugins\/seo\/ -->\n<title>Firestone TRANSFORCE AT - Pneus Bazar<\/title>\n<meta name=\"robots\" content=\"index, follow, max-snippet:-1, max-image-preview:large, max-video-preview:-1\" \/>\n<link rel=\"canonical\" href=\"http:\/\/pneusbazar.com\/?product=firestone-transforce\" \/>\n<script type=\"application\/ld+json\" class=\"yoast-schema-graph\">{\"@context\":\"https:\/\/schema.org\",\"@graph\":[{\"@type\":\"WebPage\",\"@id\":\"http:\/\/pneusbazar.com\/?product=firestone-transforce\",\"url\":\"http:\/\/pneusbazar.com\/?product=firestone-transforce\",\"name\":\"Firestone TRANSFORCE AT - Pneus Bazar\",\"isPartOf\":{\"@id\":\"https:\/\/pneusbazar.com\/#website\"},\"primaryImageOfPage\":{\"@id\":\"http:\/\/pneusbazar.com\/?product=firestone-transforce#primaryimage\"},\"image\":{\"@id\":\"http:\/\/pneusbazar.com\/?product=firestone-transforce#primaryimage\"},\"thumbnailUrl\":\"https:\/\/pneusbazar.com\/wp-content\/uploads\/2014\/12\/fs_transforce_at_ci3_l.jpg\",\"datePublished\":\"2014-12-21T01:46:43+00:00\",\"dateModified\":\"2020-11-15T03:09:29+00:00\",\"breadcrumb\":{\"@id\":\"http:\/\/pneusbazar.com\/?product=firestone-transforce#breadcrumb\"},\"inLanguage\":\"fr-FR\",\"potentialAction\":[{\"@type\":\"ReadAction\",\"target\":[\"http:\/\/pneusbazar.com\/?product=firestone-transforce\"]}]},{\"@type\":\"ImageObject\",\"inLanguage\":\"fr-FR\",\"@id\":\"http:\/\/pneusbazar.com\/?product=firestone-transforce#primaryimage\",\"url\":\"https:\/\/pneusbazar.com\/wp-content\/uploads\/2014\/12\/fs_transforce_at_ci3_l.jpg\",\"contentUrl\":\"https:\/\/pneusbazar.com\/wp-content\/uploads\/2014\/12\/fs_transforce_at_ci3_l.jpg\",\"width\":400,\"height\":400},{\"@type\":\"BreadcrumbList\",\"@id\":\"http:\/\/pneusbazar.com\/?product=firestone-transforce#breadcrumb\",\"itemListElement\":[{\"@type\":\"ListItem\",\"position\":1,\"name\":\"Accueil\",\"item\":\"https:\/\/pneusbazar.com\/\"},{\"@type\":\"ListItem\",\"position\":2,\"name\":\"Catalogue de pneus\",\"item\":\"https:\/\/pneusbazar.com\/?page_id=20284\"},{\"@type\":\"ListItem\",\"position\":3,\"name\":\"Firestone TRANSFORCE AT\"}]},{\"@type\":\"WebSite\",\"@id\":\"https:\/\/pneusbazar.com\/#website\",\"url\":\"https:\/\/pneusbazar.com\/\",\"name\":\"Pneus Bazar\",\"description\":\"On prend soin de vous\",\"potentialAction\":[{\"@type\":\"SearchAction\",\"target\":{\"@type\":\"EntryPoint\",\"urlTemplate\":\"https:\/\/pneusbazar.com\/?s={search_term_string}\"},\"query-input\":\"required name=search_term_string\"}],\"inLanguage\":\"fr-FR\"}]}<\/script>\n<!-- \/ Yoast SEO plugin. -->","yoast_head_json":{"title":"Firestone TRANSFORCE AT - Pneus Bazar","robots":{"index":"index","follow":"follow","max-snippet":"max-snippet:-1","max-image-preview":"max-image-preview:large","max-video-preview":"max-video-preview:-1"},"canonical":"http:\/\/pneusbazar.com\/?product=firestone-transforce","schema":{"@context":"https:\/\/schema.org","@graph":[{"@type":"WebPage","@id":"http:\/\/pneusbazar.com\/?product=firestone-transforce","url":"http:\/\/pneusbazar.com\/?product=firestone-transforce","name":"Firestone TRANSFORCE AT - Pneus Bazar","isPartOf":{"@id":"https:\/\/pneusbazar.com\/#website"},"primaryImageOfPage":{"@id":"http:\/\/pneusbazar.com\/?product=firestone-transforce#primaryimage"},"image":{"@id":"http:\/\/pneusbazar.com\/?product=firestone-transforce#primaryimage"},"thumbnailUrl":"https:\/\/pneusbazar.com\/wp-content\/uploads\/2014\/12\/fs_transforce_at_ci3_l.jpg","datePublished":"2014-12-21T01:46:43+00:00","dateModified":"2020-11-15T03:09:29+00:00","breadcrumb":{"@id":"http:\/\/pneusbazar.com\/?product=firestone-transforce#breadcrumb"},"inLanguage":"fr-FR","potentialAction":[{"@type":"ReadAction","target":["http:\/\/pneusbazar.com\/?product=firestone-transforce"]}]},{"@type":"ImageObject","inLanguage":"fr-FR","@id":"http:\/\/pneusbazar.com\/?product=firestone-transforce#primaryimage","url":"https:\/\/pneusbazar.com\/wp-content\/uploads\/2014\/12\/fs_transforce_at_ci3_l.jpg","contentUrl":"https:\/\/pneusbazar.com\/wp-content\/uploads\/2014\/12\/fs_transforce_at_ci3_l.jpg","width":400,"height":400},{"@type":"BreadcrumbList","@id":"http:\/\/pneusbazar.com\/?product=firestone-transforce#breadcrumb","itemListElement":[{"@type":"ListItem","position":1,"name":"Accueil","item":"https:\/\/pneusbazar.com\/"},{"@type":"ListItem","position":2,"name":"Catalogue de pneus","item":"https:\/\/pneusbazar.com\/?page_id=20284"},{"@type":"ListItem","position":3,"name":"Firestone TRANSFORCE AT"}]},{"@type":"WebSite","@id":"https:\/\/pneusbazar.com\/#website","url":"https:\/\/pneusbazar.com\/","name":"Pneus Bazar","description":"On prend soin de vous","potentialAction":[{"@type":"SearchAction","target":{"@type":"EntryPoint","urlTemplate":"https:\/\/pneusbazar.com\/?s={search_term_string}"},"query-input":"required name=search_term_string"}],"inLanguage":"fr-FR"}]}},"_links":{"self":[{"href":"https:\/\/pneusbazar.com\/index.php?rest_route=\/wp\/v2\/product\/20378"}],"collection":[{"href":"https:\/\/pneusbazar.com\/index.php?rest_route=\/wp\/v2\/product"}],"about":[{"href":"https:\/\/pneusbazar.com\/index.php?rest_route=\/wp\/v2\/types\/product"}],"replies":[{"embeddable":true,"href":"https:\/\/pneusbazar.com\/index.php?rest_route=%2Fwp%2Fv2%2Fcomments&post=20378"}],"wp:featuredmedia":[{"embeddable":true,"href":"https:\/\/pneusbazar.com\/index.php?rest_route=\/wp\/v2\/media\/20379"}],"wp:attachment":[{"href":"https:\/\/pneusbazar.com\/index.php?rest_route=%2Fwp%2Fv2%2Fmedia&parent=20378"}],"wp:term":[{"taxonomy":"product_cat","embeddable":true,"href":"https:\/\/pneusbazar.com\/index.php?rest_route=%2Fwp%2Fv2%2Fproduct_cat&post=20378"},{"taxonomy":"product_tag","embeddable":true,"href":"https:\/\/pneusbazar.com\/index.php?rest_route=%2Fwp%2Fv2%2Fproduct_tag&post=20378"}],"curies":[{"name":"wp","href":"https:\/\/api.w.org\/{rel}","templated":true}]}}