{"id":20395,"date":"2014-12-21T20:51:57","date_gmt":"2014-12-21T20:51:57","guid":{"rendered":"http:\/\/pneusbazar.com\/?post_type=product&#038;p=20395"},"modified":"2020-11-14T22:09:29","modified_gmt":"2020-11-15T03:09:29","slug":"general-altimax-rt","status":"publish","type":"product","link":"https:\/\/pneusbazar.com\/?product=general-altimax-rt","title":{"rendered":"General ALTIMAX RT"},"content":{"rendered":"<table width=\"178\">\n<tbody>\n<tr>\n<td colspan=\"2\">Grandeurs disponibles<\/td>\n<\/tr>\n<tr>\n<td>175\/65R14<\/td>\n<td>215\/60R15<\/td>\n<\/tr>\n<tr>\n<td>175\/70R13<\/td>\n<td>215\/60R16<\/td>\n<\/tr>\n<tr>\n<td>175\/70R14<\/td>\n<td>215\/60R17<\/td>\n<\/tr>\n<tr>\n<td>185\/60R15<\/td>\n<td>215\/65R15<\/td>\n<\/tr>\n<tr>\n<td>185\/65R14<\/td>\n<td>215\/65R16<\/td>\n<\/tr>\n<tr>\n<td>185\/65R15<\/td>\n<td>215\/55R18<\/td>\n<\/tr>\n<tr>\n<td>185\/70R14<\/td>\n<td>215\/65R17<\/td>\n<\/tr>\n<tr>\n<td>195\/60R15<\/td>\n<td>215\/70R15<\/td>\n<\/tr>\n<tr>\n<td>195\/65R14<\/td>\n<td>225\/50R17<\/td>\n<\/tr>\n<tr>\n<td>195\/65R15<\/td>\n<td>225\/50R18<\/td>\n<\/tr>\n<tr>\n<td>195\/70R14<\/td>\n<td>225\/55R17<\/td>\n<\/tr>\n<tr>\n<td>205\/55R16<\/td>\n<td>225\/60R16<\/td>\n<\/tr>\n<tr>\n<td>205\/60R15<\/td>\n<td>225\/60R17<\/td>\n<\/tr>\n<tr>\n<td>205\/60R16<\/td>\n<td>225\/70R15<\/td>\n<\/tr>\n<tr>\n<td>205\/65R15<\/td>\n<td>235\/60R16<\/td>\n<\/tr>\n<tr>\n<td>205\/65R16<\/td>\n<td>235\/65R16<\/td>\n<\/tr>\n<tr>\n<td>205\/70R14<\/td>\n<td>235\/65R18<\/td>\n<\/tr>\n<tr>\n<td>205\/70R15<\/td>\n<td>235\/70R15<\/td>\n<\/tr>\n<tr>\n<td>215\/50R17<\/td>\n<td>235\/75R15<\/td>\n<\/tr>\n<\/tbody>\n<\/table>\n","protected":false},"excerpt":{"rendered":"<ul>\n<li>P\u00e9riode d\u2019essai de 45 jours<\/li>\n<li>Couverture gratuite contre les risques routiers pendant les 12 premiers mois ou 2\/32e d\u2019usure de la bande de roulement<\/li>\n<li>Garantie limit\u00e9e de 120 000 km contre l\u2019usure de la bande de roulement<\/li>\n<li>Compos\u00e9 de semelle en silice procure un confort de roulement<\/li>\n<li>Pneu \u00e9l\u00e9gant con\u00e7u pour les voitures de tourisme et les mini-fourgonnettes<\/li>\n<li>Technologie de suppression de l\u2019onde sonore pour r\u00e9duire le bruit du pneu sur la route<\/li>\n<li>Technologie de contour r\u00e9actif aide \u00e0 maintenir un contact avec la surface de la route<\/li>\n<\/ul>\n","protected":false},"featured_media":20397,"comment_status":"closed","ping_status":"closed","template":"","meta":[],"product_cat":[],"product_tag":[],"class_list":{"0":"post-20395","1":"product","2":"type-product","3":"status-publish","4":"has-post-thumbnail","6":"pa_experience-de-conduite-haute-performance","7":"pa_gamme-bad","8":"pa_marque-general","9":"pa_saison-de-pneus-4-saisons","10":"pa_type-de-pneu-pneus-de-voiture","12":"first","13":"instock","14":"shipping-taxable","15":"product-type-simple"},"yoast_head":"<!-- This site is optimized with the Yoast SEO plugin v23.2 - https:\/\/yoast.com\/wordpress\/plugins\/seo\/ -->\n<title>General ALTIMAX RT - Pneus Bazar<\/title>\n<meta name=\"robots\" content=\"index, follow, max-snippet:-1, max-image-preview:large, max-video-preview:-1\" \/>\n<link rel=\"canonical\" href=\"https:\/\/pneusbazar.com\/?product=general-altimax-rt\" \/>\n<script type=\"application\/ld+json\" class=\"yoast-schema-graph\">{\"@context\":\"https:\/\/schema.org\",\"@graph\":[{\"@type\":\"WebPage\",\"@id\":\"https:\/\/pneusbazar.com\/?product=general-altimax-rt\",\"url\":\"https:\/\/pneusbazar.com\/?product=general-altimax-rt\",\"name\":\"General ALTIMAX RT - Pneus Bazar\",\"isPartOf\":{\"@id\":\"https:\/\/pneusbazar.com\/#website\"},\"primaryImageOfPage\":{\"@id\":\"https:\/\/pneusbazar.com\/?product=general-altimax-rt#primaryimage\"},\"image\":{\"@id\":\"https:\/\/pneusbazar.com\/?product=general-altimax-rt#primaryimage\"},\"thumbnailUrl\":\"https:\/\/pneusbazar.com\/wp-content\/uploads\/2014\/12\/altimax_rt_3_4_product.png\",\"datePublished\":\"2014-12-21T20:51:57+00:00\",\"dateModified\":\"2020-11-15T03:09:29+00:00\",\"breadcrumb\":{\"@id\":\"https:\/\/pneusbazar.com\/?product=general-altimax-rt#breadcrumb\"},\"inLanguage\":\"fr-FR\",\"potentialAction\":[{\"@type\":\"ReadAction\",\"target\":[\"https:\/\/pneusbazar.com\/?product=general-altimax-rt\"]}]},{\"@type\":\"ImageObject\",\"inLanguage\":\"fr-FR\",\"@id\":\"https:\/\/pneusbazar.com\/?product=general-altimax-rt#primaryimage\",\"url\":\"https:\/\/pneusbazar.com\/wp-content\/uploads\/2014\/12\/altimax_rt_3_4_product.png\",\"contentUrl\":\"https:\/\/pneusbazar.com\/wp-content\/uploads\/2014\/12\/altimax_rt_3_4_product.png\",\"width\":400,\"height\":400},{\"@type\":\"BreadcrumbList\",\"@id\":\"https:\/\/pneusbazar.com\/?product=general-altimax-rt#breadcrumb\",\"itemListElement\":[{\"@type\":\"ListItem\",\"position\":1,\"name\":\"Accueil\",\"item\":\"https:\/\/pneusbazar.com\/\"},{\"@type\":\"ListItem\",\"position\":2,\"name\":\"Catalogue de pneus\",\"item\":\"https:\/\/pneusbazar.com\/?page_id=20284\"},{\"@type\":\"ListItem\",\"position\":3,\"name\":\"General ALTIMAX RT\"}]},{\"@type\":\"WebSite\",\"@id\":\"https:\/\/pneusbazar.com\/#website\",\"url\":\"https:\/\/pneusbazar.com\/\",\"name\":\"Pneus Bazar\",\"description\":\"On prend soin de vous\",\"potentialAction\":[{\"@type\":\"SearchAction\",\"target\":{\"@type\":\"EntryPoint\",\"urlTemplate\":\"https:\/\/pneusbazar.com\/?s={search_term_string}\"},\"query-input\":\"required name=search_term_string\"}],\"inLanguage\":\"fr-FR\"}]}<\/script>\n<!-- \/ Yoast SEO plugin. -->","yoast_head_json":{"title":"General ALTIMAX RT - Pneus Bazar","robots":{"index":"index","follow":"follow","max-snippet":"max-snippet:-1","max-image-preview":"max-image-preview:large","max-video-preview":"max-video-preview:-1"},"canonical":"https:\/\/pneusbazar.com\/?product=general-altimax-rt","schema":{"@context":"https:\/\/schema.org","@graph":[{"@type":"WebPage","@id":"https:\/\/pneusbazar.com\/?product=general-altimax-rt","url":"https:\/\/pneusbazar.com\/?product=general-altimax-rt","name":"General ALTIMAX RT - Pneus Bazar","isPartOf":{"@id":"https:\/\/pneusbazar.com\/#website"},"primaryImageOfPage":{"@id":"https:\/\/pneusbazar.com\/?product=general-altimax-rt#primaryimage"},"image":{"@id":"https:\/\/pneusbazar.com\/?product=general-altimax-rt#primaryimage"},"thumbnailUrl":"https:\/\/pneusbazar.com\/wp-content\/uploads\/2014\/12\/altimax_rt_3_4_product.png","datePublished":"2014-12-21T20:51:57+00:00","dateModified":"2020-11-15T03:09:29+00:00","breadcrumb":{"@id":"https:\/\/pneusbazar.com\/?product=general-altimax-rt#breadcrumb"},"inLanguage":"fr-FR","potentialAction":[{"@type":"ReadAction","target":["https:\/\/pneusbazar.com\/?product=general-altimax-rt"]}]},{"@type":"ImageObject","inLanguage":"fr-FR","@id":"https:\/\/pneusbazar.com\/?product=general-altimax-rt#primaryimage","url":"https:\/\/pneusbazar.com\/wp-content\/uploads\/2014\/12\/altimax_rt_3_4_product.png","contentUrl":"https:\/\/pneusbazar.com\/wp-content\/uploads\/2014\/12\/altimax_rt_3_4_product.png","width":400,"height":400},{"@type":"BreadcrumbList","@id":"https:\/\/pneusbazar.com\/?product=general-altimax-rt#breadcrumb","itemListElement":[{"@type":"ListItem","position":1,"name":"Accueil","item":"https:\/\/pneusbazar.com\/"},{"@type":"ListItem","position":2,"name":"Catalogue de pneus","item":"https:\/\/pneusbazar.com\/?page_id=20284"},{"@type":"ListItem","position":3,"name":"General ALTIMAX RT"}]},{"@type":"WebSite","@id":"https:\/\/pneusbazar.com\/#website","url":"https:\/\/pneusbazar.com\/","name":"Pneus Bazar","description":"On prend soin de vous","potentialAction":[{"@type":"SearchAction","target":{"@type":"EntryPoint","urlTemplate":"https:\/\/pneusbazar.com\/?s={search_term_string}"},"query-input":"required name=search_term_string"}],"inLanguage":"fr-FR"}]}},"_links":{"self":[{"href":"https:\/\/pneusbazar.com\/index.php?rest_route=\/wp\/v2\/product\/20395"}],"collection":[{"href":"https:\/\/pneusbazar.com\/index.php?rest_route=\/wp\/v2\/product"}],"about":[{"href":"https:\/\/pneusbazar.com\/index.php?rest_route=\/wp\/v2\/types\/product"}],"replies":[{"embeddable":true,"href":"https:\/\/pneusbazar.com\/index.php?rest_route=%2Fwp%2Fv2%2Fcomments&post=20395"}],"wp:featuredmedia":[{"embeddable":true,"href":"https:\/\/pneusbazar.com\/index.php?rest_route=\/wp\/v2\/media\/20397"}],"wp:attachment":[{"href":"https:\/\/pneusbazar.com\/index.php?rest_route=%2Fwp%2Fv2%2Fmedia&parent=20395"}],"wp:term":[{"taxonomy":"product_cat","embeddable":true,"href":"https:\/\/pneusbazar.com\/index.php?rest_route=%2Fwp%2Fv2%2Fproduct_cat&post=20395"},{"taxonomy":"product_tag","embeddable":true,"href":"https:\/\/pneusbazar.com\/index.php?rest_route=%2Fwp%2Fv2%2Fproduct_tag&post=20395"}],"curies":[{"name":"wp","href":"https:\/\/api.w.org\/{rel}","templated":true}]}}