{"id":20398,"date":"2014-12-21T21:12:42","date_gmt":"2014-12-21T21:12:42","guid":{"rendered":"http:\/\/pneusbazar.com\/?post_type=product&#038;p=20398"},"modified":"2020-11-14T22:09:29","modified_gmt":"2020-11-15T03:09:29","slug":"general-g-max-03","status":"publish","type":"product","link":"https:\/\/pneusbazar.com\/?product=general-g-max-03","title":{"rendered":"General G-MAX AS-03"},"content":{"rendered":"<table width=\"249\">\n<tbody>\n<tr>\n<td colspan=\"3\">Grandeurs disponibles<\/td>\n<\/tr>\n<tr>\n<td>195\/50ZR16<\/td>\n<td>225\/50ZR16<\/td>\n<td>245\/45ZR20<\/td>\n<\/tr>\n<tr>\n<td>195\/55R15<\/td>\n<td>225\/50ZR17<\/td>\n<td>245\/50ZR17<\/td>\n<\/tr>\n<tr>\n<td>195\/55R16<\/td>\n<td>225\/50ZR18<\/td>\n<td>255\/35ZR18<\/td>\n<\/tr>\n<tr>\n<td>205\/40ZR17<\/td>\n<td>225\/55ZR16<\/td>\n<td>255\/35ZR19<\/td>\n<\/tr>\n<tr>\n<td>205\/45ZR16<\/td>\n<td>225\/55ZR17<\/td>\n<td>255\/35ZR20<\/td>\n<\/tr>\n<tr>\n<td>205\/45ZR17<\/td>\n<td>235\/35ZR19<\/td>\n<td>255\/40ZR17<\/td>\n<\/tr>\n<tr>\n<td>205\/50ZR16<\/td>\n<td>235\/40ZR18<\/td>\n<td>255\/40ZR18<\/td>\n<\/tr>\n<tr>\n<td>205\/50ZR17<\/td>\n<td>235\/45ZR17<\/td>\n<td>255\/40ZR19<\/td>\n<\/tr>\n<tr>\n<td>205\/55ZR16<\/td>\n<td>235\/45ZR18<\/td>\n<td>255\/45ZR18<\/td>\n<\/tr>\n<tr>\n<td>215\/40ZR18<\/td>\n<td>235\/50ZR17<\/td>\n<td>255\/45ZR20<\/td>\n<\/tr>\n<tr>\n<td>215\/45ZR17<\/td>\n<td>235\/50ZR18<\/td>\n<td>265\/30ZR19<\/td>\n<\/tr>\n<tr>\n<td>215\/45ZR18<\/td>\n<td>235\/55ZR17<\/td>\n<td>265\/35ZR18<\/td>\n<\/tr>\n<tr>\n<td>215\/50ZR17<\/td>\n<td>235\/55ZR18<\/td>\n<td>275\/30ZR19<\/td>\n<\/tr>\n<tr>\n<td>215\/55ZR16<\/td>\n<td>245\/35ZR19<\/td>\n<td>275\/30ZR20<\/td>\n<\/tr>\n<tr>\n<td>215\/55ZR17<\/td>\n<td>245\/35ZR20<\/td>\n<td>275\/35ZR18<\/td>\n<\/tr>\n<tr>\n<td>225\/30ZR20<\/td>\n<td>245\/40ZR17<\/td>\n<td>275\/35ZR19<\/td>\n<\/tr>\n<tr>\n<td>225\/35ZR19<\/td>\n<td>245\/40ZR18<\/td>\n<td>275\/40ZR18<\/td>\n<\/tr>\n<tr>\n<td>225\/40ZR18<\/td>\n<td>245\/40ZR19<\/td>\n<td>275\/40ZR19<\/td>\n<\/tr>\n<tr>\n<td>225\/40ZR19<\/td>\n<td>245\/40ZR20<\/td>\n<td>275\/40ZR20<\/td>\n<\/tr>\n<tr>\n<td>225\/45ZR17<\/td>\n<td>245\/45ZR17<\/td>\n<td><\/td>\n<\/tr>\n<tr>\n<td>225\/45ZR18<\/td>\n<td>245\/45ZR18<\/td>\n<td><\/td>\n<\/tr>\n<tr>\n<td>225\/45ZR19<\/td>\n<td>245\/45ZR19<\/td>\n<td><\/td>\n<\/tr>\n<\/tbody>\n<\/table>\n","protected":false},"excerpt":{"rendered":"<ul>\n<li>Offre d\u2019essai de 45 jours satisfaction \u00e0 la client\u00e8le<\/li>\n<li>Couverture gratuite contre les risques routiers pendant les 12 premiers mois ou 2\/32e d\u2019usure de la bande de roulement<\/li>\n<li>Pneu toutes saisons ultra haute performance<\/li>\n<li>R\u00e9ponse pr\u00e9cise dans des conditions s\u00e8ches et humides avec une traction sur neige excellente<\/li>\n<li>Sculpture de semelle \u00e0 embo\u00eetement pour am\u00e9liorer la tenue de route et accro\u00eetre la durabilit\u00e9<\/li>\n<li>Moniteur de surveillance de remplacement des pneus clairement visible sur la nervure centrale du pneu<\/li>\n<\/ul>\n","protected":false},"featured_media":20400,"comment_status":"closed","ping_status":"closed","template":"","meta":[],"product_cat":[],"product_tag":[],"class_list":{"0":"post-20398","1":"product","2":"type-product","3":"status-publish","4":"has-post-thumbnail","6":"pa_experience-de-conduite-haute-performance","7":"pa_gamme-bad","8":"pa_marque-general","9":"pa_saison-de-pneus-4-saisons","10":"pa_type-de-pneu-pneus-de-voiture","12":"first","13":"instock","14":"shipping-taxable","15":"product-type-simple"},"yoast_head":"<!-- This site is optimized with the Yoast SEO plugin v23.2 - https:\/\/yoast.com\/wordpress\/plugins\/seo\/ -->\n<title>General G-MAX AS-03 - Pneus Bazar<\/title>\n<meta name=\"robots\" content=\"index, follow, max-snippet:-1, max-image-preview:large, max-video-preview:-1\" \/>\n<link rel=\"canonical\" href=\"https:\/\/pneusbazar.com\/?product=general-g-max-03\" \/>\n<script type=\"application\/ld+json\" class=\"yoast-schema-graph\">{\"@context\":\"https:\/\/schema.org\",\"@graph\":[{\"@type\":\"WebPage\",\"@id\":\"https:\/\/pneusbazar.com\/?product=general-g-max-03\",\"url\":\"https:\/\/pneusbazar.com\/?product=general-g-max-03\",\"name\":\"General G-MAX AS-03 - Pneus Bazar\",\"isPartOf\":{\"@id\":\"https:\/\/pneusbazar.com\/#website\"},\"primaryImageOfPage\":{\"@id\":\"https:\/\/pneusbazar.com\/?product=general-g-max-03#primaryimage\"},\"image\":{\"@id\":\"https:\/\/pneusbazar.com\/?product=general-g-max-03#primaryimage\"},\"thumbnailUrl\":\"https:\/\/pneusbazar.com\/wp-content\/uploads\/2014\/12\/general-G-MAX-AS-03_lg.jpg\",\"datePublished\":\"2014-12-21T21:12:42+00:00\",\"dateModified\":\"2020-11-15T03:09:29+00:00\",\"breadcrumb\":{\"@id\":\"https:\/\/pneusbazar.com\/?product=general-g-max-03#breadcrumb\"},\"inLanguage\":\"fr-FR\",\"potentialAction\":[{\"@type\":\"ReadAction\",\"target\":[\"https:\/\/pneusbazar.com\/?product=general-g-max-03\"]}]},{\"@type\":\"ImageObject\",\"inLanguage\":\"fr-FR\",\"@id\":\"https:\/\/pneusbazar.com\/?product=general-g-max-03#primaryimage\",\"url\":\"https:\/\/pneusbazar.com\/wp-content\/uploads\/2014\/12\/general-G-MAX-AS-03_lg.jpg\",\"contentUrl\":\"https:\/\/pneusbazar.com\/wp-content\/uploads\/2014\/12\/general-G-MAX-AS-03_lg.jpg\",\"width\":400,\"height\":400},{\"@type\":\"BreadcrumbList\",\"@id\":\"https:\/\/pneusbazar.com\/?product=general-g-max-03#breadcrumb\",\"itemListElement\":[{\"@type\":\"ListItem\",\"position\":1,\"name\":\"Accueil\",\"item\":\"https:\/\/pneusbazar.com\/\"},{\"@type\":\"ListItem\",\"position\":2,\"name\":\"Catalogue de pneus\",\"item\":\"https:\/\/pneusbazar.com\/?page_id=20284\"},{\"@type\":\"ListItem\",\"position\":3,\"name\":\"General G-MAX AS-03\"}]},{\"@type\":\"WebSite\",\"@id\":\"https:\/\/pneusbazar.com\/#website\",\"url\":\"https:\/\/pneusbazar.com\/\",\"name\":\"Pneus Bazar\",\"description\":\"On prend soin de vous\",\"potentialAction\":[{\"@type\":\"SearchAction\",\"target\":{\"@type\":\"EntryPoint\",\"urlTemplate\":\"https:\/\/pneusbazar.com\/?s={search_term_string}\"},\"query-input\":\"required name=search_term_string\"}],\"inLanguage\":\"fr-FR\"}]}<\/script>\n<!-- \/ Yoast SEO plugin. -->","yoast_head_json":{"title":"General G-MAX AS-03 - Pneus Bazar","robots":{"index":"index","follow":"follow","max-snippet":"max-snippet:-1","max-image-preview":"max-image-preview:large","max-video-preview":"max-video-preview:-1"},"canonical":"https:\/\/pneusbazar.com\/?product=general-g-max-03","schema":{"@context":"https:\/\/schema.org","@graph":[{"@type":"WebPage","@id":"https:\/\/pneusbazar.com\/?product=general-g-max-03","url":"https:\/\/pneusbazar.com\/?product=general-g-max-03","name":"General G-MAX AS-03 - Pneus Bazar","isPartOf":{"@id":"https:\/\/pneusbazar.com\/#website"},"primaryImageOfPage":{"@id":"https:\/\/pneusbazar.com\/?product=general-g-max-03#primaryimage"},"image":{"@id":"https:\/\/pneusbazar.com\/?product=general-g-max-03#primaryimage"},"thumbnailUrl":"https:\/\/pneusbazar.com\/wp-content\/uploads\/2014\/12\/general-G-MAX-AS-03_lg.jpg","datePublished":"2014-12-21T21:12:42+00:00","dateModified":"2020-11-15T03:09:29+00:00","breadcrumb":{"@id":"https:\/\/pneusbazar.com\/?product=general-g-max-03#breadcrumb"},"inLanguage":"fr-FR","potentialAction":[{"@type":"ReadAction","target":["https:\/\/pneusbazar.com\/?product=general-g-max-03"]}]},{"@type":"ImageObject","inLanguage":"fr-FR","@id":"https:\/\/pneusbazar.com\/?product=general-g-max-03#primaryimage","url":"https:\/\/pneusbazar.com\/wp-content\/uploads\/2014\/12\/general-G-MAX-AS-03_lg.jpg","contentUrl":"https:\/\/pneusbazar.com\/wp-content\/uploads\/2014\/12\/general-G-MAX-AS-03_lg.jpg","width":400,"height":400},{"@type":"BreadcrumbList","@id":"https:\/\/pneusbazar.com\/?product=general-g-max-03#breadcrumb","itemListElement":[{"@type":"ListItem","position":1,"name":"Accueil","item":"https:\/\/pneusbazar.com\/"},{"@type":"ListItem","position":2,"name":"Catalogue de pneus","item":"https:\/\/pneusbazar.com\/?page_id=20284"},{"@type":"ListItem","position":3,"name":"General G-MAX AS-03"}]},{"@type":"WebSite","@id":"https:\/\/pneusbazar.com\/#website","url":"https:\/\/pneusbazar.com\/","name":"Pneus Bazar","description":"On prend soin de vous","potentialAction":[{"@type":"SearchAction","target":{"@type":"EntryPoint","urlTemplate":"https:\/\/pneusbazar.com\/?s={search_term_string}"},"query-input":"required name=search_term_string"}],"inLanguage":"fr-FR"}]}},"_links":{"self":[{"href":"https:\/\/pneusbazar.com\/index.php?rest_route=\/wp\/v2\/product\/20398"}],"collection":[{"href":"https:\/\/pneusbazar.com\/index.php?rest_route=\/wp\/v2\/product"}],"about":[{"href":"https:\/\/pneusbazar.com\/index.php?rest_route=\/wp\/v2\/types\/product"}],"replies":[{"embeddable":true,"href":"https:\/\/pneusbazar.com\/index.php?rest_route=%2Fwp%2Fv2%2Fcomments&post=20398"}],"wp:featuredmedia":[{"embeddable":true,"href":"https:\/\/pneusbazar.com\/index.php?rest_route=\/wp\/v2\/media\/20400"}],"wp:attachment":[{"href":"https:\/\/pneusbazar.com\/index.php?rest_route=%2Fwp%2Fv2%2Fmedia&parent=20398"}],"wp:term":[{"taxonomy":"product_cat","embeddable":true,"href":"https:\/\/pneusbazar.com\/index.php?rest_route=%2Fwp%2Fv2%2Fproduct_cat&post=20398"},{"taxonomy":"product_tag","embeddable":true,"href":"https:\/\/pneusbazar.com\/index.php?rest_route=%2Fwp%2Fv2%2Fproduct_tag&post=20398"}],"curies":[{"name":"wp","href":"https:\/\/api.w.org\/{rel}","templated":true}]}}