{"id":20399,"date":"2014-12-21T21:16:02","date_gmt":"2014-12-21T21:16:02","guid":{"rendered":"http:\/\/pneusbazar.com\/?post_type=product&#038;p=20399"},"modified":"2020-11-14T22:09:29","modified_gmt":"2020-11-15T03:09:29","slug":"general-grabber-at2","status":"publish","type":"product","link":"https:\/\/pneusbazar.com\/?product=general-grabber-at2","title":{"rendered":"General GRABBER AT2"},"content":{"rendered":"<table width=\"204\">\n<tbody>\n<tr>\n<td colspan=\"2\">Grandeurs disponibles<\/td>\n<\/tr>\n<tr>\n<td>Tourisme<\/td>\n<td>Camionnette<\/td>\n<\/tr>\n<tr>\n<td>275\/65R18<\/td>\n<td>35X12.50R15LT<\/td>\n<\/tr>\n<tr>\n<td>265\/70R17<\/td>\n<td>LT235\/80R17<\/td>\n<\/tr>\n<tr>\n<td>255\/70R17<\/td>\n<td>LT265\/70R17<\/td>\n<\/tr>\n<tr>\n<td>255\/65R17<\/td>\n<td>LT275\/65R18<\/td>\n<\/tr>\n<tr>\n<td>245\/70R17<\/td>\n<td>LT275\/70R18<\/td>\n<\/tr>\n<tr>\n<td>265\/70R18<\/td>\n<td>LT285\/60R18<\/td>\n<\/tr>\n<tr>\n<td>265\/65R17<\/td>\n<td>33X12.50R17LT<\/td>\n<\/tr>\n<tr>\n<td>265\/65R17<\/td>\n<td>35X12.50R17LT<\/td>\n<\/tr>\n<tr>\n<td>235\/70R16<\/td>\n<td>33X12.50R18LT<\/td>\n<\/tr>\n<tr>\n<td>205\/75R15<\/td>\n<td>35X12.50R18LT<\/td>\n<\/tr>\n<tr>\n<td>215\/65R16<\/td>\n<td>33X12.50R20LT<\/td>\n<\/tr>\n<tr>\n<td>215\/70R16<\/td>\n<td>35X12.50R20LT<\/td>\n<\/tr>\n<tr>\n<td>215\/75R15<\/td>\n<td>30X9.50R15LT<\/td>\n<\/tr>\n<tr>\n<td>225\/75R15<\/td>\n<td>31X10.50R15LT<\/td>\n<\/tr>\n<tr>\n<td>225\/75R16<\/td>\n<td>33X12.50R15LT<\/td>\n<\/tr>\n<tr>\n<td>245\/70R16<\/td>\n<td>LT235\/75R15<\/td>\n<\/tr>\n<tr>\n<td>255\/65R16<\/td>\n<td>LT235\/85R16<\/td>\n<\/tr>\n<tr>\n<td>265\/70R15<\/td>\n<td>LT245\/75R16<\/td>\n<\/tr>\n<tr>\n<td>255\/70R16<\/td>\n<td>LT265\/75R16<\/td>\n<\/tr>\n<tr>\n<td>225\/70R15<\/td>\n<td>LT285\/75R16<\/td>\n<\/tr>\n<tr>\n<td>255\/55R18<\/td>\n<td>LT295\/75R16<\/td>\n<\/tr>\n<tr>\n<td>305\/50R20<\/td>\n<td>LT315\/75R16<\/td>\n<\/tr>\n<tr>\n<td>265\/70R16<\/td>\n<td>35X12.50R15LT<\/td>\n<\/tr>\n<tr>\n<td>255\/70R15<\/td>\n<td>LT305\/70R16<\/td>\n<\/tr>\n<tr>\n<td>255\/60R18<\/td>\n<td>27X8.50R14LT<\/td>\n<\/tr>\n<\/tbody>\n<\/table>\n","protected":false},"excerpt":{"rendered":"<ul>\n<li>Offre d\u2019essai de 30 jours satisfaction \u00e0 la client\u00e8le<\/li>\n<li>Couverture gratuite contre les risques routiers pendant les 12 premiers mois ou 2\/32e d\u2019usure de la bande de roulement<\/li>\n<li>Garantie limit\u00e9e de 96 000 km contre l\u2019usure de la bande de roulement<\/li>\n<li>Motif de bande de roulement innovateur favorisant une excellente adh\u00e9rence sur et hors route<\/li>\n<li>Certaines grandeurs approuv\u00e9es par flocon de neige<\/li>\n<li>Sculpture autonettoyante agressive<\/li>\n<li>Conception directionnelle de la chape \u00e0 double V prolonge la dur\u00e9e de la bande de roulement et la durabilit\u00e9 hors route<\/li>\n<\/ul>\n","protected":false},"featured_media":20401,"comment_status":"closed","ping_status":"closed","template":"","meta":[],"product_cat":[],"product_tag":[],"class_list":{"0":"post-20399","1":"product","2":"type-product","3":"status-publish","4":"has-post-thumbnail","6":"pa_experience-de-conduite-tourisme","7":"pa_gamme-bad","8":"pa_marque-general","9":"pa_saison-de-pneus-4-saisons","10":"pa_saison-de-pneus-hiver","11":"pa_type-de-pneu-pneus-de-camionnette","13":"first","14":"instock","15":"shipping-taxable","16":"product-type-simple"},"yoast_head":"<!-- This site is optimized with the Yoast SEO plugin v23.2 - https:\/\/yoast.com\/wordpress\/plugins\/seo\/ -->\n<title>General GRABBER AT2 - Pneus Bazar<\/title>\n<meta name=\"robots\" content=\"index, follow, max-snippet:-1, max-image-preview:large, max-video-preview:-1\" \/>\n<link rel=\"canonical\" href=\"http:\/\/pneusbazar.com\/?product=general-grabber-at2\" \/>\n<script type=\"application\/ld+json\" class=\"yoast-schema-graph\">{\"@context\":\"https:\/\/schema.org\",\"@graph\":[{\"@type\":\"WebPage\",\"@id\":\"http:\/\/pneusbazar.com\/?product=general-grabber-at2\",\"url\":\"http:\/\/pneusbazar.com\/?product=general-grabber-at2\",\"name\":\"General GRABBER AT2 - Pneus Bazar\",\"isPartOf\":{\"@id\":\"https:\/\/pneusbazar.com\/#website\"},\"primaryImageOfPage\":{\"@id\":\"http:\/\/pneusbazar.com\/?product=general-grabber-at2#primaryimage\"},\"image\":{\"@id\":\"http:\/\/pneusbazar.com\/?product=general-grabber-at2#primaryimage\"},\"thumbnailUrl\":\"https:\/\/pneusbazar.com\/wp-content\/uploads\/2014\/12\/grabber_at2_3_4_product.png\",\"datePublished\":\"2014-12-21T21:16:02+00:00\",\"dateModified\":\"2020-11-15T03:09:29+00:00\",\"breadcrumb\":{\"@id\":\"http:\/\/pneusbazar.com\/?product=general-grabber-at2#breadcrumb\"},\"inLanguage\":\"fr-FR\",\"potentialAction\":[{\"@type\":\"ReadAction\",\"target\":[\"http:\/\/pneusbazar.com\/?product=general-grabber-at2\"]}]},{\"@type\":\"ImageObject\",\"inLanguage\":\"fr-FR\",\"@id\":\"http:\/\/pneusbazar.com\/?product=general-grabber-at2#primaryimage\",\"url\":\"https:\/\/pneusbazar.com\/wp-content\/uploads\/2014\/12\/grabber_at2_3_4_product.png\",\"contentUrl\":\"https:\/\/pneusbazar.com\/wp-content\/uploads\/2014\/12\/grabber_at2_3_4_product.png\",\"width\":400,\"height\":400},{\"@type\":\"BreadcrumbList\",\"@id\":\"http:\/\/pneusbazar.com\/?product=general-grabber-at2#breadcrumb\",\"itemListElement\":[{\"@type\":\"ListItem\",\"position\":1,\"name\":\"Accueil\",\"item\":\"https:\/\/pneusbazar.com\/\"},{\"@type\":\"ListItem\",\"position\":2,\"name\":\"Catalogue de pneus\",\"item\":\"https:\/\/pneusbazar.com\/?page_id=20284\"},{\"@type\":\"ListItem\",\"position\":3,\"name\":\"General GRABBER AT2\"}]},{\"@type\":\"WebSite\",\"@id\":\"https:\/\/pneusbazar.com\/#website\",\"url\":\"https:\/\/pneusbazar.com\/\",\"name\":\"Pneus Bazar\",\"description\":\"On prend soin de vous\",\"potentialAction\":[{\"@type\":\"SearchAction\",\"target\":{\"@type\":\"EntryPoint\",\"urlTemplate\":\"https:\/\/pneusbazar.com\/?s={search_term_string}\"},\"query-input\":\"required name=search_term_string\"}],\"inLanguage\":\"fr-FR\"}]}<\/script>\n<!-- \/ Yoast SEO plugin. -->","yoast_head_json":{"title":"General GRABBER AT2 - Pneus Bazar","robots":{"index":"index","follow":"follow","max-snippet":"max-snippet:-1","max-image-preview":"max-image-preview:large","max-video-preview":"max-video-preview:-1"},"canonical":"http:\/\/pneusbazar.com\/?product=general-grabber-at2","schema":{"@context":"https:\/\/schema.org","@graph":[{"@type":"WebPage","@id":"http:\/\/pneusbazar.com\/?product=general-grabber-at2","url":"http:\/\/pneusbazar.com\/?product=general-grabber-at2","name":"General GRABBER AT2 - Pneus Bazar","isPartOf":{"@id":"https:\/\/pneusbazar.com\/#website"},"primaryImageOfPage":{"@id":"http:\/\/pneusbazar.com\/?product=general-grabber-at2#primaryimage"},"image":{"@id":"http:\/\/pneusbazar.com\/?product=general-grabber-at2#primaryimage"},"thumbnailUrl":"https:\/\/pneusbazar.com\/wp-content\/uploads\/2014\/12\/grabber_at2_3_4_product.png","datePublished":"2014-12-21T21:16:02+00:00","dateModified":"2020-11-15T03:09:29+00:00","breadcrumb":{"@id":"http:\/\/pneusbazar.com\/?product=general-grabber-at2#breadcrumb"},"inLanguage":"fr-FR","potentialAction":[{"@type":"ReadAction","target":["http:\/\/pneusbazar.com\/?product=general-grabber-at2"]}]},{"@type":"ImageObject","inLanguage":"fr-FR","@id":"http:\/\/pneusbazar.com\/?product=general-grabber-at2#primaryimage","url":"https:\/\/pneusbazar.com\/wp-content\/uploads\/2014\/12\/grabber_at2_3_4_product.png","contentUrl":"https:\/\/pneusbazar.com\/wp-content\/uploads\/2014\/12\/grabber_at2_3_4_product.png","width":400,"height":400},{"@type":"BreadcrumbList","@id":"http:\/\/pneusbazar.com\/?product=general-grabber-at2#breadcrumb","itemListElement":[{"@type":"ListItem","position":1,"name":"Accueil","item":"https:\/\/pneusbazar.com\/"},{"@type":"ListItem","position":2,"name":"Catalogue de pneus","item":"https:\/\/pneusbazar.com\/?page_id=20284"},{"@type":"ListItem","position":3,"name":"General GRABBER AT2"}]},{"@type":"WebSite","@id":"https:\/\/pneusbazar.com\/#website","url":"https:\/\/pneusbazar.com\/","name":"Pneus Bazar","description":"On prend soin de vous","potentialAction":[{"@type":"SearchAction","target":{"@type":"EntryPoint","urlTemplate":"https:\/\/pneusbazar.com\/?s={search_term_string}"},"query-input":"required name=search_term_string"}],"inLanguage":"fr-FR"}]}},"_links":{"self":[{"href":"https:\/\/pneusbazar.com\/index.php?rest_route=\/wp\/v2\/product\/20399"}],"collection":[{"href":"https:\/\/pneusbazar.com\/index.php?rest_route=\/wp\/v2\/product"}],"about":[{"href":"https:\/\/pneusbazar.com\/index.php?rest_route=\/wp\/v2\/types\/product"}],"replies":[{"embeddable":true,"href":"https:\/\/pneusbazar.com\/index.php?rest_route=%2Fwp%2Fv2%2Fcomments&post=20399"}],"wp:featuredmedia":[{"embeddable":true,"href":"https:\/\/pneusbazar.com\/index.php?rest_route=\/wp\/v2\/media\/20401"}],"wp:attachment":[{"href":"https:\/\/pneusbazar.com\/index.php?rest_route=%2Fwp%2Fv2%2Fmedia&parent=20399"}],"wp:term":[{"taxonomy":"product_cat","embeddable":true,"href":"https:\/\/pneusbazar.com\/index.php?rest_route=%2Fwp%2Fv2%2Fproduct_cat&post=20399"},{"taxonomy":"product_tag","embeddable":true,"href":"https:\/\/pneusbazar.com\/index.php?rest_route=%2Fwp%2Fv2%2Fproduct_tag&post=20399"}],"curies":[{"name":"wp","href":"https:\/\/api.w.org\/{rel}","templated":true}]}}