{"id":20402,"date":"2014-12-21T21:18:54","date_gmt":"2014-12-21T21:18:54","guid":{"rendered":"http:\/\/pneusbazar.com\/?post_type=product&#038;p=20402"},"modified":"2020-11-14T22:09:29","modified_gmt":"2020-11-15T03:09:29","slug":"general-grabber-hts","status":"publish","type":"product","link":"https:\/\/pneusbazar.com\/?product=general-grabber-hts","title":{"rendered":"General GRABBER HTS"},"content":{"rendered":"<table width=\"271\">\n<tbody>\n<tr>\n<td colspan=\"3\">Grandeurs disponibles<\/td>\n<\/tr>\n<tr>\n<td>P245\/70R17<\/td>\n<td>235\/65R17<\/td>\n<td>275\/70R16<\/td>\n<\/tr>\n<tr>\n<td>245\/70R17<\/td>\n<td>235\/65R17<\/td>\n<td>255\/65R16<\/td>\n<\/tr>\n<tr>\n<td>255\/65R17<\/td>\n<td>255\/55R18<\/td>\n<td>275\/55R17<\/td>\n<\/tr>\n<tr>\n<td>P215\/70R16<\/td>\n<td>265\/75R15<\/td>\n<td>265\/60R18<\/td>\n<\/tr>\n<tr>\n<td>P245\/70R17<\/td>\n<td>275\/55R20<\/td>\n<td>275\/60R18<\/td>\n<\/tr>\n<tr>\n<td>225\/65R17<\/td>\n<td>275\/60R20<\/td>\n<td>275\/45R20<\/td>\n<\/tr>\n<tr>\n<td>255\/70R18<\/td>\n<td>275\/60R20<\/td>\n<td>Camionnette<\/td>\n<\/tr>\n<tr>\n<td>235\/65R18<\/td>\n<td>265\/70R16<\/td>\n<td>LT245\/75R17<\/td>\n<\/tr>\n<tr>\n<td>245\/65R17<\/td>\n<td>265\/70R16<\/td>\n<td>LT235\/85R16<\/td>\n<\/tr>\n<tr>\n<td>245\/75R16<\/td>\n<td>P265\/70R17<\/td>\n<td>LT245\/75R16<\/td>\n<\/tr>\n<tr>\n<td>235\/75R15<\/td>\n<td>P265\/70R17<\/td>\n<td>LT265\/75R16<\/td>\n<\/tr>\n<tr>\n<td>255\/70R16<\/td>\n<td>225\/75R16<\/td>\n<td>LT225\/75R16<\/td>\n<\/tr>\n<tr>\n<td>235\/70R16<\/td>\n<td>235\/70R17<\/td>\n<td>LT235\/75R15<\/td>\n<\/tr>\n<tr>\n<td>245\/70R16<\/td>\n<td>265\/65R17<\/td>\n<td>31X10.50R15LT<\/td>\n<\/tr>\n<tr>\n<td>245\/70R16<\/td>\n<td>265\/70R18<\/td>\n<td>LT265\/70R17<\/td>\n<\/tr>\n<tr>\n<td>245\/75R16<\/td>\n<td>235\/75R17<\/td>\n<td>LT245\/75R16<\/td>\n<\/tr>\n<tr>\n<td>265\/75R16<\/td>\n<td>235\/65R16<\/td>\n<td>LT235\/80R17<\/td>\n<\/tr>\n<tr>\n<td>235\/70R15<\/td>\n<td>235\/75R15<\/td>\n<td>LT245\/75R17<\/td>\n<\/tr>\n<tr>\n<td>225\/70R16<\/td>\n<td>225\/70R15<\/td>\n<td>LT245\/70R17<\/td>\n<\/tr>\n<tr>\n<td>255\/65R16<\/td>\n<td>255\/70R15<\/td>\n<td>LT315\/70R17<\/td>\n<\/tr>\n<tr>\n<td>265\/70R15<\/td>\n<td>215\/70R16<\/td>\n<td>LT285\/70R17<\/td>\n<\/tr>\n<tr>\n<td>235\/75R16<\/td>\n<td>235\/70R16<\/td>\n<td>LT275\/65R18<\/td>\n<\/tr>\n<tr>\n<td>235\/75R16<\/td>\n<td>255\/70R16<\/td>\n<td>LT275\/65R20<\/td>\n<\/tr>\n<tr>\n<td>275\/60R17<\/td>\n<td>275\/70R16<\/td>\n<td>LT275\/70R18<\/td>\n<\/tr>\n<\/tbody>\n<\/table>\n","protected":false},"excerpt":{"rendered":"<ul>\n<li>Offre d\u2019essai de 30 jours satisfaction \u00e0 la client\u00e8le<\/li>\n<li>Couverture gratuite contre les risques routiers pendant les 12 premiers mois ou 2\/32e d\u2019usure de la bande de roulement<\/li>\n<li>Garantie limit\u00e9e de 96 000 km contre l\u2019usure de la bande de roulement (selon la grandeur et l\u2019indice de vitesse<\/li>\n<li>Technologie Duragen garantit l\u2019usure uniforme de la bande de roulement pour un kilom\u00e9trage accru<\/li>\n<li>\u00ab\u00a0Comfort Balance\u00a0\u00bb pour une performance fiable lors du freinage, de l\u2019acc\u00e9l\u00e9ration et de la prise de virage<\/li>\n<li>\u00c9conomie de carburant am\u00e9lior\u00e9e gr\u00e2ce \u00e0 la r\u00e9duction de r\u00e9sistance au roulement de 15 %<\/li>\n<\/ul>\n","protected":false},"featured_media":20403,"comment_status":"closed","ping_status":"closed","template":"","meta":[],"product_cat":[],"product_tag":[],"class_list":{"0":"post-20402","1":"product","2":"type-product","3":"status-publish","4":"has-post-thumbnail","6":"pa_experience-de-conduite-tourisme","7":"pa_gamme-bad","8":"pa_marque-general","9":"pa_saison-de-pneus-4-saisons","10":"pa_type-de-pneu-pneus-de-camionnette","12":"first","13":"instock","14":"shipping-taxable","15":"product-type-simple"},"yoast_head":"<!-- This site is optimized with the Yoast SEO plugin v23.2 - https:\/\/yoast.com\/wordpress\/plugins\/seo\/ -->\n<title>General GRABBER HTS - Pneus Bazar<\/title>\n<meta name=\"robots\" content=\"index, follow, max-snippet:-1, max-image-preview:large, max-video-preview:-1\" \/>\n<link rel=\"canonical\" href=\"https:\/\/pneusbazar.com\/?product=general-grabber-hts\" \/>\n<script type=\"application\/ld+json\" class=\"yoast-schema-graph\">{\"@context\":\"https:\/\/schema.org\",\"@graph\":[{\"@type\":\"WebPage\",\"@id\":\"https:\/\/pneusbazar.com\/?product=general-grabber-hts\",\"url\":\"https:\/\/pneusbazar.com\/?product=general-grabber-hts\",\"name\":\"General GRABBER HTS - Pneus Bazar\",\"isPartOf\":{\"@id\":\"http:\/\/pneusbazar.com\/#website\"},\"primaryImageOfPage\":{\"@id\":\"https:\/\/pneusbazar.com\/?product=general-grabber-hts#primaryimage\"},\"image\":{\"@id\":\"https:\/\/pneusbazar.com\/?product=general-grabber-hts#primaryimage\"},\"thumbnailUrl\":\"https:\/\/pneusbazar.com\/wp-content\/uploads\/2014\/12\/General_GrabberHTS_lg.jpg\",\"datePublished\":\"2014-12-21T21:18:54+00:00\",\"dateModified\":\"2020-11-15T03:09:29+00:00\",\"breadcrumb\":{\"@id\":\"https:\/\/pneusbazar.com\/?product=general-grabber-hts#breadcrumb\"},\"inLanguage\":\"fr-FR\",\"potentialAction\":[{\"@type\":\"ReadAction\",\"target\":[\"https:\/\/pneusbazar.com\/?product=general-grabber-hts\"]}]},{\"@type\":\"ImageObject\",\"inLanguage\":\"fr-FR\",\"@id\":\"https:\/\/pneusbazar.com\/?product=general-grabber-hts#primaryimage\",\"url\":\"https:\/\/pneusbazar.com\/wp-content\/uploads\/2014\/12\/General_GrabberHTS_lg.jpg\",\"contentUrl\":\"https:\/\/pneusbazar.com\/wp-content\/uploads\/2014\/12\/General_GrabberHTS_lg.jpg\",\"width\":400,\"height\":400},{\"@type\":\"BreadcrumbList\",\"@id\":\"https:\/\/pneusbazar.com\/?product=general-grabber-hts#breadcrumb\",\"itemListElement\":[{\"@type\":\"ListItem\",\"position\":1,\"name\":\"Accueil\",\"item\":\"http:\/\/pneusbazar.com\/\"},{\"@type\":\"ListItem\",\"position\":2,\"name\":\"Catalogue de pneus\",\"item\":\"http:\/\/pneusbazar.com\/?page_id=20284\"},{\"@type\":\"ListItem\",\"position\":3,\"name\":\"General GRABBER HTS\"}]},{\"@type\":\"WebSite\",\"@id\":\"http:\/\/pneusbazar.com\/#website\",\"url\":\"http:\/\/pneusbazar.com\/\",\"name\":\"Pneus Bazar\",\"description\":\"On prend soin de vous\",\"potentialAction\":[{\"@type\":\"SearchAction\",\"target\":{\"@type\":\"EntryPoint\",\"urlTemplate\":\"http:\/\/pneusbazar.com\/?s={search_term_string}\"},\"query-input\":\"required name=search_term_string\"}],\"inLanguage\":\"fr-FR\"}]}<\/script>\n<!-- \/ Yoast SEO plugin. -->","yoast_head_json":{"title":"General GRABBER HTS - Pneus Bazar","robots":{"index":"index","follow":"follow","max-snippet":"max-snippet:-1","max-image-preview":"max-image-preview:large","max-video-preview":"max-video-preview:-1"},"canonical":"https:\/\/pneusbazar.com\/?product=general-grabber-hts","schema":{"@context":"https:\/\/schema.org","@graph":[{"@type":"WebPage","@id":"https:\/\/pneusbazar.com\/?product=general-grabber-hts","url":"https:\/\/pneusbazar.com\/?product=general-grabber-hts","name":"General GRABBER HTS - Pneus Bazar","isPartOf":{"@id":"http:\/\/pneusbazar.com\/#website"},"primaryImageOfPage":{"@id":"https:\/\/pneusbazar.com\/?product=general-grabber-hts#primaryimage"},"image":{"@id":"https:\/\/pneusbazar.com\/?product=general-grabber-hts#primaryimage"},"thumbnailUrl":"https:\/\/pneusbazar.com\/wp-content\/uploads\/2014\/12\/General_GrabberHTS_lg.jpg","datePublished":"2014-12-21T21:18:54+00:00","dateModified":"2020-11-15T03:09:29+00:00","breadcrumb":{"@id":"https:\/\/pneusbazar.com\/?product=general-grabber-hts#breadcrumb"},"inLanguage":"fr-FR","potentialAction":[{"@type":"ReadAction","target":["https:\/\/pneusbazar.com\/?product=general-grabber-hts"]}]},{"@type":"ImageObject","inLanguage":"fr-FR","@id":"https:\/\/pneusbazar.com\/?product=general-grabber-hts#primaryimage","url":"https:\/\/pneusbazar.com\/wp-content\/uploads\/2014\/12\/General_GrabberHTS_lg.jpg","contentUrl":"https:\/\/pneusbazar.com\/wp-content\/uploads\/2014\/12\/General_GrabberHTS_lg.jpg","width":400,"height":400},{"@type":"BreadcrumbList","@id":"https:\/\/pneusbazar.com\/?product=general-grabber-hts#breadcrumb","itemListElement":[{"@type":"ListItem","position":1,"name":"Accueil","item":"http:\/\/pneusbazar.com\/"},{"@type":"ListItem","position":2,"name":"Catalogue de pneus","item":"http:\/\/pneusbazar.com\/?page_id=20284"},{"@type":"ListItem","position":3,"name":"General GRABBER HTS"}]},{"@type":"WebSite","@id":"http:\/\/pneusbazar.com\/#website","url":"http:\/\/pneusbazar.com\/","name":"Pneus Bazar","description":"On prend soin de vous","potentialAction":[{"@type":"SearchAction","target":{"@type":"EntryPoint","urlTemplate":"http:\/\/pneusbazar.com\/?s={search_term_string}"},"query-input":"required name=search_term_string"}],"inLanguage":"fr-FR"}]}},"_links":{"self":[{"href":"https:\/\/pneusbazar.com\/index.php?rest_route=\/wp\/v2\/product\/20402"}],"collection":[{"href":"https:\/\/pneusbazar.com\/index.php?rest_route=\/wp\/v2\/product"}],"about":[{"href":"https:\/\/pneusbazar.com\/index.php?rest_route=\/wp\/v2\/types\/product"}],"replies":[{"embeddable":true,"href":"https:\/\/pneusbazar.com\/index.php?rest_route=%2Fwp%2Fv2%2Fcomments&post=20402"}],"wp:featuredmedia":[{"embeddable":true,"href":"https:\/\/pneusbazar.com\/index.php?rest_route=\/wp\/v2\/media\/20403"}],"wp:attachment":[{"href":"https:\/\/pneusbazar.com\/index.php?rest_route=%2Fwp%2Fv2%2Fmedia&parent=20402"}],"wp:term":[{"taxonomy":"product_cat","embeddable":true,"href":"https:\/\/pneusbazar.com\/index.php?rest_route=%2Fwp%2Fv2%2Fproduct_cat&post=20402"},{"taxonomy":"product_tag","embeddable":true,"href":"https:\/\/pneusbazar.com\/index.php?rest_route=%2Fwp%2Fv2%2Fproduct_tag&post=20402"}],"curies":[{"name":"wp","href":"https:\/\/api.w.org\/{rel}","templated":true}]}}