{"id":20406,"date":"2014-12-21T21:24:11","date_gmt":"2014-12-21T21:24:11","guid":{"rendered":"http:\/\/pneusbazar.com\/?post_type=product&#038;p=20406"},"modified":"2020-11-14T22:09:29","modified_gmt":"2020-11-15T03:09:29","slug":"general-grabber-uhp","status":"publish","type":"product","link":"https:\/\/pneusbazar.com\/?product=general-grabber-uhp","title":{"rendered":"General GRABBER UHP"},"content":{"rendered":"<table width=\"166\">\n<tbody>\n<tr>\n<td colspan=\"2\">Grandeurs disponibles<\/td>\n<\/tr>\n<tr>\n<td>305\/35R24<\/td>\n<td>235\/60R18<\/td>\n<\/tr>\n<tr>\n<td>275\/45R20<\/td>\n<td>255\/50R19<\/td>\n<\/tr>\n<tr>\n<td>255\/65R16<\/td>\n<td>265\/65R17<\/td>\n<\/tr>\n<tr>\n<td>255\/60R17<\/td>\n<td>255\/60R18<\/td>\n<\/tr>\n<tr>\n<td>255\/55R18<\/td>\n<td>255\/45R20<\/td>\n<\/tr>\n<tr>\n<td>275\/55R17<\/td>\n<td>265\/40R22<\/td>\n<\/tr>\n<tr>\n<td>285\/50R20<\/td>\n<td>205\/70R15<\/td>\n<\/tr>\n<tr>\n<td>305\/40R23<\/td>\n<td>225\/70R16<\/td>\n<\/tr>\n<tr>\n<td>295\/45R20<\/td>\n<td>245\/70R16<\/td>\n<\/tr>\n<tr>\n<td>275\/55R20<\/td>\n<td>265\/70R15<\/td>\n<\/tr>\n<tr>\n<td>305\/40R22<\/td>\n<td>235\/65R17<\/td>\n<\/tr>\n<tr>\n<td>295\/50R20<\/td>\n<td>225\/55R17<\/td>\n<\/tr>\n<tr>\n<td>305\/45R22<\/td>\n<td><\/td>\n<\/tr>\n<\/tbody>\n<\/table>\n","protected":false},"excerpt":{"rendered":"<ul>\n<li>Offre d\u2019essai de 30 jours satisfaction \u00e0 la client\u00e8le<\/li>\n<li>Couverture gratuite contre les risques routiers pendant les 12 premiers mois ou 2\/32e d\u2019usure de la bande de roulement<\/li>\n<li>Compos\u00e9 de silice pour une excellente maniabilit\u00e9, freinage et adh\u00e9rence<\/li>\n<li>Sculpture directionnelle en V am\u00e9liore le contr\u00f4le sur chauss\u00e9es mouill\u00e9es<\/li>\n<li>Con\u00e7u pour procurer adh\u00e9rence fiable dans toutes les conditions climatiques<\/li>\n<li>Technologie acoustique avanc\u00e9e assure un roulement tr\u00e8s silencieux et confortable<\/li>\n<\/ul>\n","protected":false},"featured_media":20407,"comment_status":"closed","ping_status":"closed","template":"","meta":[],"product_cat":[],"product_tag":[],"class_list":{"0":"post-20406","1":"product","2":"type-product","3":"status-publish","4":"has-post-thumbnail","6":"pa_experience-de-conduite-haute-performance","7":"pa_gamme-bad","8":"pa_marque-general","9":"pa_saison-de-pneus-4-saisons","10":"pa_type-de-pneu-pneus-de-camionnette","12":"first","13":"instock","14":"shipping-taxable","15":"product-type-simple"},"yoast_head":"<!-- This site is optimized with the Yoast SEO plugin v23.2 - https:\/\/yoast.com\/wordpress\/plugins\/seo\/ -->\n<title>General GRABBER UHP - Pneus Bazar<\/title>\n<meta name=\"robots\" content=\"index, follow, max-snippet:-1, max-image-preview:large, max-video-preview:-1\" \/>\n<link rel=\"canonical\" href=\"https:\/\/pneusbazar.com\/?product=general-grabber-uhp\" \/>\n<script type=\"application\/ld+json\" class=\"yoast-schema-graph\">{\"@context\":\"https:\/\/schema.org\",\"@graph\":[{\"@type\":\"WebPage\",\"@id\":\"https:\/\/pneusbazar.com\/?product=general-grabber-uhp\",\"url\":\"https:\/\/pneusbazar.com\/?product=general-grabber-uhp\",\"name\":\"General GRABBER UHP - Pneus Bazar\",\"isPartOf\":{\"@id\":\"https:\/\/pneusbazar.com\/#website\"},\"primaryImageOfPage\":{\"@id\":\"https:\/\/pneusbazar.com\/?product=general-grabber-uhp#primaryimage\"},\"image\":{\"@id\":\"https:\/\/pneusbazar.com\/?product=general-grabber-uhp#primaryimage\"},\"thumbnailUrl\":\"https:\/\/pneusbazar.com\/wp-content\/uploads\/2014\/12\/general_grabber_UHP_lg.jpg\",\"datePublished\":\"2014-12-21T21:24:11+00:00\",\"dateModified\":\"2020-11-15T03:09:29+00:00\",\"breadcrumb\":{\"@id\":\"https:\/\/pneusbazar.com\/?product=general-grabber-uhp#breadcrumb\"},\"inLanguage\":\"fr-FR\",\"potentialAction\":[{\"@type\":\"ReadAction\",\"target\":[\"https:\/\/pneusbazar.com\/?product=general-grabber-uhp\"]}]},{\"@type\":\"ImageObject\",\"inLanguage\":\"fr-FR\",\"@id\":\"https:\/\/pneusbazar.com\/?product=general-grabber-uhp#primaryimage\",\"url\":\"https:\/\/pneusbazar.com\/wp-content\/uploads\/2014\/12\/general_grabber_UHP_lg.jpg\",\"contentUrl\":\"https:\/\/pneusbazar.com\/wp-content\/uploads\/2014\/12\/general_grabber_UHP_lg.jpg\",\"width\":400,\"height\":400},{\"@type\":\"BreadcrumbList\",\"@id\":\"https:\/\/pneusbazar.com\/?product=general-grabber-uhp#breadcrumb\",\"itemListElement\":[{\"@type\":\"ListItem\",\"position\":1,\"name\":\"Accueil\",\"item\":\"https:\/\/pneusbazar.com\/\"},{\"@type\":\"ListItem\",\"position\":2,\"name\":\"Catalogue de pneus\",\"item\":\"https:\/\/pneusbazar.com\/?page_id=20284\"},{\"@type\":\"ListItem\",\"position\":3,\"name\":\"General GRABBER UHP\"}]},{\"@type\":\"WebSite\",\"@id\":\"https:\/\/pneusbazar.com\/#website\",\"url\":\"https:\/\/pneusbazar.com\/\",\"name\":\"Pneus Bazar\",\"description\":\"On prend soin de vous\",\"potentialAction\":[{\"@type\":\"SearchAction\",\"target\":{\"@type\":\"EntryPoint\",\"urlTemplate\":\"https:\/\/pneusbazar.com\/?s={search_term_string}\"},\"query-input\":\"required name=search_term_string\"}],\"inLanguage\":\"fr-FR\"}]}<\/script>\n<!-- \/ Yoast SEO plugin. -->","yoast_head_json":{"title":"General GRABBER UHP - Pneus Bazar","robots":{"index":"index","follow":"follow","max-snippet":"max-snippet:-1","max-image-preview":"max-image-preview:large","max-video-preview":"max-video-preview:-1"},"canonical":"https:\/\/pneusbazar.com\/?product=general-grabber-uhp","schema":{"@context":"https:\/\/schema.org","@graph":[{"@type":"WebPage","@id":"https:\/\/pneusbazar.com\/?product=general-grabber-uhp","url":"https:\/\/pneusbazar.com\/?product=general-grabber-uhp","name":"General GRABBER UHP - Pneus Bazar","isPartOf":{"@id":"https:\/\/pneusbazar.com\/#website"},"primaryImageOfPage":{"@id":"https:\/\/pneusbazar.com\/?product=general-grabber-uhp#primaryimage"},"image":{"@id":"https:\/\/pneusbazar.com\/?product=general-grabber-uhp#primaryimage"},"thumbnailUrl":"https:\/\/pneusbazar.com\/wp-content\/uploads\/2014\/12\/general_grabber_UHP_lg.jpg","datePublished":"2014-12-21T21:24:11+00:00","dateModified":"2020-11-15T03:09:29+00:00","breadcrumb":{"@id":"https:\/\/pneusbazar.com\/?product=general-grabber-uhp#breadcrumb"},"inLanguage":"fr-FR","potentialAction":[{"@type":"ReadAction","target":["https:\/\/pneusbazar.com\/?product=general-grabber-uhp"]}]},{"@type":"ImageObject","inLanguage":"fr-FR","@id":"https:\/\/pneusbazar.com\/?product=general-grabber-uhp#primaryimage","url":"https:\/\/pneusbazar.com\/wp-content\/uploads\/2014\/12\/general_grabber_UHP_lg.jpg","contentUrl":"https:\/\/pneusbazar.com\/wp-content\/uploads\/2014\/12\/general_grabber_UHP_lg.jpg","width":400,"height":400},{"@type":"BreadcrumbList","@id":"https:\/\/pneusbazar.com\/?product=general-grabber-uhp#breadcrumb","itemListElement":[{"@type":"ListItem","position":1,"name":"Accueil","item":"https:\/\/pneusbazar.com\/"},{"@type":"ListItem","position":2,"name":"Catalogue de pneus","item":"https:\/\/pneusbazar.com\/?page_id=20284"},{"@type":"ListItem","position":3,"name":"General GRABBER UHP"}]},{"@type":"WebSite","@id":"https:\/\/pneusbazar.com\/#website","url":"https:\/\/pneusbazar.com\/","name":"Pneus Bazar","description":"On prend soin de vous","potentialAction":[{"@type":"SearchAction","target":{"@type":"EntryPoint","urlTemplate":"https:\/\/pneusbazar.com\/?s={search_term_string}"},"query-input":"required name=search_term_string"}],"inLanguage":"fr-FR"}]}},"_links":{"self":[{"href":"https:\/\/pneusbazar.com\/index.php?rest_route=\/wp\/v2\/product\/20406"}],"collection":[{"href":"https:\/\/pneusbazar.com\/index.php?rest_route=\/wp\/v2\/product"}],"about":[{"href":"https:\/\/pneusbazar.com\/index.php?rest_route=\/wp\/v2\/types\/product"}],"replies":[{"embeddable":true,"href":"https:\/\/pneusbazar.com\/index.php?rest_route=%2Fwp%2Fv2%2Fcomments&post=20406"}],"wp:featuredmedia":[{"embeddable":true,"href":"https:\/\/pneusbazar.com\/index.php?rest_route=\/wp\/v2\/media\/20407"}],"wp:attachment":[{"href":"https:\/\/pneusbazar.com\/index.php?rest_route=%2Fwp%2Fv2%2Fmedia&parent=20406"}],"wp:term":[{"taxonomy":"product_cat","embeddable":true,"href":"https:\/\/pneusbazar.com\/index.php?rest_route=%2Fwp%2Fv2%2Fproduct_cat&post=20406"},{"taxonomy":"product_tag","embeddable":true,"href":"https:\/\/pneusbazar.com\/index.php?rest_route=%2Fwp%2Fv2%2Fproduct_tag&post=20406"}],"curies":[{"name":"wp","href":"https:\/\/api.w.org\/{rel}","templated":true}]}}