{"id":20408,"date":"2014-12-21T21:42:57","date_gmt":"2014-12-21T21:42:57","guid":{"rendered":"http:\/\/pneusbazar.com\/?post_type=product&#038;p=20408"},"modified":"2020-11-14T22:08:26","modified_gmt":"2020-11-15T03:08:26","slug":"pirelli-p-zero-nero","status":"publish","type":"product","link":"https:\/\/pneusbazar.com\/?product=pirelli-p-zero-nero","title":{"rendered":"Pirelli P ZERO NERO"},"content":{"rendered":"<table width=\"177\">\n<tbody>\n<tr>\n<td colspan=\"2\">Grandeurs disponibles<\/td>\n<\/tr>\n<tr>\n<td>P215\/55R17<\/td>\n<td>245\/40R18<\/td>\n<\/tr>\n<tr>\n<td>P215\/50R17<\/td>\n<td>P245\/40R18<\/td>\n<\/tr>\n<tr>\n<td>P225\/55ZR17<\/td>\n<td>P245\/40R18<\/td>\n<\/tr>\n<tr>\n<td>P225\/50R17<\/td>\n<td>P245\/40ZR18<\/td>\n<\/tr>\n<tr>\n<td>P225\/50ZR17<\/td>\n<td>255\/45R18<\/td>\n<\/tr>\n<tr>\n<td>225\/45R17<\/td>\n<td>P255\/45ZR18<\/td>\n<\/tr>\n<tr>\n<td>P225\/45R17<\/td>\n<td>255\/40R18<\/td>\n<\/tr>\n<tr>\n<td>P225\/45ZR17<\/td>\n<td>P255\/40ZR18<\/td>\n<\/tr>\n<tr>\n<td>P235\/55ZR17<\/td>\n<td>255\/35R18<\/td>\n<\/tr>\n<tr>\n<td>P235\/45ZR17<\/td>\n<td>P255\/35ZR18<\/td>\n<\/tr>\n<tr>\n<td>P245\/45ZR17<\/td>\n<td>265\/35R18<\/td>\n<\/tr>\n<tr>\n<td>245\/40R17<\/td>\n<td>285\/35R18<\/td>\n<\/tr>\n<tr>\n<td>P245\/40ZR17<\/td>\n<td>P285\/35ZR18<\/td>\n<\/tr>\n<tr>\n<td>215\/45R18<\/td>\n<td>P245\/50ZR19<\/td>\n<\/tr>\n<tr>\n<td>P225\/45ZR18<\/td>\n<td>P245\/45R19<\/td>\n<\/tr>\n<tr>\n<td>225\/40R18<\/td>\n<td>P245\/45ZR19<\/td>\n<\/tr>\n<tr>\n<td>225\/40R18<\/td>\n<td>P245\/40ZR19<\/td>\n<\/tr>\n<tr>\n<td>P225\/40ZR18<\/td>\n<td>P275\/40R19<\/td>\n<\/tr>\n<tr>\n<td>235\/55R18<\/td>\n<td>P275\/40ZR19<\/td>\n<\/tr>\n<tr>\n<td>P235\/50ZR18<\/td>\n<td>265\/40R20<\/td>\n<\/tr>\n<tr>\n<td>235\/40R18<\/td>\n<td>245\/40R20<\/td>\n<\/tr>\n<tr>\n<td>P235\/40ZR18<\/td>\n<td>275\/35R20<\/td>\n<\/tr>\n<tr>\n<td>P245\/45ZR18<\/td>\n<td><\/td>\n<\/tr>\n<\/tbody>\n<\/table>\n","protected":false},"excerpt":{"rendered":"<ul>\n<li>Garantie limit\u00e9e de 75 000 km contre l\u2019usure de la bande de roulement<\/li>\n<li>Profil asym\u00e9trique quatre saisons pour une conduite pr\u00e9cise dans toutes les conditions de routes<\/li>\n<li>Solide nervure centrale pour freinage accru et acc\u00e9l\u00e9ration rapide<\/li>\n<li>Compos\u00e9 de silice permet une plus grande efficacit\u00e9 de la consommation d\u2019essence et un meilleur contr\u00f4le sur les chauss\u00e9es mouill\u00e9es<\/li>\n<li>Rainures longitudinales et lat\u00e9rales r\u00e9duisent le risque d\u2019aquaplanage<\/li>\n<\/ul>\n","protected":false},"featured_media":20411,"comment_status":"closed","ping_status":"closed","template":"","meta":[],"product_cat":[],"product_tag":[],"class_list":{"0":"post-20408","1":"product","2":"type-product","3":"status-publish","4":"has-post-thumbnail","6":"pa_experience-de-conduite-haute-performance","7":"pa_gamme-good","8":"pa_marque-pirelli","9":"pa_saison-de-pneus-4-saisons","10":"pa_type-de-pneu-pneus-de-voiture","12":"first","13":"instock","14":"shipping-taxable","15":"product-type-simple"},"yoast_head":"<!-- This site is optimized with the Yoast SEO plugin v23.2 - https:\/\/yoast.com\/wordpress\/plugins\/seo\/ -->\n<title>Pirelli P ZERO NERO - Pneus Bazar<\/title>\n<meta name=\"robots\" content=\"index, follow, max-snippet:-1, max-image-preview:large, max-video-preview:-1\" \/>\n<link rel=\"canonical\" href=\"https:\/\/pneusbazar.com\/?product=pirelli-p-zero-nero\" \/>\n<script type=\"application\/ld+json\" class=\"yoast-schema-graph\">{\"@context\":\"https:\/\/schema.org\",\"@graph\":[{\"@type\":\"WebPage\",\"@id\":\"https:\/\/pneusbazar.com\/?product=pirelli-p-zero-nero\",\"url\":\"https:\/\/pneusbazar.com\/?product=pirelli-p-zero-nero\",\"name\":\"Pirelli P ZERO NERO - Pneus Bazar\",\"isPartOf\":{\"@id\":\"https:\/\/pneusbazar.com\/#website\"},\"primaryImageOfPage\":{\"@id\":\"https:\/\/pneusbazar.com\/?product=pirelli-p-zero-nero#primaryimage\"},\"image\":{\"@id\":\"https:\/\/pneusbazar.com\/?product=pirelli-p-zero-nero#primaryimage\"},\"thumbnailUrl\":\"https:\/\/pneusbazar.com\/wp-content\/uploads\/2014\/12\/Pzero_nero_gt.png\",\"datePublished\":\"2014-12-21T21:42:57+00:00\",\"dateModified\":\"2020-11-15T03:08:26+00:00\",\"breadcrumb\":{\"@id\":\"https:\/\/pneusbazar.com\/?product=pirelli-p-zero-nero#breadcrumb\"},\"inLanguage\":\"fr-FR\",\"potentialAction\":[{\"@type\":\"ReadAction\",\"target\":[\"https:\/\/pneusbazar.com\/?product=pirelli-p-zero-nero\"]}]},{\"@type\":\"ImageObject\",\"inLanguage\":\"fr-FR\",\"@id\":\"https:\/\/pneusbazar.com\/?product=pirelli-p-zero-nero#primaryimage\",\"url\":\"https:\/\/pneusbazar.com\/wp-content\/uploads\/2014\/12\/Pzero_nero_gt.png\",\"contentUrl\":\"https:\/\/pneusbazar.com\/wp-content\/uploads\/2014\/12\/Pzero_nero_gt.png\",\"width\":400,\"height\":400},{\"@type\":\"BreadcrumbList\",\"@id\":\"https:\/\/pneusbazar.com\/?product=pirelli-p-zero-nero#breadcrumb\",\"itemListElement\":[{\"@type\":\"ListItem\",\"position\":1,\"name\":\"Accueil\",\"item\":\"https:\/\/pneusbazar.com\/\"},{\"@type\":\"ListItem\",\"position\":2,\"name\":\"Catalogue de pneus\",\"item\":\"https:\/\/pneusbazar.com\/?page_id=20284\"},{\"@type\":\"ListItem\",\"position\":3,\"name\":\"Pirelli P ZERO NERO\"}]},{\"@type\":\"WebSite\",\"@id\":\"https:\/\/pneusbazar.com\/#website\",\"url\":\"https:\/\/pneusbazar.com\/\",\"name\":\"Pneus Bazar\",\"description\":\"On prend soin de vous\",\"potentialAction\":[{\"@type\":\"SearchAction\",\"target\":{\"@type\":\"EntryPoint\",\"urlTemplate\":\"https:\/\/pneusbazar.com\/?s={search_term_string}\"},\"query-input\":\"required name=search_term_string\"}],\"inLanguage\":\"fr-FR\"}]}<\/script>\n<!-- \/ Yoast SEO plugin. -->","yoast_head_json":{"title":"Pirelli P ZERO NERO - Pneus Bazar","robots":{"index":"index","follow":"follow","max-snippet":"max-snippet:-1","max-image-preview":"max-image-preview:large","max-video-preview":"max-video-preview:-1"},"canonical":"https:\/\/pneusbazar.com\/?product=pirelli-p-zero-nero","schema":{"@context":"https:\/\/schema.org","@graph":[{"@type":"WebPage","@id":"https:\/\/pneusbazar.com\/?product=pirelli-p-zero-nero","url":"https:\/\/pneusbazar.com\/?product=pirelli-p-zero-nero","name":"Pirelli P ZERO NERO - Pneus Bazar","isPartOf":{"@id":"https:\/\/pneusbazar.com\/#website"},"primaryImageOfPage":{"@id":"https:\/\/pneusbazar.com\/?product=pirelli-p-zero-nero#primaryimage"},"image":{"@id":"https:\/\/pneusbazar.com\/?product=pirelli-p-zero-nero#primaryimage"},"thumbnailUrl":"https:\/\/pneusbazar.com\/wp-content\/uploads\/2014\/12\/Pzero_nero_gt.png","datePublished":"2014-12-21T21:42:57+00:00","dateModified":"2020-11-15T03:08:26+00:00","breadcrumb":{"@id":"https:\/\/pneusbazar.com\/?product=pirelli-p-zero-nero#breadcrumb"},"inLanguage":"fr-FR","potentialAction":[{"@type":"ReadAction","target":["https:\/\/pneusbazar.com\/?product=pirelli-p-zero-nero"]}]},{"@type":"ImageObject","inLanguage":"fr-FR","@id":"https:\/\/pneusbazar.com\/?product=pirelli-p-zero-nero#primaryimage","url":"https:\/\/pneusbazar.com\/wp-content\/uploads\/2014\/12\/Pzero_nero_gt.png","contentUrl":"https:\/\/pneusbazar.com\/wp-content\/uploads\/2014\/12\/Pzero_nero_gt.png","width":400,"height":400},{"@type":"BreadcrumbList","@id":"https:\/\/pneusbazar.com\/?product=pirelli-p-zero-nero#breadcrumb","itemListElement":[{"@type":"ListItem","position":1,"name":"Accueil","item":"https:\/\/pneusbazar.com\/"},{"@type":"ListItem","position":2,"name":"Catalogue de pneus","item":"https:\/\/pneusbazar.com\/?page_id=20284"},{"@type":"ListItem","position":3,"name":"Pirelli P ZERO NERO"}]},{"@type":"WebSite","@id":"https:\/\/pneusbazar.com\/#website","url":"https:\/\/pneusbazar.com\/","name":"Pneus Bazar","description":"On prend soin de vous","potentialAction":[{"@type":"SearchAction","target":{"@type":"EntryPoint","urlTemplate":"https:\/\/pneusbazar.com\/?s={search_term_string}"},"query-input":"required name=search_term_string"}],"inLanguage":"fr-FR"}]}},"_links":{"self":[{"href":"https:\/\/pneusbazar.com\/index.php?rest_route=\/wp\/v2\/product\/20408"}],"collection":[{"href":"https:\/\/pneusbazar.com\/index.php?rest_route=\/wp\/v2\/product"}],"about":[{"href":"https:\/\/pneusbazar.com\/index.php?rest_route=\/wp\/v2\/types\/product"}],"replies":[{"embeddable":true,"href":"https:\/\/pneusbazar.com\/index.php?rest_route=%2Fwp%2Fv2%2Fcomments&post=20408"}],"wp:featuredmedia":[{"embeddable":true,"href":"https:\/\/pneusbazar.com\/index.php?rest_route=\/wp\/v2\/media\/20411"}],"wp:attachment":[{"href":"https:\/\/pneusbazar.com\/index.php?rest_route=%2Fwp%2Fv2%2Fmedia&parent=20408"}],"wp:term":[{"taxonomy":"product_cat","embeddable":true,"href":"https:\/\/pneusbazar.com\/index.php?rest_route=%2Fwp%2Fv2%2Fproduct_cat&post=20408"},{"taxonomy":"product_tag","embeddable":true,"href":"https:\/\/pneusbazar.com\/index.php?rest_route=%2Fwp%2Fv2%2Fproduct_tag&post=20408"}],"curies":[{"name":"wp","href":"https:\/\/api.w.org\/{rel}","templated":true}]}}