{"id":20412,"date":"2014-12-21T21:46:43","date_gmt":"2014-12-21T21:46:43","guid":{"rendered":"http:\/\/pneusbazar.com\/?post_type=product&#038;p=20412"},"modified":"2020-11-14T22:08:26","modified_gmt":"2020-11-15T03:08:26","slug":"pirelli-p-zero-rosso","status":"publish","type":"product","link":"https:\/\/pneusbazar.com\/?product=pirelli-p-zero-rosso","title":{"rendered":"Pirelli P ZERO ROSSO"},"content":{"rendered":"<table width=\"246\">\n<tbody>\n<tr>\n<td colspan=\"3\">Grandeurs disponibles<\/td>\n<\/tr>\n<tr>\n<td>255\/60R17<\/td>\n<td>235\/40ZR18<\/td>\n<td>245\/45R19<\/td>\n<\/tr>\n<tr>\n<td>205\/50ZR17<\/td>\n<td>235\/40ZR18<\/td>\n<td>275\/45ZR19<\/td>\n<\/tr>\n<tr>\n<td>225\/45R17<\/td>\n<td>235\/40ZR18<\/td>\n<td>285\/45R19<\/td>\n<\/tr>\n<tr>\n<td>225\/45ZR17<\/td>\n<td>245\/40R18<\/td>\n<td>245\/40ZR19<\/td>\n<\/tr>\n<tr>\n<td>225\/45ZR17<\/td>\n<td>245\/40ZR18<\/td>\n<td>255\/40R19<\/td>\n<\/tr>\n<tr>\n<td>225\/45ZR17<\/td>\n<td>245\/40ZR18<\/td>\n<td>255\/40ZR19<\/td>\n<\/tr>\n<tr>\n<td>235\/45R17<\/td>\n<td>245\/40ZR18<\/td>\n<td>275\/40R19<\/td>\n<\/tr>\n<tr>\n<td>235\/45ZR17<\/td>\n<td>245\/40ZR18<\/td>\n<td>275\/40ZR19<\/td>\n<\/tr>\n<tr>\n<td>245\/45R17<\/td>\n<td>255\/40ZR18<\/td>\n<td>285\/40ZR19<\/td>\n<\/tr>\n<tr>\n<td>245\/45R17<\/td>\n<td>255\/40ZR18<\/td>\n<td>235\/35ZR19<\/td>\n<\/tr>\n<tr>\n<td>245\/40R17<\/td>\n<td>285\/40ZR18<\/td>\n<td>235\/35ZR19<\/td>\n<\/tr>\n<tr>\n<td>245\/40ZR17<\/td>\n<td>245\/35ZR18<\/td>\n<td>255\/35ZR19<\/td>\n<\/tr>\n<tr>\n<td>255\/40ZR17<\/td>\n<td>245\/35ZR18<\/td>\n<td>285\/35ZR19<\/td>\n<\/tr>\n<tr>\n<td>235\/60R18<\/td>\n<td>265\/35R18<\/td>\n<td>265\/30ZR19<\/td>\n<\/tr>\n<tr>\n<td>255\/55ZR18<\/td>\n<td>265\/35ZR18<\/td>\n<td>295\/30ZR19<\/td>\n<\/tr>\n<tr>\n<td>235\/50R18<\/td>\n<td>275\/35R18<\/td>\n<td>295\/30ZR19<\/td>\n<\/tr>\n<tr>\n<td>245\/50R18<\/td>\n<td>285\/35ZR18<\/td>\n<td>305\/30ZR19<\/td>\n<\/tr>\n<tr>\n<td>255\/50ZR18<\/td>\n<td>285\/35ZR18<\/td>\n<td>265\/45ZR20<\/td>\n<\/tr>\n<tr>\n<td>215\/45R18<\/td>\n<td>295\/35ZR18<\/td>\n<td>275\/45ZR20<\/td>\n<\/tr>\n<tr>\n<td>245\/45ZR18<\/td>\n<td>285\/30ZR18<\/td>\n<td>275\/40ZR20<\/td>\n<\/tr>\n<tr>\n<td>245\/45ZR18<\/td>\n<td>295\/30ZR18<\/td>\n<td>295\/40ZR20<\/td>\n<\/tr>\n<tr>\n<td>255\/45R18<\/td>\n<td>315\/30ZR18<\/td>\n<td>275\/35ZR20<\/td>\n<\/tr>\n<tr>\n<td>275\/45R18<\/td>\n<td>335\/30ZR18<\/td>\n<td>315\/35ZR20<\/td>\n<\/tr>\n<tr>\n<td>225\/40ZR18<\/td>\n<td>255\/50R19<\/td>\n<td>295\/35ZR21<\/td>\n<\/tr>\n<tr>\n<td>225\/40ZR18<\/td>\n<td>235\/45R19<\/td>\n<td>295\/35ZR21<\/td>\n<\/tr>\n<tr>\n<td>235\/40ZR18<\/td>\n<td><\/td>\n<td><\/td>\n<\/tr>\n<\/tbody>\n<\/table>\n","protected":false},"excerpt":{"rendered":"<ul>\n<li>\u00c9quilibre exceptionnel entre performance, confort et r\u00e9duction du bruit de roulement<\/li>\n<li>Larges nervures et rainures continues pour la confiance sur chauss\u00e9es s\u00e8ches et mouill\u00e9es<\/li>\n<li>Deux types de bandes de roulement diff\u00e9rentes pour fournir d\u2019excellentes performances sportives<\/li>\n<li>Con\u00e7u pour les voitures sport modernes int\u00e9grant des aides \u00e9lectroniques de conduite et des syst\u00e8mes de contr\u00f4le de stabilit\u00e9<\/li>\n<\/ul>\n","protected":false},"featured_media":20414,"comment_status":"closed","ping_status":"closed","template":"","meta":[],"product_cat":[],"product_tag":[],"class_list":{"0":"post-20412","1":"product","2":"type-product","3":"status-publish","4":"has-post-thumbnail","6":"pa_experience-de-conduite-haute-performance","7":"pa_gamme-good","8":"pa_marque-pirelli","9":"pa_saison-de-pneus-4-saisons","10":"pa_type-de-pneu-pneus-de-voiture","12":"first","13":"instock","14":"shipping-taxable","15":"product-type-simple"},"yoast_head":"<!-- This site is optimized with the Yoast SEO plugin v23.2 - https:\/\/yoast.com\/wordpress\/plugins\/seo\/ -->\n<title>Pirelli P ZERO ROSSO - Pneus Bazar<\/title>\n<meta name=\"robots\" content=\"index, follow, max-snippet:-1, max-image-preview:large, max-video-preview:-1\" \/>\n<link rel=\"canonical\" href=\"https:\/\/pneusbazar.com\/?product=pirelli-p-zero-rosso\" \/>\n<script type=\"application\/ld+json\" class=\"yoast-schema-graph\">{\"@context\":\"https:\/\/schema.org\",\"@graph\":[{\"@type\":\"WebPage\",\"@id\":\"https:\/\/pneusbazar.com\/?product=pirelli-p-zero-rosso\",\"url\":\"https:\/\/pneusbazar.com\/?product=pirelli-p-zero-rosso\",\"name\":\"Pirelli P ZERO ROSSO - Pneus Bazar\",\"isPartOf\":{\"@id\":\"https:\/\/pneusbazar.com\/#website\"},\"primaryImageOfPage\":{\"@id\":\"https:\/\/pneusbazar.com\/?product=pirelli-p-zero-rosso#primaryimage\"},\"image\":{\"@id\":\"https:\/\/pneusbazar.com\/?product=pirelli-p-zero-rosso#primaryimage\"},\"thumbnailUrl\":\"https:\/\/pneusbazar.com\/wp-content\/uploads\/2014\/12\/prodotti_Pzero_Rosso_AS.png\",\"datePublished\":\"2014-12-21T21:46:43+00:00\",\"dateModified\":\"2020-11-15T03:08:26+00:00\",\"breadcrumb\":{\"@id\":\"https:\/\/pneusbazar.com\/?product=pirelli-p-zero-rosso#breadcrumb\"},\"inLanguage\":\"fr-FR\",\"potentialAction\":[{\"@type\":\"ReadAction\",\"target\":[\"https:\/\/pneusbazar.com\/?product=pirelli-p-zero-rosso\"]}]},{\"@type\":\"ImageObject\",\"inLanguage\":\"fr-FR\",\"@id\":\"https:\/\/pneusbazar.com\/?product=pirelli-p-zero-rosso#primaryimage\",\"url\":\"https:\/\/pneusbazar.com\/wp-content\/uploads\/2014\/12\/prodotti_Pzero_Rosso_AS.png\",\"contentUrl\":\"https:\/\/pneusbazar.com\/wp-content\/uploads\/2014\/12\/prodotti_Pzero_Rosso_AS.png\",\"width\":400,\"height\":400},{\"@type\":\"BreadcrumbList\",\"@id\":\"https:\/\/pneusbazar.com\/?product=pirelli-p-zero-rosso#breadcrumb\",\"itemListElement\":[{\"@type\":\"ListItem\",\"position\":1,\"name\":\"Accueil\",\"item\":\"https:\/\/pneusbazar.com\/\"},{\"@type\":\"ListItem\",\"position\":2,\"name\":\"Catalogue de pneus\",\"item\":\"https:\/\/pneusbazar.com\/?page_id=20284\"},{\"@type\":\"ListItem\",\"position\":3,\"name\":\"Pirelli P ZERO ROSSO\"}]},{\"@type\":\"WebSite\",\"@id\":\"https:\/\/pneusbazar.com\/#website\",\"url\":\"https:\/\/pneusbazar.com\/\",\"name\":\"Pneus Bazar\",\"description\":\"On prend soin de vous\",\"potentialAction\":[{\"@type\":\"SearchAction\",\"target\":{\"@type\":\"EntryPoint\",\"urlTemplate\":\"https:\/\/pneusbazar.com\/?s={search_term_string}\"},\"query-input\":\"required name=search_term_string\"}],\"inLanguage\":\"fr-FR\"}]}<\/script>\n<!-- \/ Yoast SEO plugin. -->","yoast_head_json":{"title":"Pirelli P ZERO ROSSO - Pneus Bazar","robots":{"index":"index","follow":"follow","max-snippet":"max-snippet:-1","max-image-preview":"max-image-preview:large","max-video-preview":"max-video-preview:-1"},"canonical":"https:\/\/pneusbazar.com\/?product=pirelli-p-zero-rosso","schema":{"@context":"https:\/\/schema.org","@graph":[{"@type":"WebPage","@id":"https:\/\/pneusbazar.com\/?product=pirelli-p-zero-rosso","url":"https:\/\/pneusbazar.com\/?product=pirelli-p-zero-rosso","name":"Pirelli P ZERO ROSSO - Pneus Bazar","isPartOf":{"@id":"https:\/\/pneusbazar.com\/#website"},"primaryImageOfPage":{"@id":"https:\/\/pneusbazar.com\/?product=pirelli-p-zero-rosso#primaryimage"},"image":{"@id":"https:\/\/pneusbazar.com\/?product=pirelli-p-zero-rosso#primaryimage"},"thumbnailUrl":"https:\/\/pneusbazar.com\/wp-content\/uploads\/2014\/12\/prodotti_Pzero_Rosso_AS.png","datePublished":"2014-12-21T21:46:43+00:00","dateModified":"2020-11-15T03:08:26+00:00","breadcrumb":{"@id":"https:\/\/pneusbazar.com\/?product=pirelli-p-zero-rosso#breadcrumb"},"inLanguage":"fr-FR","potentialAction":[{"@type":"ReadAction","target":["https:\/\/pneusbazar.com\/?product=pirelli-p-zero-rosso"]}]},{"@type":"ImageObject","inLanguage":"fr-FR","@id":"https:\/\/pneusbazar.com\/?product=pirelli-p-zero-rosso#primaryimage","url":"https:\/\/pneusbazar.com\/wp-content\/uploads\/2014\/12\/prodotti_Pzero_Rosso_AS.png","contentUrl":"https:\/\/pneusbazar.com\/wp-content\/uploads\/2014\/12\/prodotti_Pzero_Rosso_AS.png","width":400,"height":400},{"@type":"BreadcrumbList","@id":"https:\/\/pneusbazar.com\/?product=pirelli-p-zero-rosso#breadcrumb","itemListElement":[{"@type":"ListItem","position":1,"name":"Accueil","item":"https:\/\/pneusbazar.com\/"},{"@type":"ListItem","position":2,"name":"Catalogue de pneus","item":"https:\/\/pneusbazar.com\/?page_id=20284"},{"@type":"ListItem","position":3,"name":"Pirelli P ZERO ROSSO"}]},{"@type":"WebSite","@id":"https:\/\/pneusbazar.com\/#website","url":"https:\/\/pneusbazar.com\/","name":"Pneus Bazar","description":"On prend soin de vous","potentialAction":[{"@type":"SearchAction","target":{"@type":"EntryPoint","urlTemplate":"https:\/\/pneusbazar.com\/?s={search_term_string}"},"query-input":"required name=search_term_string"}],"inLanguage":"fr-FR"}]}},"_links":{"self":[{"href":"https:\/\/pneusbazar.com\/index.php?rest_route=\/wp\/v2\/product\/20412"}],"collection":[{"href":"https:\/\/pneusbazar.com\/index.php?rest_route=\/wp\/v2\/product"}],"about":[{"href":"https:\/\/pneusbazar.com\/index.php?rest_route=\/wp\/v2\/types\/product"}],"replies":[{"embeddable":true,"href":"https:\/\/pneusbazar.com\/index.php?rest_route=%2Fwp%2Fv2%2Fcomments&post=20412"}],"wp:featuredmedia":[{"embeddable":true,"href":"https:\/\/pneusbazar.com\/index.php?rest_route=\/wp\/v2\/media\/20414"}],"wp:attachment":[{"href":"https:\/\/pneusbazar.com\/index.php?rest_route=%2Fwp%2Fv2%2Fmedia&parent=20412"}],"wp:term":[{"taxonomy":"product_cat","embeddable":true,"href":"https:\/\/pneusbazar.com\/index.php?rest_route=%2Fwp%2Fv2%2Fproduct_cat&post=20412"},{"taxonomy":"product_tag","embeddable":true,"href":"https:\/\/pneusbazar.com\/index.php?rest_route=%2Fwp%2Fv2%2Fproduct_tag&post=20412"}],"curies":[{"name":"wp","href":"https:\/\/api.w.org\/{rel}","templated":true}]}}