{"id":20428,"date":"2014-12-21T22:41:53","date_gmt":"2014-12-21T22:41:53","guid":{"rendered":"http:\/\/pneusbazar.com\/?post_type=product&#038;p=20428"},"modified":"2020-11-14T22:08:26","modified_gmt":"2020-11-15T03:08:26","slug":"toyo-m-55","status":"publish","type":"product","link":"https:\/\/pneusbazar.com\/?product=toyo-m-55","title":{"rendered":"Toyo M-55"},"content":{"rendered":"<table width=\"87\">\n<tbody>\n<tr>\n<td>Grandeurs disponibles<\/td>\n<\/tr>\n<tr>\n<td>LT215\/75R15<\/td>\n<\/tr>\n<tr>\n<td>LT235\/75R15<\/td>\n<\/tr>\n<tr>\n<td>LT215\/85R16<\/td>\n<\/tr>\n<tr>\n<td>LT235\/85R16<\/td>\n<\/tr>\n<tr>\n<td>LT235\/85R16<\/td>\n<\/tr>\n<tr>\n<td>LT255\/85R16<\/td>\n<\/tr>\n<tr>\n<td>LT225\/75R16<\/td>\n<\/tr>\n<tr>\n<td>LT245\/75R16<\/td>\n<\/tr>\n<tr>\n<td>LT265\/75R16<\/td>\n<\/tr>\n<tr>\n<td>LT285\/75R16<\/td>\n<\/tr>\n<tr>\n<td>LT235\/80R17<\/td>\n<\/tr>\n<tr>\n<td>LT245\/75R17<\/td>\n<\/tr>\n<tr>\n<td>LT245\/75R17<\/td>\n<\/tr>\n<tr>\n<td>LT265\/70R17<\/td>\n<\/tr>\n<tr>\n<td>LT275\/70R18<\/td>\n<\/tr>\n<\/tbody>\n<\/table>\n","protected":false},"excerpt":{"rendered":"<ul>\n<li>Homologu\u00e9 M&amp;S, con\u00e7u pour les camions de service intensif<\/li>\n<li>Motif d\u2019\u00e9paulement ouvert maximise l\u2019\u00e9vacuation de l\u2019eau pour procurer excellente traction tout-terrain<\/li>\n<li>Polyvalent, avec kilom\u00e9trage exceptionnel<\/li>\n<li>Design efficace des barrettes et des blocs de la bande de roulement permet une bonne maniabilit\u00e9<\/li>\n<li>Lamelles nombreuses am\u00e9liorent la traction sur chauss\u00e9es mouill\u00e9es et enneig\u00e9es<\/li>\n<li>Garantie Mill\u00e9nium de Toyo<\/li>\n<\/ul>\n","protected":false},"featured_media":20430,"comment_status":"closed","ping_status":"closed","template":"","meta":[],"product_cat":[],"product_tag":[],"class_list":{"0":"post-20428","1":"product","2":"type-product","3":"status-publish","4":"has-post-thumbnail","6":"pa_experience-de-conduite-tourisme","7":"pa_gamme-bad","8":"pa_marque-toyo","9":"pa_saison-de-pneus-4-saisons","10":"pa_type-de-pneu-pneus-de-camionnette","12":"first","13":"instock","14":"shipping-taxable","15":"product-type-simple"},"yoast_head":"<!-- This site is optimized with the Yoast SEO plugin v23.2 - https:\/\/yoast.com\/wordpress\/plugins\/seo\/ -->\n<title>Toyo M-55 - Pneus Bazar<\/title>\n<meta name=\"robots\" content=\"index, follow, max-snippet:-1, max-image-preview:large, max-video-preview:-1\" \/>\n<link rel=\"canonical\" href=\"https:\/\/pneusbazar.com\/?product=toyo-m-55\" \/>\n<script type=\"application\/ld+json\" class=\"yoast-schema-graph\">{\"@context\":\"https:\/\/schema.org\",\"@graph\":[{\"@type\":\"WebPage\",\"@id\":\"https:\/\/pneusbazar.com\/?product=toyo-m-55\",\"url\":\"https:\/\/pneusbazar.com\/?product=toyo-m-55\",\"name\":\"Toyo M-55 - Pneus Bazar\",\"isPartOf\":{\"@id\":\"https:\/\/pneusbazar.com\/#website\"},\"primaryImageOfPage\":{\"@id\":\"https:\/\/pneusbazar.com\/?product=toyo-m-55#primaryimage\"},\"image\":{\"@id\":\"https:\/\/pneusbazar.com\/?product=toyo-m-55#primaryimage\"},\"thumbnailUrl\":\"https:\/\/pneusbazar.com\/wp-content\/uploads\/2014\/12\/m55_left_clipped.png\",\"datePublished\":\"2014-12-21T22:41:53+00:00\",\"dateModified\":\"2020-11-15T03:08:26+00:00\",\"breadcrumb\":{\"@id\":\"https:\/\/pneusbazar.com\/?product=toyo-m-55#breadcrumb\"},\"inLanguage\":\"fr-FR\",\"potentialAction\":[{\"@type\":\"ReadAction\",\"target\":[\"https:\/\/pneusbazar.com\/?product=toyo-m-55\"]}]},{\"@type\":\"ImageObject\",\"inLanguage\":\"fr-FR\",\"@id\":\"https:\/\/pneusbazar.com\/?product=toyo-m-55#primaryimage\",\"url\":\"https:\/\/pneusbazar.com\/wp-content\/uploads\/2014\/12\/m55_left_clipped.png\",\"contentUrl\":\"https:\/\/pneusbazar.com\/wp-content\/uploads\/2014\/12\/m55_left_clipped.png\",\"width\":400,\"height\":400},{\"@type\":\"BreadcrumbList\",\"@id\":\"https:\/\/pneusbazar.com\/?product=toyo-m-55#breadcrumb\",\"itemListElement\":[{\"@type\":\"ListItem\",\"position\":1,\"name\":\"Accueil\",\"item\":\"https:\/\/pneusbazar.com\/\"},{\"@type\":\"ListItem\",\"position\":2,\"name\":\"Catalogue de pneus\",\"item\":\"https:\/\/pneusbazar.com\/?page_id=20284\"},{\"@type\":\"ListItem\",\"position\":3,\"name\":\"Toyo M-55\"}]},{\"@type\":\"WebSite\",\"@id\":\"https:\/\/pneusbazar.com\/#website\",\"url\":\"https:\/\/pneusbazar.com\/\",\"name\":\"Pneus Bazar\",\"description\":\"On prend soin de vous\",\"potentialAction\":[{\"@type\":\"SearchAction\",\"target\":{\"@type\":\"EntryPoint\",\"urlTemplate\":\"https:\/\/pneusbazar.com\/?s={search_term_string}\"},\"query-input\":\"required name=search_term_string\"}],\"inLanguage\":\"fr-FR\"}]}<\/script>\n<!-- \/ Yoast SEO plugin. -->","yoast_head_json":{"title":"Toyo M-55 - Pneus Bazar","robots":{"index":"index","follow":"follow","max-snippet":"max-snippet:-1","max-image-preview":"max-image-preview:large","max-video-preview":"max-video-preview:-1"},"canonical":"https:\/\/pneusbazar.com\/?product=toyo-m-55","schema":{"@context":"https:\/\/schema.org","@graph":[{"@type":"WebPage","@id":"https:\/\/pneusbazar.com\/?product=toyo-m-55","url":"https:\/\/pneusbazar.com\/?product=toyo-m-55","name":"Toyo M-55 - Pneus Bazar","isPartOf":{"@id":"https:\/\/pneusbazar.com\/#website"},"primaryImageOfPage":{"@id":"https:\/\/pneusbazar.com\/?product=toyo-m-55#primaryimage"},"image":{"@id":"https:\/\/pneusbazar.com\/?product=toyo-m-55#primaryimage"},"thumbnailUrl":"https:\/\/pneusbazar.com\/wp-content\/uploads\/2014\/12\/m55_left_clipped.png","datePublished":"2014-12-21T22:41:53+00:00","dateModified":"2020-11-15T03:08:26+00:00","breadcrumb":{"@id":"https:\/\/pneusbazar.com\/?product=toyo-m-55#breadcrumb"},"inLanguage":"fr-FR","potentialAction":[{"@type":"ReadAction","target":["https:\/\/pneusbazar.com\/?product=toyo-m-55"]}]},{"@type":"ImageObject","inLanguage":"fr-FR","@id":"https:\/\/pneusbazar.com\/?product=toyo-m-55#primaryimage","url":"https:\/\/pneusbazar.com\/wp-content\/uploads\/2014\/12\/m55_left_clipped.png","contentUrl":"https:\/\/pneusbazar.com\/wp-content\/uploads\/2014\/12\/m55_left_clipped.png","width":400,"height":400},{"@type":"BreadcrumbList","@id":"https:\/\/pneusbazar.com\/?product=toyo-m-55#breadcrumb","itemListElement":[{"@type":"ListItem","position":1,"name":"Accueil","item":"https:\/\/pneusbazar.com\/"},{"@type":"ListItem","position":2,"name":"Catalogue de pneus","item":"https:\/\/pneusbazar.com\/?page_id=20284"},{"@type":"ListItem","position":3,"name":"Toyo M-55"}]},{"@type":"WebSite","@id":"https:\/\/pneusbazar.com\/#website","url":"https:\/\/pneusbazar.com\/","name":"Pneus Bazar","description":"On prend soin de vous","potentialAction":[{"@type":"SearchAction","target":{"@type":"EntryPoint","urlTemplate":"https:\/\/pneusbazar.com\/?s={search_term_string}"},"query-input":"required name=search_term_string"}],"inLanguage":"fr-FR"}]}},"_links":{"self":[{"href":"https:\/\/pneusbazar.com\/index.php?rest_route=\/wp\/v2\/product\/20428"}],"collection":[{"href":"https:\/\/pneusbazar.com\/index.php?rest_route=\/wp\/v2\/product"}],"about":[{"href":"https:\/\/pneusbazar.com\/index.php?rest_route=\/wp\/v2\/types\/product"}],"replies":[{"embeddable":true,"href":"https:\/\/pneusbazar.com\/index.php?rest_route=%2Fwp%2Fv2%2Fcomments&post=20428"}],"wp:featuredmedia":[{"embeddable":true,"href":"https:\/\/pneusbazar.com\/index.php?rest_route=\/wp\/v2\/media\/20430"}],"wp:attachment":[{"href":"https:\/\/pneusbazar.com\/index.php?rest_route=%2Fwp%2Fv2%2Fmedia&parent=20428"}],"wp:term":[{"taxonomy":"product_cat","embeddable":true,"href":"https:\/\/pneusbazar.com\/index.php?rest_route=%2Fwp%2Fv2%2Fproduct_cat&post=20428"},{"taxonomy":"product_tag","embeddable":true,"href":"https:\/\/pneusbazar.com\/index.php?rest_route=%2Fwp%2Fv2%2Fproduct_tag&post=20428"}],"curies":[{"name":"wp","href":"https:\/\/api.w.org\/{rel}","templated":true}]}}