{"id":20436,"date":"2014-12-21T22:52:51","date_gmt":"2014-12-21T22:52:51","guid":{"rendered":"http:\/\/pneusbazar.com\/?post_type=product&#038;p=20436"},"modified":"2020-11-14T22:08:26","modified_gmt":"2020-11-15T03:08:26","slug":"toyo-open-country","status":"publish","type":"product","link":"https:\/\/pneusbazar.com\/?product=toyo-open-country","title":{"rendered":"Toyo OPEN COUNTRY A\/T"},"content":{"rendered":"<table width=\"289\">\n<tbody>\n<tr>\n<td colspan=\"3\">Grandeurs disponibles<\/td>\n<\/tr>\n<tr>\n<td>P225\/70R14<\/td>\n<td>P245\/65R17<\/td>\n<td>LT285\/75R16<\/td>\n<\/tr>\n<tr>\n<td>P205\/75R15<\/td>\n<td>P255\/65R17<\/td>\n<td>LT295\/75R16<\/td>\n<\/tr>\n<tr>\n<td>P215\/75R15<\/td>\n<td>P265\/65R17<\/td>\n<td>LT315\/75R16<\/td>\n<\/tr>\n<tr>\n<td>P225\/75R15<\/td>\n<td>\u00a0 235\/60R17<\/td>\n<td>LT305\/70R16<\/td>\n<\/tr>\n<tr>\n<td>P235\/75R15<\/td>\n<td>P275\/60R17<\/td>\n<td>LT365\/65R16<\/td>\n<\/tr>\n<tr>\n<td>P235\/75R15 XL<\/td>\n<td>P255\/70R18<\/td>\n<td>LT235\/80R17<\/td>\n<\/tr>\n<tr>\n<td>P265\/75R15<\/td>\n<td>P265\/70R18<\/td>\n<td>LT245\/75R17<\/td>\n<\/tr>\n<tr>\n<td>P225\/70R15<\/td>\n<td>P265\/65R18<\/td>\n<td>LT285\/75R17<\/td>\n<\/tr>\n<tr>\n<td>P235\/70R15<\/td>\n<td>P275\/65R18<\/td>\n<td>LT245\/70R17<\/td>\n<\/tr>\n<tr>\n<td>P265\/70R15<\/td>\n<td>P265\/60R18<\/td>\n<td>LT265\/70R17<\/td>\n<\/tr>\n<tr>\n<td>P225\/75R16<\/td>\n<td>\u00a0 285\/60R18**<\/td>\n<td>LT285\/70R17<\/td>\n<\/tr>\n<tr>\n<td>P235\/75R16<\/td>\n<td>\u00a0 255\/55R18**<\/td>\n<td>LT325\/70R17<\/td>\n<\/tr>\n<tr>\n<td>P245\/75R16<\/td>\n<td>P275\/60R20<\/td>\n<td>LT355\/70R17<\/td>\n<\/tr>\n<tr>\n<td>P265\/75R16<\/td>\n<td>P275\/55R20<\/td>\n<td>LT285\/75R18<\/td>\n<\/tr>\n<tr>\n<td>P215\/70R16<\/td>\n<td>\u00a0 285\/50R20**<\/td>\n<td>LT275\/70R18<\/td>\n<\/tr>\n<tr>\n<td>P225\/70R16<\/td>\n<td>\u00a0 305\/50R20**<\/td>\n<td>LT275\/65R18<\/td>\n<\/tr>\n<tr>\n<td>P235\/70R16<\/td>\n<td>\u00a0 305\/45R22<\/td>\n<td>LT285\/65R18<\/td>\n<\/tr>\n<tr>\n<td>P245\/70R16<\/td>\n<td>\u00a0 305\/40R22**<\/td>\n<td>LT325\/65R18<\/td>\n<\/tr>\n<tr>\n<td>P255\/70R16<\/td>\n<td>Camionnette<\/td>\n<td>LT355\/65R18<\/td>\n<\/tr>\n<tr>\n<td>P265\/70R16<\/td>\n<td>LT235\/75R15<\/td>\n<td>LT325\/60R18<\/td>\n<\/tr>\n<tr>\n<td>P275\/70R16<\/td>\n<td>30&#215;9.50R15LT<\/td>\n<td>LT275\/65R20<\/td>\n<\/tr>\n<tr>\n<td>255\/65R16<\/td>\n<td>31&#215;10.50R15LT<\/td>\n<td>LT305\/60R20<\/td>\n<\/tr>\n<tr>\n<td>P235\/75R17<\/td>\n<td>33&#215;12.50R15LT<\/td>\n<td>LT325\/60R20<\/td>\n<\/tr>\n<tr>\n<td>P245\/75R17<\/td>\n<td>35&#215;12.50R15LT<\/td>\n<td>LT355\/60R20<\/td>\n<\/tr>\n<tr>\n<td>P255\/75R17<\/td>\n<td>LT215\/85R16<\/td>\n<td>LT285\/55R20<\/td>\n<\/tr>\n<tr>\n<td>P235\/70R17**<\/td>\n<td>LT215\/85R16<\/td>\n<td>LT305\/55R20<\/td>\n<\/tr>\n<tr>\n<td>P245\/70R17<\/td>\n<td>LT235\/85R16<\/td>\n<td>LT285\/50R22<\/td>\n<\/tr>\n<tr>\n<td>P255\/70R17<\/td>\n<td>LT225\/75R16<\/td>\n<td>LT305\/50R22<\/td>\n<\/tr>\n<tr>\n<td>P265\/70R17<\/td>\n<td>LT245\/75R16<\/td>\n<td>LT325\/50R22<\/td>\n<\/tr>\n<tr>\n<td>P285\/70R17<\/td>\n<td>LT265\/75R16<\/td>\n<td>LT325\/50R24**<\/td>\n<\/tr>\n<tr>\n<td>P235\/65R17<\/td>\n<td><\/td>\n<td><\/td>\n<\/tr>\n<\/tbody>\n<\/table>\n","protected":false},"excerpt":{"rendered":"<ul>\n<li>Garantie Mill\u00e9nium de Toyo<\/li>\n<li>Offre d\u2019essai de 30 jours<\/li>\n<li>Puissant dessin tout terrain de la bande de roulement<\/li>\n<li>Plus de rebords mordants assurant une meilleure traction dans une vari\u00e9t\u00e9 de conditions climatiques et routi\u00e8res<\/li>\n<li>\u00c9paulement ouvert maximise l\u2019\u00e9vacuation de l\u2019eau pour excellente traction tout terrain et stabilit\u00e9 sup\u00e9rieure<\/li>\n<li>Disposition des lamelles ondul\u00e9es assure un roulement confortable et doux<\/li>\n<\/ul>\n","protected":false},"featured_media":20437,"comment_status":"closed","ping_status":"closed","template":"","meta":[],"product_cat":[],"product_tag":[],"class_list":{"0":"post-20436","1":"product","2":"type-product","3":"status-publish","4":"has-post-thumbnail","6":"pa_experience-de-conduite-haute-performance","7":"pa_gamme-good","8":"pa_marque-toyo","9":"pa_saison-de-pneus-4-saisons","10":"pa_type-de-pneu-pneus-de-camionnette","12":"first","13":"instock","14":"shipping-taxable","15":"product-type-simple"},"yoast_head":"<!-- This site is optimized with the Yoast SEO plugin v23.2 - https:\/\/yoast.com\/wordpress\/plugins\/seo\/ -->\n<title>Toyo OPEN COUNTRY A\/T - Pneus Bazar<\/title>\n<meta name=\"robots\" content=\"index, follow, max-snippet:-1, max-image-preview:large, max-video-preview:-1\" \/>\n<link rel=\"canonical\" href=\"http:\/\/pneusbazar.com\/?product=toyo-open-country\" \/>\n<meta name=\"twitter:label1\" content=\"Dur\u00e9e de lecture estim\u00e9e\" \/>\n\t<meta name=\"twitter:data1\" content=\"1 minute\" \/>\n<script type=\"application\/ld+json\" class=\"yoast-schema-graph\">{\"@context\":\"https:\/\/schema.org\",\"@graph\":[{\"@type\":\"WebPage\",\"@id\":\"http:\/\/pneusbazar.com\/?product=toyo-open-country\",\"url\":\"http:\/\/pneusbazar.com\/?product=toyo-open-country\",\"name\":\"Toyo OPEN COUNTRY A\/T - Pneus Bazar\",\"isPartOf\":{\"@id\":\"https:\/\/pneusbazar.com\/#website\"},\"primaryImageOfPage\":{\"@id\":\"http:\/\/pneusbazar.com\/?product=toyo-open-country#primaryimage\"},\"image\":{\"@id\":\"http:\/\/pneusbazar.com\/?product=toyo-open-country#primaryimage\"},\"thumbnailUrl\":\"https:\/\/pneusbazar.com\/wp-content\/uploads\/2014\/12\/toyo-OpenCountryATII_lg.jpg\",\"datePublished\":\"2014-12-21T22:52:51+00:00\",\"dateModified\":\"2020-11-15T03:08:26+00:00\",\"breadcrumb\":{\"@id\":\"http:\/\/pneusbazar.com\/?product=toyo-open-country#breadcrumb\"},\"inLanguage\":\"fr-FR\",\"potentialAction\":[{\"@type\":\"ReadAction\",\"target\":[\"http:\/\/pneusbazar.com\/?product=toyo-open-country\"]}]},{\"@type\":\"ImageObject\",\"inLanguage\":\"fr-FR\",\"@id\":\"http:\/\/pneusbazar.com\/?product=toyo-open-country#primaryimage\",\"url\":\"https:\/\/pneusbazar.com\/wp-content\/uploads\/2014\/12\/toyo-OpenCountryATII_lg.jpg\",\"contentUrl\":\"https:\/\/pneusbazar.com\/wp-content\/uploads\/2014\/12\/toyo-OpenCountryATII_lg.jpg\",\"width\":400,\"height\":400},{\"@type\":\"BreadcrumbList\",\"@id\":\"http:\/\/pneusbazar.com\/?product=toyo-open-country#breadcrumb\",\"itemListElement\":[{\"@type\":\"ListItem\",\"position\":1,\"name\":\"Accueil\",\"item\":\"https:\/\/pneusbazar.com\/\"},{\"@type\":\"ListItem\",\"position\":2,\"name\":\"Catalogue de pneus\",\"item\":\"https:\/\/pneusbazar.com\/?page_id=20284\"},{\"@type\":\"ListItem\",\"position\":3,\"name\":\"Toyo OPEN COUNTRY A\/T\"}]},{\"@type\":\"WebSite\",\"@id\":\"https:\/\/pneusbazar.com\/#website\",\"url\":\"https:\/\/pneusbazar.com\/\",\"name\":\"Pneus Bazar\",\"description\":\"On prend soin de vous\",\"potentialAction\":[{\"@type\":\"SearchAction\",\"target\":{\"@type\":\"EntryPoint\",\"urlTemplate\":\"https:\/\/pneusbazar.com\/?s={search_term_string}\"},\"query-input\":\"required name=search_term_string\"}],\"inLanguage\":\"fr-FR\"}]}<\/script>\n<!-- \/ Yoast SEO plugin. -->","yoast_head_json":{"title":"Toyo OPEN COUNTRY A\/T - Pneus Bazar","robots":{"index":"index","follow":"follow","max-snippet":"max-snippet:-1","max-image-preview":"max-image-preview:large","max-video-preview":"max-video-preview:-1"},"canonical":"http:\/\/pneusbazar.com\/?product=toyo-open-country","twitter_misc":{"Dur\u00e9e de lecture estim\u00e9e":"1 minute"},"schema":{"@context":"https:\/\/schema.org","@graph":[{"@type":"WebPage","@id":"http:\/\/pneusbazar.com\/?product=toyo-open-country","url":"http:\/\/pneusbazar.com\/?product=toyo-open-country","name":"Toyo OPEN COUNTRY A\/T - Pneus Bazar","isPartOf":{"@id":"https:\/\/pneusbazar.com\/#website"},"primaryImageOfPage":{"@id":"http:\/\/pneusbazar.com\/?product=toyo-open-country#primaryimage"},"image":{"@id":"http:\/\/pneusbazar.com\/?product=toyo-open-country#primaryimage"},"thumbnailUrl":"https:\/\/pneusbazar.com\/wp-content\/uploads\/2014\/12\/toyo-OpenCountryATII_lg.jpg","datePublished":"2014-12-21T22:52:51+00:00","dateModified":"2020-11-15T03:08:26+00:00","breadcrumb":{"@id":"http:\/\/pneusbazar.com\/?product=toyo-open-country#breadcrumb"},"inLanguage":"fr-FR","potentialAction":[{"@type":"ReadAction","target":["http:\/\/pneusbazar.com\/?product=toyo-open-country"]}]},{"@type":"ImageObject","inLanguage":"fr-FR","@id":"http:\/\/pneusbazar.com\/?product=toyo-open-country#primaryimage","url":"https:\/\/pneusbazar.com\/wp-content\/uploads\/2014\/12\/toyo-OpenCountryATII_lg.jpg","contentUrl":"https:\/\/pneusbazar.com\/wp-content\/uploads\/2014\/12\/toyo-OpenCountryATII_lg.jpg","width":400,"height":400},{"@type":"BreadcrumbList","@id":"http:\/\/pneusbazar.com\/?product=toyo-open-country#breadcrumb","itemListElement":[{"@type":"ListItem","position":1,"name":"Accueil","item":"https:\/\/pneusbazar.com\/"},{"@type":"ListItem","position":2,"name":"Catalogue de pneus","item":"https:\/\/pneusbazar.com\/?page_id=20284"},{"@type":"ListItem","position":3,"name":"Toyo OPEN COUNTRY A\/T"}]},{"@type":"WebSite","@id":"https:\/\/pneusbazar.com\/#website","url":"https:\/\/pneusbazar.com\/","name":"Pneus Bazar","description":"On prend soin de vous","potentialAction":[{"@type":"SearchAction","target":{"@type":"EntryPoint","urlTemplate":"https:\/\/pneusbazar.com\/?s={search_term_string}"},"query-input":"required name=search_term_string"}],"inLanguage":"fr-FR"}]}},"_links":{"self":[{"href":"https:\/\/pneusbazar.com\/index.php?rest_route=\/wp\/v2\/product\/20436"}],"collection":[{"href":"https:\/\/pneusbazar.com\/index.php?rest_route=\/wp\/v2\/product"}],"about":[{"href":"https:\/\/pneusbazar.com\/index.php?rest_route=\/wp\/v2\/types\/product"}],"replies":[{"embeddable":true,"href":"https:\/\/pneusbazar.com\/index.php?rest_route=%2Fwp%2Fv2%2Fcomments&post=20436"}],"wp:featuredmedia":[{"embeddable":true,"href":"https:\/\/pneusbazar.com\/index.php?rest_route=\/wp\/v2\/media\/20437"}],"wp:attachment":[{"href":"https:\/\/pneusbazar.com\/index.php?rest_route=%2Fwp%2Fv2%2Fmedia&parent=20436"}],"wp:term":[{"taxonomy":"product_cat","embeddable":true,"href":"https:\/\/pneusbazar.com\/index.php?rest_route=%2Fwp%2Fv2%2Fproduct_cat&post=20436"},{"taxonomy":"product_tag","embeddable":true,"href":"https:\/\/pneusbazar.com\/index.php?rest_route=%2Fwp%2Fv2%2Fproduct_tag&post=20436"}],"curies":[{"name":"wp","href":"https:\/\/api.w.org\/{rel}","templated":true}]}}