{"id":20439,"date":"2014-12-21T22:57:39","date_gmt":"2014-12-21T22:57:39","guid":{"rendered":"http:\/\/pneusbazar.com\/?post_type=product&#038;p=20439"},"modified":"2020-11-14T22:08:26","modified_gmt":"2020-11-15T03:08:26","slug":"toyo-open-country-atii","status":"publish","type":"product","link":"https:\/\/pneusbazar.com\/?product=toyo-open-country-atii","title":{"rendered":"Toyo OPEN COUNTRY A\/TII"},"content":{"rendered":"<table width=\"289\">\n<tbody>\n<tr>\n<td colspan=\"3\">Grandeurs disponibles<\/td>\n<\/tr>\n<tr>\n<td>P215\/75R15<\/td>\n<td>P265\/65R17<\/td>\n<td>LT245\/70R17<\/td>\n<\/tr>\n<tr>\n<td>P225\/75R15<\/td>\n<td>P255\/70R18<\/td>\n<td>LT265\/70R17<\/td>\n<\/tr>\n<tr>\n<td>P235\/75R15**<\/td>\n<td>P265\/70R18<\/td>\n<td>LT265\/70R17<\/td>\n<\/tr>\n<tr>\n<td>P265\/75R15<\/td>\n<td>P265\/65R18<\/td>\n<td>LT285\/70R17<\/td>\n<\/tr>\n<tr>\n<td>P225\/75R16<\/td>\n<td>P275\/65R18<\/td>\n<td>LT285\/70R17<\/td>\n<\/tr>\n<tr>\n<td>P245\/75R16<\/td>\n<td>P265\/60R18<\/td>\n<td>LT275\/70R18<\/td>\n<\/tr>\n<tr>\n<td>P245\/75R16<\/td>\n<td>285\/60R18**<\/td>\n<td>LT275\/70R18<\/td>\n<\/tr>\n<tr>\n<td>P265\/75R16<\/td>\n<td>255\/55R18**<\/td>\n<td>LT275\/65R18<\/td>\n<\/tr>\n<tr>\n<td>P265\/75R16<\/td>\n<td>P275\/60R20<\/td>\n<td>LT275\/65R18<\/td>\n<\/tr>\n<tr>\n<td>P215\/70R16<\/td>\n<td>P275\/55R20<\/td>\n<td>LT275\/65R18<\/td>\n<\/tr>\n<tr>\n<td>P225\/70R16<\/td>\n<td>305\/50R20**<\/td>\n<td>LT275\/65R18<\/td>\n<\/tr>\n<tr>\n<td>P225\/70R16<\/td>\n<td>Camionnette<\/td>\n<td>LT275\/65R20<\/td>\n<\/tr>\n<tr>\n<td>P235\/70R16<\/td>\n<td>LT235\/75R15<\/td>\n<td>LT295\/75R16<\/td>\n<\/tr>\n<tr>\n<td>P235\/70R16<\/td>\n<td>30&#215;9.50R15<\/td>\n<td>LT315\/75R16<\/td>\n<\/tr>\n<tr>\n<td>P245\/70R16<\/td>\n<td>31&#215;10.50R15<\/td>\n<td>LT305\/70R16<\/td>\n<\/tr>\n<tr>\n<td>P245\/70R16<\/td>\n<td>LT215\/85R16<\/td>\n<td>LT285\/75R17<\/td>\n<\/tr>\n<tr>\n<td>P255\/70R16<\/td>\n<td>LT235\/85R16<\/td>\n<td>35&#215;12.50R17<\/td>\n<\/tr>\n<tr>\n<td>P255\/70R16<\/td>\n<td>LT225\/75R16<\/td>\n<td>LT285\/75R18<\/td>\n<\/tr>\n<tr>\n<td>P265\/70R16<\/td>\n<td>LT245\/75R16<\/td>\n<td>LT295\/70R18<\/td>\n<\/tr>\n<tr>\n<td>P265\/70R16<\/td>\n<td>LT245\/75R16<\/td>\n<td>LT285\/65R18<\/td>\n<\/tr>\n<tr>\n<td>255\/65R16<\/td>\n<td>LT245\/75R16<\/td>\n<td>LT325\/60R18<\/td>\n<\/tr>\n<tr>\n<td>P235\/75R17<\/td>\n<td>LT245\/75R16<\/td>\n<td>35&#215;12.50R18<\/td>\n<\/tr>\n<tr>\n<td>P245\/70R17<\/td>\n<td>LT265\/75R16<\/td>\n<td>LT295\/65R20<\/td>\n<\/tr>\n<tr>\n<td>P255\/70R17<\/td>\n<td>LT265\/75R16<\/td>\n<td>LT295\/60R20<\/td>\n<\/tr>\n<tr>\n<td>P265\/70R17<\/td>\n<td>LT265\/75R16<\/td>\n<td>LT285\/55R20<\/td>\n<\/tr>\n<tr>\n<td>P265\/70R17<\/td>\n<td>LT265\/75R16<\/td>\n<td>LT295\/55R20<\/td>\n<\/tr>\n<tr>\n<td>P285\/70R17<\/td>\n<td>LT285\/75R16<\/td>\n<td>LT305\/55R20<\/td>\n<\/tr>\n<tr>\n<td>P235\/65R17<\/td>\n<td>LT285\/75R16<\/td>\n<td>35&#215;12.50R20<\/td>\n<\/tr>\n<tr>\n<td>P245\/65R17<\/td>\n<td>LT235\/80R17<\/td>\n<td>LT325\/50R22<\/td>\n<\/tr>\n<tr>\n<td>P245\/65R17<\/td>\n<td>LT245\/75R17<\/td>\n<td><\/td>\n<\/tr>\n<\/tbody>\n<\/table>\n","protected":false},"excerpt":{"rendered":"<ul>\n<li>Garantie Mill\u00e9nium de Toyo<\/li>\n<li>Nouveau compos\u00e9 de la bande de roulement<\/li>\n<\/ul>\n<p>r\u00e9siste \u00e0 l&rsquo;usure pour une excellente dur\u00e9e de<\/p>\n<p>vie et durabilit\u00e9 de la semelle<\/p>\n<ul>\n<li>Flancs agressifs pour une apparence robuste et<\/li>\n<\/ul>\n<p>performance sur la terre, la boue ou la neige<\/p>\n<ul>\n<li>Excellente traction toutes saisons<\/li>\n<li>Bande de roulement profonde avec blocs<\/li>\n<\/ul>\n<p>\u00e9jecteurs de cailloux pour durabilit\u00e9 hors route<\/p>\n","protected":false},"featured_media":20440,"comment_status":"closed","ping_status":"closed","template":"","meta":[],"product_cat":[],"product_tag":[],"class_list":{"0":"post-20439","1":"product","2":"type-product","3":"status-publish","4":"has-post-thumbnail","6":"pa_experience-de-conduite-haute-performance","7":"pa_gamme-good","8":"pa_marque-toyo","9":"pa_saison-de-pneus-4-saisons","10":"pa_type-de-pneu-pneus-de-camionnette","12":"first","13":"instock","14":"shipping-taxable","15":"product-type-simple"},"yoast_head":"<!-- This site is optimized with the Yoast SEO plugin v23.2 - https:\/\/yoast.com\/wordpress\/plugins\/seo\/ -->\n<title>Toyo OPEN COUNTRY A\/TII - Pneus Bazar<\/title>\n<meta name=\"robots\" content=\"index, follow, max-snippet:-1, max-image-preview:large, max-video-preview:-1\" \/>\n<link rel=\"canonical\" href=\"http:\/\/pneusbazar.com\/?product=toyo-open-country-atii\" \/>\n<meta name=\"twitter:label1\" content=\"Dur\u00e9e de lecture estim\u00e9e\" \/>\n\t<meta name=\"twitter:data1\" content=\"1 minute\" \/>\n<script type=\"application\/ld+json\" class=\"yoast-schema-graph\">{\"@context\":\"https:\/\/schema.org\",\"@graph\":[{\"@type\":\"WebPage\",\"@id\":\"http:\/\/pneusbazar.com\/?product=toyo-open-country-atii\",\"url\":\"http:\/\/pneusbazar.com\/?product=toyo-open-country-atii\",\"name\":\"Toyo OPEN COUNTRY A\/TII - Pneus Bazar\",\"isPartOf\":{\"@id\":\"https:\/\/pneusbazar.com\/#website\"},\"primaryImageOfPage\":{\"@id\":\"http:\/\/pneusbazar.com\/?product=toyo-open-country-atii#primaryimage\"},\"image\":{\"@id\":\"http:\/\/pneusbazar.com\/?product=toyo-open-country-atii#primaryimage\"},\"thumbnailUrl\":\"https:\/\/pneusbazar.com\/wp-content\/uploads\/2014\/12\/TireOverview_OPAT2-Side.png\",\"datePublished\":\"2014-12-21T22:57:39+00:00\",\"dateModified\":\"2020-11-15T03:08:26+00:00\",\"breadcrumb\":{\"@id\":\"http:\/\/pneusbazar.com\/?product=toyo-open-country-atii#breadcrumb\"},\"inLanguage\":\"fr-FR\",\"potentialAction\":[{\"@type\":\"ReadAction\",\"target\":[\"http:\/\/pneusbazar.com\/?product=toyo-open-country-atii\"]}]},{\"@type\":\"ImageObject\",\"inLanguage\":\"fr-FR\",\"@id\":\"http:\/\/pneusbazar.com\/?product=toyo-open-country-atii#primaryimage\",\"url\":\"https:\/\/pneusbazar.com\/wp-content\/uploads\/2014\/12\/TireOverview_OPAT2-Side.png\",\"contentUrl\":\"https:\/\/pneusbazar.com\/wp-content\/uploads\/2014\/12\/TireOverview_OPAT2-Side.png\",\"width\":400,\"height\":400},{\"@type\":\"BreadcrumbList\",\"@id\":\"http:\/\/pneusbazar.com\/?product=toyo-open-country-atii#breadcrumb\",\"itemListElement\":[{\"@type\":\"ListItem\",\"position\":1,\"name\":\"Accueil\",\"item\":\"https:\/\/pneusbazar.com\/\"},{\"@type\":\"ListItem\",\"position\":2,\"name\":\"Catalogue de pneus\",\"item\":\"https:\/\/pneusbazar.com\/?page_id=20284\"},{\"@type\":\"ListItem\",\"position\":3,\"name\":\"Toyo OPEN COUNTRY A\/TII\"}]},{\"@type\":\"WebSite\",\"@id\":\"https:\/\/pneusbazar.com\/#website\",\"url\":\"https:\/\/pneusbazar.com\/\",\"name\":\"Pneus Bazar\",\"description\":\"On prend soin de vous\",\"potentialAction\":[{\"@type\":\"SearchAction\",\"target\":{\"@type\":\"EntryPoint\",\"urlTemplate\":\"https:\/\/pneusbazar.com\/?s={search_term_string}\"},\"query-input\":\"required name=search_term_string\"}],\"inLanguage\":\"fr-FR\"}]}<\/script>\n<!-- \/ Yoast SEO plugin. -->","yoast_head_json":{"title":"Toyo OPEN COUNTRY A\/TII - Pneus Bazar","robots":{"index":"index","follow":"follow","max-snippet":"max-snippet:-1","max-image-preview":"max-image-preview:large","max-video-preview":"max-video-preview:-1"},"canonical":"http:\/\/pneusbazar.com\/?product=toyo-open-country-atii","twitter_misc":{"Dur\u00e9e de lecture estim\u00e9e":"1 minute"},"schema":{"@context":"https:\/\/schema.org","@graph":[{"@type":"WebPage","@id":"http:\/\/pneusbazar.com\/?product=toyo-open-country-atii","url":"http:\/\/pneusbazar.com\/?product=toyo-open-country-atii","name":"Toyo OPEN COUNTRY A\/TII - Pneus Bazar","isPartOf":{"@id":"https:\/\/pneusbazar.com\/#website"},"primaryImageOfPage":{"@id":"http:\/\/pneusbazar.com\/?product=toyo-open-country-atii#primaryimage"},"image":{"@id":"http:\/\/pneusbazar.com\/?product=toyo-open-country-atii#primaryimage"},"thumbnailUrl":"https:\/\/pneusbazar.com\/wp-content\/uploads\/2014\/12\/TireOverview_OPAT2-Side.png","datePublished":"2014-12-21T22:57:39+00:00","dateModified":"2020-11-15T03:08:26+00:00","breadcrumb":{"@id":"http:\/\/pneusbazar.com\/?product=toyo-open-country-atii#breadcrumb"},"inLanguage":"fr-FR","potentialAction":[{"@type":"ReadAction","target":["http:\/\/pneusbazar.com\/?product=toyo-open-country-atii"]}]},{"@type":"ImageObject","inLanguage":"fr-FR","@id":"http:\/\/pneusbazar.com\/?product=toyo-open-country-atii#primaryimage","url":"https:\/\/pneusbazar.com\/wp-content\/uploads\/2014\/12\/TireOverview_OPAT2-Side.png","contentUrl":"https:\/\/pneusbazar.com\/wp-content\/uploads\/2014\/12\/TireOverview_OPAT2-Side.png","width":400,"height":400},{"@type":"BreadcrumbList","@id":"http:\/\/pneusbazar.com\/?product=toyo-open-country-atii#breadcrumb","itemListElement":[{"@type":"ListItem","position":1,"name":"Accueil","item":"https:\/\/pneusbazar.com\/"},{"@type":"ListItem","position":2,"name":"Catalogue de pneus","item":"https:\/\/pneusbazar.com\/?page_id=20284"},{"@type":"ListItem","position":3,"name":"Toyo OPEN COUNTRY A\/TII"}]},{"@type":"WebSite","@id":"https:\/\/pneusbazar.com\/#website","url":"https:\/\/pneusbazar.com\/","name":"Pneus Bazar","description":"On prend soin de vous","potentialAction":[{"@type":"SearchAction","target":{"@type":"EntryPoint","urlTemplate":"https:\/\/pneusbazar.com\/?s={search_term_string}"},"query-input":"required name=search_term_string"}],"inLanguage":"fr-FR"}]}},"_links":{"self":[{"href":"https:\/\/pneusbazar.com\/index.php?rest_route=\/wp\/v2\/product\/20439"}],"collection":[{"href":"https:\/\/pneusbazar.com\/index.php?rest_route=\/wp\/v2\/product"}],"about":[{"href":"https:\/\/pneusbazar.com\/index.php?rest_route=\/wp\/v2\/types\/product"}],"replies":[{"embeddable":true,"href":"https:\/\/pneusbazar.com\/index.php?rest_route=%2Fwp%2Fv2%2Fcomments&post=20439"}],"wp:featuredmedia":[{"embeddable":true,"href":"https:\/\/pneusbazar.com\/index.php?rest_route=\/wp\/v2\/media\/20440"}],"wp:attachment":[{"href":"https:\/\/pneusbazar.com\/index.php?rest_route=%2Fwp%2Fv2%2Fmedia&parent=20439"}],"wp:term":[{"taxonomy":"product_cat","embeddable":true,"href":"https:\/\/pneusbazar.com\/index.php?rest_route=%2Fwp%2Fv2%2Fproduct_cat&post=20439"},{"taxonomy":"product_tag","embeddable":true,"href":"https:\/\/pneusbazar.com\/index.php?rest_route=%2Fwp%2Fv2%2Fproduct_tag&post=20439"}],"curies":[{"name":"wp","href":"https:\/\/api.w.org\/{rel}","templated":true}]}}