{"id":20441,"date":"2014-12-21T23:00:35","date_gmt":"2014-12-21T23:00:35","guid":{"rendered":"http:\/\/pneusbazar.com\/?post_type=product&#038;p=20441"},"modified":"2020-11-14T22:08:26","modified_gmt":"2020-11-15T03:08:26","slug":"toyo-open-country-ht","status":"publish","type":"product","link":"https:\/\/pneusbazar.com\/?product=toyo-open-country-ht","title":{"rendered":"Toyo OPEN COUNTRY H\/T"},"content":{"rendered":"<table width=\"389\">\n<tbody>\n<tr>\n<td colspan=\"4\">Grandeurs disponibles<\/td>\n<\/tr>\n<tr>\n<td>P225\/75R15<\/td>\n<td>P255\/70R17<\/td>\n<td>LT265\/70R17<\/td>\n<td>P275\/60R20<\/td>\n<\/tr>\n<tr>\n<td>P235\/75R15<\/td>\n<td>P255\/70R17<\/td>\n<td>LT265\/70R17<\/td>\n<td>P235\/55R20<\/td>\n<\/tr>\n<tr>\n<td>P225\/70R15<\/td>\n<td>P265\/70R17<\/td>\n<td>LT285\/70R17<\/td>\n<td>275\/55R20**<\/td>\n<\/tr>\n<tr>\n<td>P235\/70R15<\/td>\n<td>P265\/70R17<\/td>\n<td>255\/70R18<\/td>\n<td>265\/50R20**<\/td>\n<\/tr>\n<tr>\n<td>P265\/70R15<\/td>\n<td>P285\/70R17<\/td>\n<td>P265\/70R18<\/td>\n<td>285\/45R22**<\/td>\n<\/tr>\n<tr>\n<td>P225\/75R16<\/td>\n<td>225\/65R17<\/td>\n<td>P265\/70R18<\/td>\n<td>Camionnette<\/td>\n<\/tr>\n<tr>\n<td>P235\/75R16<\/td>\n<td>235\/65R17**<\/td>\n<td>P235\/65R18<\/td>\n<td>LT235\/75R15<\/td>\n<\/tr>\n<tr>\n<td>P245\/75R16<\/td>\n<td>235\/65R17<\/td>\n<td>P265\/65R18<\/td>\n<td>31&#215;10.50R15LT<\/td>\n<\/tr>\n<tr>\n<td>P265\/75R16<\/td>\n<td>P245\/65R17<\/td>\n<td>P275\/65R18<\/td>\n<td>LT215\/85R16<\/td>\n<\/tr>\n<tr>\n<td>P215\/70R16<\/td>\n<td>P245\/65R17<\/td>\n<td>P275\/65R18<\/td>\n<td>LT235\/85R16<\/td>\n<\/tr>\n<tr>\n<td>P225\/70R16<\/td>\n<td>P255\/65R17<\/td>\n<td>235\/60R18**<\/td>\n<td>LT225\/75R16<\/td>\n<\/tr>\n<tr>\n<td>P235\/70R16<\/td>\n<td>P255\/65R17<\/td>\n<td>P245\/60R18<\/td>\n<td>LT245\/75R16<\/td>\n<\/tr>\n<tr>\n<td>P245\/70R16<\/td>\n<td>P265\/65R17<\/td>\n<td>255\/60R18**<\/td>\n<td>LT265\/75R16<\/td>\n<\/tr>\n<tr>\n<td>P255\/70R16<\/td>\n<td>P265\/65R17<\/td>\n<td>P265\/60R18<\/td>\n<td>LT265\/75R16<\/td>\n<\/tr>\n<tr>\n<td>P265\/70R16<\/td>\n<td>275\/65R17<\/td>\n<td>P265\/60R18<\/td>\n<td>LT265\/75R16<\/td>\n<\/tr>\n<tr>\n<td>P275\/70R16<\/td>\n<td>P235\/60R17<\/td>\n<td>P275\/60R18<\/td>\n<td>LT285\/75R16<\/td>\n<\/tr>\n<tr>\n<td>215\/65R16<\/td>\n<td>P235\/60R17<\/td>\n<td>235\/55R18<\/td>\n<td>LT235\/80R17<\/td>\n<\/tr>\n<tr>\n<td>P235\/65R16<\/td>\n<td>255\/60R17<\/td>\n<td>255\/55R18**<\/td>\n<td>LT245\/75R17<\/td>\n<\/tr>\n<tr>\n<td>255\/65R16<\/td>\n<td>235\/55R17<\/td>\n<td>LT275\/70R18<\/td>\n<td>LT245\/75R17<\/td>\n<\/tr>\n<tr>\n<td>235\/60R16<\/td>\n<td>LT235\/80R17<\/td>\n<td>LT275\/70R18<\/td>\n<td>LT245\/70R17<\/td>\n<\/tr>\n<tr>\n<td>P235\/75R17<\/td>\n<td>LT245\/75R17<\/td>\n<td>LT275\/65R18<\/td>\n<td>LT245\/70R17<\/td>\n<\/tr>\n<tr>\n<td>P245\/75R17<\/td>\n<td>LT245\/75R17<\/td>\n<td>LT275\/65R18<\/td>\n<td>LT265\/70R17<\/td>\n<\/tr>\n<tr>\n<td>P235\/70R17**<\/td>\n<td>LT245\/70R17<\/td>\n<td>P245\/55R19<\/td>\n<td>LT265\/70R17<\/td>\n<\/tr>\n<tr>\n<td>P245\/70R17<\/td>\n<td>LT245\/70R17<\/td>\n<td>255\/55R19**<\/td>\n<td>LT285\/70R17<\/td>\n<\/tr>\n<\/tbody>\n<\/table>\n","protected":false},"excerpt":{"rendered":"<ul>\n<li>Garantie limit\u00e9e de 110 000 km contre l\u2019usure de la bande de roulement (P-m\u00e9trique)<\/li>\n<li>Motif de bande de roulement sym\u00e9trique non directionnel permet la rotation transversale afin d&rsquo;att\u00e9nuer l&rsquo;usure irr\u00e9guli\u00e8re<\/li>\n<li>Deux rainures profondes \u00e9vacuent l&rsquo;eau pour une bonne performance quatre saisons<\/li>\n<li>Lamelles \u00e0 ondulations multiples pour un roulement plus silencieux et plus doux<\/li>\n<\/ul>\n","protected":false},"featured_media":20442,"comment_status":"closed","ping_status":"closed","template":"","meta":[],"product_cat":[],"product_tag":[],"class_list":{"0":"post-20441","1":"product","2":"type-product","3":"status-publish","4":"has-post-thumbnail","6":"pa_experience-de-conduite-haute-performance","7":"pa_gamme-bad","8":"pa_marque-toyo","9":"pa_saison-de-pneus-4-saisons","10":"pa_type-de-pneu-pneus-de-camionnette","12":"first","13":"instock","14":"shipping-taxable","15":"product-type-simple"},"yoast_head":"<!-- This site is optimized with the Yoast SEO plugin v23.2 - https:\/\/yoast.com\/wordpress\/plugins\/seo\/ -->\n<title>Toyo OPEN COUNTRY H\/T - Pneus Bazar<\/title>\n<meta name=\"robots\" content=\"index, follow, max-snippet:-1, max-image-preview:large, max-video-preview:-1\" \/>\n<link rel=\"canonical\" href=\"https:\/\/pneusbazar.com\/?product=toyo-open-country-ht\" \/>\n<meta name=\"twitter:label1\" content=\"Dur\u00e9e de lecture estim\u00e9e\" \/>\n\t<meta name=\"twitter:data1\" content=\"1 minute\" \/>\n<script type=\"application\/ld+json\" class=\"yoast-schema-graph\">{\"@context\":\"https:\/\/schema.org\",\"@graph\":[{\"@type\":\"WebPage\",\"@id\":\"https:\/\/pneusbazar.com\/?product=toyo-open-country-ht\",\"url\":\"https:\/\/pneusbazar.com\/?product=toyo-open-country-ht\",\"name\":\"Toyo OPEN COUNTRY H\/T - Pneus Bazar\",\"isPartOf\":{\"@id\":\"http:\/\/pneusbazar.com\/#website\"},\"primaryImageOfPage\":{\"@id\":\"https:\/\/pneusbazar.com\/?product=toyo-open-country-ht#primaryimage\"},\"image\":{\"@id\":\"https:\/\/pneusbazar.com\/?product=toyo-open-country-ht#primaryimage\"},\"thumbnailUrl\":\"https:\/\/pneusbazar.com\/wp-content\/uploads\/2014\/12\/toyo_openCountryHT_lg.jpg\",\"datePublished\":\"2014-12-21T23:00:35+00:00\",\"dateModified\":\"2020-11-15T03:08:26+00:00\",\"breadcrumb\":{\"@id\":\"https:\/\/pneusbazar.com\/?product=toyo-open-country-ht#breadcrumb\"},\"inLanguage\":\"fr-FR\",\"potentialAction\":[{\"@type\":\"ReadAction\",\"target\":[\"https:\/\/pneusbazar.com\/?product=toyo-open-country-ht\"]}]},{\"@type\":\"ImageObject\",\"inLanguage\":\"fr-FR\",\"@id\":\"https:\/\/pneusbazar.com\/?product=toyo-open-country-ht#primaryimage\",\"url\":\"https:\/\/pneusbazar.com\/wp-content\/uploads\/2014\/12\/toyo_openCountryHT_lg.jpg\",\"contentUrl\":\"https:\/\/pneusbazar.com\/wp-content\/uploads\/2014\/12\/toyo_openCountryHT_lg.jpg\",\"width\":400,\"height\":400},{\"@type\":\"BreadcrumbList\",\"@id\":\"https:\/\/pneusbazar.com\/?product=toyo-open-country-ht#breadcrumb\",\"itemListElement\":[{\"@type\":\"ListItem\",\"position\":1,\"name\":\"Accueil\",\"item\":\"http:\/\/pneusbazar.com\/\"},{\"@type\":\"ListItem\",\"position\":2,\"name\":\"Catalogue de pneus\",\"item\":\"http:\/\/pneusbazar.com\/?page_id=20284\"},{\"@type\":\"ListItem\",\"position\":3,\"name\":\"Toyo OPEN COUNTRY H\/T\"}]},{\"@type\":\"WebSite\",\"@id\":\"http:\/\/pneusbazar.com\/#website\",\"url\":\"http:\/\/pneusbazar.com\/\",\"name\":\"Pneus Bazar\",\"description\":\"On prend soin de vous\",\"potentialAction\":[{\"@type\":\"SearchAction\",\"target\":{\"@type\":\"EntryPoint\",\"urlTemplate\":\"http:\/\/pneusbazar.com\/?s={search_term_string}\"},\"query-input\":\"required name=search_term_string\"}],\"inLanguage\":\"fr-FR\"}]}<\/script>\n<!-- \/ Yoast SEO plugin. -->","yoast_head_json":{"title":"Toyo OPEN COUNTRY H\/T - Pneus Bazar","robots":{"index":"index","follow":"follow","max-snippet":"max-snippet:-1","max-image-preview":"max-image-preview:large","max-video-preview":"max-video-preview:-1"},"canonical":"https:\/\/pneusbazar.com\/?product=toyo-open-country-ht","twitter_misc":{"Dur\u00e9e de lecture estim\u00e9e":"1 minute"},"schema":{"@context":"https:\/\/schema.org","@graph":[{"@type":"WebPage","@id":"https:\/\/pneusbazar.com\/?product=toyo-open-country-ht","url":"https:\/\/pneusbazar.com\/?product=toyo-open-country-ht","name":"Toyo OPEN COUNTRY H\/T - Pneus Bazar","isPartOf":{"@id":"http:\/\/pneusbazar.com\/#website"},"primaryImageOfPage":{"@id":"https:\/\/pneusbazar.com\/?product=toyo-open-country-ht#primaryimage"},"image":{"@id":"https:\/\/pneusbazar.com\/?product=toyo-open-country-ht#primaryimage"},"thumbnailUrl":"https:\/\/pneusbazar.com\/wp-content\/uploads\/2014\/12\/toyo_openCountryHT_lg.jpg","datePublished":"2014-12-21T23:00:35+00:00","dateModified":"2020-11-15T03:08:26+00:00","breadcrumb":{"@id":"https:\/\/pneusbazar.com\/?product=toyo-open-country-ht#breadcrumb"},"inLanguage":"fr-FR","potentialAction":[{"@type":"ReadAction","target":["https:\/\/pneusbazar.com\/?product=toyo-open-country-ht"]}]},{"@type":"ImageObject","inLanguage":"fr-FR","@id":"https:\/\/pneusbazar.com\/?product=toyo-open-country-ht#primaryimage","url":"https:\/\/pneusbazar.com\/wp-content\/uploads\/2014\/12\/toyo_openCountryHT_lg.jpg","contentUrl":"https:\/\/pneusbazar.com\/wp-content\/uploads\/2014\/12\/toyo_openCountryHT_lg.jpg","width":400,"height":400},{"@type":"BreadcrumbList","@id":"https:\/\/pneusbazar.com\/?product=toyo-open-country-ht#breadcrumb","itemListElement":[{"@type":"ListItem","position":1,"name":"Accueil","item":"http:\/\/pneusbazar.com\/"},{"@type":"ListItem","position":2,"name":"Catalogue de pneus","item":"http:\/\/pneusbazar.com\/?page_id=20284"},{"@type":"ListItem","position":3,"name":"Toyo OPEN COUNTRY H\/T"}]},{"@type":"WebSite","@id":"http:\/\/pneusbazar.com\/#website","url":"http:\/\/pneusbazar.com\/","name":"Pneus Bazar","description":"On prend soin de vous","potentialAction":[{"@type":"SearchAction","target":{"@type":"EntryPoint","urlTemplate":"http:\/\/pneusbazar.com\/?s={search_term_string}"},"query-input":"required name=search_term_string"}],"inLanguage":"fr-FR"}]}},"_links":{"self":[{"href":"https:\/\/pneusbazar.com\/index.php?rest_route=\/wp\/v2\/product\/20441"}],"collection":[{"href":"https:\/\/pneusbazar.com\/index.php?rest_route=\/wp\/v2\/product"}],"about":[{"href":"https:\/\/pneusbazar.com\/index.php?rest_route=\/wp\/v2\/types\/product"}],"replies":[{"embeddable":true,"href":"https:\/\/pneusbazar.com\/index.php?rest_route=%2Fwp%2Fv2%2Fcomments&post=20441"}],"wp:featuredmedia":[{"embeddable":true,"href":"https:\/\/pneusbazar.com\/index.php?rest_route=\/wp\/v2\/media\/20442"}],"wp:attachment":[{"href":"https:\/\/pneusbazar.com\/index.php?rest_route=%2Fwp%2Fv2%2Fmedia&parent=20441"}],"wp:term":[{"taxonomy":"product_cat","embeddable":true,"href":"https:\/\/pneusbazar.com\/index.php?rest_route=%2Fwp%2Fv2%2Fproduct_cat&post=20441"},{"taxonomy":"product_tag","embeddable":true,"href":"https:\/\/pneusbazar.com\/index.php?rest_route=%2Fwp%2Fv2%2Fproduct_tag&post=20441"}],"curies":[{"name":"wp","href":"https:\/\/api.w.org\/{rel}","templated":true}]}}