{"id":20445,"date":"2014-12-21T23:06:27","date_gmt":"2014-12-21T23:06:27","guid":{"rendered":"http:\/\/pneusbazar.com\/?post_type=product&#038;p=20445"},"modified":"2020-11-14T22:08:26","modified_gmt":"2020-11-15T03:08:26","slug":"toyo-open-country-wlt1","status":"publish","type":"product","link":"https:\/\/pneusbazar.com\/?product=toyo-open-country-wlt1","title":{"rendered":"Toyo OPEN COUNTRY WLT1"},"content":{"rendered":"<table width=\"87\">\n<tbody>\n<tr>\n<td>Grandeurs disponibles<\/td>\n<\/tr>\n<tr>\n<td>LT215\/85R16<\/td>\n<\/tr>\n<tr>\n<td>LT235\/85R16<\/td>\n<\/tr>\n<tr>\n<td>LT225\/75R16<\/td>\n<\/tr>\n<tr>\n<td>LT245\/75R16<\/td>\n<\/tr>\n<tr>\n<td>LT265\/75R16<\/td>\n<\/tr>\n<tr>\n<td>LT285\/75R16<\/td>\n<\/tr>\n<tr>\n<td>LT235\/80R17<\/td>\n<\/tr>\n<tr>\n<td>LT225\/75R17<\/td>\n<\/tr>\n<tr>\n<td>LT245\/75R17<\/td>\n<\/tr>\n<tr>\n<td>LT245\/70R17<\/td>\n<\/tr>\n<tr>\n<td>LT265\/70R17<\/td>\n<\/tr>\n<tr>\n<td>LT285\/70R17<\/td>\n<\/tr>\n<tr>\n<td>LT275\/70R18<\/td>\n<\/tr>\n<tr>\n<td>LT275\/65R18<\/td>\n<\/tr>\n<tr>\n<td>LT275\/65R20<\/td>\n<\/tr>\n<\/tbody>\n<\/table>\n","protected":false},"excerpt":{"rendered":"<ul>\n<li>Con\u00e7u pour une vari\u00e9t\u00e9 de camionnettes commerciales<\/li>\n<li>Densit\u00e9 accrue des lamelles am\u00e9liore l\u2019\u00e9vacuation de l\u2019eau et l\u2019adh\u00e9rence sur chauss\u00e9e glac\u00e9e<\/li>\n<li>Sculpture de bande de roulement plus profonde et motif de bande de roulement avant-gardiste assurent une dur\u00e9e de vie prolong\u00e9e<\/li>\n<li>Rainures profondes plus larges am\u00e9liorent la traction dans la neige<\/li>\n<li>Poches autonettoyantes \u00e9vacuent efficacement la neige<\/li>\n<\/ul>\n<p>\u2022\u00a0 Construction robuste con\u00e7ue pour une capacit\u00e9 de charge unique, et pour r\u00e9pondre aux exigences de freinage et de tenue de route des camionnettes, fourgonnettes et VUS<\/p>\n","protected":false},"featured_media":20446,"comment_status":"closed","ping_status":"closed","template":"","meta":[],"product_cat":[],"product_tag":[],"class_list":{"0":"post-20445","1":"product","2":"type-product","3":"status-publish","4":"has-post-thumbnail","6":"pa_experience-de-conduite-tourisme","7":"pa_gamme-bad","8":"pa_marque-toyo","9":"pa_saison-de-pneus-hiver","10":"pa_type-de-pneu-pneus-de-camionnette","12":"first","13":"instock","14":"shipping-taxable","15":"product-type-simple"},"yoast_head":"<!-- This site is optimized with the Yoast SEO plugin v23.2 - https:\/\/yoast.com\/wordpress\/plugins\/seo\/ -->\n<title>Toyo OPEN COUNTRY WLT1 - Pneus Bazar<\/title>\n<meta name=\"robots\" content=\"index, follow, max-snippet:-1, max-image-preview:large, max-video-preview:-1\" \/>\n<link rel=\"canonical\" href=\"https:\/\/pneusbazar.com\/?product=toyo-open-country-wlt1\" \/>\n<script type=\"application\/ld+json\" class=\"yoast-schema-graph\">{\"@context\":\"https:\/\/schema.org\",\"@graph\":[{\"@type\":\"WebPage\",\"@id\":\"https:\/\/pneusbazar.com\/?product=toyo-open-country-wlt1\",\"url\":\"https:\/\/pneusbazar.com\/?product=toyo-open-country-wlt1\",\"name\":\"Toyo OPEN COUNTRY WLT1 - Pneus Bazar\",\"isPartOf\":{\"@id\":\"https:\/\/pneusbazar.com\/#website\"},\"primaryImageOfPage\":{\"@id\":\"https:\/\/pneusbazar.com\/?product=toyo-open-country-wlt1#primaryimage\"},\"image\":{\"@id\":\"https:\/\/pneusbazar.com\/?product=toyo-open-country-wlt1#primaryimage\"},\"thumbnailUrl\":\"https:\/\/pneusbazar.com\/wp-content\/uploads\/2014\/12\/toyo_OpenCountry_WLT1_lg.jpg\",\"datePublished\":\"2014-12-21T23:06:27+00:00\",\"dateModified\":\"2020-11-15T03:08:26+00:00\",\"breadcrumb\":{\"@id\":\"https:\/\/pneusbazar.com\/?product=toyo-open-country-wlt1#breadcrumb\"},\"inLanguage\":\"fr-FR\",\"potentialAction\":[{\"@type\":\"ReadAction\",\"target\":[\"https:\/\/pneusbazar.com\/?product=toyo-open-country-wlt1\"]}]},{\"@type\":\"ImageObject\",\"inLanguage\":\"fr-FR\",\"@id\":\"https:\/\/pneusbazar.com\/?product=toyo-open-country-wlt1#primaryimage\",\"url\":\"https:\/\/pneusbazar.com\/wp-content\/uploads\/2014\/12\/toyo_OpenCountry_WLT1_lg.jpg\",\"contentUrl\":\"https:\/\/pneusbazar.com\/wp-content\/uploads\/2014\/12\/toyo_OpenCountry_WLT1_lg.jpg\",\"width\":400,\"height\":400},{\"@type\":\"BreadcrumbList\",\"@id\":\"https:\/\/pneusbazar.com\/?product=toyo-open-country-wlt1#breadcrumb\",\"itemListElement\":[{\"@type\":\"ListItem\",\"position\":1,\"name\":\"Accueil\",\"item\":\"https:\/\/pneusbazar.com\/\"},{\"@type\":\"ListItem\",\"position\":2,\"name\":\"Catalogue de pneus\",\"item\":\"https:\/\/pneusbazar.com\/?page_id=20284\"},{\"@type\":\"ListItem\",\"position\":3,\"name\":\"Toyo OPEN COUNTRY WLT1\"}]},{\"@type\":\"WebSite\",\"@id\":\"https:\/\/pneusbazar.com\/#website\",\"url\":\"https:\/\/pneusbazar.com\/\",\"name\":\"Pneus Bazar\",\"description\":\"On prend soin de vous\",\"potentialAction\":[{\"@type\":\"SearchAction\",\"target\":{\"@type\":\"EntryPoint\",\"urlTemplate\":\"https:\/\/pneusbazar.com\/?s={search_term_string}\"},\"query-input\":\"required name=search_term_string\"}],\"inLanguage\":\"fr-FR\"}]}<\/script>\n<!-- \/ Yoast SEO plugin. -->","yoast_head_json":{"title":"Toyo OPEN COUNTRY WLT1 - Pneus Bazar","robots":{"index":"index","follow":"follow","max-snippet":"max-snippet:-1","max-image-preview":"max-image-preview:large","max-video-preview":"max-video-preview:-1"},"canonical":"https:\/\/pneusbazar.com\/?product=toyo-open-country-wlt1","schema":{"@context":"https:\/\/schema.org","@graph":[{"@type":"WebPage","@id":"https:\/\/pneusbazar.com\/?product=toyo-open-country-wlt1","url":"https:\/\/pneusbazar.com\/?product=toyo-open-country-wlt1","name":"Toyo OPEN COUNTRY WLT1 - Pneus Bazar","isPartOf":{"@id":"https:\/\/pneusbazar.com\/#website"},"primaryImageOfPage":{"@id":"https:\/\/pneusbazar.com\/?product=toyo-open-country-wlt1#primaryimage"},"image":{"@id":"https:\/\/pneusbazar.com\/?product=toyo-open-country-wlt1#primaryimage"},"thumbnailUrl":"https:\/\/pneusbazar.com\/wp-content\/uploads\/2014\/12\/toyo_OpenCountry_WLT1_lg.jpg","datePublished":"2014-12-21T23:06:27+00:00","dateModified":"2020-11-15T03:08:26+00:00","breadcrumb":{"@id":"https:\/\/pneusbazar.com\/?product=toyo-open-country-wlt1#breadcrumb"},"inLanguage":"fr-FR","potentialAction":[{"@type":"ReadAction","target":["https:\/\/pneusbazar.com\/?product=toyo-open-country-wlt1"]}]},{"@type":"ImageObject","inLanguage":"fr-FR","@id":"https:\/\/pneusbazar.com\/?product=toyo-open-country-wlt1#primaryimage","url":"https:\/\/pneusbazar.com\/wp-content\/uploads\/2014\/12\/toyo_OpenCountry_WLT1_lg.jpg","contentUrl":"https:\/\/pneusbazar.com\/wp-content\/uploads\/2014\/12\/toyo_OpenCountry_WLT1_lg.jpg","width":400,"height":400},{"@type":"BreadcrumbList","@id":"https:\/\/pneusbazar.com\/?product=toyo-open-country-wlt1#breadcrumb","itemListElement":[{"@type":"ListItem","position":1,"name":"Accueil","item":"https:\/\/pneusbazar.com\/"},{"@type":"ListItem","position":2,"name":"Catalogue de pneus","item":"https:\/\/pneusbazar.com\/?page_id=20284"},{"@type":"ListItem","position":3,"name":"Toyo OPEN COUNTRY WLT1"}]},{"@type":"WebSite","@id":"https:\/\/pneusbazar.com\/#website","url":"https:\/\/pneusbazar.com\/","name":"Pneus Bazar","description":"On prend soin de vous","potentialAction":[{"@type":"SearchAction","target":{"@type":"EntryPoint","urlTemplate":"https:\/\/pneusbazar.com\/?s={search_term_string}"},"query-input":"required name=search_term_string"}],"inLanguage":"fr-FR"}]}},"_links":{"self":[{"href":"https:\/\/pneusbazar.com\/index.php?rest_route=\/wp\/v2\/product\/20445"}],"collection":[{"href":"https:\/\/pneusbazar.com\/index.php?rest_route=\/wp\/v2\/product"}],"about":[{"href":"https:\/\/pneusbazar.com\/index.php?rest_route=\/wp\/v2\/types\/product"}],"replies":[{"embeddable":true,"href":"https:\/\/pneusbazar.com\/index.php?rest_route=%2Fwp%2Fv2%2Fcomments&post=20445"}],"wp:featuredmedia":[{"embeddable":true,"href":"https:\/\/pneusbazar.com\/index.php?rest_route=\/wp\/v2\/media\/20446"}],"wp:attachment":[{"href":"https:\/\/pneusbazar.com\/index.php?rest_route=%2Fwp%2Fv2%2Fmedia&parent=20445"}],"wp:term":[{"taxonomy":"product_cat","embeddable":true,"href":"https:\/\/pneusbazar.com\/index.php?rest_route=%2Fwp%2Fv2%2Fproduct_cat&post=20445"},{"taxonomy":"product_tag","embeddable":true,"href":"https:\/\/pneusbazar.com\/index.php?rest_route=%2Fwp%2Fv2%2Fproduct_tag&post=20445"}],"curies":[{"name":"wp","href":"https:\/\/api.w.org\/{rel}","templated":true}]}}