{"id":20455,"date":"2014-12-21T23:21:46","date_gmt":"2014-12-21T23:21:46","guid":{"rendered":"http:\/\/pneusbazar.com\/?post_type=product&#038;p=20455"},"modified":"2020-11-14T22:08:26","modified_gmt":"2020-11-15T03:08:26","slug":"toyo-versado-eco","status":"publish","type":"product","link":"https:\/\/pneusbazar.com\/?product=toyo-versado-eco","title":{"rendered":"Toyo VERSADO ECO"},"content":{"rendered":"<table width=\"83\">\n<tbody>\n<tr>\n<td>Grandeurs disponibles<\/td>\n<\/tr>\n<tr>\n<td>175\/65R15<\/td>\n<\/tr>\n<tr>\n<td>P185\/65R15<\/td>\n<\/tr>\n<tr>\n<td>P195\/65R15<\/td>\n<\/tr>\n<tr>\n<td>P215\/60R16<\/td>\n<\/tr>\n<tr>\n<td>P195\/55R16<\/td>\n<\/tr>\n<tr>\n<td>P215\/55R17<\/td>\n<\/tr>\n<tr>\n<td>P225\/50R17<\/td>\n<\/tr>\n<tr>\n<td>P215\/45R17<\/td>\n<\/tr>\n<tr>\n<td>P225\/45R18<\/td>\n<\/tr>\n<\/tbody>\n<\/table>\n","protected":false},"excerpt":{"rendered":"<ul>\n<li>Partiellement fabriqu\u00e9 de mati\u00e8res recycl\u00e9es et naturellement d\u00e9riv\u00e9es<\/li>\n<li>Offre d\u2019essai de 30 jours<\/li>\n<li>Profil de bande de roulement optimis\u00e9 r\u00e9duit la r\u00e9sistance au roulement<\/li>\n<li>Quatre larges rainures circonf\u00e9rentielles assurent une r\u00e9duction de l\u2019aquaplanage procurant une meilleure adh\u00e9rence<\/li>\n<li>Roulement plus silencieux et confortable<\/li>\n<\/ul>\n","protected":false},"featured_media":20456,"comment_status":"closed","ping_status":"closed","template":"","meta":[],"product_cat":[],"product_tag":[],"class_list":{"0":"post-20455","1":"product","2":"type-product","3":"status-publish","4":"has-post-thumbnail","6":"pa_experience-de-conduite-tourisme","7":"pa_gamme-bad","8":"pa_marque-toyo","9":"pa_saison-de-pneus-4-saisons","10":"pa_type-de-pneu-pneus-de-vehicule-utilitaire","11":"pa_type-de-pneu-pneus-de-voiture","13":"first","14":"instock","15":"shipping-taxable","16":"product-type-simple"},"yoast_head":"<!-- This site is optimized with the Yoast SEO plugin v23.2 - https:\/\/yoast.com\/wordpress\/plugins\/seo\/ -->\n<title>Toyo VERSADO ECO - Pneus Bazar<\/title>\n<meta name=\"robots\" content=\"index, follow, max-snippet:-1, max-image-preview:large, max-video-preview:-1\" \/>\n<link rel=\"canonical\" href=\"https:\/\/pneusbazar.com\/?product=toyo-versado-eco\" \/>\n<script type=\"application\/ld+json\" class=\"yoast-schema-graph\">{\"@context\":\"https:\/\/schema.org\",\"@graph\":[{\"@type\":\"WebPage\",\"@id\":\"https:\/\/pneusbazar.com\/?product=toyo-versado-eco\",\"url\":\"https:\/\/pneusbazar.com\/?product=toyo-versado-eco\",\"name\":\"Toyo VERSADO ECO - Pneus Bazar\",\"isPartOf\":{\"@id\":\"http:\/\/pneusbazar.com\/#website\"},\"primaryImageOfPage\":{\"@id\":\"https:\/\/pneusbazar.com\/?product=toyo-versado-eco#primaryimage\"},\"image\":{\"@id\":\"https:\/\/pneusbazar.com\/?product=toyo-versado-eco#primaryimage\"},\"thumbnailUrl\":\"https:\/\/pneusbazar.com\/wp-content\/uploads\/2014\/12\/VersadoEco_Sidewall_CLIPPED.jpg\",\"datePublished\":\"2014-12-21T23:21:46+00:00\",\"dateModified\":\"2020-11-15T03:08:26+00:00\",\"breadcrumb\":{\"@id\":\"https:\/\/pneusbazar.com\/?product=toyo-versado-eco#breadcrumb\"},\"inLanguage\":\"fr-FR\",\"potentialAction\":[{\"@type\":\"ReadAction\",\"target\":[\"https:\/\/pneusbazar.com\/?product=toyo-versado-eco\"]}]},{\"@type\":\"ImageObject\",\"inLanguage\":\"fr-FR\",\"@id\":\"https:\/\/pneusbazar.com\/?product=toyo-versado-eco#primaryimage\",\"url\":\"https:\/\/pneusbazar.com\/wp-content\/uploads\/2014\/12\/VersadoEco_Sidewall_CLIPPED.jpg\",\"contentUrl\":\"https:\/\/pneusbazar.com\/wp-content\/uploads\/2014\/12\/VersadoEco_Sidewall_CLIPPED.jpg\",\"width\":400,\"height\":400},{\"@type\":\"BreadcrumbList\",\"@id\":\"https:\/\/pneusbazar.com\/?product=toyo-versado-eco#breadcrumb\",\"itemListElement\":[{\"@type\":\"ListItem\",\"position\":1,\"name\":\"Accueil\",\"item\":\"http:\/\/pneusbazar.com\/\"},{\"@type\":\"ListItem\",\"position\":2,\"name\":\"Catalogue de pneus\",\"item\":\"http:\/\/pneusbazar.com\/?page_id=20284\"},{\"@type\":\"ListItem\",\"position\":3,\"name\":\"Toyo VERSADO ECO\"}]},{\"@type\":\"WebSite\",\"@id\":\"http:\/\/pneusbazar.com\/#website\",\"url\":\"http:\/\/pneusbazar.com\/\",\"name\":\"Pneus Bazar\",\"description\":\"On prend soin de vous\",\"potentialAction\":[{\"@type\":\"SearchAction\",\"target\":{\"@type\":\"EntryPoint\",\"urlTemplate\":\"http:\/\/pneusbazar.com\/?s={search_term_string}\"},\"query-input\":\"required name=search_term_string\"}],\"inLanguage\":\"fr-FR\"}]}<\/script>\n<!-- \/ Yoast SEO plugin. -->","yoast_head_json":{"title":"Toyo VERSADO ECO - Pneus Bazar","robots":{"index":"index","follow":"follow","max-snippet":"max-snippet:-1","max-image-preview":"max-image-preview:large","max-video-preview":"max-video-preview:-1"},"canonical":"https:\/\/pneusbazar.com\/?product=toyo-versado-eco","schema":{"@context":"https:\/\/schema.org","@graph":[{"@type":"WebPage","@id":"https:\/\/pneusbazar.com\/?product=toyo-versado-eco","url":"https:\/\/pneusbazar.com\/?product=toyo-versado-eco","name":"Toyo VERSADO ECO - Pneus Bazar","isPartOf":{"@id":"http:\/\/pneusbazar.com\/#website"},"primaryImageOfPage":{"@id":"https:\/\/pneusbazar.com\/?product=toyo-versado-eco#primaryimage"},"image":{"@id":"https:\/\/pneusbazar.com\/?product=toyo-versado-eco#primaryimage"},"thumbnailUrl":"https:\/\/pneusbazar.com\/wp-content\/uploads\/2014\/12\/VersadoEco_Sidewall_CLIPPED.jpg","datePublished":"2014-12-21T23:21:46+00:00","dateModified":"2020-11-15T03:08:26+00:00","breadcrumb":{"@id":"https:\/\/pneusbazar.com\/?product=toyo-versado-eco#breadcrumb"},"inLanguage":"fr-FR","potentialAction":[{"@type":"ReadAction","target":["https:\/\/pneusbazar.com\/?product=toyo-versado-eco"]}]},{"@type":"ImageObject","inLanguage":"fr-FR","@id":"https:\/\/pneusbazar.com\/?product=toyo-versado-eco#primaryimage","url":"https:\/\/pneusbazar.com\/wp-content\/uploads\/2014\/12\/VersadoEco_Sidewall_CLIPPED.jpg","contentUrl":"https:\/\/pneusbazar.com\/wp-content\/uploads\/2014\/12\/VersadoEco_Sidewall_CLIPPED.jpg","width":400,"height":400},{"@type":"BreadcrumbList","@id":"https:\/\/pneusbazar.com\/?product=toyo-versado-eco#breadcrumb","itemListElement":[{"@type":"ListItem","position":1,"name":"Accueil","item":"http:\/\/pneusbazar.com\/"},{"@type":"ListItem","position":2,"name":"Catalogue de pneus","item":"http:\/\/pneusbazar.com\/?page_id=20284"},{"@type":"ListItem","position":3,"name":"Toyo VERSADO ECO"}]},{"@type":"WebSite","@id":"http:\/\/pneusbazar.com\/#website","url":"http:\/\/pneusbazar.com\/","name":"Pneus Bazar","description":"On prend soin de vous","potentialAction":[{"@type":"SearchAction","target":{"@type":"EntryPoint","urlTemplate":"http:\/\/pneusbazar.com\/?s={search_term_string}"},"query-input":"required name=search_term_string"}],"inLanguage":"fr-FR"}]}},"_links":{"self":[{"href":"https:\/\/pneusbazar.com\/index.php?rest_route=\/wp\/v2\/product\/20455"}],"collection":[{"href":"https:\/\/pneusbazar.com\/index.php?rest_route=\/wp\/v2\/product"}],"about":[{"href":"https:\/\/pneusbazar.com\/index.php?rest_route=\/wp\/v2\/types\/product"}],"replies":[{"embeddable":true,"href":"https:\/\/pneusbazar.com\/index.php?rest_route=%2Fwp%2Fv2%2Fcomments&post=20455"}],"wp:featuredmedia":[{"embeddable":true,"href":"https:\/\/pneusbazar.com\/index.php?rest_route=\/wp\/v2\/media\/20456"}],"wp:attachment":[{"href":"https:\/\/pneusbazar.com\/index.php?rest_route=%2Fwp%2Fv2%2Fmedia&parent=20455"}],"wp:term":[{"taxonomy":"product_cat","embeddable":true,"href":"https:\/\/pneusbazar.com\/index.php?rest_route=%2Fwp%2Fv2%2Fproduct_cat&post=20455"},{"taxonomy":"product_tag","embeddable":true,"href":"https:\/\/pneusbazar.com\/index.php?rest_route=%2Fwp%2Fv2%2Fproduct_tag&post=20455"}],"curies":[{"name":"wp","href":"https:\/\/api.w.org\/{rel}","templated":true}]}}