{"id":20462,"date":"2014-12-22T00:13:04","date_gmt":"2014-12-22T00:13:04","guid":{"rendered":"http:\/\/pneusbazar.com\/?post_type=product&#038;p=20462"},"modified":"2020-11-14T22:07:30","modified_gmt":"2020-11-15T03:07:30","slug":"kumho-ecsta-le-sport-ku39","status":"publish","type":"product","link":"https:\/\/pneusbazar.com\/?product=kumho-ecsta-le-sport-ku39","title":{"rendered":"Kumho ECSTA LE SPORT KU39"},"content":{"rendered":"<table width=\"159\">\n<tbody>\n<tr>\n<td colspan=\"2\">Grandeurs disponibles<\/td>\n<\/tr>\n<tr>\n<td>205\/55R16<\/td>\n<td>215\/35R18<\/td>\n<\/tr>\n<tr>\n<td>205\/45R16<\/td>\n<td>225\/35R18<\/td>\n<\/tr>\n<tr>\n<td>215\/50R17<\/td>\n<td>245\/35R18<\/td>\n<\/tr>\n<tr>\n<td>225\/50R17<\/td>\n<td>255\/35R18<\/td>\n<\/tr>\n<tr>\n<td>235\/50R17<\/td>\n<td>265\/35R18<\/td>\n<\/tr>\n<tr>\n<td>205\/45R17<\/td>\n<td>275\/35R18<\/td>\n<\/tr>\n<tr>\n<td>215\/45R17<\/td>\n<td>285\/35R18<\/td>\n<\/tr>\n<tr>\n<td>225\/45R17<\/td>\n<td>245\/45R19<\/td>\n<\/tr>\n<tr>\n<td>235\/45R17<\/td>\n<td>275\/45R19<\/td>\n<\/tr>\n<tr>\n<td>245\/45R17<\/td>\n<td>225\/40R19<\/td>\n<\/tr>\n<tr>\n<td>205\/40R17<\/td>\n<td>245\/40R19<\/td>\n<\/tr>\n<tr>\n<td>215\/40R17<\/td>\n<td>255\/40R19<\/td>\n<\/tr>\n<tr>\n<td>235\/40R17<\/td>\n<td>275\/40R19<\/td>\n<\/tr>\n<tr>\n<td>245\/40R17<\/td>\n<td>215\/35R19<\/td>\n<\/tr>\n<tr>\n<td>255\/40R17<\/td>\n<td>225\/35R19<\/td>\n<\/tr>\n<tr>\n<td>225\/35R17<\/td>\n<td>235\/35R19<\/td>\n<\/tr>\n<tr>\n<td>235\/50R18<\/td>\n<td>245\/35R19<\/td>\n<\/tr>\n<tr>\n<td>225\/45R18<\/td>\n<td>255\/35R19<\/td>\n<\/tr>\n<tr>\n<td>235\/45R18<\/td>\n<td>275\/35R19<\/td>\n<\/tr>\n<tr>\n<td>245\/45R18<\/td>\n<td>285\/35R19<\/td>\n<\/tr>\n<tr>\n<td>255\/45R18<\/td>\n<td>255\/30R19<\/td>\n<\/tr>\n<tr>\n<td>275\/45R18<\/td>\n<td>265\/30R19<\/td>\n<\/tr>\n<tr>\n<td>215\/40R18<\/td>\n<td>275\/30R19<\/td>\n<\/tr>\n<tr>\n<td>225\/40R18<\/td>\n<td>295\/30R19<\/td>\n<\/tr>\n<tr>\n<td>235\/40R18<\/td>\n<td>245\/40R20<\/td>\n<\/tr>\n<tr>\n<td>245\/40R18<\/td>\n<td>245\/35R20<\/td>\n<\/tr>\n<tr>\n<td>255\/40R18<\/td>\n<td>275\/35R20<\/td>\n<\/tr>\n<tr>\n<td>265\/40R18<\/td>\n<td><\/td>\n<\/tr>\n<\/tbody>\n<\/table>\n","protected":false},"excerpt":{"rendered":"<ul>\n<li>Con\u00e7u pour les voitures sport haut de gamme, les berlines sport et coup\u00e9s<\/li>\n<li>Conception asym\u00e9trique pour conduite optimale sur chauss\u00e9es s\u00e8ches et mouill\u00e9es<\/li>\n<li>Stabilit\u00e9 \u00e0 haute vitesse<\/li>\n<li>Contact constant avec la chauss\u00e9e procurant une r\u00e9ponse au volant am\u00e9lior\u00e9e<\/li>\n<li>Conception de bloc variable r\u00e9duit le bruit de la route et am\u00e9liore le confort de roulement<\/li>\n<li>Uniformit\u00e9 d&rsquo;usure pour la dur\u00e9e de vie du pneu<\/li>\n<\/ul>\n","protected":false},"featured_media":20464,"comment_status":"closed","ping_status":"closed","template":"","meta":[],"product_cat":[],"product_tag":[],"class_list":{"0":"post-20462","1":"product","2":"type-product","3":"status-publish","4":"has-post-thumbnail","6":"pa_experience-de-conduite-haute-performance","7":"pa_gamme-bad","8":"pa_marque-kumho","9":"pa_saison-de-pneus-4-saisons","10":"pa_type-de-pneu-pneus-de-voiture","12":"first","13":"instock","14":"shipping-taxable","15":"product-type-simple"},"yoast_head":"<!-- This site is optimized with the Yoast SEO plugin v23.2 - https:\/\/yoast.com\/wordpress\/plugins\/seo\/ -->\n<title>Kumho ECSTA LE SPORT KU39 - Pneus Bazar<\/title>\n<meta name=\"robots\" content=\"index, follow, max-snippet:-1, max-image-preview:large, max-video-preview:-1\" \/>\n<link rel=\"canonical\" href=\"http:\/\/pneusbazar.com\/?product=kumho-ecsta-le-sport-ku39\" \/>\n<script type=\"application\/ld+json\" class=\"yoast-schema-graph\">{\"@context\":\"https:\/\/schema.org\",\"@graph\":[{\"@type\":\"WebPage\",\"@id\":\"http:\/\/pneusbazar.com\/?product=kumho-ecsta-le-sport-ku39\",\"url\":\"http:\/\/pneusbazar.com\/?product=kumho-ecsta-le-sport-ku39\",\"name\":\"Kumho ECSTA LE SPORT KU39 - Pneus Bazar\",\"isPartOf\":{\"@id\":\"http:\/\/pneusbazar.com\/#website\"},\"primaryImageOfPage\":{\"@id\":\"http:\/\/pneusbazar.com\/?product=kumho-ecsta-le-sport-ku39#primaryimage\"},\"image\":{\"@id\":\"http:\/\/pneusbazar.com\/?product=kumho-ecsta-le-sport-ku39#primaryimage\"},\"thumbnailUrl\":\"https:\/\/pneusbazar.com\/wp-content\/uploads\/2014\/12\/156_WebPhotoAdditional1.png\",\"datePublished\":\"2014-12-22T00:13:04+00:00\",\"dateModified\":\"2020-11-15T03:07:30+00:00\",\"breadcrumb\":{\"@id\":\"http:\/\/pneusbazar.com\/?product=kumho-ecsta-le-sport-ku39#breadcrumb\"},\"inLanguage\":\"fr-FR\",\"potentialAction\":[{\"@type\":\"ReadAction\",\"target\":[\"http:\/\/pneusbazar.com\/?product=kumho-ecsta-le-sport-ku39\"]}]},{\"@type\":\"ImageObject\",\"inLanguage\":\"fr-FR\",\"@id\":\"http:\/\/pneusbazar.com\/?product=kumho-ecsta-le-sport-ku39#primaryimage\",\"url\":\"https:\/\/pneusbazar.com\/wp-content\/uploads\/2014\/12\/156_WebPhotoAdditional1.png\",\"contentUrl\":\"https:\/\/pneusbazar.com\/wp-content\/uploads\/2014\/12\/156_WebPhotoAdditional1.png\",\"width\":400,\"height\":400},{\"@type\":\"BreadcrumbList\",\"@id\":\"http:\/\/pneusbazar.com\/?product=kumho-ecsta-le-sport-ku39#breadcrumb\",\"itemListElement\":[{\"@type\":\"ListItem\",\"position\":1,\"name\":\"Accueil\",\"item\":\"http:\/\/pneusbazar.com\/\"},{\"@type\":\"ListItem\",\"position\":2,\"name\":\"Catalogue de pneus\",\"item\":\"http:\/\/pneusbazar.com\/?page_id=20284\"},{\"@type\":\"ListItem\",\"position\":3,\"name\":\"Kumho ECSTA LE SPORT KU39\"}]},{\"@type\":\"WebSite\",\"@id\":\"http:\/\/pneusbazar.com\/#website\",\"url\":\"http:\/\/pneusbazar.com\/\",\"name\":\"Pneus Bazar\",\"description\":\"On prend soin de vous\",\"potentialAction\":[{\"@type\":\"SearchAction\",\"target\":{\"@type\":\"EntryPoint\",\"urlTemplate\":\"http:\/\/pneusbazar.com\/?s={search_term_string}\"},\"query-input\":\"required name=search_term_string\"}],\"inLanguage\":\"fr-FR\"}]}<\/script>\n<!-- \/ Yoast SEO plugin. -->","yoast_head_json":{"title":"Kumho ECSTA LE SPORT KU39 - Pneus Bazar","robots":{"index":"index","follow":"follow","max-snippet":"max-snippet:-1","max-image-preview":"max-image-preview:large","max-video-preview":"max-video-preview:-1"},"canonical":"http:\/\/pneusbazar.com\/?product=kumho-ecsta-le-sport-ku39","schema":{"@context":"https:\/\/schema.org","@graph":[{"@type":"WebPage","@id":"http:\/\/pneusbazar.com\/?product=kumho-ecsta-le-sport-ku39","url":"http:\/\/pneusbazar.com\/?product=kumho-ecsta-le-sport-ku39","name":"Kumho ECSTA LE SPORT KU39 - Pneus Bazar","isPartOf":{"@id":"http:\/\/pneusbazar.com\/#website"},"primaryImageOfPage":{"@id":"http:\/\/pneusbazar.com\/?product=kumho-ecsta-le-sport-ku39#primaryimage"},"image":{"@id":"http:\/\/pneusbazar.com\/?product=kumho-ecsta-le-sport-ku39#primaryimage"},"thumbnailUrl":"https:\/\/pneusbazar.com\/wp-content\/uploads\/2014\/12\/156_WebPhotoAdditional1.png","datePublished":"2014-12-22T00:13:04+00:00","dateModified":"2020-11-15T03:07:30+00:00","breadcrumb":{"@id":"http:\/\/pneusbazar.com\/?product=kumho-ecsta-le-sport-ku39#breadcrumb"},"inLanguage":"fr-FR","potentialAction":[{"@type":"ReadAction","target":["http:\/\/pneusbazar.com\/?product=kumho-ecsta-le-sport-ku39"]}]},{"@type":"ImageObject","inLanguage":"fr-FR","@id":"http:\/\/pneusbazar.com\/?product=kumho-ecsta-le-sport-ku39#primaryimage","url":"https:\/\/pneusbazar.com\/wp-content\/uploads\/2014\/12\/156_WebPhotoAdditional1.png","contentUrl":"https:\/\/pneusbazar.com\/wp-content\/uploads\/2014\/12\/156_WebPhotoAdditional1.png","width":400,"height":400},{"@type":"BreadcrumbList","@id":"http:\/\/pneusbazar.com\/?product=kumho-ecsta-le-sport-ku39#breadcrumb","itemListElement":[{"@type":"ListItem","position":1,"name":"Accueil","item":"http:\/\/pneusbazar.com\/"},{"@type":"ListItem","position":2,"name":"Catalogue de pneus","item":"http:\/\/pneusbazar.com\/?page_id=20284"},{"@type":"ListItem","position":3,"name":"Kumho ECSTA LE SPORT KU39"}]},{"@type":"WebSite","@id":"http:\/\/pneusbazar.com\/#website","url":"http:\/\/pneusbazar.com\/","name":"Pneus Bazar","description":"On prend soin de vous","potentialAction":[{"@type":"SearchAction","target":{"@type":"EntryPoint","urlTemplate":"http:\/\/pneusbazar.com\/?s={search_term_string}"},"query-input":"required name=search_term_string"}],"inLanguage":"fr-FR"}]}},"_links":{"self":[{"href":"https:\/\/pneusbazar.com\/index.php?rest_route=\/wp\/v2\/product\/20462"}],"collection":[{"href":"https:\/\/pneusbazar.com\/index.php?rest_route=\/wp\/v2\/product"}],"about":[{"href":"https:\/\/pneusbazar.com\/index.php?rest_route=\/wp\/v2\/types\/product"}],"replies":[{"embeddable":true,"href":"https:\/\/pneusbazar.com\/index.php?rest_route=%2Fwp%2Fv2%2Fcomments&post=20462"}],"wp:featuredmedia":[{"embeddable":true,"href":"https:\/\/pneusbazar.com\/index.php?rest_route=\/wp\/v2\/media\/20464"}],"wp:attachment":[{"href":"https:\/\/pneusbazar.com\/index.php?rest_route=%2Fwp%2Fv2%2Fmedia&parent=20462"}],"wp:term":[{"taxonomy":"product_cat","embeddable":true,"href":"https:\/\/pneusbazar.com\/index.php?rest_route=%2Fwp%2Fv2%2Fproduct_cat&post=20462"},{"taxonomy":"product_tag","embeddable":true,"href":"https:\/\/pneusbazar.com\/index.php?rest_route=%2Fwp%2Fv2%2Fproduct_tag&post=20462"}],"curies":[{"name":"wp","href":"https:\/\/api.w.org\/{rel}","templated":true}]}}