{"id":20463,"date":"2014-12-22T00:15:39","date_gmt":"2014-12-22T00:15:39","guid":{"rendered":"http:\/\/pneusbazar.com\/?post_type=product&#038;p=20463"},"modified":"2020-11-14T22:07:30","modified_gmt":"2020-11-15T03:07:30","slug":"kumho-ecsta-lx-ku27","status":"publish","type":"product","link":"https:\/\/pneusbazar.com\/?product=kumho-ecsta-lx-ku27","title":{"rendered":"Kumho ECSTA LX KU27"},"content":{"rendered":"<table width=\"136\">\n<tbody>\n<tr>\n<td colspan=\"2\">Grandeurs disponibles<\/td>\n<\/tr>\n<tr>\n<td>195\/55R15<\/td>\n<td>225\/45R17<\/td>\n<\/tr>\n<tr>\n<td>205\/50R15<\/td>\n<td>235\/45R17<\/td>\n<\/tr>\n<tr>\n<td>205\/55R16<\/td>\n<td>215\/40R17<\/td>\n<\/tr>\n<tr>\n<td>215\/55R16<\/td>\n<td>225\/50R18<\/td>\n<\/tr>\n<tr>\n<td>225\/55R16<\/td>\n<td>235\/50R18<\/td>\n<\/tr>\n<tr>\n<td>205\/45R16<\/td>\n<td>225\/45R18<\/td>\n<\/tr>\n<tr>\n<td>215\/55R17<\/td>\n<td>245\/45R18<\/td>\n<\/tr>\n<tr>\n<td>225\/55R17<\/td>\n<td>255\/45R18<\/td>\n<\/tr>\n<tr>\n<td>235\/55R17<\/td>\n<td>225\/40R18<\/td>\n<\/tr>\n<tr>\n<td>205\/50R17<\/td>\n<td>235\/40R18<\/td>\n<\/tr>\n<tr>\n<td>215\/50R17<\/td>\n<td>245\/40R18<\/td>\n<\/tr>\n<tr>\n<td>225\/50R17<\/td>\n<td>255\/40R18<\/td>\n<\/tr>\n<tr>\n<td>235\/50R17<\/td>\n<td>225\/45R19<\/td>\n<\/tr>\n<tr>\n<td>245\/50R17<\/td>\n<td>245\/40R19<\/td>\n<\/tr>\n<tr>\n<td>215\/45R17<\/td>\n<td><\/td>\n<\/tr>\n<\/tbody>\n<\/table>\n","protected":false},"excerpt":{"rendered":"<ul>\n<li>Garantie limit\u00e9e de 96 000 km contre l&rsquo;usure de la bande de roulement<\/li>\n<li>Pneu de randonn\u00e9e \u00e0 performance de luxe<\/li>\n<li>Sculpture asym\u00e9trique pour une performance optimis\u00e9e quatre saisons<\/li>\n<li>Quatre rainures circonf\u00e9rentielles pour am\u00e9liorer l&rsquo;\u00e9vacuation de l&rsquo;eau<\/li>\n<\/ul>\n<p>\u2022\u00a0 Nappe de sommet en nylon sans joints procure le confort de roulement am\u00e9lior\u00e9 en r\u00e9duisant le freinage<\/p>\n","protected":false},"featured_media":20465,"comment_status":"closed","ping_status":"closed","template":"","meta":[],"product_cat":[],"product_tag":[],"class_list":{"0":"post-20463","1":"product","2":"type-product","3":"status-publish","4":"has-post-thumbnail","6":"pa_experience-de-conduite-haute-performance","7":"pa_gamme-bad","8":"pa_marque-kumho","9":"pa_saison-de-pneus-4-saisons","10":"pa_type-de-pneu-pneus-de-voiture","12":"first","13":"instock","14":"shipping-taxable","15":"product-type-simple"},"yoast_head":"<!-- This site is optimized with the Yoast SEO plugin v23.2 - https:\/\/yoast.com\/wordpress\/plugins\/seo\/ -->\n<title>Kumho ECSTA LX KU27 - Pneus Bazar<\/title>\n<meta name=\"robots\" content=\"index, follow, max-snippet:-1, max-image-preview:large, max-video-preview:-1\" \/>\n<link rel=\"canonical\" href=\"https:\/\/pneusbazar.com\/?product=kumho-ecsta-lx-ku27\" \/>\n<script type=\"application\/ld+json\" class=\"yoast-schema-graph\">{\"@context\":\"https:\/\/schema.org\",\"@graph\":[{\"@type\":\"WebPage\",\"@id\":\"https:\/\/pneusbazar.com\/?product=kumho-ecsta-lx-ku27\",\"url\":\"https:\/\/pneusbazar.com\/?product=kumho-ecsta-lx-ku27\",\"name\":\"Kumho ECSTA LX KU27 - Pneus Bazar\",\"isPartOf\":{\"@id\":\"https:\/\/pneusbazar.com\/#website\"},\"primaryImageOfPage\":{\"@id\":\"https:\/\/pneusbazar.com\/?product=kumho-ecsta-lx-ku27#primaryimage\"},\"image\":{\"@id\":\"https:\/\/pneusbazar.com\/?product=kumho-ecsta-lx-ku27#primaryimage\"},\"thumbnailUrl\":\"https:\/\/pneusbazar.com\/wp-content\/uploads\/2014\/12\/123_WebPhotoAdditional1.png\",\"datePublished\":\"2014-12-22T00:15:39+00:00\",\"dateModified\":\"2020-11-15T03:07:30+00:00\",\"breadcrumb\":{\"@id\":\"https:\/\/pneusbazar.com\/?product=kumho-ecsta-lx-ku27#breadcrumb\"},\"inLanguage\":\"fr-FR\",\"potentialAction\":[{\"@type\":\"ReadAction\",\"target\":[\"https:\/\/pneusbazar.com\/?product=kumho-ecsta-lx-ku27\"]}]},{\"@type\":\"ImageObject\",\"inLanguage\":\"fr-FR\",\"@id\":\"https:\/\/pneusbazar.com\/?product=kumho-ecsta-lx-ku27#primaryimage\",\"url\":\"https:\/\/pneusbazar.com\/wp-content\/uploads\/2014\/12\/123_WebPhotoAdditional1.png\",\"contentUrl\":\"https:\/\/pneusbazar.com\/wp-content\/uploads\/2014\/12\/123_WebPhotoAdditional1.png\",\"width\":400,\"height\":400},{\"@type\":\"BreadcrumbList\",\"@id\":\"https:\/\/pneusbazar.com\/?product=kumho-ecsta-lx-ku27#breadcrumb\",\"itemListElement\":[{\"@type\":\"ListItem\",\"position\":1,\"name\":\"Accueil\",\"item\":\"https:\/\/pneusbazar.com\/\"},{\"@type\":\"ListItem\",\"position\":2,\"name\":\"Catalogue de pneus\",\"item\":\"https:\/\/pneusbazar.com\/?page_id=20284\"},{\"@type\":\"ListItem\",\"position\":3,\"name\":\"Kumho ECSTA LX KU27\"}]},{\"@type\":\"WebSite\",\"@id\":\"https:\/\/pneusbazar.com\/#website\",\"url\":\"https:\/\/pneusbazar.com\/\",\"name\":\"Pneus Bazar\",\"description\":\"On prend soin de vous\",\"potentialAction\":[{\"@type\":\"SearchAction\",\"target\":{\"@type\":\"EntryPoint\",\"urlTemplate\":\"https:\/\/pneusbazar.com\/?s={search_term_string}\"},\"query-input\":\"required name=search_term_string\"}],\"inLanguage\":\"fr-FR\"}]}<\/script>\n<!-- \/ Yoast SEO plugin. -->","yoast_head_json":{"title":"Kumho ECSTA LX KU27 - Pneus Bazar","robots":{"index":"index","follow":"follow","max-snippet":"max-snippet:-1","max-image-preview":"max-image-preview:large","max-video-preview":"max-video-preview:-1"},"canonical":"https:\/\/pneusbazar.com\/?product=kumho-ecsta-lx-ku27","schema":{"@context":"https:\/\/schema.org","@graph":[{"@type":"WebPage","@id":"https:\/\/pneusbazar.com\/?product=kumho-ecsta-lx-ku27","url":"https:\/\/pneusbazar.com\/?product=kumho-ecsta-lx-ku27","name":"Kumho ECSTA LX KU27 - Pneus Bazar","isPartOf":{"@id":"https:\/\/pneusbazar.com\/#website"},"primaryImageOfPage":{"@id":"https:\/\/pneusbazar.com\/?product=kumho-ecsta-lx-ku27#primaryimage"},"image":{"@id":"https:\/\/pneusbazar.com\/?product=kumho-ecsta-lx-ku27#primaryimage"},"thumbnailUrl":"https:\/\/pneusbazar.com\/wp-content\/uploads\/2014\/12\/123_WebPhotoAdditional1.png","datePublished":"2014-12-22T00:15:39+00:00","dateModified":"2020-11-15T03:07:30+00:00","breadcrumb":{"@id":"https:\/\/pneusbazar.com\/?product=kumho-ecsta-lx-ku27#breadcrumb"},"inLanguage":"fr-FR","potentialAction":[{"@type":"ReadAction","target":["https:\/\/pneusbazar.com\/?product=kumho-ecsta-lx-ku27"]}]},{"@type":"ImageObject","inLanguage":"fr-FR","@id":"https:\/\/pneusbazar.com\/?product=kumho-ecsta-lx-ku27#primaryimage","url":"https:\/\/pneusbazar.com\/wp-content\/uploads\/2014\/12\/123_WebPhotoAdditional1.png","contentUrl":"https:\/\/pneusbazar.com\/wp-content\/uploads\/2014\/12\/123_WebPhotoAdditional1.png","width":400,"height":400},{"@type":"BreadcrumbList","@id":"https:\/\/pneusbazar.com\/?product=kumho-ecsta-lx-ku27#breadcrumb","itemListElement":[{"@type":"ListItem","position":1,"name":"Accueil","item":"https:\/\/pneusbazar.com\/"},{"@type":"ListItem","position":2,"name":"Catalogue de pneus","item":"https:\/\/pneusbazar.com\/?page_id=20284"},{"@type":"ListItem","position":3,"name":"Kumho ECSTA LX KU27"}]},{"@type":"WebSite","@id":"https:\/\/pneusbazar.com\/#website","url":"https:\/\/pneusbazar.com\/","name":"Pneus Bazar","description":"On prend soin de vous","potentialAction":[{"@type":"SearchAction","target":{"@type":"EntryPoint","urlTemplate":"https:\/\/pneusbazar.com\/?s={search_term_string}"},"query-input":"required name=search_term_string"}],"inLanguage":"fr-FR"}]}},"_links":{"self":[{"href":"https:\/\/pneusbazar.com\/index.php?rest_route=\/wp\/v2\/product\/20463"}],"collection":[{"href":"https:\/\/pneusbazar.com\/index.php?rest_route=\/wp\/v2\/product"}],"about":[{"href":"https:\/\/pneusbazar.com\/index.php?rest_route=\/wp\/v2\/types\/product"}],"replies":[{"embeddable":true,"href":"https:\/\/pneusbazar.com\/index.php?rest_route=%2Fwp%2Fv2%2Fcomments&post=20463"}],"wp:featuredmedia":[{"embeddable":true,"href":"https:\/\/pneusbazar.com\/index.php?rest_route=\/wp\/v2\/media\/20465"}],"wp:attachment":[{"href":"https:\/\/pneusbazar.com\/index.php?rest_route=%2Fwp%2Fv2%2Fmedia&parent=20463"}],"wp:term":[{"taxonomy":"product_cat","embeddable":true,"href":"https:\/\/pneusbazar.com\/index.php?rest_route=%2Fwp%2Fv2%2Fproduct_cat&post=20463"},{"taxonomy":"product_tag","embeddable":true,"href":"https:\/\/pneusbazar.com\/index.php?rest_route=%2Fwp%2Fv2%2Fproduct_tag&post=20463"}],"curies":[{"name":"wp","href":"https:\/\/api.w.org\/{rel}","templated":true}]}}