{"id":20466,"date":"2014-12-22T00:18:27","date_gmt":"2014-12-22T00:18:27","guid":{"rendered":"http:\/\/pneusbazar.com\/?post_type=product&#038;p=20466"},"modified":"2020-11-14T22:07:30","modified_gmt":"2020-11-15T03:07:30","slug":"kumho-ecsta-spt-ku31","status":"publish","type":"product","link":"https:\/\/pneusbazar.com\/?product=kumho-ecsta-spt-ku31","title":{"rendered":"Kumho ECSTA SPT KU31"},"content":{"rendered":"<table width=\"178\">\n<tbody>\n<tr>\n<td colspan=\"2\">Grandeurs disponibles<\/td>\n<\/tr>\n<tr>\n<td>185\/55R14<\/td>\n<td>235\/55R17<\/td>\n<\/tr>\n<tr>\n<td>185\/55R15<\/td>\n<td>205\/50R17<\/td>\n<\/tr>\n<tr>\n<td>195\/55R15<\/td>\n<td>255\/50R17<\/td>\n<\/tr>\n<tr>\n<td>205\/55R15<\/td>\n<td>255\/45R17<\/td>\n<\/tr>\n<tr>\n<td>195\/50R15<\/td>\n<td>195\/40R17<\/td>\n<\/tr>\n<tr>\n<td>195\/50R15<\/td>\n<td>275\/40R17<\/td>\n<\/tr>\n<tr>\n<td>205\/50R15<\/td>\n<td>285\/40R17<\/td>\n<\/tr>\n<tr>\n<td>205\/50R15<\/td>\n<td>245\/50R18<\/td>\n<\/tr>\n<tr>\n<td>195\/45R15<\/td>\n<td>255\/50R18<\/td>\n<\/tr>\n<tr>\n<td>205\/55R16<\/td>\n<td>215\/45R18<\/td>\n<\/tr>\n<tr>\n<td>215\/55R16<\/td>\n<td>275\/40R18<\/td>\n<\/tr>\n<tr>\n<td>225\/55R16<\/td>\n<td>295\/30R18<\/td>\n<\/tr>\n<tr>\n<td>195\/50R16<\/td>\n<td>245\/45R20<\/td>\n<\/tr>\n<tr>\n<td>205\/50R16<\/td>\n<td>225\/35R20<\/td>\n<\/tr>\n<tr>\n<td>225\/50R16<\/td>\n<td>235\/35R20<\/td>\n<\/tr>\n<tr>\n<td>225\/50R16<\/td>\n<td>255\/35R20<\/td>\n<\/tr>\n<tr>\n<td>245\/50R16<\/td>\n<td>235\/30R20<\/td>\n<\/tr>\n<tr>\n<td>195\/45R16<\/td>\n<td>225\/30R20<\/td>\n<\/tr>\n<tr>\n<td>225\/45R16<\/td>\n<td>275\/30R20<\/td>\n<\/tr>\n<tr>\n<td>215\/40R16<\/td>\n<td>285\/30R20<\/td>\n<\/tr>\n<tr>\n<td>215\/55R17<\/td>\n<td>235\/30R22<\/td>\n<\/tr>\n<tr>\n<td>225\/55R17<\/td>\n<td>265\/30R22<\/td>\n<\/tr>\n<\/tbody>\n<\/table>\n","protected":false},"excerpt":{"rendered":"<ul>\n<li>Technologie de silice pour bonne performance dans la pluie<\/li>\n<li>Bonne performance pour la dur\u00e9e de vie du pneu<\/li>\n<li>Indicateurs d\u2019usure<\/li>\n<li>Dessin asym\u00e9trique de la rainure pour stabilit\u00e9 de conduite \u00e0 haute vitesse<\/li>\n<li>Protecteur de jante<\/li>\n<li>Design \u00e9l\u00e9gant du flanc<\/li>\n<\/ul>\n","protected":false},"featured_media":20467,"comment_status":"closed","ping_status":"closed","template":"","meta":[],"product_cat":[],"product_tag":[],"class_list":{"0":"post-20466","1":"product","2":"type-product","3":"status-publish","4":"has-post-thumbnail","6":"pa_experience-de-conduite-haute-performance","7":"pa_gamme-bad","8":"pa_marque-kumho","9":"pa_saison-de-pneus-4-saisons","10":"pa_type-de-pneu-pneus-de-voiture","12":"first","13":"instock","14":"shipping-taxable","15":"product-type-simple"},"yoast_head":"<!-- This site is optimized with the Yoast SEO plugin v23.2 - https:\/\/yoast.com\/wordpress\/plugins\/seo\/ -->\n<title>Kumho ECSTA SPT KU31 - Pneus Bazar<\/title>\n<meta name=\"robots\" content=\"index, follow, max-snippet:-1, max-image-preview:large, max-video-preview:-1\" \/>\n<link rel=\"canonical\" href=\"http:\/\/pneusbazar.com\/?product=kumho-ecsta-spt-ku31\" \/>\n<script type=\"application\/ld+json\" class=\"yoast-schema-graph\">{\"@context\":\"https:\/\/schema.org\",\"@graph\":[{\"@type\":\"WebPage\",\"@id\":\"http:\/\/pneusbazar.com\/?product=kumho-ecsta-spt-ku31\",\"url\":\"http:\/\/pneusbazar.com\/?product=kumho-ecsta-spt-ku31\",\"name\":\"Kumho ECSTA SPT KU31 - Pneus Bazar\",\"isPartOf\":{\"@id\":\"http:\/\/pneusbazar.com\/#website\"},\"primaryImageOfPage\":{\"@id\":\"http:\/\/pneusbazar.com\/?product=kumho-ecsta-spt-ku31#primaryimage\"},\"image\":{\"@id\":\"http:\/\/pneusbazar.com\/?product=kumho-ecsta-spt-ku31#primaryimage\"},\"thumbnailUrl\":\"https:\/\/pneusbazar.com\/wp-content\/uploads\/2014\/12\/Kumho_Ecsta_SPT_lg.jpg\",\"datePublished\":\"2014-12-22T00:18:27+00:00\",\"dateModified\":\"2020-11-15T03:07:30+00:00\",\"breadcrumb\":{\"@id\":\"http:\/\/pneusbazar.com\/?product=kumho-ecsta-spt-ku31#breadcrumb\"},\"inLanguage\":\"fr-FR\",\"potentialAction\":[{\"@type\":\"ReadAction\",\"target\":[\"http:\/\/pneusbazar.com\/?product=kumho-ecsta-spt-ku31\"]}]},{\"@type\":\"ImageObject\",\"inLanguage\":\"fr-FR\",\"@id\":\"http:\/\/pneusbazar.com\/?product=kumho-ecsta-spt-ku31#primaryimage\",\"url\":\"https:\/\/pneusbazar.com\/wp-content\/uploads\/2014\/12\/Kumho_Ecsta_SPT_lg.jpg\",\"contentUrl\":\"https:\/\/pneusbazar.com\/wp-content\/uploads\/2014\/12\/Kumho_Ecsta_SPT_lg.jpg\",\"width\":400,\"height\":400},{\"@type\":\"BreadcrumbList\",\"@id\":\"http:\/\/pneusbazar.com\/?product=kumho-ecsta-spt-ku31#breadcrumb\",\"itemListElement\":[{\"@type\":\"ListItem\",\"position\":1,\"name\":\"Accueil\",\"item\":\"http:\/\/pneusbazar.com\/\"},{\"@type\":\"ListItem\",\"position\":2,\"name\":\"Catalogue de pneus\",\"item\":\"http:\/\/pneusbazar.com\/?page_id=20284\"},{\"@type\":\"ListItem\",\"position\":3,\"name\":\"Kumho ECSTA SPT KU31\"}]},{\"@type\":\"WebSite\",\"@id\":\"http:\/\/pneusbazar.com\/#website\",\"url\":\"http:\/\/pneusbazar.com\/\",\"name\":\"Pneus Bazar\",\"description\":\"On prend soin de vous\",\"potentialAction\":[{\"@type\":\"SearchAction\",\"target\":{\"@type\":\"EntryPoint\",\"urlTemplate\":\"http:\/\/pneusbazar.com\/?s={search_term_string}\"},\"query-input\":\"required name=search_term_string\"}],\"inLanguage\":\"fr-FR\"}]}<\/script>\n<!-- \/ Yoast SEO plugin. -->","yoast_head_json":{"title":"Kumho ECSTA SPT KU31 - Pneus Bazar","robots":{"index":"index","follow":"follow","max-snippet":"max-snippet:-1","max-image-preview":"max-image-preview:large","max-video-preview":"max-video-preview:-1"},"canonical":"http:\/\/pneusbazar.com\/?product=kumho-ecsta-spt-ku31","schema":{"@context":"https:\/\/schema.org","@graph":[{"@type":"WebPage","@id":"http:\/\/pneusbazar.com\/?product=kumho-ecsta-spt-ku31","url":"http:\/\/pneusbazar.com\/?product=kumho-ecsta-spt-ku31","name":"Kumho ECSTA SPT KU31 - Pneus Bazar","isPartOf":{"@id":"http:\/\/pneusbazar.com\/#website"},"primaryImageOfPage":{"@id":"http:\/\/pneusbazar.com\/?product=kumho-ecsta-spt-ku31#primaryimage"},"image":{"@id":"http:\/\/pneusbazar.com\/?product=kumho-ecsta-spt-ku31#primaryimage"},"thumbnailUrl":"https:\/\/pneusbazar.com\/wp-content\/uploads\/2014\/12\/Kumho_Ecsta_SPT_lg.jpg","datePublished":"2014-12-22T00:18:27+00:00","dateModified":"2020-11-15T03:07:30+00:00","breadcrumb":{"@id":"http:\/\/pneusbazar.com\/?product=kumho-ecsta-spt-ku31#breadcrumb"},"inLanguage":"fr-FR","potentialAction":[{"@type":"ReadAction","target":["http:\/\/pneusbazar.com\/?product=kumho-ecsta-spt-ku31"]}]},{"@type":"ImageObject","inLanguage":"fr-FR","@id":"http:\/\/pneusbazar.com\/?product=kumho-ecsta-spt-ku31#primaryimage","url":"https:\/\/pneusbazar.com\/wp-content\/uploads\/2014\/12\/Kumho_Ecsta_SPT_lg.jpg","contentUrl":"https:\/\/pneusbazar.com\/wp-content\/uploads\/2014\/12\/Kumho_Ecsta_SPT_lg.jpg","width":400,"height":400},{"@type":"BreadcrumbList","@id":"http:\/\/pneusbazar.com\/?product=kumho-ecsta-spt-ku31#breadcrumb","itemListElement":[{"@type":"ListItem","position":1,"name":"Accueil","item":"http:\/\/pneusbazar.com\/"},{"@type":"ListItem","position":2,"name":"Catalogue de pneus","item":"http:\/\/pneusbazar.com\/?page_id=20284"},{"@type":"ListItem","position":3,"name":"Kumho ECSTA SPT KU31"}]},{"@type":"WebSite","@id":"http:\/\/pneusbazar.com\/#website","url":"http:\/\/pneusbazar.com\/","name":"Pneus Bazar","description":"On prend soin de vous","potentialAction":[{"@type":"SearchAction","target":{"@type":"EntryPoint","urlTemplate":"http:\/\/pneusbazar.com\/?s={search_term_string}"},"query-input":"required name=search_term_string"}],"inLanguage":"fr-FR"}]}},"_links":{"self":[{"href":"https:\/\/pneusbazar.com\/index.php?rest_route=\/wp\/v2\/product\/20466"}],"collection":[{"href":"https:\/\/pneusbazar.com\/index.php?rest_route=\/wp\/v2\/product"}],"about":[{"href":"https:\/\/pneusbazar.com\/index.php?rest_route=\/wp\/v2\/types\/product"}],"replies":[{"embeddable":true,"href":"https:\/\/pneusbazar.com\/index.php?rest_route=%2Fwp%2Fv2%2Fcomments&post=20466"}],"wp:featuredmedia":[{"embeddable":true,"href":"https:\/\/pneusbazar.com\/index.php?rest_route=\/wp\/v2\/media\/20467"}],"wp:attachment":[{"href":"https:\/\/pneusbazar.com\/index.php?rest_route=%2Fwp%2Fv2%2Fmedia&parent=20466"}],"wp:term":[{"taxonomy":"product_cat","embeddable":true,"href":"https:\/\/pneusbazar.com\/index.php?rest_route=%2Fwp%2Fv2%2Fproduct_cat&post=20466"},{"taxonomy":"product_tag","embeddable":true,"href":"https:\/\/pneusbazar.com\/index.php?rest_route=%2Fwp%2Fv2%2Fproduct_tag&post=20466"}],"curies":[{"name":"wp","href":"https:\/\/api.w.org\/{rel}","templated":true}]}}