{"id":20473,"date":"2014-12-22T00:35:53","date_gmt":"2014-12-22T00:35:53","guid":{"rendered":"http:\/\/pneusbazar.com\/?post_type=product&#038;p=20473"},"modified":"2020-11-14T22:07:30","modified_gmt":"2020-11-15T03:07:30","slug":"kumho-solus-vier-kh21","status":"publish","type":"product","link":"https:\/\/pneusbazar.com\/?product=kumho-solus-vier-kh21","title":{"rendered":"Kumho SOLUS VIER KH21"},"content":{"rendered":"<table width=\"95\">\n<tbody>\n<tr>\n<td>Grandeurs disponibles<\/td>\n<\/tr>\n<tr>\n<td>175\/70R14<\/td>\n<\/tr>\n<tr>\n<td>185\/55R14<\/td>\n<\/tr>\n<tr>\n<td>165\/65R14<\/td>\n<\/tr>\n<tr>\n<td>175\/65R14<\/td>\n<\/tr>\n<tr>\n<td>185\/65R14<\/td>\n<\/tr>\n<tr>\n<td>185\/60R14<\/td>\n<\/tr>\n<tr>\n<td>195\/60R14<\/td>\n<\/tr>\n<tr>\n<td>185\/55R14<\/td>\n<\/tr>\n<tr>\n<td>185\/65R15<\/td>\n<\/tr>\n<tr>\n<td>195\/65R15<\/td>\n<\/tr>\n<tr>\n<td>195\/65R15<\/td>\n<\/tr>\n<tr>\n<td>205\/65R15<\/td>\n<\/tr>\n<tr>\n<td>185\/60R15<\/td>\n<\/tr>\n<tr>\n<td>195\/60R15<\/td>\n<\/tr>\n<\/tbody>\n<\/table>\n","protected":false},"excerpt":{"rendered":"<ul>\n<li>Pneu tout temps avec semelle \u00e0 trois zones uniques<\/li>\n<li>Garantie limit\u00e9e de 80 000 km<\/li>\n<li>Zone \u00e0 neige de la semelle avec lamelles de haute densit\u00e9 pour neige sur la nervure centrale pour une stabilit\u00e9 de performance dans la neige<\/li>\n<li>Zone \u00e0 pluie de la semelle avec 3 principales rainures radiales pour une performance d&rsquo;aquaplanage am\u00e9lior\u00e9e<\/li>\n<li>Zone \u00e0 temps sec avec pav\u00e9s d&rsquo;\u00e9paulement rigides pour traction et performance robustes<\/li>\n<\/ul>\n<p>\u2022\u00a0 Conception directionnelle pour une performance remarquable sur chauss\u00e9es mouill\u00e9es<\/p>\n","protected":false},"featured_media":20475,"comment_status":"closed","ping_status":"closed","template":"","meta":[],"product_cat":[],"product_tag":[],"class_list":{"0":"post-20473","1":"product","2":"type-product","3":"status-publish","4":"has-post-thumbnail","6":"pa_experience-de-conduite-haute-performance","7":"pa_gamme-bad","8":"pa_marque-kumho","9":"pa_saison-de-pneus-4-saisons","10":"pa_type-de-pneu-pneus-de-voiture","12":"first","13":"instock","14":"shipping-taxable","15":"product-type-simple"},"yoast_head":"<!-- This site is optimized with the Yoast SEO plugin v23.2 - https:\/\/yoast.com\/wordpress\/plugins\/seo\/ -->\n<title>Kumho SOLUS VIER KH21 - Pneus Bazar<\/title>\n<meta name=\"robots\" content=\"index, follow, max-snippet:-1, max-image-preview:large, max-video-preview:-1\" \/>\n<link rel=\"canonical\" href=\"https:\/\/pneusbazar.com\/?product=kumho-solus-vier-kh21\" \/>\n<script type=\"application\/ld+json\" class=\"yoast-schema-graph\">{\"@context\":\"https:\/\/schema.org\",\"@graph\":[{\"@type\":\"WebPage\",\"@id\":\"https:\/\/pneusbazar.com\/?product=kumho-solus-vier-kh21\",\"url\":\"https:\/\/pneusbazar.com\/?product=kumho-solus-vier-kh21\",\"name\":\"Kumho SOLUS VIER KH21 - Pneus Bazar\",\"isPartOf\":{\"@id\":\"http:\/\/pneusbazar.com\/#website\"},\"primaryImageOfPage\":{\"@id\":\"https:\/\/pneusbazar.com\/?product=kumho-solus-vier-kh21#primaryimage\"},\"image\":{\"@id\":\"https:\/\/pneusbazar.com\/?product=kumho-solus-vier-kh21#primaryimage\"},\"thumbnailUrl\":\"https:\/\/pneusbazar.com\/wp-content\/uploads\/2014\/12\/KUMHO-SolusVier-KH21_lg.jpg\",\"datePublished\":\"2014-12-22T00:35:53+00:00\",\"dateModified\":\"2020-11-15T03:07:30+00:00\",\"breadcrumb\":{\"@id\":\"https:\/\/pneusbazar.com\/?product=kumho-solus-vier-kh21#breadcrumb\"},\"inLanguage\":\"fr-FR\",\"potentialAction\":[{\"@type\":\"ReadAction\",\"target\":[\"https:\/\/pneusbazar.com\/?product=kumho-solus-vier-kh21\"]}]},{\"@type\":\"ImageObject\",\"inLanguage\":\"fr-FR\",\"@id\":\"https:\/\/pneusbazar.com\/?product=kumho-solus-vier-kh21#primaryimage\",\"url\":\"https:\/\/pneusbazar.com\/wp-content\/uploads\/2014\/12\/KUMHO-SolusVier-KH21_lg.jpg\",\"contentUrl\":\"https:\/\/pneusbazar.com\/wp-content\/uploads\/2014\/12\/KUMHO-SolusVier-KH21_lg.jpg\",\"width\":400,\"height\":400},{\"@type\":\"BreadcrumbList\",\"@id\":\"https:\/\/pneusbazar.com\/?product=kumho-solus-vier-kh21#breadcrumb\",\"itemListElement\":[{\"@type\":\"ListItem\",\"position\":1,\"name\":\"Accueil\",\"item\":\"http:\/\/pneusbazar.com\/\"},{\"@type\":\"ListItem\",\"position\":2,\"name\":\"Catalogue de pneus\",\"item\":\"https:\/\/pneusbazar.com\/?page_id=20284\"},{\"@type\":\"ListItem\",\"position\":3,\"name\":\"Kumho SOLUS VIER KH21\"}]},{\"@type\":\"WebSite\",\"@id\":\"http:\/\/pneusbazar.com\/#website\",\"url\":\"http:\/\/pneusbazar.com\/\",\"name\":\"Pneus Bazar\",\"description\":\"On prend soin de vous\",\"potentialAction\":[{\"@type\":\"SearchAction\",\"target\":{\"@type\":\"EntryPoint\",\"urlTemplate\":\"http:\/\/pneusbazar.com\/?s={search_term_string}\"},\"query-input\":\"required name=search_term_string\"}],\"inLanguage\":\"fr-FR\"}]}<\/script>\n<!-- \/ Yoast SEO plugin. -->","yoast_head_json":{"title":"Kumho SOLUS VIER KH21 - Pneus Bazar","robots":{"index":"index","follow":"follow","max-snippet":"max-snippet:-1","max-image-preview":"max-image-preview:large","max-video-preview":"max-video-preview:-1"},"canonical":"https:\/\/pneusbazar.com\/?product=kumho-solus-vier-kh21","schema":{"@context":"https:\/\/schema.org","@graph":[{"@type":"WebPage","@id":"https:\/\/pneusbazar.com\/?product=kumho-solus-vier-kh21","url":"https:\/\/pneusbazar.com\/?product=kumho-solus-vier-kh21","name":"Kumho SOLUS VIER KH21 - Pneus Bazar","isPartOf":{"@id":"http:\/\/pneusbazar.com\/#website"},"primaryImageOfPage":{"@id":"https:\/\/pneusbazar.com\/?product=kumho-solus-vier-kh21#primaryimage"},"image":{"@id":"https:\/\/pneusbazar.com\/?product=kumho-solus-vier-kh21#primaryimage"},"thumbnailUrl":"https:\/\/pneusbazar.com\/wp-content\/uploads\/2014\/12\/KUMHO-SolusVier-KH21_lg.jpg","datePublished":"2014-12-22T00:35:53+00:00","dateModified":"2020-11-15T03:07:30+00:00","breadcrumb":{"@id":"https:\/\/pneusbazar.com\/?product=kumho-solus-vier-kh21#breadcrumb"},"inLanguage":"fr-FR","potentialAction":[{"@type":"ReadAction","target":["https:\/\/pneusbazar.com\/?product=kumho-solus-vier-kh21"]}]},{"@type":"ImageObject","inLanguage":"fr-FR","@id":"https:\/\/pneusbazar.com\/?product=kumho-solus-vier-kh21#primaryimage","url":"https:\/\/pneusbazar.com\/wp-content\/uploads\/2014\/12\/KUMHO-SolusVier-KH21_lg.jpg","contentUrl":"https:\/\/pneusbazar.com\/wp-content\/uploads\/2014\/12\/KUMHO-SolusVier-KH21_lg.jpg","width":400,"height":400},{"@type":"BreadcrumbList","@id":"https:\/\/pneusbazar.com\/?product=kumho-solus-vier-kh21#breadcrumb","itemListElement":[{"@type":"ListItem","position":1,"name":"Accueil","item":"http:\/\/pneusbazar.com\/"},{"@type":"ListItem","position":2,"name":"Catalogue de pneus","item":"https:\/\/pneusbazar.com\/?page_id=20284"},{"@type":"ListItem","position":3,"name":"Kumho SOLUS VIER KH21"}]},{"@type":"WebSite","@id":"http:\/\/pneusbazar.com\/#website","url":"http:\/\/pneusbazar.com\/","name":"Pneus Bazar","description":"On prend soin de vous","potentialAction":[{"@type":"SearchAction","target":{"@type":"EntryPoint","urlTemplate":"http:\/\/pneusbazar.com\/?s={search_term_string}"},"query-input":"required name=search_term_string"}],"inLanguage":"fr-FR"}]}},"_links":{"self":[{"href":"https:\/\/pneusbazar.com\/index.php?rest_route=\/wp\/v2\/product\/20473"}],"collection":[{"href":"https:\/\/pneusbazar.com\/index.php?rest_route=\/wp\/v2\/product"}],"about":[{"href":"https:\/\/pneusbazar.com\/index.php?rest_route=\/wp\/v2\/types\/product"}],"replies":[{"embeddable":true,"href":"https:\/\/pneusbazar.com\/index.php?rest_route=%2Fwp%2Fv2%2Fcomments&post=20473"}],"wp:featuredmedia":[{"embeddable":true,"href":"https:\/\/pneusbazar.com\/index.php?rest_route=\/wp\/v2\/media\/20475"}],"wp:attachment":[{"href":"https:\/\/pneusbazar.com\/index.php?rest_route=%2Fwp%2Fv2%2Fmedia&parent=20473"}],"wp:term":[{"taxonomy":"product_cat","embeddable":true,"href":"https:\/\/pneusbazar.com\/index.php?rest_route=%2Fwp%2Fv2%2Fproduct_cat&post=20473"},{"taxonomy":"product_tag","embeddable":true,"href":"https:\/\/pneusbazar.com\/index.php?rest_route=%2Fwp%2Fv2%2Fproduct_tag&post=20473"}],"curies":[{"name":"wp","href":"https:\/\/api.w.org\/{rel}","templated":true}]}}