{"id":20488,"date":"2014-12-22T00:54:33","date_gmt":"2014-12-22T00:54:33","guid":{"rendered":"http:\/\/pneusbazar.com\/?post_type=product&#038;p=20488"},"modified":"2020-11-14T22:07:30","modified_gmt":"2020-11-15T03:07:30","slug":"kumho-road-venture-apt-kl51","status":"publish","type":"product","link":"https:\/\/pneusbazar.com\/?product=kumho-road-venture-apt-kl51","title":{"rendered":"Kumho ROAD VENTURE APT (KL51)"},"content":{"rendered":"<table width=\"184\">\n<tbody>\n<tr>\n<td colspan=\"2\">Grandeurs disponibles<\/td>\n<\/tr>\n<tr>\n<td>P-m\u00e9trique<\/td>\n<td><\/td>\n<\/tr>\n<tr>\n<td width=\"92\">P225\/75R15<\/td>\n<td width=\"92\">P255\/65R17<\/td>\n<\/tr>\n<tr>\n<td width=\"92\">P235\/75R15<\/td>\n<td>P265\/65R17<\/td>\n<\/tr>\n<tr>\n<td width=\"92\">P225\/70R15<\/td>\n<td>P275\/65R17<\/td>\n<\/tr>\n<tr>\n<td width=\"92\">P235\/70R15<\/td>\n<td width=\"92\">P275\/60R17<\/td>\n<\/tr>\n<tr>\n<td width=\"92\">255\/70R15<\/td>\n<td width=\"92\">225\/55R17<\/td>\n<\/tr>\n<tr>\n<td width=\"92\">265\/70R15<\/td>\n<td width=\"92\">275\/55R17<\/td>\n<\/tr>\n<tr>\n<td width=\"92\">P215\/75R16<\/td>\n<td width=\"92\">255\/60R18 XL<\/td>\n<\/tr>\n<tr>\n<td width=\"92\">P225\/75R16<\/td>\n<td width=\"92\">P275\/60R20<\/td>\n<\/tr>\n<tr>\n<td width=\"92\">P235\/75R16<\/td>\n<td width=\"92\">P275\/55R20<\/td>\n<\/tr>\n<tr>\n<td width=\"92\">P245\/75R16<\/td>\n<td>Camionnette<\/td>\n<\/tr>\n<tr>\n<td width=\"92\">P265\/75R16<\/td>\n<td width=\"92\">LT235\/75R15<\/td>\n<\/tr>\n<tr>\n<td width=\"92\">P215\/70R16<\/td>\n<td width=\"92\">LT255\/70R15<\/td>\n<\/tr>\n<tr>\n<td width=\"92\">P225\/70R16<\/td>\n<td width=\"92\">LT215\/85R16<\/td>\n<\/tr>\n<tr>\n<td width=\"92\">P245\/70R16<\/td>\n<td width=\"92\">LT235\/85R16<\/td>\n<\/tr>\n<tr>\n<td width=\"92\">P255\/70R16<\/td>\n<td width=\"92\">LT225\/75R16<\/td>\n<\/tr>\n<tr>\n<td width=\"92\">P265\/70R16<\/td>\n<td width=\"92\">LT225\/75R16<\/td>\n<\/tr>\n<tr>\n<td width=\"92\">P275\/70R16<\/td>\n<td>LT245\/75R16<\/td>\n<\/tr>\n<tr>\n<td width=\"92\">215\/65R16 XL<\/td>\n<td width=\"92\">LT265\/75R16<\/td>\n<\/tr>\n<tr>\n<td width=\"92\">P255\/65R16<\/td>\n<td width=\"92\">LT265\/75R16<\/td>\n<\/tr>\n<tr>\n<td width=\"92\">235\/60R16 XL<\/td>\n<td width=\"92\">LT265\/70R16<\/td>\n<\/tr>\n<tr>\n<td width=\"92\">P245\/70R17<\/td>\n<td width=\"92\">LT245\/70R17<\/td>\n<\/tr>\n<tr>\n<td width=\"92\">P265\/70R17<\/td>\n<td width=\"92\">LT275\/70R18<\/td>\n<\/tr>\n<tr>\n<td width=\"92\">225\/65R17<\/td>\n<td><\/td>\n<\/tr>\n<\/tbody>\n<\/table>\n","protected":false},"excerpt":{"rendered":"<ul>\n<li>Garantie limit\u00e9e de 110 000 km contre l&rsquo;usure de la bande de roulement (grandeurs P-m\u00e9triques)<\/li>\n<li>Pneu de camionnette de randonn\u00e9e tout usage<\/li>\n<li>Stabilit\u00e9 am\u00e9lior\u00e9e \u00e0 haute vitesse<\/li>\n<li>Quatre rainures principales pour une r\u00e9sistance am\u00e9lior\u00e9e<br \/>\n\u00e0 l&rsquo;aquaplanage<\/li>\n<li>Solide nervure centrale pour un roulement en douceur \u00e0 haute vitesse<\/li>\n<li>Lamelles en forme de Z pour une performance am\u00e9lior\u00e9e sur chauss\u00e9es mouill\u00e9es et enneig\u00e9es<\/li>\n<\/ul>\n","protected":false},"featured_media":20489,"comment_status":"closed","ping_status":"closed","template":"","meta":[],"product_cat":[],"product_tag":[],"class_list":{"0":"post-20488","1":"product","2":"type-product","3":"status-publish","4":"has-post-thumbnail","6":"pa_experience-de-conduite-tourisme","7":"pa_gamme-bad","8":"pa_marque-kumho","9":"pa_saison-de-pneus-4-saisons","10":"pa_type-de-pneu-pneus-de-camionnette","12":"first","13":"instock","14":"shipping-taxable","15":"product-type-simple"},"yoast_head":"<!-- This site is optimized with the Yoast SEO plugin v23.2 - https:\/\/yoast.com\/wordpress\/plugins\/seo\/ -->\n<title>Kumho ROAD VENTURE APT (KL51) - Pneus Bazar<\/title>\n<meta name=\"robots\" content=\"index, follow, max-snippet:-1, max-image-preview:large, max-video-preview:-1\" \/>\n<link rel=\"canonical\" href=\"http:\/\/pneusbazar.com\/?product=kumho-road-venture-apt-kl51\" \/>\n<script type=\"application\/ld+json\" class=\"yoast-schema-graph\">{\"@context\":\"https:\/\/schema.org\",\"@graph\":[{\"@type\":\"WebPage\",\"@id\":\"http:\/\/pneusbazar.com\/?product=kumho-road-venture-apt-kl51\",\"url\":\"http:\/\/pneusbazar.com\/?product=kumho-road-venture-apt-kl51\",\"name\":\"Kumho ROAD VENTURE APT (KL51) - Pneus Bazar\",\"isPartOf\":{\"@id\":\"https:\/\/pneusbazar.com\/#website\"},\"primaryImageOfPage\":{\"@id\":\"http:\/\/pneusbazar.com\/?product=kumho-road-venture-apt-kl51#primaryimage\"},\"image\":{\"@id\":\"http:\/\/pneusbazar.com\/?product=kumho-road-venture-apt-kl51#primaryimage\"},\"thumbnailUrl\":\"https:\/\/pneusbazar.com\/wp-content\/uploads\/2014\/12\/ku_rv_aptkl51owl_ci2_l.jpg\",\"datePublished\":\"2014-12-22T00:54:33+00:00\",\"dateModified\":\"2020-11-15T03:07:30+00:00\",\"breadcrumb\":{\"@id\":\"http:\/\/pneusbazar.com\/?product=kumho-road-venture-apt-kl51#breadcrumb\"},\"inLanguage\":\"fr-FR\",\"potentialAction\":[{\"@type\":\"ReadAction\",\"target\":[\"http:\/\/pneusbazar.com\/?product=kumho-road-venture-apt-kl51\"]}]},{\"@type\":\"ImageObject\",\"inLanguage\":\"fr-FR\",\"@id\":\"http:\/\/pneusbazar.com\/?product=kumho-road-venture-apt-kl51#primaryimage\",\"url\":\"https:\/\/pneusbazar.com\/wp-content\/uploads\/2014\/12\/ku_rv_aptkl51owl_ci2_l.jpg\",\"contentUrl\":\"https:\/\/pneusbazar.com\/wp-content\/uploads\/2014\/12\/ku_rv_aptkl51owl_ci2_l.jpg\",\"width\":400,\"height\":400},{\"@type\":\"BreadcrumbList\",\"@id\":\"http:\/\/pneusbazar.com\/?product=kumho-road-venture-apt-kl51#breadcrumb\",\"itemListElement\":[{\"@type\":\"ListItem\",\"position\":1,\"name\":\"Accueil\",\"item\":\"https:\/\/pneusbazar.com\/\"},{\"@type\":\"ListItem\",\"position\":2,\"name\":\"Catalogue de pneus\",\"item\":\"https:\/\/pneusbazar.com\/?page_id=20284\"},{\"@type\":\"ListItem\",\"position\":3,\"name\":\"Kumho ROAD VENTURE APT (KL51)\"}]},{\"@type\":\"WebSite\",\"@id\":\"https:\/\/pneusbazar.com\/#website\",\"url\":\"https:\/\/pneusbazar.com\/\",\"name\":\"Pneus Bazar\",\"description\":\"On prend soin de vous\",\"potentialAction\":[{\"@type\":\"SearchAction\",\"target\":{\"@type\":\"EntryPoint\",\"urlTemplate\":\"https:\/\/pneusbazar.com\/?s={search_term_string}\"},\"query-input\":\"required name=search_term_string\"}],\"inLanguage\":\"fr-FR\"}]}<\/script>\n<!-- \/ Yoast SEO plugin. -->","yoast_head_json":{"title":"Kumho ROAD VENTURE APT (KL51) - Pneus Bazar","robots":{"index":"index","follow":"follow","max-snippet":"max-snippet:-1","max-image-preview":"max-image-preview:large","max-video-preview":"max-video-preview:-1"},"canonical":"http:\/\/pneusbazar.com\/?product=kumho-road-venture-apt-kl51","schema":{"@context":"https:\/\/schema.org","@graph":[{"@type":"WebPage","@id":"http:\/\/pneusbazar.com\/?product=kumho-road-venture-apt-kl51","url":"http:\/\/pneusbazar.com\/?product=kumho-road-venture-apt-kl51","name":"Kumho ROAD VENTURE APT (KL51) - Pneus Bazar","isPartOf":{"@id":"https:\/\/pneusbazar.com\/#website"},"primaryImageOfPage":{"@id":"http:\/\/pneusbazar.com\/?product=kumho-road-venture-apt-kl51#primaryimage"},"image":{"@id":"http:\/\/pneusbazar.com\/?product=kumho-road-venture-apt-kl51#primaryimage"},"thumbnailUrl":"https:\/\/pneusbazar.com\/wp-content\/uploads\/2014\/12\/ku_rv_aptkl51owl_ci2_l.jpg","datePublished":"2014-12-22T00:54:33+00:00","dateModified":"2020-11-15T03:07:30+00:00","breadcrumb":{"@id":"http:\/\/pneusbazar.com\/?product=kumho-road-venture-apt-kl51#breadcrumb"},"inLanguage":"fr-FR","potentialAction":[{"@type":"ReadAction","target":["http:\/\/pneusbazar.com\/?product=kumho-road-venture-apt-kl51"]}]},{"@type":"ImageObject","inLanguage":"fr-FR","@id":"http:\/\/pneusbazar.com\/?product=kumho-road-venture-apt-kl51#primaryimage","url":"https:\/\/pneusbazar.com\/wp-content\/uploads\/2014\/12\/ku_rv_aptkl51owl_ci2_l.jpg","contentUrl":"https:\/\/pneusbazar.com\/wp-content\/uploads\/2014\/12\/ku_rv_aptkl51owl_ci2_l.jpg","width":400,"height":400},{"@type":"BreadcrumbList","@id":"http:\/\/pneusbazar.com\/?product=kumho-road-venture-apt-kl51#breadcrumb","itemListElement":[{"@type":"ListItem","position":1,"name":"Accueil","item":"https:\/\/pneusbazar.com\/"},{"@type":"ListItem","position":2,"name":"Catalogue de pneus","item":"https:\/\/pneusbazar.com\/?page_id=20284"},{"@type":"ListItem","position":3,"name":"Kumho ROAD VENTURE APT (KL51)"}]},{"@type":"WebSite","@id":"https:\/\/pneusbazar.com\/#website","url":"https:\/\/pneusbazar.com\/","name":"Pneus Bazar","description":"On prend soin de vous","potentialAction":[{"@type":"SearchAction","target":{"@type":"EntryPoint","urlTemplate":"https:\/\/pneusbazar.com\/?s={search_term_string}"},"query-input":"required name=search_term_string"}],"inLanguage":"fr-FR"}]}},"_links":{"self":[{"href":"https:\/\/pneusbazar.com\/index.php?rest_route=\/wp\/v2\/product\/20488"}],"collection":[{"href":"https:\/\/pneusbazar.com\/index.php?rest_route=\/wp\/v2\/product"}],"about":[{"href":"https:\/\/pneusbazar.com\/index.php?rest_route=\/wp\/v2\/types\/product"}],"replies":[{"embeddable":true,"href":"https:\/\/pneusbazar.com\/index.php?rest_route=%2Fwp%2Fv2%2Fcomments&post=20488"}],"wp:featuredmedia":[{"embeddable":true,"href":"https:\/\/pneusbazar.com\/index.php?rest_route=\/wp\/v2\/media\/20489"}],"wp:attachment":[{"href":"https:\/\/pneusbazar.com\/index.php?rest_route=%2Fwp%2Fv2%2Fmedia&parent=20488"}],"wp:term":[{"taxonomy":"product_cat","embeddable":true,"href":"https:\/\/pneusbazar.com\/index.php?rest_route=%2Fwp%2Fv2%2Fproduct_cat&post=20488"},{"taxonomy":"product_tag","embeddable":true,"href":"https:\/\/pneusbazar.com\/index.php?rest_route=%2Fwp%2Fv2%2Fproduct_tag&post=20488"}],"curies":[{"name":"wp","href":"https:\/\/api.w.org\/{rel}","templated":true}]}}