{"id":20498,"date":"2014-12-22T01:09:41","date_gmt":"2014-12-22T01:09:41","guid":{"rendered":"http:\/\/pneusbazar.com\/?post_type=product&#038;p=20498"},"modified":"2020-11-14T22:07:30","modified_gmt":"2020-11-15T03:07:30","slug":"kumho-solus-eco-kl21","status":"publish","type":"product","link":"https:\/\/pneusbazar.com\/?product=kumho-solus-eco-kl21","title":{"rendered":"Kumho SOLUS ECO (KL21)"},"content":{"rendered":"<table width=\"114\">\n<tbody>\n<tr>\n<td>Grandeurs disponibles<\/td>\n<\/tr>\n<tr>\n<td width=\"114\">215\/70R16<\/td>\n<\/tr>\n<tr>\n<td width=\"114\">P235\/70R16<\/td>\n<\/tr>\n<tr>\n<td width=\"114\">235\/65R16<\/td>\n<\/tr>\n<tr>\n<td width=\"114\">225\/60R17<\/td>\n<\/tr>\n<tr>\n<td width=\"114\">235\/60R17<\/td>\n<\/tr>\n<tr>\n<td width=\"114\">P235\/65R17<\/td>\n<\/tr>\n<tr>\n<td width=\"114\">245\/65R17<\/td>\n<\/tr>\n<tr>\n<td width=\"114\">255\/60R17<\/td>\n<\/tr>\n<tr>\n<td>P265\/70R18<\/td>\n<\/tr>\n<tr>\n<td>P235\/60R18<\/td>\n<\/tr>\n<tr>\n<td width=\"114\">235\/65R18<\/td>\n<\/tr>\n<tr>\n<td width=\"114\">245\/60R18<\/td>\n<\/tr>\n<tr>\n<td width=\"114\">P245\/65R18<\/td>\n<\/tr>\n<tr>\n<td width=\"114\">265\/60R18XL<\/td>\n<\/tr>\n<tr>\n<td width=\"114\">275\/60R18<\/td>\n<\/tr>\n<tr>\n<td>P275\/65R18<\/td>\n<\/tr>\n<tr>\n<td width=\"114\">225\/55R18<\/td>\n<\/tr>\n<tr>\n<td>235\/55R18<\/td>\n<\/tr>\n<tr>\n<td>255\/55R18<\/td>\n<\/tr>\n<tr>\n<td>255\/50R19<\/td>\n<\/tr>\n<tr>\n<td>255\/55R19<\/td>\n<\/tr>\n<tr>\n<td>275\/45R19<\/td>\n<\/tr>\n<tr>\n<td>285\/45R19<\/td>\n<\/tr>\n<tr>\n<td>265\/50R20<\/td>\n<\/tr>\n<\/tbody>\n<\/table>\n","protected":false},"excerpt":{"rendered":"<ul>\n<li>Technologie \u00e0 faible r\u00e9sistance au roulement procurant une meilleure efficacit\u00e9 \u00e9nerg\u00e9tique<\/li>\n<li>Conception \u00e9coresponsable r\u00e9duit l&rsquo;\u00e9mission de particules de caoutchouc<\/li>\n<li>Excellente traction sur chauss\u00e9es s\u00e8ches et mouill\u00e9es<\/li>\n<li>Construction robuste de ceinture procurant durabilit\u00e9 et confort de roulement<\/li>\n<li>Conduite exceptionnellement silencieuse<\/li>\n<\/ul>\n","protected":false},"featured_media":20499,"comment_status":"closed","ping_status":"closed","template":"","meta":[],"product_cat":[],"product_tag":[],"class_list":{"0":"post-20498","1":"product","2":"type-product","3":"status-publish","4":"has-post-thumbnail","6":"pa_experience-de-conduite-haute-performance","7":"pa_gamme-bad","8":"pa_marque-kumho","9":"pa_saison-de-pneus-4-saisons","10":"pa_type-de-pneu-pneus-de-voiture","12":"first","13":"instock","14":"shipping-taxable","15":"product-type-simple"},"yoast_head":"<!-- This site is optimized with the Yoast SEO plugin v23.2 - https:\/\/yoast.com\/wordpress\/plugins\/seo\/ -->\n<title>Kumho SOLUS ECO (KL21) - Pneus Bazar<\/title>\n<meta name=\"robots\" content=\"index, follow, max-snippet:-1, max-image-preview:large, max-video-preview:-1\" \/>\n<link rel=\"canonical\" href=\"https:\/\/pneusbazar.com\/?product=kumho-solus-eco-kl21\" \/>\n<script type=\"application\/ld+json\" class=\"yoast-schema-graph\">{\"@context\":\"https:\/\/schema.org\",\"@graph\":[{\"@type\":\"WebPage\",\"@id\":\"https:\/\/pneusbazar.com\/?product=kumho-solus-eco-kl21\",\"url\":\"https:\/\/pneusbazar.com\/?product=kumho-solus-eco-kl21\",\"name\":\"Kumho SOLUS ECO (KL21) - Pneus Bazar\",\"isPartOf\":{\"@id\":\"http:\/\/pneusbazar.com\/#website\"},\"primaryImageOfPage\":{\"@id\":\"https:\/\/pneusbazar.com\/?product=kumho-solus-eco-kl21#primaryimage\"},\"image\":{\"@id\":\"https:\/\/pneusbazar.com\/?product=kumho-solus-eco-kl21#primaryimage\"},\"thumbnailUrl\":\"https:\/\/pneusbazar.com\/wp-content\/uploads\/2014\/12\/kumho_ecosolus-kl21_lg.jpg\",\"datePublished\":\"2014-12-22T01:09:41+00:00\",\"dateModified\":\"2020-11-15T03:07:30+00:00\",\"breadcrumb\":{\"@id\":\"https:\/\/pneusbazar.com\/?product=kumho-solus-eco-kl21#breadcrumb\"},\"inLanguage\":\"fr-FR\",\"potentialAction\":[{\"@type\":\"ReadAction\",\"target\":[\"https:\/\/pneusbazar.com\/?product=kumho-solus-eco-kl21\"]}]},{\"@type\":\"ImageObject\",\"inLanguage\":\"fr-FR\",\"@id\":\"https:\/\/pneusbazar.com\/?product=kumho-solus-eco-kl21#primaryimage\",\"url\":\"https:\/\/pneusbazar.com\/wp-content\/uploads\/2014\/12\/kumho_ecosolus-kl21_lg.jpg\",\"contentUrl\":\"https:\/\/pneusbazar.com\/wp-content\/uploads\/2014\/12\/kumho_ecosolus-kl21_lg.jpg\",\"width\":400,\"height\":400},{\"@type\":\"BreadcrumbList\",\"@id\":\"https:\/\/pneusbazar.com\/?product=kumho-solus-eco-kl21#breadcrumb\",\"itemListElement\":[{\"@type\":\"ListItem\",\"position\":1,\"name\":\"Accueil\",\"item\":\"http:\/\/pneusbazar.com\/\"},{\"@type\":\"ListItem\",\"position\":2,\"name\":\"Catalogue de pneus\",\"item\":\"http:\/\/pneusbazar.com\/?page_id=20284\"},{\"@type\":\"ListItem\",\"position\":3,\"name\":\"Kumho SOLUS ECO (KL21)\"}]},{\"@type\":\"WebSite\",\"@id\":\"http:\/\/pneusbazar.com\/#website\",\"url\":\"http:\/\/pneusbazar.com\/\",\"name\":\"Pneus Bazar\",\"description\":\"On prend soin de vous\",\"potentialAction\":[{\"@type\":\"SearchAction\",\"target\":{\"@type\":\"EntryPoint\",\"urlTemplate\":\"http:\/\/pneusbazar.com\/?s={search_term_string}\"},\"query-input\":\"required name=search_term_string\"}],\"inLanguage\":\"fr-FR\"}]}<\/script>\n<!-- \/ Yoast SEO plugin. -->","yoast_head_json":{"title":"Kumho SOLUS ECO (KL21) - Pneus Bazar","robots":{"index":"index","follow":"follow","max-snippet":"max-snippet:-1","max-image-preview":"max-image-preview:large","max-video-preview":"max-video-preview:-1"},"canonical":"https:\/\/pneusbazar.com\/?product=kumho-solus-eco-kl21","schema":{"@context":"https:\/\/schema.org","@graph":[{"@type":"WebPage","@id":"https:\/\/pneusbazar.com\/?product=kumho-solus-eco-kl21","url":"https:\/\/pneusbazar.com\/?product=kumho-solus-eco-kl21","name":"Kumho SOLUS ECO (KL21) - Pneus Bazar","isPartOf":{"@id":"http:\/\/pneusbazar.com\/#website"},"primaryImageOfPage":{"@id":"https:\/\/pneusbazar.com\/?product=kumho-solus-eco-kl21#primaryimage"},"image":{"@id":"https:\/\/pneusbazar.com\/?product=kumho-solus-eco-kl21#primaryimage"},"thumbnailUrl":"https:\/\/pneusbazar.com\/wp-content\/uploads\/2014\/12\/kumho_ecosolus-kl21_lg.jpg","datePublished":"2014-12-22T01:09:41+00:00","dateModified":"2020-11-15T03:07:30+00:00","breadcrumb":{"@id":"https:\/\/pneusbazar.com\/?product=kumho-solus-eco-kl21#breadcrumb"},"inLanguage":"fr-FR","potentialAction":[{"@type":"ReadAction","target":["https:\/\/pneusbazar.com\/?product=kumho-solus-eco-kl21"]}]},{"@type":"ImageObject","inLanguage":"fr-FR","@id":"https:\/\/pneusbazar.com\/?product=kumho-solus-eco-kl21#primaryimage","url":"https:\/\/pneusbazar.com\/wp-content\/uploads\/2014\/12\/kumho_ecosolus-kl21_lg.jpg","contentUrl":"https:\/\/pneusbazar.com\/wp-content\/uploads\/2014\/12\/kumho_ecosolus-kl21_lg.jpg","width":400,"height":400},{"@type":"BreadcrumbList","@id":"https:\/\/pneusbazar.com\/?product=kumho-solus-eco-kl21#breadcrumb","itemListElement":[{"@type":"ListItem","position":1,"name":"Accueil","item":"http:\/\/pneusbazar.com\/"},{"@type":"ListItem","position":2,"name":"Catalogue de pneus","item":"http:\/\/pneusbazar.com\/?page_id=20284"},{"@type":"ListItem","position":3,"name":"Kumho SOLUS ECO (KL21)"}]},{"@type":"WebSite","@id":"http:\/\/pneusbazar.com\/#website","url":"http:\/\/pneusbazar.com\/","name":"Pneus Bazar","description":"On prend soin de vous","potentialAction":[{"@type":"SearchAction","target":{"@type":"EntryPoint","urlTemplate":"http:\/\/pneusbazar.com\/?s={search_term_string}"},"query-input":"required name=search_term_string"}],"inLanguage":"fr-FR"}]}},"_links":{"self":[{"href":"https:\/\/pneusbazar.com\/index.php?rest_route=\/wp\/v2\/product\/20498"}],"collection":[{"href":"https:\/\/pneusbazar.com\/index.php?rest_route=\/wp\/v2\/product"}],"about":[{"href":"https:\/\/pneusbazar.com\/index.php?rest_route=\/wp\/v2\/types\/product"}],"replies":[{"embeddable":true,"href":"https:\/\/pneusbazar.com\/index.php?rest_route=%2Fwp%2Fv2%2Fcomments&post=20498"}],"wp:featuredmedia":[{"embeddable":true,"href":"https:\/\/pneusbazar.com\/index.php?rest_route=\/wp\/v2\/media\/20499"}],"wp:attachment":[{"href":"https:\/\/pneusbazar.com\/index.php?rest_route=%2Fwp%2Fv2%2Fmedia&parent=20498"}],"wp:term":[{"taxonomy":"product_cat","embeddable":true,"href":"https:\/\/pneusbazar.com\/index.php?rest_route=%2Fwp%2Fv2%2Fproduct_cat&post=20498"},{"taxonomy":"product_tag","embeddable":true,"href":"https:\/\/pneusbazar.com\/index.php?rest_route=%2Fwp%2Fv2%2Fproduct_tag&post=20498"}],"curies":[{"name":"wp","href":"https:\/\/api.w.org\/{rel}","templated":true}]}}