{"id":213558,"date":"2016-10-22T13:26:53","date_gmt":"2016-10-22T18:26:53","guid":{"rendered":"http:\/\/pneusbazar.com\/?post_type=product&#038;p=213558"},"modified":"2020-11-14T22:07:30","modified_gmt":"2020-11-15T03:07:30","slug":"pirelli-winter-ice-zero-fr","status":"publish","type":"product","link":"https:\/\/pneusbazar.com\/?product=pirelli-winter-ice-zero-fr","title":{"rendered":"Pirelli Winter Ice Zero Fr"},"content":{"rendered":"<h4>Tailles disponibles<\/h4>\n<ul>\n<li><strong>Largeur:<\/strong>de 175 \u00e0 255<\/li>\n<li><strong>S\u00e9ries:<\/strong>de 45 \u00e0 70<\/li>\n<li><strong>Code de vitesse:<\/strong>T, H<\/li>\n<li><strong>Jante:<\/strong>14&Prime; &#8211; 19&Prime;<\/li>\n<\/ul>\n","protected":false},"excerpt":{"rendered":"<article><strong>POINTS FORTS \u00a0<\/strong><br \/>\nExcellente traction sous toutes conditions routi\u00e8res; y compris une traction maximale et une meilleure adh\u00e9rence. Il assure la stabilit\u00e9 sur les surfaces s\u00e8ches et mouill\u00e9es et une meilleure adh\u00e9rence sur les surfaces glac\u00e9es.<\/p>\n<div>\n<p><strong>ATTRIBUTS TECHNIQUES <\/strong><br \/>\nLe dessin directionnel sp\u00e9cifique maximise l\u2019adh\u00e9rence sur toutes les surfaces. Les nouvelles lamelles en papillon 3D maintiennent la stabilit\u00e9 du bloc, ce qui accro\u00eet la stabilit\u00e9 g\u00e9n\u00e9rale du v\u00e9hicule, m\u00eame \u00e0 haute vitesse. L\u2019empreinte au sol est optimis\u00e9e pour une meilleure traction et un meilleur freinage sur toutes routes.<\/p>\n<\/div>\n<\/article>\n","protected":false},"featured_media":213559,"comment_status":"closed","ping_status":"closed","template":"","meta":[],"product_cat":[],"product_tag":[96],"class_list":{"0":"post-213558","1":"product","2":"type-product","3":"status-publish","4":"has-post-thumbnail","6":"product_tag-pneus","7":"pa_experience-de-conduite-tourisme","8":"pa_gamme-bad","9":"pa_marque-pirelli","10":"pa_saison-de-pneus-hiver","11":"pa_type-de-pneu-pneus-de-voiture","13":"first","14":"instock","15":"shipping-taxable","16":"product-type-simple"},"yoast_head":"<!-- This site is optimized with the Yoast SEO plugin v23.2 - https:\/\/yoast.com\/wordpress\/plugins\/seo\/ -->\n<title>Pirelli Winter Ice Zero Fr - Pneus Bazar<\/title>\n<meta name=\"robots\" content=\"index, follow, max-snippet:-1, max-image-preview:large, max-video-preview:-1\" \/>\n<link rel=\"canonical\" href=\"https:\/\/pneusbazar.com\/?product=pirelli-winter-ice-zero-fr\" \/>\n<script type=\"application\/ld+json\" class=\"yoast-schema-graph\">{\"@context\":\"https:\/\/schema.org\",\"@graph\":[{\"@type\":\"WebPage\",\"@id\":\"https:\/\/pneusbazar.com\/?product=pirelli-winter-ice-zero-fr\",\"url\":\"https:\/\/pneusbazar.com\/?product=pirelli-winter-ice-zero-fr\",\"name\":\"Pirelli Winter Ice Zero Fr - Pneus Bazar\",\"isPartOf\":{\"@id\":\"https:\/\/pneusbazar.com\/#website\"},\"primaryImageOfPage\":{\"@id\":\"https:\/\/pneusbazar.com\/?product=pirelli-winter-ice-zero-fr#primaryimage\"},\"image\":{\"@id\":\"https:\/\/pneusbazar.com\/?product=pirelli-winter-ice-zero-fr#primaryimage\"},\"thumbnailUrl\":\"https:\/\/pneusbazar.com\/wp-content\/uploads\/2016\/10\/ice-zero-fr.png\",\"datePublished\":\"2016-10-22T18:26:53+00:00\",\"dateModified\":\"2020-11-15T03:07:30+00:00\",\"breadcrumb\":{\"@id\":\"https:\/\/pneusbazar.com\/?product=pirelli-winter-ice-zero-fr#breadcrumb\"},\"inLanguage\":\"fr-FR\",\"potentialAction\":[{\"@type\":\"ReadAction\",\"target\":[\"https:\/\/pneusbazar.com\/?product=pirelli-winter-ice-zero-fr\"]}]},{\"@type\":\"ImageObject\",\"inLanguage\":\"fr-FR\",\"@id\":\"https:\/\/pneusbazar.com\/?product=pirelli-winter-ice-zero-fr#primaryimage\",\"url\":\"https:\/\/pneusbazar.com\/wp-content\/uploads\/2016\/10\/ice-zero-fr.png\",\"contentUrl\":\"https:\/\/pneusbazar.com\/wp-content\/uploads\/2016\/10\/ice-zero-fr.png\",\"width\":380,\"height\":417,\"caption\":\"pneus Pirelli Ice Zero fr\"},{\"@type\":\"BreadcrumbList\",\"@id\":\"https:\/\/pneusbazar.com\/?product=pirelli-winter-ice-zero-fr#breadcrumb\",\"itemListElement\":[{\"@type\":\"ListItem\",\"position\":1,\"name\":\"Accueil\",\"item\":\"https:\/\/pneusbazar.com\/\"},{\"@type\":\"ListItem\",\"position\":2,\"name\":\"Catalogue de pneus\",\"item\":\"https:\/\/pneusbazar.com\/?page_id=20284\"},{\"@type\":\"ListItem\",\"position\":3,\"name\":\"Pirelli Winter Ice Zero Fr\"}]},{\"@type\":\"WebSite\",\"@id\":\"https:\/\/pneusbazar.com\/#website\",\"url\":\"https:\/\/pneusbazar.com\/\",\"name\":\"Pneus Bazar\",\"description\":\"On prend soin de vous\",\"potentialAction\":[{\"@type\":\"SearchAction\",\"target\":{\"@type\":\"EntryPoint\",\"urlTemplate\":\"https:\/\/pneusbazar.com\/?s={search_term_string}\"},\"query-input\":\"required name=search_term_string\"}],\"inLanguage\":\"fr-FR\"}]}<\/script>\n<!-- \/ Yoast SEO plugin. -->","yoast_head_json":{"title":"Pirelli Winter Ice Zero Fr - Pneus Bazar","robots":{"index":"index","follow":"follow","max-snippet":"max-snippet:-1","max-image-preview":"max-image-preview:large","max-video-preview":"max-video-preview:-1"},"canonical":"https:\/\/pneusbazar.com\/?product=pirelli-winter-ice-zero-fr","schema":{"@context":"https:\/\/schema.org","@graph":[{"@type":"WebPage","@id":"https:\/\/pneusbazar.com\/?product=pirelli-winter-ice-zero-fr","url":"https:\/\/pneusbazar.com\/?product=pirelli-winter-ice-zero-fr","name":"Pirelli Winter Ice Zero Fr - Pneus Bazar","isPartOf":{"@id":"https:\/\/pneusbazar.com\/#website"},"primaryImageOfPage":{"@id":"https:\/\/pneusbazar.com\/?product=pirelli-winter-ice-zero-fr#primaryimage"},"image":{"@id":"https:\/\/pneusbazar.com\/?product=pirelli-winter-ice-zero-fr#primaryimage"},"thumbnailUrl":"https:\/\/pneusbazar.com\/wp-content\/uploads\/2016\/10\/ice-zero-fr.png","datePublished":"2016-10-22T18:26:53+00:00","dateModified":"2020-11-15T03:07:30+00:00","breadcrumb":{"@id":"https:\/\/pneusbazar.com\/?product=pirelli-winter-ice-zero-fr#breadcrumb"},"inLanguage":"fr-FR","potentialAction":[{"@type":"ReadAction","target":["https:\/\/pneusbazar.com\/?product=pirelli-winter-ice-zero-fr"]}]},{"@type":"ImageObject","inLanguage":"fr-FR","@id":"https:\/\/pneusbazar.com\/?product=pirelli-winter-ice-zero-fr#primaryimage","url":"https:\/\/pneusbazar.com\/wp-content\/uploads\/2016\/10\/ice-zero-fr.png","contentUrl":"https:\/\/pneusbazar.com\/wp-content\/uploads\/2016\/10\/ice-zero-fr.png","width":380,"height":417,"caption":"pneus Pirelli Ice Zero fr"},{"@type":"BreadcrumbList","@id":"https:\/\/pneusbazar.com\/?product=pirelli-winter-ice-zero-fr#breadcrumb","itemListElement":[{"@type":"ListItem","position":1,"name":"Accueil","item":"https:\/\/pneusbazar.com\/"},{"@type":"ListItem","position":2,"name":"Catalogue de pneus","item":"https:\/\/pneusbazar.com\/?page_id=20284"},{"@type":"ListItem","position":3,"name":"Pirelli Winter Ice Zero Fr"}]},{"@type":"WebSite","@id":"https:\/\/pneusbazar.com\/#website","url":"https:\/\/pneusbazar.com\/","name":"Pneus Bazar","description":"On prend soin de vous","potentialAction":[{"@type":"SearchAction","target":{"@type":"EntryPoint","urlTemplate":"https:\/\/pneusbazar.com\/?s={search_term_string}"},"query-input":"required name=search_term_string"}],"inLanguage":"fr-FR"}]}},"_links":{"self":[{"href":"https:\/\/pneusbazar.com\/index.php?rest_route=\/wp\/v2\/product\/213558"}],"collection":[{"href":"https:\/\/pneusbazar.com\/index.php?rest_route=\/wp\/v2\/product"}],"about":[{"href":"https:\/\/pneusbazar.com\/index.php?rest_route=\/wp\/v2\/types\/product"}],"replies":[{"embeddable":true,"href":"https:\/\/pneusbazar.com\/index.php?rest_route=%2Fwp%2Fv2%2Fcomments&post=213558"}],"wp:featuredmedia":[{"embeddable":true,"href":"https:\/\/pneusbazar.com\/index.php?rest_route=\/wp\/v2\/media\/213559"}],"wp:attachment":[{"href":"https:\/\/pneusbazar.com\/index.php?rest_route=%2Fwp%2Fv2%2Fmedia&parent=213558"}],"wp:term":[{"taxonomy":"product_cat","embeddable":true,"href":"https:\/\/pneusbazar.com\/index.php?rest_route=%2Fwp%2Fv2%2Fproduct_cat&post=213558"},{"taxonomy":"product_tag","embeddable":true,"href":"https:\/\/pneusbazar.com\/index.php?rest_route=%2Fwp%2Fv2%2Fproduct_tag&post=213558"}],"curies":[{"name":"wp","href":"https:\/\/api.w.org\/{rel}","templated":true}]}}